{"id":32468,"date":"2019-07-23T12:46:12","date_gmt":"2019-07-23T12:46:12","guid":{"rendered":"https:\/\/www.tropicalcubanholiday.com\/product\/plongee-a-cuba-1\/"},"modified":"2019-10-13T18:26:15","modified_gmt":"2019-10-13T18:26:15","slug":"plongee-a-cuba-1","status":"publish","type":"product","link":"https:\/\/www.tropicalcubanholiday.com\/fr\/produit\/plongee-a-cuba-1\/","title":{"rendered":"Plong\u00e9e \u00e0 Cuba I"},"content":{"rendered":"<div class=\"sharedaddy sd-sharing-enabled\"><div class=\"robots-nocontent sd-block sd-social sd-social-icon sd-sharing\"><div class=\"sd-content\"><ul><li class=\"share-facebook\"><a rel=\"nofollow noopener noreferrer\" data-shared=\"sharing-facebook-32468\" class=\"share-facebook sd-button share-icon no-text\" href=\"https:\/\/www.tropicalcubanholiday.com\/fr\/produit\/plongee-a-cuba-1\/?share=facebook\" target=\"_blank\" title=\"Click to share on Facebook\" ><span><\/span><span class=\"sharing-screen-reader-text\">Click to share on Facebook (Opens in new window)<\/span><\/a><\/li><li class=\"share-twitter\"><a rel=\"nofollow noopener noreferrer\" data-shared=\"sharing-twitter-32468\" class=\"share-twitter sd-button share-icon no-text\" href=\"https:\/\/www.tropicalcubanholiday.com\/fr\/produit\/plongee-a-cuba-1\/?share=twitter\" target=\"_blank\" title=\"Click to share on Twitter\" ><span><\/span><span class=\"sharing-screen-reader-text\">Click to share on Twitter (Opens in new window)<\/span><\/a><\/li><li class=\"share-pinterest\"><a rel=\"nofollow noopener noreferrer\" data-shared=\"sharing-pinterest-32468\" class=\"share-pinterest sd-button share-icon no-text\" href=\"https:\/\/www.tropicalcubanholiday.com\/fr\/produit\/plongee-a-cuba-1\/?share=pinterest\" target=\"_blank\" title=\"Click to share on Pinterest\" ><span><\/span><span class=\"sharing-screen-reader-text\">Click to share on Pinterest (Opens in new window)<\/span><\/a><\/li><li class=\"share-jetpack-whatsapp\"><a rel=\"nofollow noopener noreferrer\" data-shared=\"\" class=\"share-jetpack-whatsapp sd-button share-icon no-text\" href=\"https:\/\/www.tropicalcubanholiday.com\/fr\/produit\/plongee-a-cuba-1\/?share=jetpack-whatsapp\" target=\"_blank\" title=\"Click to share on WhatsApp\" ><span><\/span><span class=\"sharing-screen-reader-text\">Click to share on WhatsApp (Opens in new window)<\/span><\/a><\/li><li class=\"share-reddit\"><a rel=\"nofollow noopener noreferrer\" data-shared=\"\" class=\"share-reddit sd-button share-icon no-text\" href=\"https:\/\/www.tropicalcubanholiday.com\/fr\/produit\/plongee-a-cuba-1\/?share=reddit\" target=\"_blank\" title=\"Click to share on Reddit\" ><span><\/span><span class=\"sharing-screen-reader-text\">Click to share on Reddit (Opens in new window)<\/span><\/a><\/li><li class=\"share-tumblr\"><a rel=\"nofollow noopener noreferrer\" data-shared=\"\" class=\"share-tumblr sd-button share-icon no-text\" href=\"https:\/\/www.tropicalcubanholiday.com\/fr\/produit\/plongee-a-cuba-1\/?share=tumblr\" target=\"_blank\" title=\"Click to share on Tumblr\" ><span><\/span><span class=\"sharing-screen-reader-text\">Click to share on Tumblr (Opens in new window)<\/span><\/a><\/li><li class=\"share-custom share-custom-mail\"><a rel=\"nofollow noopener noreferrer\" data-shared=\"\" class=\"share-custom share-custom-mail sd-button share-icon no-text\" href=\"https:\/\/www.tropicalcubanholiday.com\/fr\/produit\/plongee-a-cuba-1\/?share=custom-1559669851\" target=\"_blank\" title=\"Click to share on Mail\" ><span style=\"background-image:url(&quot;https:\/\/www.tropicalcubanholiday.com\/wp-content\/uploads\/2019\/06\/mail-by-tropicalcubanholida.com_.png&quot;);\"><\/span><span class=\"sharing-screen-reader-text\">Click to share on Mail (Opens in new window)<\/span><\/a><\/li><li class=\"share-end\"><\/li><\/ul><\/div><\/div><\/div>","protected":false},"excerpt":{"rendered":"<p>veuillez \u00e9galement s\u00e9lectionner la date d\u2019arriv\u00e9e de ce <strong><a href=\"https:\/\/www.tropicalcubanholiday.com\/fr\/listings\/forfait-plongee-et-camping-car\/\" target=\"_blank\" rel=\"noopener\">Forfait Plong\u00e9e<\/a><\/strong><\/p>\n<div class=\"sharedaddy sd-sharing-enabled\"><div class=\"robots-nocontent sd-block sd-social sd-social-icon sd-sharing\"><div class=\"sd-content\"><ul><li class=\"share-facebook\"><a rel=\"nofollow noopener noreferrer\" data-shared=\"sharing-facebook-32468\" class=\"share-facebook sd-button share-icon no-text\" href=\"https:\/\/www.tropicalcubanholiday.com\/fr\/produit\/plongee-a-cuba-1\/?share=facebook\" target=\"_blank\" title=\"Click to share on Facebook\" ><span><\/span><span class=\"sharing-screen-reader-text\">Click to share on Facebook (Opens in new window)<\/span><\/a><\/li><li class=\"share-twitter\"><a rel=\"nofollow noopener noreferrer\" data-shared=\"sharing-twitter-32468\" class=\"share-twitter sd-button share-icon no-text\" href=\"https:\/\/www.tropicalcubanholiday.com\/fr\/produit\/plongee-a-cuba-1\/?share=twitter\" target=\"_blank\" title=\"Click to share on Twitter\" ><span><\/span><span class=\"sharing-screen-reader-text\">Click to share on Twitter (Opens in new window)<\/span><\/a><\/li><li class=\"share-pinterest\"><a rel=\"nofollow noopener noreferrer\" data-shared=\"sharing-pinterest-32468\" class=\"share-pinterest sd-button share-icon no-text\" href=\"https:\/\/www.tropicalcubanholiday.com\/fr\/produit\/plongee-a-cuba-1\/?share=pinterest\" target=\"_blank\" title=\"Click to share on Pinterest\" ><span><\/span><span class=\"sharing-screen-reader-text\">Click to share on Pinterest (Opens in new window)<\/span><\/a><\/li><li class=\"share-jetpack-whatsapp\"><a rel=\"nofollow noopener noreferrer\" data-shared=\"\" class=\"share-jetpack-whatsapp sd-button share-icon no-text\" href=\"https:\/\/www.tropicalcubanholiday.com\/fr\/produit\/plongee-a-cuba-1\/?share=jetpack-whatsapp\" target=\"_blank\" title=\"Click to share on WhatsApp\" ><span><\/span><span class=\"sharing-screen-reader-text\">Click to share on WhatsApp (Opens in new window)<\/span><\/a><\/li><li class=\"share-reddit\"><a rel=\"nofollow noopener noreferrer\" data-shared=\"\" class=\"share-reddit sd-button share-icon no-text\" href=\"https:\/\/www.tropicalcubanholiday.com\/fr\/produit\/plongee-a-cuba-1\/?share=reddit\" target=\"_blank\" title=\"Click to share on Reddit\" ><span><\/span><span class=\"sharing-screen-reader-text\">Click to share on Reddit (Opens in new window)<\/span><\/a><\/li><li class=\"share-tumblr\"><a rel=\"nofollow noopener noreferrer\" data-shared=\"\" class=\"share-tumblr sd-button share-icon no-text\" href=\"https:\/\/www.tropicalcubanholiday.com\/fr\/produit\/plongee-a-cuba-1\/?share=tumblr\" target=\"_blank\" title=\"Click to share on Tumblr\" ><span><\/span><span class=\"sharing-screen-reader-text\">Click to share on Tumblr (Opens in new window)<\/span><\/a><\/li><li class=\"share-custom share-custom-mail\"><a rel=\"nofollow noopener noreferrer\" data-shared=\"\" class=\"share-custom share-custom-mail sd-button share-icon no-text\" href=\"https:\/\/www.tropicalcubanholiday.com\/fr\/produit\/plongee-a-cuba-1\/?share=custom-1559669851\" target=\"_blank\" title=\"Click to share on Mail\" ><span style=\"background-image:url(&quot;https:\/\/www.tropicalcubanholiday.com\/wp-content\/uploads\/2019\/06\/mail-by-tropicalcubanholida.com_.png&quot;);\"><\/span><span class=\"sharing-screen-reader-text\">Click to share on Mail (Opens in new window)<\/span><\/a><\/li><li class=\"share-end\"><\/li><\/ul><\/div><\/div><\/div>","protected":false},"featured_media":32210,"template":"","meta":{"inline_featured_image":false,"jetpack_post_was_ever_published":false,"jetpack_publicize_message":"","jetpack_is_tweetstorm":false,"jetpack_publicize_feature_enabled":true,"jetpack_social_options":[]},"product_cat":[591],"product_tag":[],"jetpack_publicize_connections":[],"jetpack_sharing_enabled":true,"jetpack-related-posts":[{"id":32308,"url":"https:\/\/www.tropicalcubanholiday.com\/fr\/produit\/plongee-a-cuba-3\/","url_meta":{"origin":32468,"position":0},"title":"Plong\u00e9e \u00e0 Cuba III","date":"juillet 24, 2019","format":false,"excerpt":"veuillez \u00e9galement s\u00e9lectionner la date d'arriv\u00e9e de ce forfait plong\u00e9e","rel":"","context":"Similar post","img":{"alt_text":"","src":"https:\/\/i0.wp.com\/www.tropicalcubanholiday.com\/wp-content\/uploads\/2019\/08\/Diving-discover-Cuba-underwater.jpg?fit=1200%2C697&ssl=1&resize=350%2C200","width":350,"height":200},"classes":[]},{"id":32463,"url":"https:\/\/www.tropicalcubanholiday.com\/fr\/produit\/plongee-a-cuba-2\/","url_meta":{"origin":32468,"position":1},"title":"Plong\u00e9e \u00e0 Cuba II","date":"juillet 24, 2019","format":false,"excerpt":"veuillez \u00e9galement s\u00e9lectionner la date d\u2019arriv\u00e9e de ce forfait plong\u00e9e","rel":"","context":"Similar post","img":{"alt_text":"","src":"https:\/\/i0.wp.com\/www.tropicalcubanholiday.com\/wp-content\/uploads\/2019\/08\/Enjoying-the-underwater-of-Cuba-Diving.jpg?fit=1200%2C805&ssl=1&resize=350%2C200","width":350,"height":200},"classes":[]},{"id":24012,"url":"https:\/\/www.tropicalcubanholiday.com\/fr\/produit\/forfait-vacances-la-havane-colonial\/","url_meta":{"origin":32468,"position":2},"title":"Forfait Vacances La Havane Colonial","date":"mai 27, 2018","format":false,"excerpt":"","rel":"","context":"Similar post","img":{"alt_text":"Ch\u00e2teau Caba\u00f1a dans le port de la Havane tropicalcubanholiday.com","src":"https:\/\/i0.wp.com\/www.tropicalcubanholiday.com\/wp-content\/uploads\/2018\/05\/Havana-Bay-Morro.jpg?fit=800%2C533&ssl=1&resize=350%2C200","width":350,"height":200},"classes":[]},{"id":32471,"url":"https:\/\/www.tropicalcubanholiday.com\/es\/producto\/buceo-en-cuba-1\/","url_meta":{"origin":32468,"position":3},"title":"Buceo en Cuba I","date":"juillet 23, 2019","format":false,"excerpt":"seleccione tambi\u00e9n la fecha de llegada de este Paquete de Buceo","rel":"","context":"Similar post","img":{"alt_text":"Mundo Marino Cubano, buceo","src":"https:\/\/i0.wp.com\/www.tropicalcubanholiday.com\/wp-content\/uploads\/2019\/07\/underwater-Cuba.jpg?fit=604%2C358&ssl=1&resize=350%2C200","width":350,"height":200},"classes":[]},{"id":32313,"url":"https:\/\/www.tropicalcubanholiday.com\/es\/producto\/buceo-en-cuba-3\/","url_meta":{"origin":32468,"position":4},"title":"Buceo en Cuba III","date":"juillet 24, 2019","format":false,"excerpt":"seleccione tambi\u00e9n la fecha de llegada de este Paquete de Buceo","rel":"","context":"Similar post","img":{"alt_text":"","src":"https:\/\/i0.wp.com\/www.tropicalcubanholiday.com\/wp-content\/uploads\/2019\/08\/Diving-discover-Cuba-underwater.jpg?fit=1200%2C697&ssl=1&resize=350%2C200","width":350,"height":200},"classes":[]},{"id":32466,"url":"https:\/\/www.tropicalcubanholiday.com\/es\/producto\/buceo-en-cuba-2\/","url_meta":{"origin":32468,"position":5},"title":"Buceo en Cuba II","date":"juillet 24, 2019","format":false,"excerpt":"seleccione tambi\u00e9n la fecha de llegada de este Paquete de Buceo","rel":"","context":"Similar post","img":{"alt_text":"","src":"https:\/\/i0.wp.com\/www.tropicalcubanholiday.com\/wp-content\/uploads\/2019\/08\/Enjoying-the-underwater-of-Cuba-Diving.jpg?fit=1200%2C805&ssl=1&resize=350%2C200","width":350,"height":200},"classes":[]}],"jetpack_likes_enabled":true,"_links":{"self":[{"href":"https:\/\/www.tropicalcubanholiday.com\/fr\/wp-json\/wp\/v2\/product\/32468"}],"collection":[{"href":"https:\/\/www.tropicalcubanholiday.com\/fr\/wp-json\/wp\/v2\/product"}],"about":[{"href":"https:\/\/www.tropicalcubanholiday.com\/fr\/wp-json\/wp\/v2\/types\/product"}],"version-history":[{"count":1,"href":"https:\/\/www.tropicalcubanholiday.com\/fr\/wp-json\/wp\/v2\/product\/32468\/revisions"}],"predecessor-version":[{"id":33225,"href":"https:\/\/www.tropicalcubanholiday.com\/fr\/wp-json\/wp\/v2\/product\/32468\/revisions\/33225"}],"wp:featuredmedia":[{"embeddable":true,"href":"https:\/\/www.tropicalcubanholiday.com\/fr\/wp-json\/wp\/v2\/media\/32210"}],"wp:attachment":[{"href":"https:\/\/www.tropicalcubanholiday.com\/fr\/wp-json\/wp\/v2\/media?parent=32468"}],"wp:term":[{"taxonomy":"product_cat","embeddable":true,"href":"https:\/\/www.tropicalcubanholiday.com\/fr\/wp-json\/wp\/v2\/product_cat?post=32468"},{"taxonomy":"product_tag","embeddable":true,"href":"https:\/\/www.tropicalcubanholiday.com\/fr\/wp-json\/wp\/v2\/product_tag?post=32468"}],"curies":[{"name":"wp","href":"https:\/\/api.w.org\/{rel}","templated":true}]}}