{"id":18075,"date":"2017-10-11T08:18:48","date_gmt":"2017-10-11T08:18:48","guid":{"rendered":"https:\/\/www.tropicalcubanholiday.com\/listings-dashboard\/"},"modified":"2017-10-11T08:35:12","modified_gmt":"2017-10-11T08:35:12","slug":"tableau-de-bord","status":"publish","type":"page","link":"https:\/\/www.tropicalcubanholiday.com\/fr\/tableau-de-bord\/","title":{"rendered":"Tableau de Bord"},"content":{"rendered":"<div id=\"job-manager-job-dashboard\">\n\n\t<p class=\"account-sign-in\">Vous devez \u00eatre connect\u00e9 pour g\u00e9rer vos offres. <a class=\"button\" href=\"https:\/\/www.tropicalcubanholiday.com\/wp-login.php?redirect_to=https%3A%2F%2Fwww.tropicalcubanholiday.com%2Ffr%2Ftableau-de-bord%2F\">Connectez-vous<\/a><\/p>\n\n<\/div>\n\n","protected":false},"excerpt":{"rendered":"","protected":false},"author":1,"featured_media":0,"parent":0,"menu_order":0,"comment_status":"closed","ping_status":"open","template":"","meta":{"inline_featured_image":false,"jetpack_post_was_ever_published":false},"jetpack_sharing_enabled":false,"jetpack_shortlink":"https:\/\/wp.me\/P92jRp-4Hx","jetpack-related-posts":[{"id":18077,"url":"https:\/\/www.tropicalcubanholiday.com\/es\/panel-de-control\/","url_meta":{"origin":18075,"position":0},"title":"Panel de Control","date":"octobre 11, 2017","format":false,"excerpt":"","rel":"","context":"Similar post","img":{"alt_text":"","src":"","width":0,"height":0},"classes":[]},{"id":18076,"url":"https:\/\/www.tropicalcubanholiday.com\/de\/instrumententafel\/","url_meta":{"origin":18075,"position":1},"title":"Instrumententafel","date":"octobre 11, 2017","format":false,"excerpt":"","rel":"","context":"Similar post","img":{"alt_text":"","src":"","width":0,"height":0},"classes":[]},{"id":11055,"url":"https:\/\/www.tropicalcubanholiday.com\/listings-dashboard\/","url_meta":{"origin":18075,"position":2},"title":"Listings Dashboard","date":"septembre 22, 2015","format":false,"excerpt":"","rel":"","context":"Similar post","img":{"alt_text":"","src":"","width":0,"height":0},"classes":[]},{"id":17363,"url":"https:\/\/www.tropicalcubanholiday.com\/es\/seguro-de-salud\/","url_meta":{"origin":18075,"position":3},"title":"Seguro de Salud","date":"octobre 3, 2017","format":false,"excerpt":"... seguro m\u00e9dico de viaje es obligatorio para todos los visitantes, altamente recomendado ...","rel":"","context":"Similar post","img":{"alt_text":"","src":"https:\/\/i0.wp.com\/www.tropicalcubanholiday.com\/wp-content\/uploads\/2017\/08\/Tropical-Cuban-Holiday-Villa-Clara-1-1.jpg?fit=800%2C1200&ssl=1&resize=350%2C200","width":350,"height":200},"classes":[]},{"id":17464,"url":"https:\/\/www.tropicalcubanholiday.com\/fr\/impressum\/","url_meta":{"origin":18075,"position":4},"title":"Impressum","date":"octobre 4, 2017","format":false,"excerpt":"...notre partenaire...","rel":"","context":"Similar post","img":{"alt_text":"","src":"https:\/\/i0.wp.com\/www.tropicalcubanholiday.com\/wp-content\/uploads\/2017\/08\/PP-group-Service-.jpg?fit=1093%2C281&ssl=1&resize=350%2C200","width":350,"height":200},"classes":[]},{"id":17484,"url":"https:\/\/www.tropicalcubanholiday.com\/fr\/politique-de-confidentialite\/","url_meta":{"origin":18075,"position":5},"title":"Politique de Confidentialit\u00e9","date":"octobre 4, 2017","format":false,"excerpt":"P & P group Ltd liab. Co. (\u00abnous\u00bb, \u00abnous\u00bb ou \u00abnotre\u00bb) exploite le site www.tropicalcubanholiday.com (le \u00abService\u00bb). Cette page vous informe de nos politiques concernant la collecte, l'utilisation et la divulgation de renseignements personnels lorsque vous utilisez notre service. Nous n'utiliserons ni ne partagerons votre information avec personne, sauf comme\u2026","rel":"","context":"Similar post","img":{"alt_text":"","src":"","width":0,"height":0},"classes":[]}],"jetpack_likes_enabled":true,"_links":{"self":[{"href":"https:\/\/www.tropicalcubanholiday.com\/fr\/wp-json\/wp\/v2\/pages\/18075"}],"collection":[{"href":"https:\/\/www.tropicalcubanholiday.com\/fr\/wp-json\/wp\/v2\/pages"}],"about":[{"href":"https:\/\/www.tropicalcubanholiday.com\/fr\/wp-json\/wp\/v2\/types\/page"}],"author":[{"embeddable":true,"href":"https:\/\/www.tropicalcubanholiday.com\/fr\/wp-json\/wp\/v2\/users\/1"}],"replies":[{"embeddable":true,"href":"https:\/\/www.tropicalcubanholiday.com\/fr\/wp-json\/wp\/v2\/comments?post=18075"}],"version-history":[{"count":3,"href":"https:\/\/www.tropicalcubanholiday.com\/fr\/wp-json\/wp\/v2\/pages\/18075\/revisions"}],"predecessor-version":[{"id":18086,"href":"https:\/\/www.tropicalcubanholiday.com\/fr\/wp-json\/wp\/v2\/pages\/18075\/revisions\/18086"}],"wp:attachment":[{"href":"https:\/\/www.tropicalcubanholiday.com\/fr\/wp-json\/wp\/v2\/media?parent=18075"}],"curies":[{"name":"wp","href":"https:\/\/api.w.org\/{rel}","templated":true}]}}