{"id":17464,"date":"2017-10-04T19:21:32","date_gmt":"2017-10-04T19:21:32","guid":{"rendered":"https:\/\/www.tropicalcubanholiday.com\/impressum\/"},"modified":"2020-07-29T20:51:20","modified_gmt":"2020-07-29T20:51:20","slug":"impressum","status":"publish","type":"page","link":"https:\/\/www.tropicalcubanholiday.com\/fr\/impressum\/","title":{"rendered":"Impressum"},"content":{"rendered":"<p>Registre du commerce<br \/>\nNom de l&rsquo;entreprise enregistr\u00e9e: P &amp; P group GmbH<br \/>\nNum\u00e9ro: CHE-386.377.931<br \/>\nRegistre du commerce: Zurich<\/p>\n<p>Avertissement<br \/>\nL&rsquo;auteur se r\u00e9serve le droit de ne pas \u00eatre responsable de l&rsquo;actualit\u00e9, de l&rsquo;exactitude, de l&rsquo;int\u00e9gralit\u00e9 ou de la qualit\u00e9 des informations fournies.<\/p>\n<p>Les r\u00e9clamations de responsabilit\u00e9 contre l&rsquo;auteur en raison de dommages mat\u00e9riels ou immat\u00e9riels r\u00e9sultant de l&rsquo;acc\u00e8s ou de l&rsquo;utilisation ou de la non-utilisation de l&rsquo;information publi\u00e9e, une utilisation abusive de la connexion ou des perturbations techniques sont exclues.<\/p>\n<p>Toutes les offres sont sans engagement. L&rsquo;auteur se r\u00e9serve express\u00e9ment le droit de modifier, de modifier ou de supprimer des parties des pages ou de l&rsquo;ensemble de l&rsquo;offre sans pr\u00e9avis ou de r\u00e9silier temporairement ou d\u00e9finitivement la publication.<\/p>\n<p>Responsabilit\u00e9 pour les liens<br \/>\nLes r\u00e9f\u00e9rences et les liens vers des sites Web tiers sont hors de notre responsabilit\u00e9. Toute responsabilit\u00e9 pour ces sites Web est rejet\u00e9e. L&rsquo;acc\u00e8s et l&rsquo;utilisation de ces sites Web sont \u00e0 la charge de l&rsquo;utilisateur.<\/p>\n<p>Droits d&rsquo;auteur<br \/>\nLes droits d&rsquo;auteur et tous les autres droits sur le contenu, les images, les photos ou d&rsquo;autres fichiers sur le site appartiennent exclusivement \u00e0 la soci\u00e9t\u00e9 P&amp;P group GmbH ou les titulaires de droits sp\u00e9cifiquement nomm\u00e9s. La reproduction de tout \u00e9l\u00e9ment n\u00e9cessite le consentement \u00e9crit pr\u00e9alable des titulaires du droit d&rsquo;auteur.<\/p>\n<p>Protection des donn\u00e9es<br \/>\nSur la base de l&rsquo;article 13 de la Constitution f\u00e9d\u00e9rale suisse et de la loi f\u00e9d\u00e9rale sur la protection des donn\u00e9es (Datenschutzgesetz, DSG), toute personne a droit \u00e0 la protection de leur vie priv\u00e9e ainsi qu&rsquo;\u00e0 la protection contre l&rsquo;utilisation abusive de leurs donn\u00e9es personnelles. Nous respectons ces dispositions. Les donn\u00e9es personnelles seront strictement confidentielles et ne seront pas vendues ou transmises \u00e0 des tiers.<\/p>\n<p>En \u00e9troite collaboration avec nos fournisseurs d&rsquo;h\u00e9bergement, nous nous effor\u00e7ons de prot\u00e9ger autant que possible les bases de donn\u00e9es sur l&rsquo;acc\u00e8s, la perte, la mauvaise utilisation ou la contrefa\u00e7on des tiers.<\/p>\n<p>Lors de l&rsquo;acc\u00e8s \u00e0 nos sites Web, les donn\u00e9es suivantes sont stock\u00e9es dans les fichiers journaux: adresse IP, date, heure, demande du navigateur et informations g\u00e9n\u00e9rales sur le syst\u00e8me d&rsquo;exploitation resp. Navigateur. Ces donn\u00e9es d&rsquo;utilisation servent de base \u00e0 des \u00e9valuations statistiques et anonymes, afin que les tendances puissent \u00eatre identifi\u00e9es, sur la base desquelles nous pouvons am\u00e9liorer nos offres en cons\u00e9quence.<\/p>\n","protected":false},"excerpt":{"rendered":"<p>&#8230;notre partenaire&#8230;<\/p>\n","protected":false},"author":1,"featured_media":17126,"parent":0,"menu_order":0,"comment_status":"closed","ping_status":"closed","template":"","meta":{"inline_featured_image":false,"jetpack_post_was_ever_published":false},"jetpack_sharing_enabled":false,"jetpack_shortlink":"https:\/\/wp.me\/P92jRp-4xG","jetpack-related-posts":[{"id":17513,"url":"https:\/\/www.tropicalcubanholiday.com\/fr\/termes-et-conditions\/","url_meta":{"origin":17464,"position":0},"title":"Termes et Conditions","date":"octobre 5, 2017","format":false,"excerpt":"Termes et conditions (\"Termes\") Veuillez lire ces termes et conditions (\u00abConditions\u00bb, \u00abTermes et conditions\u00bb) avant d'utiliser le site www.tropicalcubanholiday.com (le \u00abService\u00bb) exploit\u00e9 par P & P group Ltd liab. Co. (\u00abnous\u00bb, \u00abnous\u00bb ou \u00abnotre\u00bb). Votre acc\u00e8s et votre utilisation du Service sont conditionn\u00e9s par votre acceptation et votre respect des\u2026","rel":"","context":"Similar post","img":{"alt_text":"","src":"","width":0,"height":0},"classes":[]},{"id":17484,"url":"https:\/\/www.tropicalcubanholiday.com\/fr\/politique-de-confidentialite\/","url_meta":{"origin":17464,"position":1},"title":"Politique de Confidentialit\u00e9","date":"octobre 4, 2017","format":false,"excerpt":"P & P group Ltd liab. Co. (\u00abnous\u00bb, \u00abnous\u00bb ou \u00abnotre\u00bb) exploite le site www.tropicalcubanholiday.com (le \u00abService\u00bb). Cette page vous informe de nos politiques concernant la collecte, l'utilisation et la divulgation de renseignements personnels lorsque vous utilisez notre service. Nous n'utiliserons ni ne partagerons votre information avec personne, sauf comme\u2026","rel":"","context":"Similar post","img":{"alt_text":"","src":"","width":0,"height":0},"classes":[]},{"id":17380,"url":"https:\/\/www.tropicalcubanholiday.com\/fr\/conduire-a-cuba\/","url_meta":{"origin":17464,"position":2},"title":"Conduire \u00c0 Cuba","date":"octobre 3, 2017","format":false,"excerpt":"...meilleurs conseils pour conduire \u00e0 Cuba...","rel":"","context":"Similar post","img":{"alt_text":"","src":"https:\/\/i0.wp.com\/www.tropicalcubanholiday.com\/wp-content\/uploads\/2017\/08\/Travel-Now-by-Tropical-Cuban-Holiday-e1503839803783.jpg?fit=999%2C666&ssl=1&resize=350%2C200","width":350,"height":200},"classes":[]},{"id":35309,"url":"https:\/\/www.tropicalcubanholiday.com\/fr\/cuba-carte-de-tourisme-visa\/","url_meta":{"origin":17464,"position":3},"title":"Cuba Carte de Tourisme &#038; Visa","date":"mars 2, 2020","format":false,"excerpt":"... obtenez votre carte touristique \u00e0 Cuba maintenant ...","rel":"","context":"Similar post","img":{"alt_text":"","src":"https:\/\/i0.wp.com\/www.tropicalcubanholiday.com\/wp-content\/uploads\/2020\/02\/GREEN-TROURIST-CARD-VISA-FOR-CUBA-1.jpg?fit=1200%2C960&ssl=1&resize=350%2C200","width":350,"height":200},"classes":[]},{"id":17346,"url":"https:\/\/www.tropicalcubanholiday.com\/fr\/conditions-dentree\/","url_meta":{"origin":17464,"position":4},"title":"Conditions D&rsquo;entr\u00e9e","date":"octobre 3, 2017","format":false,"excerpt":"... obtenez toutes les informations n\u00e9cessaires \u00e0 l'entr\u00e9e juridique de la Cuba ...","rel":"","context":"Similar post","img":{"alt_text":"","src":"https:\/\/i0.wp.com\/www.tropicalcubanholiday.com\/wp-content\/uploads\/2017\/08\/Beach-Cuba-2-e1506261506907.jpg?fit=1001%2C599&ssl=1&resize=350%2C200","width":350,"height":200},"classes":[]},{"id":17324,"url":"https:\/\/www.tropicalcubanholiday.com\/fr\/ajoutez-votre-entreprise\/","url_meta":{"origin":17464,"position":5},"title":"Ajoutez Votre Entreprise\/Service","date":"octobre 3, 2017","format":false,"excerpt":"... ajoutez votre entreprise \u00e0 Tropical Cuban Holidays, pour que les clients peuvent le trouver facilement ...","rel":"","context":"Similar post","img":{"alt_text":"","src":"https:\/\/i0.wp.com\/www.tropicalcubanholiday.com\/wp-content\/uploads\/2017\/09\/Beach.jpg?fit=644%2C859&ssl=1&resize=350%2C200","width":350,"height":200},"classes":[]}],"jetpack_likes_enabled":true,"_links":{"self":[{"href":"https:\/\/www.tropicalcubanholiday.com\/fr\/wp-json\/wp\/v2\/pages\/17464"}],"collection":[{"href":"https:\/\/www.tropicalcubanholiday.com\/fr\/wp-json\/wp\/v2\/pages"}],"about":[{"href":"https:\/\/www.tropicalcubanholiday.com\/fr\/wp-json\/wp\/v2\/types\/page"}],"author":[{"embeddable":true,"href":"https:\/\/www.tropicalcubanholiday.com\/fr\/wp-json\/wp\/v2\/users\/1"}],"replies":[{"embeddable":true,"href":"https:\/\/www.tropicalcubanholiday.com\/fr\/wp-json\/wp\/v2\/comments?post=17464"}],"version-history":[{"count":4,"href":"https:\/\/www.tropicalcubanholiday.com\/fr\/wp-json\/wp\/v2\/pages\/17464\/revisions"}],"predecessor-version":[{"id":35447,"href":"https:\/\/www.tropicalcubanholiday.com\/fr\/wp-json\/wp\/v2\/pages\/17464\/revisions\/35447"}],"wp:featuredmedia":[{"embeddable":true,"href":"https:\/\/www.tropicalcubanholiday.com\/fr\/wp-json\/wp\/v2\/media\/17126"}],"wp:attachment":[{"href":"https:\/\/www.tropicalcubanholiday.com\/fr\/wp-json\/wp\/v2\/media?parent=17464"}],"curies":[{"name":"wp","href":"https:\/\/api.w.org\/{rel}","templated":true}]}}