{"id":17435,"date":"2017-10-04T13:11:41","date_gmt":"2017-10-04T13:11:41","guid":{"rendered":"https:\/\/www.tropicalcubanholiday.com\/ambassades-et-consulats\/"},"modified":"2019-03-02T06:51:46","modified_gmt":"2019-03-02T06:51:46","slug":"ambassades-et-consulats","status":"publish","type":"page","link":"https:\/\/www.tropicalcubanholiday.com\/fr\/ambassades-et-consulats\/","title":{"rendered":"Ambassades et Consulats"},"content":{"rendered":"\t\t<div data-elementor-type=\"wp-page\" data-elementor-id=\"17435\" class=\"elementor elementor-17435 elementor-13618 elementor-bc-flex-widget\">\n\t\t\t\t\t\t<div class=\"elementor-inner\">\n\t\t\t\t<div class=\"elementor-section-wrap\">\n\t\t\t\t\t\t\t\t\t<section class=\"elementor-section elementor-top-section elementor-element elementor-element-nymxkit elementor-section-stretched elementor-section-boxed elementor-section-height-default elementor-section-height-default\" data-id=\"nymxkit\" data-element_type=\"section\" data-settings=\"{&quot;stretch_section&quot;:&quot;section-stretched&quot;}\">\n\t\t\t\t\t\t<div class=\"elementor-container elementor-column-gap-default\">\n\t\t\t\t\t\t\t<div class=\"elementor-row\">\n\t\t\t\t\t<div class=\"elementor-column elementor-col-100 elementor-top-column elementor-element elementor-element-ojjnsne\" data-id=\"ojjnsne\" data-element_type=\"column\">\n\t\t\t<div class=\"elementor-column-wrap elementor-element-populated\">\n\t\t\t\t\t\t\t<div class=\"elementor-widget-wrap\">\n\t\t\t\t\t\t<section class=\"elementor-section elementor-inner-section elementor-element elementor-element-xqkyd4k elementor-section-boxed elementor-section-height-default elementor-section-height-default\" data-id=\"xqkyd4k\" data-element_type=\"section\">\n\t\t\t\t\t\t<div class=\"elementor-container elementor-column-gap-default\">\n\t\t\t\t\t\t\t<div class=\"elementor-row\">\n\t\t\t\t\t<div class=\"elementor-column elementor-col-66 elementor-inner-column elementor-element elementor-element-nqj471l\" data-id=\"nqj471l\" data-element_type=\"column\">\n\t\t\t<div class=\"elementor-column-wrap elementor-element-populated\">\n\t\t\t\t\t\t\t<div class=\"elementor-widget-wrap\">\n\t\t\t\t\t\t<div class=\"elementor-element elementor-element-yhabilt elementor-widget elementor-widget-text-editor\" data-id=\"yhabilt\" data-element_type=\"widget\" data-widget_type=\"text-editor.default\">\n\t\t\t\t<div class=\"elementor-widget-container\">\n\t\t\t\t\t\t\t\t<div class=\"elementor-text-editor elementor-clearfix\">\n\t\t\t\t<h3 class=\"p1\"><span class=\"s1\"><span id=\"result_box\" class=\"\" lang=\"fr\"><span class=\"\">Si vous \u00eates \u00e0 la recherche d&rsquo;un visa \u00ab\u00a0carte touristique\u00a0\u00bb des informations.<\/span> <span class=\"\">Vous pouvez v\u00e9rifier les liens ci-dessous pour trouver un guide juridique de toutes vos demandes.<\/span><\/span><\/span><\/h3><div><span class=\"s1\"><span class=\"\" lang=\"fr\"><span class=\"\">\u00a0<\/span><\/span><\/span><\/div>[su_icon icon=\u00a0\u00bbicon: globe\u00a0\u00bb color=\u00a0\u00bb#fc6311&Prime; size=\u00a0\u00bb16&Prime; url=\u00a0\u00bbhttps:\/\/www.tropicalcubanholiday.com\/cuban-embassies-worldwide\/\u00a0\u00bb][\/su_icon] <a href=\"https:\/\/www.tropicalcubanholiday.com\/fr\/ambassades-cubaines-dans-le-monde\/\" target=\"_blank\" rel=\"noopener\"><span id=\"result_box\" class=\"\" lang=\"fr\"><span class=\"\">Ambassades Cubaines Dans le Monde<\/span><\/span> <\/a>\u00a0 \u00a0 \u00a0 \u00a0 \u00a0[su_icon icon=\u00a0\u00bbicon: institution\u00a0\u00bb color=\u00a0\u00bb#fc6311&Prime; size=\u00a0\u00bb16&Prime; url=\u00a0\u00bbhttps:\/\/www.tropicalcubanholiday.com\/foreign-embassies-in-cuba\/\u00a0\u00bb][\/su_icon] <a href=\"https:\/\/www.tropicalcubanholiday.com\/fr\/ambassades-etrangeres-a-cuba\/\" target=\"_blank\" rel=\"noopener\"><span id=\"result_box\" class=\"\" lang=\"fr\"><span class=\"\">Ambassades \u00c9trang\u00e8res \u00e0 Cuba<\/span><\/span><\/a><\/p>\t\t\t\t\t<\/div>\n\t\t\t\t\t\t<\/div>\n\t\t\t\t<\/div>\n\t\t\t\t\t\t<\/div>\n\t\t\t\t\t<\/div>\n\t\t<\/div>\n\t\t\t\t<div class=\"elementor-column elementor-col-33 elementor-inner-column elementor-element elementor-element-c2n6pcz\" data-id=\"c2n6pcz\" data-element_type=\"column\">\n\t\t\t<div class=\"elementor-column-wrap elementor-element-populated\">\n\t\t\t\t\t\t\t<div class=\"elementor-widget-wrap\">\n\t\t\t\t\t\t<div class=\"elementor-element elementor-element-blnjd5m elementor-widget elementor-widget-wp-widget-nav_menu\" data-id=\"blnjd5m\" data-element_type=\"widget\" data-widget_type=\"wp-widget-nav_menu.default\">\n\t\t\t\t<div class=\"elementor-widget-container\">\n\t\t\t<h5>Ce que vous devriez savoir avant de voyager<\/h5><div class=\"menu-information-per-rcm-container\"><ul id=\"menu-information-per-rcm\" class=\"menu\"><li id=\"menu-item-35325\" class=\"menu-item menu-item-type-post_type menu-item-object-page menu-item-35325\"><a href=\"https:\/\/www.tropicalcubanholiday.com\/fr\/cuba-carte-de-tourisme-visa\/\">Cuba Carte de Tourisme &#038; Visa<\/a><\/li>\n<li id=\"menu-item-30364\" class=\"menu-item menu-item-type-post_type menu-item-object-page menu-item-30364\"><a target=\"_blank\" rel=\"noopener\" href=\"https:\/\/www.tropicalcubanholiday.com\/fr\/conditions-dentree\/\">Conditions D\u2019entr\u00e9e<\/a><\/li>\n<li id=\"menu-item-30365\" class=\"menu-item menu-item-type-post_type menu-item-object-page menu-item-30365\"><a target=\"_blank\" rel=\"noopener\" href=\"https:\/\/www.tropicalcubanholiday.com\/fr\/devises-cartes-de-credit\/\">Devises &#038; Cartes de Cr\u00e9dit<\/a><\/li>\n<li id=\"menu-item-30366\" class=\"menu-item menu-item-type-post_type menu-item-object-page menu-item-30366\"><a target=\"_blank\" rel=\"noopener\" href=\"https:\/\/www.tropicalcubanholiday.com\/fr\/conduire-a-cuba\/\">Conduire \u00c0 Cuba<\/a><\/li>\n<li id=\"menu-item-30367\" class=\"menu-item menu-item-type-post_type menu-item-object-page menu-item-30367\"><a target=\"_blank\" rel=\"noopener\" href=\"https:\/\/www.tropicalcubanholiday.com\/fr\/ambassades-et-consulats\/\">Ambassades et Consulats<\/a><\/li>\n<li id=\"menu-item-30368\" class=\"menu-item menu-item-type-post_type menu-item-object-page menu-item-30368\"><a target=\"_blank\" rel=\"noopener\" href=\"https:\/\/www.tropicalcubanholiday.com\/fr\/assurance-sante\/\">Assurance Sant\u00e9<\/a><\/li>\n<li id=\"menu-item-30369\" class=\"menu-item menu-item-type-post_type menu-item-object-page menu-item-30369\"><a target=\"_blank\" rel=\"noopener\" href=\"https:\/\/www.tropicalcubanholiday.com\/fr\/recommandations\/\">Recommandations<\/a><\/li>\n<\/ul><\/div>\t\t<\/div>\n\t\t\t\t<\/div>\n\t\t\t\t\t\t<\/div>\n\t\t\t\t\t<\/div>\n\t\t<\/div>\n\t\t\t\t\t\t\t\t<\/div>\n\t\t\t\t\t<\/div>\n\t\t<\/section>\n\t\t\t\t\t\t<\/div>\n\t\t\t\t\t<\/div>\n\t\t<\/div>\n\t\t\t\t\t\t\t\t<\/div>\n\t\t\t\t\t<\/div>\n\t\t<\/section>\n\t\t\t\t\t\t\t\t\t<\/div>\n\t\t\t<\/div>\n\t\t\t\t\t<\/div>\n\t\t<div class=\"sharedaddy sd-sharing-enabled\"><div class=\"robots-nocontent sd-block sd-social sd-social-icon sd-sharing\"><div class=\"sd-content\"><ul><li class=\"share-facebook\"><a rel=\"nofollow noopener noreferrer\" data-shared=\"sharing-facebook-17435\" class=\"share-facebook sd-button share-icon no-text\" href=\"https:\/\/www.tropicalcubanholiday.com\/fr\/ambassades-et-consulats\/?share=facebook\" target=\"_blank\" title=\"Click to share on Facebook\" ><span><\/span><span class=\"sharing-screen-reader-text\">Click to share on Facebook (Opens in new window)<\/span><\/a><\/li><li class=\"share-twitter\"><a rel=\"nofollow noopener noreferrer\" data-shared=\"sharing-twitter-17435\" class=\"share-twitter sd-button share-icon no-text\" href=\"https:\/\/www.tropicalcubanholiday.com\/fr\/ambassades-et-consulats\/?share=twitter\" target=\"_blank\" title=\"Click to share on Twitter\" ><span><\/span><span class=\"sharing-screen-reader-text\">Click to share on Twitter (Opens in new window)<\/span><\/a><\/li><li class=\"share-pinterest\"><a rel=\"nofollow noopener noreferrer\" data-shared=\"sharing-pinterest-17435\" class=\"share-pinterest sd-button share-icon no-text\" href=\"https:\/\/www.tropicalcubanholiday.com\/fr\/ambassades-et-consulats\/?share=pinterest\" target=\"_blank\" title=\"Click to share on Pinterest\" ><span><\/span><span class=\"sharing-screen-reader-text\">Click to share on Pinterest (Opens in new window)<\/span><\/a><\/li><li class=\"share-jetpack-whatsapp\"><a rel=\"nofollow noopener noreferrer\" data-shared=\"\" class=\"share-jetpack-whatsapp sd-button share-icon no-text\" href=\"https:\/\/www.tropicalcubanholiday.com\/fr\/ambassades-et-consulats\/?share=jetpack-whatsapp\" target=\"_blank\" title=\"Click to share on WhatsApp\" ><span><\/span><span class=\"sharing-screen-reader-text\">Click to share on WhatsApp (Opens in new window)<\/span><\/a><\/li><li class=\"share-reddit\"><a rel=\"nofollow noopener noreferrer\" data-shared=\"\" class=\"share-reddit sd-button share-icon no-text\" href=\"https:\/\/www.tropicalcubanholiday.com\/fr\/ambassades-et-consulats\/?share=reddit\" target=\"_blank\" title=\"Click to share on Reddit\" ><span><\/span><span class=\"sharing-screen-reader-text\">Click to share on Reddit (Opens in new window)<\/span><\/a><\/li><li class=\"share-tumblr\"><a rel=\"nofollow noopener noreferrer\" data-shared=\"\" class=\"share-tumblr sd-button share-icon no-text\" href=\"https:\/\/www.tropicalcubanholiday.com\/fr\/ambassades-et-consulats\/?share=tumblr\" target=\"_blank\" title=\"Click to share on Tumblr\" ><span><\/span><span class=\"sharing-screen-reader-text\">Click to share on Tumblr (Opens in new window)<\/span><\/a><\/li><li class=\"share-custom share-custom-mail\"><a rel=\"nofollow noopener noreferrer\" data-shared=\"\" class=\"share-custom share-custom-mail sd-button share-icon no-text\" href=\"https:\/\/www.tropicalcubanholiday.com\/fr\/ambassades-et-consulats\/?share=custom-1559669851\" target=\"_blank\" title=\"Click to share on Mail\" ><span style=\"background-image:url(&quot;https:\/\/www.tropicalcubanholiday.com\/wp-content\/uploads\/2019\/06\/mail-by-tropicalcubanholida.com_.png&quot;);\"><\/span><span class=\"sharing-screen-reader-text\">Click to share on Mail (Opens in new window)<\/span><\/a><\/li><li class=\"share-end\"><\/li><\/ul><\/div><\/div><\/div>","protected":false},"excerpt":{"rendered":"<p>&#8230;contactez votre ambassade ou consulat ici&#8230;<\/p>\n<div class=\"sharedaddy sd-sharing-enabled\"><div class=\"robots-nocontent sd-block sd-social sd-social-icon sd-sharing\"><div class=\"sd-content\"><ul><li class=\"share-facebook\"><a rel=\"nofollow noopener noreferrer\" data-shared=\"sharing-facebook-17435\" class=\"share-facebook sd-button share-icon no-text\" href=\"https:\/\/www.tropicalcubanholiday.com\/fr\/ambassades-et-consulats\/?share=facebook\" target=\"_blank\" title=\"Click to share on Facebook\" ><span><\/span><span class=\"sharing-screen-reader-text\">Click to share on Facebook (Opens in new window)<\/span><\/a><\/li><li class=\"share-twitter\"><a rel=\"nofollow noopener noreferrer\" data-shared=\"sharing-twitter-17435\" class=\"share-twitter sd-button share-icon no-text\" href=\"https:\/\/www.tropicalcubanholiday.com\/fr\/ambassades-et-consulats\/?share=twitter\" target=\"_blank\" title=\"Click to share on Twitter\" ><span><\/span><span class=\"sharing-screen-reader-text\">Click to share on Twitter (Opens in new window)<\/span><\/a><\/li><li class=\"share-pinterest\"><a rel=\"nofollow noopener noreferrer\" data-shared=\"sharing-pinterest-17435\" class=\"share-pinterest sd-button share-icon no-text\" href=\"https:\/\/www.tropicalcubanholiday.com\/fr\/ambassades-et-consulats\/?share=pinterest\" target=\"_blank\" title=\"Click to share on Pinterest\" ><span><\/span><span class=\"sharing-screen-reader-text\">Click to share on Pinterest (Opens in new window)<\/span><\/a><\/li><li class=\"share-jetpack-whatsapp\"><a rel=\"nofollow noopener noreferrer\" data-shared=\"\" class=\"share-jetpack-whatsapp sd-button share-icon no-text\" href=\"https:\/\/www.tropicalcubanholiday.com\/fr\/ambassades-et-consulats\/?share=jetpack-whatsapp\" target=\"_blank\" title=\"Click to share on WhatsApp\" ><span><\/span><span class=\"sharing-screen-reader-text\">Click to share on WhatsApp (Opens in new window)<\/span><\/a><\/li><li class=\"share-reddit\"><a rel=\"nofollow noopener noreferrer\" data-shared=\"\" class=\"share-reddit sd-button share-icon no-text\" href=\"https:\/\/www.tropicalcubanholiday.com\/fr\/ambassades-et-consulats\/?share=reddit\" target=\"_blank\" title=\"Click to share on Reddit\" ><span><\/span><span class=\"sharing-screen-reader-text\">Click to share on Reddit (Opens in new window)<\/span><\/a><\/li><li class=\"share-tumblr\"><a rel=\"nofollow noopener noreferrer\" data-shared=\"\" class=\"share-tumblr sd-button share-icon no-text\" href=\"https:\/\/www.tropicalcubanholiday.com\/fr\/ambassades-et-consulats\/?share=tumblr\" target=\"_blank\" title=\"Click to share on Tumblr\" ><span><\/span><span class=\"sharing-screen-reader-text\">Click to share on Tumblr (Opens in new window)<\/span><\/a><\/li><li class=\"share-custom share-custom-mail\"><a rel=\"nofollow noopener noreferrer\" data-shared=\"\" class=\"share-custom share-custom-mail sd-button share-icon no-text\" href=\"https:\/\/www.tropicalcubanholiday.com\/fr\/ambassades-et-consulats\/?share=custom-1559669851\" target=\"_blank\" title=\"Click to share on Mail\" ><span style=\"background-image:url(&quot;https:\/\/www.tropicalcubanholiday.com\/wp-content\/uploads\/2019\/06\/mail-by-tropicalcubanholida.com_.png&quot;);\"><\/span><span class=\"sharing-screen-reader-text\">Click to share on Mail (Opens in new window)<\/span><\/a><\/li><li class=\"share-end\"><\/li><\/ul><\/div><\/div><\/div>","protected":false},"author":1,"featured_media":17207,"parent":0,"menu_order":0,"comment_status":"closed","ping_status":"closed","template":"","meta":{"inline_featured_image":false,"jetpack_post_was_ever_published":false},"jetpack_sharing_enabled":true,"jetpack_shortlink":"https:\/\/wp.me\/P92jRp-4xd","jetpack-related-posts":[{"id":18811,"url":"https:\/\/www.tropicalcubanholiday.com\/fr\/ambassades-etrangeres-a-cuba\/","url_meta":{"origin":17435,"position":0},"title":"Ambassades \u00c9trang\u00e8res \u00e0 Cuba","date":"octobre 25, 2017","format":false,"excerpt":"...la d\u00e9signation de tous les pays n'est disponible qu'en anglais et sont organis\u00e9s par ordre alphab\u00e9tique...","rel":"","context":"Similar post","img":{"alt_text":"","src":"https:\/\/i0.wp.com\/www.tropicalcubanholiday.com\/wp-content\/uploads\/2017\/09\/Enjoying-the-Cuban-holiday.jpg?fit=1017%2C360&ssl=1&resize=350%2C200","width":350,"height":200},"classes":[]},{"id":18801,"url":"https:\/\/www.tropicalcubanholiday.com\/fr\/ambassades-cubaines-dans-le-monde\/","url_meta":{"origin":17435,"position":1},"title":"Ambassades Cubaines dans Le Monde","date":"octobre 25, 2017","format":false,"excerpt":"...la d\u00e9signation de tous les pays n'est disponible qu'en anglais et sont organis\u00e9s par ordre alphab\u00e9tique...","rel":"","context":"Similar post","img":{"alt_text":"","src":"https:\/\/i0.wp.com\/www.tropicalcubanholiday.com\/wp-content\/uploads\/2019\/03\/Isla-de-la-Juventud.jpg?fit=684%2C601&ssl=1&resize=350%2C200","width":350,"height":200},"classes":[]},{"id":13618,"url":"https:\/\/www.tropicalcubanholiday.com\/embassies-and-consulates\/","url_meta":{"origin":17435,"position":2},"title":"Embassies and Consulates","date":"septembre 25, 2017","format":false,"excerpt":"...contact your embassy or consulate here...","rel":"","context":"Similar post","img":{"alt_text":"","src":"https:\/\/i0.wp.com\/www.tropicalcubanholiday.com\/wp-content\/uploads\/2017\/09\/TCH.jpg?fit=1200%2C520&ssl=1&resize=350%2C200","width":350,"height":200},"classes":[]},{"id":17442,"url":"https:\/\/www.tropicalcubanholiday.com\/es\/embajadas-y-consulados\/","url_meta":{"origin":17435,"position":3},"title":"Embajadas y Consulados","date":"octobre 4, 2017","format":false,"excerpt":"...contacte con su embajada o consulado aqu\u00ed ...","rel":"","context":"Similar post","img":{"alt_text":"","src":"https:\/\/i0.wp.com\/www.tropicalcubanholiday.com\/wp-content\/uploads\/2017\/09\/TCH.jpg?fit=1200%2C520&ssl=1&resize=350%2C200","width":350,"height":200},"classes":[]},{"id":17439,"url":"https:\/\/www.tropicalcubanholiday.com\/de\/botschaften-und-konsulate\/","url_meta":{"origin":17435,"position":4},"title":"Botschaften und Konsulate","date":"octobre 4, 2017","format":false,"excerpt":"...alle Kontackte der Botschaften und Konsulate hier...","rel":"","context":"Similar post","img":{"alt_text":"","src":"https:\/\/i0.wp.com\/www.tropicalcubanholiday.com\/wp-content\/uploads\/2017\/09\/TCH.jpg?fit=1200%2C520&ssl=1&resize=350%2C200","width":350,"height":200},"classes":[]}],"jetpack_likes_enabled":true,"_links":{"self":[{"href":"https:\/\/www.tropicalcubanholiday.com\/fr\/wp-json\/wp\/v2\/pages\/17435"}],"collection":[{"href":"https:\/\/www.tropicalcubanholiday.com\/fr\/wp-json\/wp\/v2\/pages"}],"about":[{"href":"https:\/\/www.tropicalcubanholiday.com\/fr\/wp-json\/wp\/v2\/types\/page"}],"author":[{"embeddable":true,"href":"https:\/\/www.tropicalcubanholiday.com\/fr\/wp-json\/wp\/v2\/users\/1"}],"replies":[{"embeddable":true,"href":"https:\/\/www.tropicalcubanholiday.com\/fr\/wp-json\/wp\/v2\/comments?post=17435"}],"version-history":[{"count":10,"href":"https:\/\/www.tropicalcubanholiday.com\/fr\/wp-json\/wp\/v2\/pages\/17435\/revisions"}],"predecessor-version":[{"id":26469,"href":"https:\/\/www.tropicalcubanholiday.com\/fr\/wp-json\/wp\/v2\/pages\/17435\/revisions\/26469"}],"wp:featuredmedia":[{"embeddable":true,"href":"https:\/\/www.tropicalcubanholiday.com\/fr\/wp-json\/wp\/v2\/media\/17207"}],"wp:attachment":[{"href":"https:\/\/www.tropicalcubanholiday.com\/fr\/wp-json\/wp\/v2\/media?parent=17435"}],"curies":[{"name":"wp","href":"https:\/\/api.w.org\/{rel}","templated":true}]}}