{"id":17418,"date":"2017-10-04T12:16:51","date_gmt":"2017-10-04T12:16:51","guid":{"rendered":"https:\/\/www.tropicalcubanholiday.com\/recommandations\/"},"modified":"2018-08-18T10:59:23","modified_gmt":"2018-08-18T10:59:23","slug":"recommandations","status":"publish","type":"page","link":"https:\/\/www.tropicalcubanholiday.com\/fr\/recommandations\/","title":{"rendered":"Recommandations"},"content":{"rendered":"\t\t<div data-elementor-type=\"wp-page\" data-elementor-id=\"17418\" class=\"elementor elementor-17418 elementor-11729 elementor-bc-flex-widget\">\n\t\t\t\t\t\t<div class=\"elementor-inner\">\n\t\t\t\t<div class=\"elementor-section-wrap\">\n\t\t\t\t\t\t\t\t\t<section class=\"elementor-section elementor-top-section elementor-element elementor-element-mxsdinb elementor-section-stretched elementor-section-boxed elementor-section-height-default elementor-section-height-default\" data-id=\"mxsdinb\" data-element_type=\"section\" data-settings=\"{&quot;stretch_section&quot;:&quot;section-stretched&quot;}\">\n\t\t\t\t\t\t<div class=\"elementor-container elementor-column-gap-default\">\n\t\t\t\t\t\t\t<div class=\"elementor-row\">\n\t\t\t\t\t<div class=\"elementor-column elementor-col-100 elementor-top-column elementor-element elementor-element-lpfurpg\" data-id=\"lpfurpg\" data-element_type=\"column\">\n\t\t\t<div class=\"elementor-column-wrap elementor-element-populated\">\n\t\t\t\t\t\t\t<div class=\"elementor-widget-wrap\">\n\t\t\t\t\t\t<section class=\"elementor-section elementor-inner-section elementor-element elementor-element-9ghe1z3 elementor-section-boxed elementor-section-height-default elementor-section-height-default\" data-id=\"9ghe1z3\" data-element_type=\"section\">\n\t\t\t\t\t\t<div class=\"elementor-container elementor-column-gap-default\">\n\t\t\t\t\t\t\t<div class=\"elementor-row\">\n\t\t\t\t\t<div class=\"elementor-column elementor-col-66 elementor-inner-column elementor-element elementor-element-enfor8g\" data-id=\"enfor8g\" data-element_type=\"column\">\n\t\t\t<div class=\"elementor-column-wrap elementor-element-populated\">\n\t\t\t\t\t\t\t<div class=\"elementor-widget-wrap\">\n\t\t\t\t\t\t<div class=\"elementor-element elementor-element-46npw6c elementor-widget elementor-widget-text-editor\" data-id=\"46npw6c\" data-element_type=\"widget\" data-widget_type=\"text-editor.default\">\n\t\t\t\t<div class=\"elementor-widget-container\">\n\t\t\t\t\t\t\t\t<div class=\"elementor-text-editor elementor-clearfix\">\n\t\t\t\t<h3><strong>Avant de Voyager\u00a0\u00a0<\/strong><\/h3><p><span class=\"intro\">Toujours \u00eatre \u00e0 l&rsquo;heurel<\/span><\/p><p>Le premier jour de votre voyage est souvent perdu pour la logistique et les environnements inconnus. Si vous n&rsquo;avez rien pr\u00e9par\u00e9, nous vous recommandons d&rsquo;organiser le ramassage \u00e0 l&rsquo;a\u00e9roport pour \u00eatre transport\u00e9 \u00e0 votre h\u00e9bergement. Cela \u00e9vitera de nombreux revers pour le premier jour. Tropical Cuban Holiday propose ces services, qui doivent \u00eatre pay\u00e9s \u00e0 l&rsquo;avance pour valider la r\u00e9servation.<\/p>\t\t\t\t\t<\/div>\n\t\t\t\t\t\t<\/div>\n\t\t\t\t<\/div>\n\t\t\t\t\t\t<\/div>\n\t\t\t\t\t<\/div>\n\t\t<\/div>\n\t\t\t\t<div class=\"elementor-column elementor-col-33 elementor-inner-column elementor-element elementor-element-j8lv4ka\" data-id=\"j8lv4ka\" data-element_type=\"column\">\n\t\t\t<div class=\"elementor-column-wrap elementor-element-populated\">\n\t\t\t\t\t\t\t<div class=\"elementor-widget-wrap\">\n\t\t\t\t\t\t<div class=\"elementor-element elementor-element-3pyzisq elementor-widget elementor-widget-wp-widget-nav_menu\" data-id=\"3pyzisq\" data-element_type=\"widget\" data-widget_type=\"wp-widget-nav_menu.default\">\n\t\t\t\t<div class=\"elementor-widget-container\">\n\t\t\t<h5>What you should know before traveling<\/h5><div class=\"menu-information-per-rcm-container\"><ul id=\"menu-information-per-rcm\" class=\"menu\"><li id=\"menu-item-35325\" class=\"menu-item menu-item-type-post_type menu-item-object-page menu-item-35325\"><a href=\"https:\/\/www.tropicalcubanholiday.com\/fr\/cuba-carte-de-tourisme-visa\/\">Cuba Carte de Tourisme &#038; Visa<\/a><\/li>\n<li id=\"menu-item-30364\" class=\"menu-item menu-item-type-post_type menu-item-object-page menu-item-30364\"><a target=\"_blank\" rel=\"noopener\" href=\"https:\/\/www.tropicalcubanholiday.com\/fr\/conditions-dentree\/\">Conditions D\u2019entr\u00e9e<\/a><\/li>\n<li id=\"menu-item-30365\" class=\"menu-item menu-item-type-post_type menu-item-object-page menu-item-30365\"><a target=\"_blank\" rel=\"noopener\" href=\"https:\/\/www.tropicalcubanholiday.com\/fr\/devises-cartes-de-credit\/\">Devises &#038; Cartes de Cr\u00e9dit<\/a><\/li>\n<li id=\"menu-item-30366\" class=\"menu-item menu-item-type-post_type menu-item-object-page menu-item-30366\"><a target=\"_blank\" rel=\"noopener\" href=\"https:\/\/www.tropicalcubanholiday.com\/fr\/conduire-a-cuba\/\">Conduire \u00c0 Cuba<\/a><\/li>\n<li id=\"menu-item-30367\" class=\"menu-item menu-item-type-post_type menu-item-object-page menu-item-30367\"><a target=\"_blank\" rel=\"noopener\" href=\"https:\/\/www.tropicalcubanholiday.com\/fr\/ambassades-et-consulats\/\">Ambassades et Consulats<\/a><\/li>\n<li id=\"menu-item-30368\" class=\"menu-item menu-item-type-post_type menu-item-object-page menu-item-30368\"><a target=\"_blank\" rel=\"noopener\" href=\"https:\/\/www.tropicalcubanholiday.com\/fr\/assurance-sante\/\">Assurance Sant\u00e9<\/a><\/li>\n<li id=\"menu-item-30369\" class=\"menu-item menu-item-type-post_type menu-item-object-page menu-item-30369\"><a target=\"_blank\" rel=\"noopener\" href=\"https:\/\/www.tropicalcubanholiday.com\/fr\/recommandations\/\">Recommandations<\/a><\/li>\n<\/ul><\/div>\t\t<\/div>\n\t\t\t\t<\/div>\n\t\t\t\t\t\t<\/div>\n\t\t\t\t\t<\/div>\n\t\t<\/div>\n\t\t\t\t\t\t\t\t<\/div>\n\t\t\t\t\t<\/div>\n\t\t<\/section>\n\t\t\t\t\t\t<\/div>\n\t\t\t\t\t<\/div>\n\t\t<\/div>\n\t\t\t\t\t\t\t\t<\/div>\n\t\t\t\t\t<\/div>\n\t\t<\/section>\n\t\t\t\t<section class=\"elementor-section elementor-top-section elementor-element elementor-element-36f8ndq elementor-section-stretched elementor-section-boxed elementor-section-height-default elementor-section-height-default\" data-id=\"36f8ndq\" data-element_type=\"section\" data-settings=\"{&quot;stretch_section&quot;:&quot;section-stretched&quot;,&quot;background_background&quot;:&quot;classic&quot;}\">\n\t\t\t\t\t\t<div class=\"elementor-container elementor-column-gap-default\">\n\t\t\t\t\t\t\t<div class=\"elementor-row\">\n\t\t\t\t\t<div class=\"elementor-column elementor-col-100 elementor-top-column elementor-element elementor-element-kx9jvpw\" data-id=\"kx9jvpw\" data-element_type=\"column\">\n\t\t\t<div class=\"elementor-column-wrap elementor-element-populated\">\n\t\t\t\t\t\t\t<div class=\"elementor-widget-wrap\">\n\t\t\t\t\t\t<section class=\"elementor-section elementor-inner-section elementor-element elementor-element-lqrp3c0 elementor-section-full_width elementor-section-height-default elementor-section-height-default\" data-id=\"lqrp3c0\" data-element_type=\"section\">\n\t\t\t\t\t\t<div class=\"elementor-container elementor-column-gap-default\">\n\t\t\t\t\t\t\t<div class=\"elementor-row\">\n\t\t\t\t\t<div class=\"elementor-column elementor-col-50 elementor-inner-column elementor-element elementor-element-ssy4yug\" data-id=\"ssy4yug\" data-element_type=\"column\">\n\t\t\t<div class=\"elementor-column-wrap elementor-element-populated\">\n\t\t\t\t\t\t\t<div class=\"elementor-widget-wrap\">\n\t\t\t\t\t\t<div class=\"elementor-element elementor-element-qfdnnib elementor-widget elementor-widget-text-editor\" data-id=\"qfdnnib\" data-element_type=\"widget\" data-widget_type=\"text-editor.default\">\n\t\t\t\t<div class=\"elementor-widget-container\">\n\t\t\t\t\t\t\t\t<div class=\"elementor-text-editor elementor-clearfix\">\n\t\t\t\t<h3 style=\"text-align: left;\"><span style=\"color: #ff3c00;\">\u00a0<\/span><\/h3><p><span style=\"color: #ff3c00;\"><span style=\"font-family: inherit; font-size: inherit;\"><span style=\"font-family: inherit; font-size: inherit;\"><span style=\"font-family: Hanken; font-size: 1.5rem; font-weight: bold;\">!!N&rsquo;oubliez pas de prendre avec vous<\/span><\/span><\/span><span style=\"font-family: inherit; font-size: inherit;\"><span style=\"font-family: inherit; font-size: inherit;\"><span style=\"font-family: Hanken; font-size: 1.5rem; font-weight: bold;\">!!<\/span><\/span><\/span><span style=\"font-family: inherit; font-size: inherit;\"><br \/> <\/span><\/span><\/p><p><span class=\"intro\" style=\"color: #ff3c00;\"><strong>1- Lampe de poche<\/strong><\/span><\/p><p><span class=\"intro\" style=\"color: #ff3c00;\"><strong>2- Sunglasses<\/strong><\/span><\/p><p><span class=\"intro\" style=\"color: #ff3c00;\"><strong>3- Lunettes de soleil<\/strong><\/span><\/p><p><span class=\"intro\" style=\"color: #ff3c00;\"><strong>4- M\u00e9decine &#8211; trousse d&rsquo;urgence<\/strong><\/span><\/p><p><span class=\"intro\" style=\"color: #ff3c00;\"><strong>5- Prenez toujours assez d&rsquo;argent avec vous<\/strong><\/span><\/p><p><span class=\"intro\" style=\"color: #ff3c00;\"><strong>6- Adaptateur \u00e9lectrique pour tension secteur 110<\/strong><\/span><\/p><p><span class=\"intro\" style=\"color: #ff3c00;\"><strong>7- Adaptateur \u00e9lectrique pour tension secteur 220<\/strong><\/span><\/p><p><span class=\"intro\" style=\"color: #ff3c00;\"><strong>8- Cadeau, v\u00eatements, bonbons, fournitures scolaires pour les enfants, etc.<\/strong><\/span><\/p><pre style=\"text-align: left;\"><span class=\"intro\" style=\"color: #ff3c00;\">\"Nous vous souhaitons un bon s\u00e9jour \u00e0 Cuba \"<\/span><\/pre>\t\t\t\t\t<\/div>\n\t\t\t\t\t\t<\/div>\n\t\t\t\t<\/div>\n\t\t\t\t\t\t<\/div>\n\t\t\t\t\t<\/div>\n\t\t<\/div>\n\t\t\t\t<div class=\"elementor-column elementor-col-50 elementor-inner-column elementor-element elementor-element-mvb04yv\" data-id=\"mvb04yv\" data-element_type=\"column\">\n\t\t\t<div class=\"elementor-column-wrap\">\n\t\t\t\t\t\t\t<div class=\"elementor-widget-wrap\">\n\t\t\t\t\t\t\t\t<\/div>\n\t\t\t\t\t<\/div>\n\t\t<\/div>\n\t\t\t\t\t\t\t\t<\/div>\n\t\t\t\t\t<\/div>\n\t\t<\/section>\n\t\t\t\t\t\t<\/div>\n\t\t\t\t\t<\/div>\n\t\t<\/div>\n\t\t\t\t\t\t\t\t<\/div>\n\t\t\t\t\t<\/div>\n\t\t<\/section>\n\t\t\t\t\t\t\t\t\t<\/div>\n\t\t\t<\/div>\n\t\t\t\t\t<\/div>\n\t\t<div class=\"sharedaddy sd-sharing-enabled\"><div class=\"robots-nocontent sd-block sd-social sd-social-icon sd-sharing\"><div class=\"sd-content\"><ul><li class=\"share-facebook\"><a rel=\"nofollow noopener noreferrer\" data-shared=\"sharing-facebook-17418\" class=\"share-facebook sd-button share-icon no-text\" href=\"https:\/\/www.tropicalcubanholiday.com\/fr\/recommandations\/?share=facebook\" target=\"_blank\" title=\"Click to share on Facebook\" ><span><\/span><span class=\"sharing-screen-reader-text\">Click to share on Facebook (Opens in new window)<\/span><\/a><\/li><li class=\"share-twitter\"><a rel=\"nofollow noopener noreferrer\" data-shared=\"sharing-twitter-17418\" class=\"share-twitter sd-button share-icon no-text\" href=\"https:\/\/www.tropicalcubanholiday.com\/fr\/recommandations\/?share=twitter\" target=\"_blank\" title=\"Click to share on Twitter\" ><span><\/span><span class=\"sharing-screen-reader-text\">Click to share on Twitter (Opens in new window)<\/span><\/a><\/li><li class=\"share-pinterest\"><a rel=\"nofollow noopener noreferrer\" data-shared=\"sharing-pinterest-17418\" class=\"share-pinterest sd-button share-icon no-text\" href=\"https:\/\/www.tropicalcubanholiday.com\/fr\/recommandations\/?share=pinterest\" target=\"_blank\" title=\"Click to share on Pinterest\" ><span><\/span><span class=\"sharing-screen-reader-text\">Click to share on Pinterest (Opens in new window)<\/span><\/a><\/li><li class=\"share-jetpack-whatsapp\"><a rel=\"nofollow noopener noreferrer\" data-shared=\"\" class=\"share-jetpack-whatsapp sd-button share-icon no-text\" href=\"https:\/\/www.tropicalcubanholiday.com\/fr\/recommandations\/?share=jetpack-whatsapp\" target=\"_blank\" title=\"Click to share on WhatsApp\" ><span><\/span><span class=\"sharing-screen-reader-text\">Click to share on WhatsApp (Opens in new window)<\/span><\/a><\/li><li class=\"share-reddit\"><a rel=\"nofollow noopener noreferrer\" data-shared=\"\" class=\"share-reddit sd-button share-icon no-text\" href=\"https:\/\/www.tropicalcubanholiday.com\/fr\/recommandations\/?share=reddit\" target=\"_blank\" title=\"Click to share on Reddit\" ><span><\/span><span class=\"sharing-screen-reader-text\">Click to share on Reddit (Opens in new window)<\/span><\/a><\/li><li class=\"share-tumblr\"><a rel=\"nofollow noopener noreferrer\" data-shared=\"\" class=\"share-tumblr sd-button share-icon no-text\" href=\"https:\/\/www.tropicalcubanholiday.com\/fr\/recommandations\/?share=tumblr\" target=\"_blank\" title=\"Click to share on Tumblr\" ><span><\/span><span class=\"sharing-screen-reader-text\">Click to share on Tumblr (Opens in new window)<\/span><\/a><\/li><li class=\"share-custom share-custom-mail\"><a rel=\"nofollow noopener noreferrer\" data-shared=\"\" class=\"share-custom share-custom-mail sd-button share-icon no-text\" href=\"https:\/\/www.tropicalcubanholiday.com\/fr\/recommandations\/?share=custom-1559669851\" target=\"_blank\" title=\"Click to share on Mail\" ><span style=\"background-image:url(&quot;https:\/\/www.tropicalcubanholiday.com\/wp-content\/uploads\/2019\/06\/mail-by-tropicalcubanholida.com_.png&quot;);\"><\/span><span class=\"sharing-screen-reader-text\">Click to share on Mail (Opens in new window)<\/span><\/a><\/li><li class=\"share-end\"><\/li><\/ul><\/div><\/div><\/div>","protected":false},"excerpt":{"rendered":"<p>&#8230;conseils de voyage \u00e0 Cuba&#8230;<\/p>\n<div class=\"sharedaddy sd-sharing-enabled\"><div class=\"robots-nocontent sd-block sd-social sd-social-icon sd-sharing\"><div class=\"sd-content\"><ul><li class=\"share-facebook\"><a rel=\"nofollow noopener noreferrer\" data-shared=\"sharing-facebook-17418\" class=\"share-facebook sd-button share-icon no-text\" href=\"https:\/\/www.tropicalcubanholiday.com\/fr\/recommandations\/?share=facebook\" target=\"_blank\" title=\"Click to share on Facebook\" ><span><\/span><span class=\"sharing-screen-reader-text\">Click to share on Facebook (Opens in new window)<\/span><\/a><\/li><li class=\"share-twitter\"><a rel=\"nofollow noopener noreferrer\" data-shared=\"sharing-twitter-17418\" class=\"share-twitter sd-button share-icon no-text\" href=\"https:\/\/www.tropicalcubanholiday.com\/fr\/recommandations\/?share=twitter\" target=\"_blank\" title=\"Click to share on Twitter\" ><span><\/span><span class=\"sharing-screen-reader-text\">Click to share on Twitter (Opens in new window)<\/span><\/a><\/li><li class=\"share-pinterest\"><a rel=\"nofollow noopener noreferrer\" data-shared=\"sharing-pinterest-17418\" class=\"share-pinterest sd-button share-icon no-text\" href=\"https:\/\/www.tropicalcubanholiday.com\/fr\/recommandations\/?share=pinterest\" target=\"_blank\" title=\"Click to share on Pinterest\" ><span><\/span><span class=\"sharing-screen-reader-text\">Click to share on Pinterest (Opens in new window)<\/span><\/a><\/li><li class=\"share-jetpack-whatsapp\"><a rel=\"nofollow noopener noreferrer\" data-shared=\"\" class=\"share-jetpack-whatsapp sd-button share-icon no-text\" href=\"https:\/\/www.tropicalcubanholiday.com\/fr\/recommandations\/?share=jetpack-whatsapp\" target=\"_blank\" title=\"Click to share on WhatsApp\" ><span><\/span><span class=\"sharing-screen-reader-text\">Click to share on WhatsApp (Opens in new window)<\/span><\/a><\/li><li class=\"share-reddit\"><a rel=\"nofollow noopener noreferrer\" data-shared=\"\" class=\"share-reddit sd-button share-icon no-text\" href=\"https:\/\/www.tropicalcubanholiday.com\/fr\/recommandations\/?share=reddit\" target=\"_blank\" title=\"Click to share on Reddit\" ><span><\/span><span class=\"sharing-screen-reader-text\">Click to share on Reddit (Opens in new window)<\/span><\/a><\/li><li class=\"share-tumblr\"><a rel=\"nofollow noopener noreferrer\" data-shared=\"\" class=\"share-tumblr sd-button share-icon no-text\" href=\"https:\/\/www.tropicalcubanholiday.com\/fr\/recommandations\/?share=tumblr\" target=\"_blank\" title=\"Click to share on Tumblr\" ><span><\/span><span class=\"sharing-screen-reader-text\">Click to share on Tumblr (Opens in new window)<\/span><\/a><\/li><li class=\"share-custom share-custom-mail\"><a rel=\"nofollow noopener noreferrer\" data-shared=\"\" class=\"share-custom share-custom-mail sd-button share-icon no-text\" href=\"https:\/\/www.tropicalcubanholiday.com\/fr\/recommandations\/?share=custom-1559669851\" target=\"_blank\" title=\"Click to share on Mail\" ><span style=\"background-image:url(&quot;https:\/\/www.tropicalcubanholiday.com\/wp-content\/uploads\/2019\/06\/mail-by-tropicalcubanholida.com_.png&quot;);\"><\/span><span class=\"sharing-screen-reader-text\">Click to share on Mail (Opens in new window)<\/span><\/a><\/li><li class=\"share-end\"><\/li><\/ul><\/div><\/div><\/div>","protected":false},"author":1,"featured_media":24741,"parent":0,"menu_order":0,"comment_status":"closed","ping_status":"closed","template":"","meta":{"inline_featured_image":false,"jetpack_post_was_ever_published":false},"jetpack_sharing_enabled":true,"jetpack_shortlink":"https:\/\/wp.me\/P92jRp-4wW","jetpack-related-posts":[{"id":17513,"url":"https:\/\/www.tropicalcubanholiday.com\/fr\/termes-et-conditions\/","url_meta":{"origin":17418,"position":0},"title":"Termes et Conditions","date":"octobre 5, 2017","format":false,"excerpt":"Termes et conditions (\"Termes\") Veuillez lire ces termes et conditions (\u00abConditions\u00bb, \u00abTermes et conditions\u00bb) avant d'utiliser le site www.tropicalcubanholiday.com (le \u00abService\u00bb) exploit\u00e9 par P & P group Ltd liab. Co. (\u00abnous\u00bb, \u00abnous\u00bb ou \u00abnotre\u00bb). Votre acc\u00e8s et votre utilisation du Service sont conditionn\u00e9s par votre acceptation et votre respect des\u2026","rel":"","context":"Similar post","img":{"alt_text":"","src":"","width":0,"height":0},"classes":[]},{"id":17346,"url":"https:\/\/www.tropicalcubanholiday.com\/fr\/conditions-dentree\/","url_meta":{"origin":17418,"position":1},"title":"Conditions D&rsquo;entr\u00e9e","date":"octobre 3, 2017","format":false,"excerpt":"... obtenez toutes les informations n\u00e9cessaires \u00e0 l'entr\u00e9e juridique de la Cuba ...","rel":"","context":"Similar post","img":{"alt_text":"","src":"https:\/\/i0.wp.com\/www.tropicalcubanholiday.com\/wp-content\/uploads\/2017\/08\/Beach-Cuba-2-e1506261506907.jpg?fit=1001%2C599&ssl=1&resize=350%2C200","width":350,"height":200},"classes":[]},{"id":35309,"url":"https:\/\/www.tropicalcubanholiday.com\/fr\/cuba-carte-de-tourisme-visa\/","url_meta":{"origin":17418,"position":2},"title":"Cuba Carte de Tourisme &#038; Visa","date":"mars 2, 2020","format":false,"excerpt":"... obtenez votre carte touristique \u00e0 Cuba maintenant ...","rel":"","context":"Similar post","img":{"alt_text":"","src":"https:\/\/i0.wp.com\/www.tropicalcubanholiday.com\/wp-content\/uploads\/2020\/02\/GREEN-TROURIST-CARD-VISA-FOR-CUBA-1.jpg?fit=1200%2C960&ssl=1&resize=350%2C200","width":350,"height":200},"classes":[]},{"id":17328,"url":"https:\/\/www.tropicalcubanholiday.com\/fr\/devises-cartes-de-credit\/","url_meta":{"origin":17418,"position":3},"title":"Devises &#038; Cartes de Cr\u00e9dit","date":"octobre 3, 2017","format":false,"excerpt":"... prends toujours assez d'argent avec toi ...","rel":"","context":"Similar post","img":{"alt_text":"","src":"https:\/\/i0.wp.com\/www.tropicalcubanholiday.com\/wp-content\/uploads\/2017\/09\/cuba-1116429_1280.jpg?fit=1200%2C675&ssl=1&resize=350%2C200","width":350,"height":200},"classes":[]},{"id":17484,"url":"https:\/\/www.tropicalcubanholiday.com\/fr\/politique-de-confidentialite\/","url_meta":{"origin":17418,"position":4},"title":"Politique de Confidentialit\u00e9","date":"octobre 4, 2017","format":false,"excerpt":"P & P group Ltd liab. Co. (\u00abnous\u00bb, \u00abnous\u00bb ou \u00abnotre\u00bb) exploite le site www.tropicalcubanholiday.com (le \u00abService\u00bb). Cette page vous informe de nos politiques concernant la collecte, l'utilisation et la divulgation de renseignements personnels lorsque vous utilisez notre service. Nous n'utiliserons ni ne partagerons votre information avec personne, sauf comme\u2026","rel":"","context":"Similar post","img":{"alt_text":"","src":"","width":0,"height":0},"classes":[]},{"id":17380,"url":"https:\/\/www.tropicalcubanholiday.com\/fr\/conduire-a-cuba\/","url_meta":{"origin":17418,"position":5},"title":"Conduire \u00c0 Cuba","date":"octobre 3, 2017","format":false,"excerpt":"...meilleurs conseils pour conduire \u00e0 Cuba...","rel":"","context":"Similar post","img":{"alt_text":"","src":"https:\/\/i0.wp.com\/www.tropicalcubanholiday.com\/wp-content\/uploads\/2017\/08\/Travel-Now-by-Tropical-Cuban-Holiday-e1503839803783.jpg?fit=999%2C666&ssl=1&resize=350%2C200","width":350,"height":200},"classes":[]}],"jetpack_likes_enabled":true,"_links":{"self":[{"href":"https:\/\/www.tropicalcubanholiday.com\/fr\/wp-json\/wp\/v2\/pages\/17418"}],"collection":[{"href":"https:\/\/www.tropicalcubanholiday.com\/fr\/wp-json\/wp\/v2\/pages"}],"about":[{"href":"https:\/\/www.tropicalcubanholiday.com\/fr\/wp-json\/wp\/v2\/types\/page"}],"author":[{"embeddable":true,"href":"https:\/\/www.tropicalcubanholiday.com\/fr\/wp-json\/wp\/v2\/users\/1"}],"replies":[{"embeddable":true,"href":"https:\/\/www.tropicalcubanholiday.com\/fr\/wp-json\/wp\/v2\/comments?post=17418"}],"version-history":[{"count":15,"href":"https:\/\/www.tropicalcubanholiday.com\/fr\/wp-json\/wp\/v2\/pages\/17418\/revisions"}],"predecessor-version":[{"id":24758,"href":"https:\/\/www.tropicalcubanholiday.com\/fr\/wp-json\/wp\/v2\/pages\/17418\/revisions\/24758"}],"wp:featuredmedia":[{"embeddable":true,"href":"https:\/\/www.tropicalcubanholiday.com\/fr\/wp-json\/wp\/v2\/media\/24741"}],"wp:attachment":[{"href":"https:\/\/www.tropicalcubanholiday.com\/fr\/wp-json\/wp\/v2\/media?parent=17418"}],"curies":[{"name":"wp","href":"https:\/\/api.w.org\/{rel}","templated":true}]}}