{"id":17380,"date":"2017-10-03T17:05:57","date_gmt":"2017-10-03T17:05:57","guid":{"rendered":"https:\/\/www.tropicalcubanholiday.com\/conduire-a-cuba\/"},"modified":"2019-05-24T10:13:58","modified_gmt":"2019-05-24T10:13:58","slug":"conduire-a-cuba","status":"publish","type":"page","link":"https:\/\/www.tropicalcubanholiday.com\/fr\/conduire-a-cuba\/","title":{"rendered":"Conduire \u00c0 Cuba"},"content":{"rendered":"\t\t<div data-elementor-type=\"wp-post\" data-elementor-id=\"17380\" class=\"elementor elementor-17380 elementor-12789 elementor-bc-flex-widget\">\n\t\t\t\t\t\t<div class=\"elementor-inner\">\n\t\t\t\t<div class=\"elementor-section-wrap\">\n\t\t\t\t\t\t\t\t\t<section class=\"elementor-section elementor-top-section elementor-element elementor-element-vnkpame elementor-section-stretched elementor-section-boxed elementor-section-height-default elementor-section-height-default\" data-id=\"vnkpame\" data-element_type=\"section\" data-settings=\"{&quot;stretch_section&quot;:&quot;section-stretched&quot;}\">\n\t\t\t\t\t\t<div class=\"elementor-container elementor-column-gap-default\">\n\t\t\t\t\t\t\t<div class=\"elementor-row\">\n\t\t\t\t\t<div class=\"elementor-column elementor-col-100 elementor-top-column elementor-element elementor-element-koxmcfu\" data-id=\"koxmcfu\" data-element_type=\"column\">\n\t\t\t<div class=\"elementor-column-wrap elementor-element-populated\">\n\t\t\t\t\t\t\t<div class=\"elementor-widget-wrap\">\n\t\t\t\t\t\t<section class=\"elementor-section elementor-inner-section elementor-element elementor-element-joxbt4o elementor-section-boxed elementor-section-height-default elementor-section-height-default\" data-id=\"joxbt4o\" data-element_type=\"section\">\n\t\t\t\t\t\t<div class=\"elementor-container elementor-column-gap-default\">\n\t\t\t\t\t\t\t<div class=\"elementor-row\">\n\t\t\t\t\t<div class=\"elementor-column elementor-col-66 elementor-inner-column elementor-element elementor-element-kcne0bn\" data-id=\"kcne0bn\" data-element_type=\"column\">\n\t\t\t<div class=\"elementor-column-wrap elementor-element-populated\">\n\t\t\t\t\t\t\t<div class=\"elementor-widget-wrap\">\n\t\t\t\t\t\t<div class=\"elementor-element elementor-element-yjjezri elementor-widget elementor-widget-text-editor\" data-id=\"yjjezri\" data-element_type=\"widget\" data-widget_type=\"text-editor.default\">\n\t\t\t\t<div class=\"elementor-widget-container\">\n\t\t\t\t\t\t\t\t<div class=\"elementor-text-editor elementor-clearfix\">\n\t\t\t\t<p><span class=\"intro\"><strong><span id=\"mp_spacer1\" class=\"mp_spacer\">Conduire \u00e0 Cuba &#8211; c&rsquo;est une excellente occasion pour les voyageurs qui veulent d\u00e9couvrir la meilleure destination cubaine et profiter de sa culture et de ses gens. Voyagez sur votre propre \u00eele et planifiez votre horaire quotidien comme vous le souhaitez. Les normes et les r\u00e8glements en mati\u00e8re de transit sont tr\u00e8s semblables \u00e0 ceux internationaux, en particulier aux Am\u00e9ricains. Voici quelques conseils de conduite importants que vous devez consid\u00e9rer.<\/span><\/strong><\/span><\/p>\t\t\t\t\t<\/div>\n\t\t\t\t\t\t<\/div>\n\t\t\t\t<\/div>\n\t\t\t\t<div class=\"elementor-element elementor-element-urt61ch elementor-widget elementor-widget-image\" data-id=\"urt61ch\" data-element_type=\"widget\" data-widget_type=\"image.default\">\n\t\t\t\t<div class=\"elementor-widget-container\">\n\t\t\t\t\t\t\t\t<div class=\"elementor-image\">\n\t\t\t\t\t\t\t\t\t\t\t\t<img decoding=\"async\" width=\"1024\" height=\"423\" src=\"https:\/\/i0.wp.com\/www.tropicalcubanholiday.com\/wp-content\/uploads\/2018\/03\/Tropical-Cuban-Holiday-Taxi.jpg?fit=1024%2C423&amp;ssl=1\" class=\"attachment-large size-large wp-image-23122\" alt=\"\" loading=\"lazy\" srcset=\"https:\/\/i0.wp.com\/www.tropicalcubanholiday.com\/wp-content\/uploads\/2018\/03\/Tropical-Cuban-Holiday-Taxi.jpg?w=1497&amp;ssl=1 1497w, https:\/\/i0.wp.com\/www.tropicalcubanholiday.com\/wp-content\/uploads\/2018\/03\/Tropical-Cuban-Holiday-Taxi.jpg?resize=300%2C124&amp;ssl=1 300w, https:\/\/i0.wp.com\/www.tropicalcubanholiday.com\/wp-content\/uploads\/2018\/03\/Tropical-Cuban-Holiday-Taxi.jpg?resize=768%2C317&amp;ssl=1 768w, https:\/\/i0.wp.com\/www.tropicalcubanholiday.com\/wp-content\/uploads\/2018\/03\/Tropical-Cuban-Holiday-Taxi.jpg?resize=1024%2C423&amp;ssl=1 1024w, https:\/\/i0.wp.com\/www.tropicalcubanholiday.com\/wp-content\/uploads\/2018\/03\/Tropical-Cuban-Holiday-Taxi.jpg?resize=450%2C186&amp;ssl=1 450w\" sizes=\"(max-width: 1024px) 100vw, 1024px\" data-attachment-id=\"23122\" data-permalink=\"https:\/\/www.tropicalcubanholiday.com\/fr\/tropical-cuban-holiday-taxi-3\/\" data-orig-file=\"https:\/\/i0.wp.com\/www.tropicalcubanholiday.com\/wp-content\/uploads\/2018\/03\/Tropical-Cuban-Holiday-Taxi.jpg?fit=1497%2C618&amp;ssl=1\" data-orig-size=\"1497,618\" data-comments-opened=\"1\" data-image-meta=\"{&quot;aperture&quot;:&quot;0&quot;,&quot;credit&quot;:&quot;&quot;,&quot;camera&quot;:&quot;&quot;,&quot;caption&quot;:&quot;&quot;,&quot;created_timestamp&quot;:&quot;0&quot;,&quot;copyright&quot;:&quot;&quot;,&quot;focal_length&quot;:&quot;0&quot;,&quot;iso&quot;:&quot;0&quot;,&quot;shutter_speed&quot;:&quot;0&quot;,&quot;title&quot;:&quot;&quot;,&quot;orientation&quot;:&quot;0&quot;}\" data-image-title=\"Tropical Cuban Holiday Taxi\" data-image-description=\"\" data-image-caption=\"\" data-medium-file=\"https:\/\/i0.wp.com\/www.tropicalcubanholiday.com\/wp-content\/uploads\/2018\/03\/Tropical-Cuban-Holiday-Taxi.jpg?fit=300%2C124&amp;ssl=1\" data-large-file=\"https:\/\/i0.wp.com\/www.tropicalcubanholiday.com\/wp-content\/uploads\/2018\/03\/Tropical-Cuban-Holiday-Taxi.jpg?fit=1024%2C423&amp;ssl=1\" \/>\t\t\t\t\t\t\t\t\t\t\t\t\t\t<\/div>\n\t\t\t\t\t\t<\/div>\n\t\t\t\t<\/div>\n\t\t\t\t<div class=\"elementor-element elementor-element-jezmqke elementor-widget elementor-widget-text-editor\" data-id=\"jezmqke\" data-element_type=\"widget\" data-widget_type=\"text-editor.default\">\n\t\t\t\t<div class=\"elementor-widget-container\">\n\t\t\t\t\t\t\t\t<div class=\"elementor-text-editor elementor-clearfix\">\n\t\t\t\t<ul><li><span id=\"result_box\" class=\"\" lang=\"en\">La signalisation des conducteurs avec les mains est tr\u00e8s typique, habituelle et beaucoup d&rsquo;entre elles sont essentielles.<br \/> Lorsque le conducteur tire sa main gauche, en montrant vers la gauche, il va tourner \u00e0 gauche. Tournez \u00e0 droite avec l&rsquo;avant-bras droit avec votre main gauche. Freinage ou ralentissement avec l&rsquo;avant-bras sur la main gauche.<br \/> Qu&rsquo;il irait en avant, il d\u00e9m\u00e9nageait son bras gauche du dos \u00e0 l&rsquo;avant.<\/span><\/li><li>Conduire la nuit n&rsquo;est pas recommand\u00e9 en raison d&rsquo;un mauvais \u00e9clairage, des routes variables, des vaches qui traversent et d&rsquo;autres animaux. C&rsquo;est pourquoi nous recommandons toujours, fais tous les transferts pendant la journ\u00e9e, et beaucoup mieux si c&rsquo;est t\u00f4t le matin.<\/li><li>Quand ils conduisent par une certaine courbe, en particulier les deux sens dans la m\u00eame direction, il doit conduire avec pr\u00e9caution, car ils r\u00e9duisent habituellement les courbes et ne restent pas dans sa voie.<\/li><li><span id=\"result_box\" class=\"\" lang=\"en\"><span class=\"\">Tous les d\u00e9passements sont par la gauche, mais il est toujours conseill\u00e9 de siffler une ou deux fois avant de faire des d\u00e9passements. C&rsquo;est particuli\u00e8rement sur les routes et les autoroutes. Il se peut aussi que vous avancez sur la droite, bien que cela soit strictement interdit.<\/span><\/span><span id=\"result_box\" class=\"\" lang=\"en\"><\/span><\/li><li><span id=\"result_box\" class=\"\" lang=\"en\"><span class=\"\">Prenez votre carte &#8211; Bien qu&rsquo;il y ait plus de signalisation sur la route, il est recommand\u00e9 de prendre votre carte, votre GPS, etc. pour avoir une meilleure connaissance qui est la bonne fa\u00e7on d&rsquo;atteindre votre destination.<\/span><\/span><\/li><li>Le carburant \u00e0 Cuba peut causer un grand mal de t\u00eate dans l&rsquo;\u00eele. Bien qu&rsquo;il y ait suffisamment de stations-service, il se peut que, dans certaines stations-service, il n&rsquo;y ait pas d&rsquo;carburant, donc remplissez toujours votre r\u00e9servoir par chaque arr\u00eat, vous \u00e9conomiserez de nombreux inconv\u00e9nients.<span id=\"result_box\" class=\"\" lang=\"en\"><\/span><\/li><li>Dans le cas o\u00f9 vous recevez un billet de circulation, il vous suffit de payer dans le lieu o\u00f9 vous devez retourner votre voiture de location.<\/li><\/ul><h3 style=\"text-align: center;\"><span id=\"result_box\" class=\"\" lang=\"en\"><span class=\"\">Commen\u00e7ons le Vintage Adventure<\/span><\/span><\/h3><p style=\"text-align: center;\"><span id=\"result_box\" class=\"\" lang=\"en\"><span class=\"\"><em>Guide de la Distance Cubaine<\/em><span class=\"alignnone\"><img decoding=\"async\" loading=\"lazy\" class=\"alignnone wp-image-13077\" src=\"https:\/\/i0.wp.com\/www.tropicalcubanholiday.com\/wp-content\/uploads\/2017\/09\/Cuban-Distance-Tropical-Cuban-Holiday.jpg?resize=1050%2C544&#038;ssl=1\" alt=\"\" width=\"1050\" height=\"544\" data-recalc-dims=\"1\" srcset=\"https:\/\/i0.wp.com\/www.tropicalcubanholiday.com\/wp-content\/uploads\/2017\/09\/Cuban-Distance-Tropical-Cuban-Holiday.jpg?w=1297&amp;ssl=1 1297w, https:\/\/i0.wp.com\/www.tropicalcubanholiday.com\/wp-content\/uploads\/2017\/09\/Cuban-Distance-Tropical-Cuban-Holiday.jpg?resize=300%2C155&amp;ssl=1 300w, https:\/\/i0.wp.com\/www.tropicalcubanholiday.com\/wp-content\/uploads\/2017\/09\/Cuban-Distance-Tropical-Cuban-Holiday.jpg?resize=768%2C398&amp;ssl=1 768w, https:\/\/i0.wp.com\/www.tropicalcubanholiday.com\/wp-content\/uploads\/2017\/09\/Cuban-Distance-Tropical-Cuban-Holiday.jpg?resize=1024%2C531&amp;ssl=1 1024w, https:\/\/i0.wp.com\/www.tropicalcubanholiday.com\/wp-content\/uploads\/2017\/09\/Cuban-Distance-Tropical-Cuban-Holiday.jpg?resize=450%2C233&amp;ssl=1 450w\" sizes=\"(max-width: 1050px) 100vw, 1050px\" \/><\/span><\/span><\/span><\/p><p><span class=\"intro\">L&rsquo;\u00eele de Cuba n&rsquo;est pas aussi petite que souvent suspect\u00e9e. Avec une superficie d&rsquo;environ 110 000 km\u00b2. Si vous voulez voir beaucoup du pays, vous devez planifier en cons\u00e9quence: il faut au moins quatre semaines pour visiter la plupart des villes et r\u00e9gions int\u00e9ressantes.<\/span><\/p>\t\t\t\t\t<\/div>\n\t\t\t\t\t\t<\/div>\n\t\t\t\t<\/div>\n\t\t\t\t\t\t<\/div>\n\t\t\t\t\t<\/div>\n\t\t<\/div>\n\t\t\t\t<div class=\"elementor-column elementor-col-33 elementor-inner-column elementor-element elementor-element-65xr6cu\" data-id=\"65xr6cu\" data-element_type=\"column\">\n\t\t\t<div class=\"elementor-column-wrap elementor-element-populated\">\n\t\t\t\t\t\t\t<div class=\"elementor-widget-wrap\">\n\t\t\t\t\t\t<div class=\"elementor-element elementor-element-nqhvy3h elementor-widget elementor-widget-wp-widget-nav_menu\" data-id=\"nqhvy3h\" data-element_type=\"widget\" data-widget_type=\"wp-widget-nav_menu.default\">\n\t\t\t\t<div class=\"elementor-widget-container\">\n\t\t\t<h5>Ce que vous devriez savoir avant de voyager<\/h5><div class=\"menu-information-per-rcm-container\"><ul id=\"menu-information-per-rcm\" class=\"menu\"><li id=\"menu-item-35325\" class=\"menu-item menu-item-type-post_type menu-item-object-page menu-item-35325\"><a href=\"https:\/\/www.tropicalcubanholiday.com\/fr\/cuba-carte-de-tourisme-visa\/\">Cuba Carte de Tourisme &#038; Visa<\/a><\/li>\n<li id=\"menu-item-30364\" class=\"menu-item menu-item-type-post_type menu-item-object-page menu-item-30364\"><a target=\"_blank\" rel=\"noopener\" href=\"https:\/\/www.tropicalcubanholiday.com\/fr\/conditions-dentree\/\">Conditions D\u2019entr\u00e9e<\/a><\/li>\n<li id=\"menu-item-30365\" class=\"menu-item menu-item-type-post_type menu-item-object-page menu-item-30365\"><a target=\"_blank\" rel=\"noopener\" href=\"https:\/\/www.tropicalcubanholiday.com\/fr\/devises-cartes-de-credit\/\">Devises &#038; Cartes de Cr\u00e9dit<\/a><\/li>\n<li id=\"menu-item-30366\" class=\"menu-item menu-item-type-post_type menu-item-object-page menu-item-30366\"><a target=\"_blank\" rel=\"noopener\" href=\"https:\/\/www.tropicalcubanholiday.com\/fr\/conduire-a-cuba\/\">Conduire \u00c0 Cuba<\/a><\/li>\n<li id=\"menu-item-30367\" class=\"menu-item menu-item-type-post_type menu-item-object-page menu-item-30367\"><a target=\"_blank\" rel=\"noopener\" href=\"https:\/\/www.tropicalcubanholiday.com\/fr\/ambassades-et-consulats\/\">Ambassades et Consulats<\/a><\/li>\n<li id=\"menu-item-30368\" class=\"menu-item menu-item-type-post_type menu-item-object-page menu-item-30368\"><a target=\"_blank\" rel=\"noopener\" href=\"https:\/\/www.tropicalcubanholiday.com\/fr\/assurance-sante\/\">Assurance Sant\u00e9<\/a><\/li>\n<li id=\"menu-item-30369\" class=\"menu-item menu-item-type-post_type menu-item-object-page menu-item-30369\"><a target=\"_blank\" rel=\"noopener\" href=\"https:\/\/www.tropicalcubanholiday.com\/fr\/recommandations\/\">Recommandations<\/a><\/li>\n<\/ul><\/div>\t\t<\/div>\n\t\t\t\t<\/div>\n\t\t\t\t\t\t<\/div>\n\t\t\t\t\t<\/div>\n\t\t<\/div>\n\t\t\t\t\t\t\t\t<\/div>\n\t\t\t\t\t<\/div>\n\t\t<\/section>\n\t\t\t\t\t\t<\/div>\n\t\t\t\t\t<\/div>\n\t\t<\/div>\n\t\t\t\t\t\t\t\t<\/div>\n\t\t\t\t\t<\/div>\n\t\t<\/section>\n\t\t\t\t\t\t\t\t\t<\/div>\n\t\t\t<\/div>\n\t\t\t\t\t<\/div>\n\t\t<div class=\"sharedaddy sd-sharing-enabled\"><div class=\"robots-nocontent sd-block sd-social sd-social-icon sd-sharing\"><div class=\"sd-content\"><ul><li class=\"share-facebook\"><a rel=\"nofollow noopener noreferrer\" data-shared=\"sharing-facebook-17380\" class=\"share-facebook sd-button share-icon no-text\" href=\"https:\/\/www.tropicalcubanholiday.com\/fr\/conduire-a-cuba\/?share=facebook\" target=\"_blank\" title=\"Click to share on Facebook\" ><span><\/span><span class=\"sharing-screen-reader-text\">Click to share on Facebook (Opens in new window)<\/span><\/a><\/li><li class=\"share-twitter\"><a rel=\"nofollow noopener noreferrer\" data-shared=\"sharing-twitter-17380\" class=\"share-twitter sd-button share-icon no-text\" href=\"https:\/\/www.tropicalcubanholiday.com\/fr\/conduire-a-cuba\/?share=twitter\" target=\"_blank\" title=\"Click to share on Twitter\" ><span><\/span><span class=\"sharing-screen-reader-text\">Click to share on Twitter (Opens in new window)<\/span><\/a><\/li><li class=\"share-pinterest\"><a rel=\"nofollow noopener noreferrer\" data-shared=\"sharing-pinterest-17380\" class=\"share-pinterest sd-button share-icon no-text\" href=\"https:\/\/www.tropicalcubanholiday.com\/fr\/conduire-a-cuba\/?share=pinterest\" target=\"_blank\" title=\"Click to share on Pinterest\" ><span><\/span><span class=\"sharing-screen-reader-text\">Click to share on Pinterest (Opens in new window)<\/span><\/a><\/li><li class=\"share-jetpack-whatsapp\"><a rel=\"nofollow noopener noreferrer\" data-shared=\"\" class=\"share-jetpack-whatsapp sd-button share-icon no-text\" href=\"https:\/\/www.tropicalcubanholiday.com\/fr\/conduire-a-cuba\/?share=jetpack-whatsapp\" target=\"_blank\" title=\"Click to share on WhatsApp\" ><span><\/span><span class=\"sharing-screen-reader-text\">Click to share on WhatsApp (Opens in new window)<\/span><\/a><\/li><li class=\"share-reddit\"><a rel=\"nofollow noopener noreferrer\" data-shared=\"\" class=\"share-reddit sd-button share-icon no-text\" href=\"https:\/\/www.tropicalcubanholiday.com\/fr\/conduire-a-cuba\/?share=reddit\" target=\"_blank\" title=\"Click to share on Reddit\" ><span><\/span><span class=\"sharing-screen-reader-text\">Click to share on Reddit (Opens in new window)<\/span><\/a><\/li><li class=\"share-tumblr\"><a rel=\"nofollow noopener noreferrer\" data-shared=\"\" class=\"share-tumblr sd-button share-icon no-text\" href=\"https:\/\/www.tropicalcubanholiday.com\/fr\/conduire-a-cuba\/?share=tumblr\" target=\"_blank\" title=\"Click to share on Tumblr\" ><span><\/span><span class=\"sharing-screen-reader-text\">Click to share on Tumblr (Opens in new window)<\/span><\/a><\/li><li class=\"share-custom share-custom-mail\"><a rel=\"nofollow noopener noreferrer\" data-shared=\"\" class=\"share-custom share-custom-mail sd-button share-icon no-text\" href=\"https:\/\/www.tropicalcubanholiday.com\/fr\/conduire-a-cuba\/?share=custom-1559669851\" target=\"_blank\" title=\"Click to share on Mail\" ><span style=\"background-image:url(&quot;https:\/\/www.tropicalcubanholiday.com\/wp-content\/uploads\/2019\/06\/mail-by-tropicalcubanholida.com_.png&quot;);\"><\/span><span class=\"sharing-screen-reader-text\">Click to share on Mail (Opens in new window)<\/span><\/a><\/li><li class=\"share-end\"><\/li><\/ul><\/div><\/div><\/div>","protected":false},"excerpt":{"rendered":"<p>&#8230;meilleurs conseils pour conduire \u00e0 Cuba&#8230;<\/p>\n<div class=\"sharedaddy sd-sharing-enabled\"><div class=\"robots-nocontent sd-block sd-social sd-social-icon sd-sharing\"><div class=\"sd-content\"><ul><li class=\"share-facebook\"><a rel=\"nofollow noopener noreferrer\" data-shared=\"sharing-facebook-17380\" class=\"share-facebook sd-button share-icon no-text\" href=\"https:\/\/www.tropicalcubanholiday.com\/fr\/conduire-a-cuba\/?share=facebook\" target=\"_blank\" title=\"Click to share on Facebook\" ><span><\/span><span class=\"sharing-screen-reader-text\">Click to share on Facebook (Opens in new window)<\/span><\/a><\/li><li class=\"share-twitter\"><a rel=\"nofollow noopener noreferrer\" data-shared=\"sharing-twitter-17380\" class=\"share-twitter sd-button share-icon no-text\" href=\"https:\/\/www.tropicalcubanholiday.com\/fr\/conduire-a-cuba\/?share=twitter\" target=\"_blank\" title=\"Click to share on Twitter\" ><span><\/span><span class=\"sharing-screen-reader-text\">Click to share on Twitter (Opens in new window)<\/span><\/a><\/li><li class=\"share-pinterest\"><a rel=\"nofollow noopener noreferrer\" data-shared=\"sharing-pinterest-17380\" class=\"share-pinterest sd-button share-icon no-text\" href=\"https:\/\/www.tropicalcubanholiday.com\/fr\/conduire-a-cuba\/?share=pinterest\" target=\"_blank\" title=\"Click to share on Pinterest\" ><span><\/span><span class=\"sharing-screen-reader-text\">Click to share on Pinterest (Opens in new window)<\/span><\/a><\/li><li class=\"share-jetpack-whatsapp\"><a rel=\"nofollow noopener noreferrer\" data-shared=\"\" class=\"share-jetpack-whatsapp sd-button share-icon no-text\" href=\"https:\/\/www.tropicalcubanholiday.com\/fr\/conduire-a-cuba\/?share=jetpack-whatsapp\" target=\"_blank\" title=\"Click to share on WhatsApp\" ><span><\/span><span class=\"sharing-screen-reader-text\">Click to share on WhatsApp (Opens in new window)<\/span><\/a><\/li><li class=\"share-reddit\"><a rel=\"nofollow noopener noreferrer\" data-shared=\"\" class=\"share-reddit sd-button share-icon no-text\" href=\"https:\/\/www.tropicalcubanholiday.com\/fr\/conduire-a-cuba\/?share=reddit\" target=\"_blank\" title=\"Click to share on Reddit\" ><span><\/span><span class=\"sharing-screen-reader-text\">Click to share on Reddit (Opens in new window)<\/span><\/a><\/li><li class=\"share-tumblr\"><a rel=\"nofollow noopener noreferrer\" data-shared=\"\" class=\"share-tumblr sd-button share-icon no-text\" href=\"https:\/\/www.tropicalcubanholiday.com\/fr\/conduire-a-cuba\/?share=tumblr\" target=\"_blank\" title=\"Click to share on Tumblr\" ><span><\/span><span class=\"sharing-screen-reader-text\">Click to share on Tumblr (Opens in new window)<\/span><\/a><\/li><li class=\"share-custom share-custom-mail\"><a rel=\"nofollow noopener noreferrer\" data-shared=\"\" class=\"share-custom share-custom-mail sd-button share-icon no-text\" href=\"https:\/\/www.tropicalcubanholiday.com\/fr\/conduire-a-cuba\/?share=custom-1559669851\" target=\"_blank\" title=\"Click to share on Mail\" ><span style=\"background-image:url(&quot;https:\/\/www.tropicalcubanholiday.com\/wp-content\/uploads\/2019\/06\/mail-by-tropicalcubanholida.com_.png&quot;);\"><\/span><span class=\"sharing-screen-reader-text\">Click to share on Mail (Opens in new window)<\/span><\/a><\/li><li class=\"share-end\"><\/li><\/ul><\/div><\/div><\/div>","protected":false},"author":1,"featured_media":15719,"parent":0,"menu_order":0,"comment_status":"closed","ping_status":"closed","template":"","meta":{"inline_featured_image":false,"jetpack_post_was_ever_published":false},"jetpack_sharing_enabled":true,"jetpack_shortlink":"https:\/\/wp.me\/P92jRp-4wk","jetpack-related-posts":[{"id":17418,"url":"https:\/\/www.tropicalcubanholiday.com\/fr\/recommandations\/","url_meta":{"origin":17380,"position":0},"title":"Recommandations","date":"octobre 4, 2017","format":false,"excerpt":"...conseils de voyage \u00e0 Cuba...","rel":"","context":"Similar post","img":{"alt_text":"","src":"https:\/\/i0.wp.com\/www.tropicalcubanholiday.com\/wp-content\/uploads\/2017\/08\/Recommendation-to-enjoy-your-cuban-holiday-at-the-beach.jpg?fit=966%2C1200&ssl=1&resize=350%2C200","width":350,"height":200},"classes":[]},{"id":17366,"url":"https:\/\/www.tropicalcubanholiday.com\/fr\/guider\/","url_meta":{"origin":17380,"position":1},"title":"Guider","date":"octobre 3, 2017","format":false,"excerpt":"... l'\u00eele la plus fascinante des Cara\u00efbes ...","rel":"","context":"Similar post","img":{"alt_text":"","src":"https:\/\/i0.wp.com\/www.tropicalcubanholiday.com\/wp-content\/uploads\/2017\/09\/Palmen-1.jpg?fit=944%2C791&ssl=1&resize=350%2C200","width":350,"height":200},"classes":[]},{"id":17346,"url":"https:\/\/www.tropicalcubanholiday.com\/fr\/conditions-dentree\/","url_meta":{"origin":17380,"position":2},"title":"Conditions D&rsquo;entr\u00e9e","date":"octobre 3, 2017","format":false,"excerpt":"... obtenez toutes les informations n\u00e9cessaires \u00e0 l'entr\u00e9e juridique de la Cuba ...","rel":"","context":"Similar post","img":{"alt_text":"","src":"https:\/\/i0.wp.com\/www.tropicalcubanholiday.com\/wp-content\/uploads\/2017\/08\/Beach-Cuba-2-e1506261506907.jpg?fit=1001%2C599&ssl=1&resize=350%2C200","width":350,"height":200},"classes":[]},{"id":17328,"url":"https:\/\/www.tropicalcubanholiday.com\/fr\/devises-cartes-de-credit\/","url_meta":{"origin":17380,"position":3},"title":"Devises &#038; Cartes de Cr\u00e9dit","date":"octobre 3, 2017","format":false,"excerpt":"... prends toujours assez d'argent avec toi ...","rel":"","context":"Similar post","img":{"alt_text":"","src":"https:\/\/i0.wp.com\/www.tropicalcubanholiday.com\/wp-content\/uploads\/2017\/09\/cuba-1116429_1280.jpg?fit=1200%2C675&ssl=1&resize=350%2C200","width":350,"height":200},"classes":[]},{"id":35309,"url":"https:\/\/www.tropicalcubanholiday.com\/fr\/cuba-carte-de-tourisme-visa\/","url_meta":{"origin":17380,"position":4},"title":"Cuba Carte de Tourisme &#038; Visa","date":"mars 2, 2020","format":false,"excerpt":"... obtenez votre carte touristique \u00e0 Cuba maintenant ...","rel":"","context":"Similar post","img":{"alt_text":"","src":"https:\/\/i0.wp.com\/www.tropicalcubanholiday.com\/wp-content\/uploads\/2020\/02\/GREEN-TROURIST-CARD-VISA-FOR-CUBA-1.jpg?fit=1200%2C960&ssl=1&resize=350%2C200","width":350,"height":200},"classes":[]},{"id":17307,"url":"https:\/\/www.tropicalcubanholiday.com\/fr\/ajoutez-votre-services\/","url_meta":{"origin":17380,"position":5},"title":"Ajoutez Votre Services","date":"octobre 3, 2017","format":false,"excerpt":"...obtenez plus d'exposition...","rel":"","context":"Similar post","img":{"alt_text":"","src":"https:\/\/i0.wp.com\/www.tropicalcubanholiday.com\/wp-content\/uploads\/2017\/08\/cuba-1701678_1280.jpg?fit=1200%2C900&ssl=1&resize=350%2C200","width":350,"height":200},"classes":[]}],"jetpack_likes_enabled":true,"_links":{"self":[{"href":"https:\/\/www.tropicalcubanholiday.com\/fr\/wp-json\/wp\/v2\/pages\/17380"}],"collection":[{"href":"https:\/\/www.tropicalcubanholiday.com\/fr\/wp-json\/wp\/v2\/pages"}],"about":[{"href":"https:\/\/www.tropicalcubanholiday.com\/fr\/wp-json\/wp\/v2\/types\/page"}],"author":[{"embeddable":true,"href":"https:\/\/www.tropicalcubanholiday.com\/fr\/wp-json\/wp\/v2\/users\/1"}],"replies":[{"embeddable":true,"href":"https:\/\/www.tropicalcubanholiday.com\/fr\/wp-json\/wp\/v2\/comments?post=17380"}],"version-history":[{"count":7,"href":"https:\/\/www.tropicalcubanholiday.com\/fr\/wp-json\/wp\/v2\/pages\/17380\/revisions"}],"predecessor-version":[{"id":29435,"href":"https:\/\/www.tropicalcubanholiday.com\/fr\/wp-json\/wp\/v2\/pages\/17380\/revisions\/29435"}],"wp:featuredmedia":[{"embeddable":true,"href":"https:\/\/www.tropicalcubanholiday.com\/fr\/wp-json\/wp\/v2\/media\/15719"}],"wp:attachment":[{"href":"https:\/\/www.tropicalcubanholiday.com\/fr\/wp-json\/wp\/v2\/media?parent=17380"}],"curies":[{"name":"wp","href":"https:\/\/api.w.org\/{rel}","templated":true}]}}