{"id":17357,"date":"2017-10-03T13:43:53","date_gmt":"2017-10-03T13:43:53","guid":{"rendered":"https:\/\/www.tropicalcubanholiday.com\/assurance-sante\/"},"modified":"2018-03-31T04:08:41","modified_gmt":"2018-03-31T04:08:41","slug":"assurance-sante","status":"publish","type":"page","link":"https:\/\/www.tropicalcubanholiday.com\/fr\/assurance-sante\/","title":{"rendered":"Assurance Sant\u00e9"},"content":{"rendered":"\t\t<div data-elementor-type=\"wp-post\" data-elementor-id=\"17357\" class=\"elementor elementor-17357 elementor-11179 elementor-bc-flex-widget\">\n\t\t\t\t\t\t<div class=\"elementor-inner\">\n\t\t\t\t<div class=\"elementor-section-wrap\">\n\t\t\t\t\t\t\t\t\t<section class=\"elementor-section elementor-top-section elementor-element elementor-element-jwgalnp elementor-section-stretched elementor-section-boxed elementor-section-height-default elementor-section-height-default\" data-id=\"jwgalnp\" data-element_type=\"section\" data-settings=\"{&quot;stretch_section&quot;:&quot;section-stretched&quot;}\">\n\t\t\t\t\t\t<div class=\"elementor-container elementor-column-gap-default\">\n\t\t\t\t\t\t\t<div class=\"elementor-row\">\n\t\t\t\t\t<div class=\"elementor-column elementor-col-100 elementor-top-column elementor-element elementor-element-xrzllas\" data-id=\"xrzllas\" data-element_type=\"column\">\n\t\t\t<div class=\"elementor-column-wrap elementor-element-populated\">\n\t\t\t\t\t\t\t<div class=\"elementor-widget-wrap\">\n\t\t\t\t\t\t<section class=\"elementor-section elementor-inner-section elementor-element elementor-element-helgn1x elementor-section-boxed elementor-section-height-default elementor-section-height-default\" data-id=\"helgn1x\" data-element_type=\"section\">\n\t\t\t\t\t\t<div class=\"elementor-container elementor-column-gap-default\">\n\t\t\t\t\t\t\t<div class=\"elementor-row\">\n\t\t\t\t\t<div class=\"elementor-column elementor-col-66 elementor-inner-column elementor-element elementor-element-gmsiybj\" data-id=\"gmsiybj\" data-element_type=\"column\">\n\t\t\t<div class=\"elementor-column-wrap elementor-element-populated\">\n\t\t\t\t\t\t\t<div class=\"elementor-widget-wrap\">\n\t\t\t\t\t\t<div class=\"elementor-element elementor-element-lgqjsmc elementor-widget elementor-widget-text-editor\" data-id=\"lgqjsmc\" data-element_type=\"widget\" data-widget_type=\"text-editor.default\">\n\t\t\t\t<div class=\"elementor-widget-container\">\n\t\t\t\t\t\t\t\t<div class=\"elementor-text-editor elementor-clearfix\">\n\t\t\t\t<p class=\"intro\">Il est obligatoire pour tous les visiteurs d&rsquo;avoir une assurance m\u00e9dicale. Des contr\u00f4les al\u00e9atoires sont effectu\u00e9s \u00e0 l&rsquo;a\u00e9roport, alors assurez-vous d&rsquo;apporter une copie imprim\u00e9e de votre police, afin d&rsquo;avoir une assurance maladie de voyage avant de visiter Cuba.<\/p><ul><li>La carte d&rsquo;assurance maladie et une lettre de confirmation de la compagnie d&rsquo;assurance devraient \u00eatre disponibles \u00e0 l&rsquo;entr\u00e9e.<\/li><li>La lettre de confirmation devrait garantir l&rsquo;hypoth\u00e8se de frais en cas d&rsquo;accident ou de maladie.<\/li><li>Il doit \u00eatre affich\u00e9 sur demande.<\/li><\/ul><p>En cas d&rsquo;urgence m\u00e9dicale, le syst\u00e8me de sant\u00e9 cubain garantit les soins m\u00e9dicaux n\u00e9cessaires gr\u00e2ce \u00e0 un r\u00e9seau de cliniques et d&rsquo;h\u00f4pitaux couvrant tous les coins de l&rsquo;\u00eele.<\/p>\t\t\t\t\t<\/div>\n\t\t\t\t\t\t<\/div>\n\t\t\t\t<\/div>\n\t\t\t\t\t\t<\/div>\n\t\t\t\t\t<\/div>\n\t\t<\/div>\n\t\t\t\t<div class=\"elementor-column elementor-col-33 elementor-inner-column elementor-element elementor-element-bsqjm87\" data-id=\"bsqjm87\" data-element_type=\"column\">\n\t\t\t<div class=\"elementor-column-wrap elementor-element-populated\">\n\t\t\t\t\t\t\t<div class=\"elementor-widget-wrap\">\n\t\t\t\t\t\t<div class=\"elementor-element elementor-element-1k6dk2b elementor-widget elementor-widget-wp-widget-nav_menu\" data-id=\"1k6dk2b\" data-element_type=\"widget\" data-widget_type=\"wp-widget-nav_menu.default\">\n\t\t\t\t<div class=\"elementor-widget-container\">\n\t\t\t<h5>Ce que vous devriez savoir avant de voyager<\/h5><div class=\"menu-information-per-rcm-container\"><ul id=\"menu-information-per-rcm\" class=\"menu\"><li id=\"menu-item-35325\" class=\"menu-item menu-item-type-post_type menu-item-object-page menu-item-35325\"><a href=\"https:\/\/www.tropicalcubanholiday.com\/fr\/cuba-carte-de-tourisme-visa\/\">Cuba Carte de Tourisme &#038; Visa<\/a><\/li>\n<li id=\"menu-item-30364\" class=\"menu-item menu-item-type-post_type menu-item-object-page menu-item-30364\"><a target=\"_blank\" rel=\"noopener\" href=\"https:\/\/www.tropicalcubanholiday.com\/fr\/conditions-dentree\/\">Conditions D\u2019entr\u00e9e<\/a><\/li>\n<li id=\"menu-item-30365\" class=\"menu-item menu-item-type-post_type menu-item-object-page menu-item-30365\"><a target=\"_blank\" rel=\"noopener\" href=\"https:\/\/www.tropicalcubanholiday.com\/fr\/devises-cartes-de-credit\/\">Devises &#038; Cartes de Cr\u00e9dit<\/a><\/li>\n<li id=\"menu-item-30366\" class=\"menu-item menu-item-type-post_type menu-item-object-page menu-item-30366\"><a target=\"_blank\" rel=\"noopener\" href=\"https:\/\/www.tropicalcubanholiday.com\/fr\/conduire-a-cuba\/\">Conduire \u00c0 Cuba<\/a><\/li>\n<li id=\"menu-item-30367\" class=\"menu-item menu-item-type-post_type menu-item-object-page menu-item-30367\"><a target=\"_blank\" rel=\"noopener\" href=\"https:\/\/www.tropicalcubanholiday.com\/fr\/ambassades-et-consulats\/\">Ambassades et Consulats<\/a><\/li>\n<li id=\"menu-item-30368\" class=\"menu-item menu-item-type-post_type menu-item-object-page menu-item-30368\"><a target=\"_blank\" rel=\"noopener\" href=\"https:\/\/www.tropicalcubanholiday.com\/fr\/assurance-sante\/\">Assurance Sant\u00e9<\/a><\/li>\n<li id=\"menu-item-30369\" class=\"menu-item menu-item-type-post_type menu-item-object-page menu-item-30369\"><a target=\"_blank\" rel=\"noopener\" href=\"https:\/\/www.tropicalcubanholiday.com\/fr\/recommandations\/\">Recommandations<\/a><\/li>\n<\/ul><\/div>\t\t<\/div>\n\t\t\t\t<\/div>\n\t\t\t\t\t\t<\/div>\n\t\t\t\t\t<\/div>\n\t\t<\/div>\n\t\t\t\t\t\t\t\t<\/div>\n\t\t\t\t\t<\/div>\n\t\t<\/section>\n\t\t\t\t\t\t<\/div>\n\t\t\t\t\t<\/div>\n\t\t<\/div>\n\t\t\t\t\t\t\t\t<\/div>\n\t\t\t\t\t<\/div>\n\t\t<\/section>\n\t\t\t\t\t\t\t\t\t<\/div>\n\t\t\t<\/div>\n\t\t\t\t\t<\/div>\n\t\t<div class=\"sharedaddy sd-sharing-enabled\"><div class=\"robots-nocontent sd-block sd-social sd-social-icon sd-sharing\"><div class=\"sd-content\"><ul><li class=\"share-facebook\"><a rel=\"nofollow noopener noreferrer\" data-shared=\"sharing-facebook-17357\" class=\"share-facebook sd-button share-icon no-text\" href=\"https:\/\/www.tropicalcubanholiday.com\/fr\/assurance-sante\/?share=facebook\" target=\"_blank\" title=\"Click to share on Facebook\" ><span><\/span><span class=\"sharing-screen-reader-text\">Click to share on Facebook (Opens in new window)<\/span><\/a><\/li><li class=\"share-twitter\"><a rel=\"nofollow noopener noreferrer\" data-shared=\"sharing-twitter-17357\" class=\"share-twitter sd-button share-icon no-text\" href=\"https:\/\/www.tropicalcubanholiday.com\/fr\/assurance-sante\/?share=twitter\" target=\"_blank\" title=\"Click to share on Twitter\" ><span><\/span><span class=\"sharing-screen-reader-text\">Click to share on Twitter (Opens in new window)<\/span><\/a><\/li><li class=\"share-pinterest\"><a rel=\"nofollow noopener noreferrer\" data-shared=\"sharing-pinterest-17357\" class=\"share-pinterest sd-button share-icon no-text\" href=\"https:\/\/www.tropicalcubanholiday.com\/fr\/assurance-sante\/?share=pinterest\" target=\"_blank\" title=\"Click to share on Pinterest\" ><span><\/span><span class=\"sharing-screen-reader-text\">Click to share on Pinterest (Opens in new window)<\/span><\/a><\/li><li class=\"share-jetpack-whatsapp\"><a rel=\"nofollow noopener noreferrer\" data-shared=\"\" class=\"share-jetpack-whatsapp sd-button share-icon no-text\" href=\"https:\/\/www.tropicalcubanholiday.com\/fr\/assurance-sante\/?share=jetpack-whatsapp\" target=\"_blank\" title=\"Click to share on WhatsApp\" ><span><\/span><span class=\"sharing-screen-reader-text\">Click to share on WhatsApp (Opens in new window)<\/span><\/a><\/li><li class=\"share-reddit\"><a rel=\"nofollow noopener noreferrer\" data-shared=\"\" class=\"share-reddit sd-button share-icon no-text\" href=\"https:\/\/www.tropicalcubanholiday.com\/fr\/assurance-sante\/?share=reddit\" target=\"_blank\" title=\"Click to share on Reddit\" ><span><\/span><span class=\"sharing-screen-reader-text\">Click to share on Reddit (Opens in new window)<\/span><\/a><\/li><li class=\"share-tumblr\"><a rel=\"nofollow noopener noreferrer\" data-shared=\"\" class=\"share-tumblr sd-button share-icon no-text\" href=\"https:\/\/www.tropicalcubanholiday.com\/fr\/assurance-sante\/?share=tumblr\" target=\"_blank\" title=\"Click to share on Tumblr\" ><span><\/span><span class=\"sharing-screen-reader-text\">Click to share on Tumblr (Opens in new window)<\/span><\/a><\/li><li class=\"share-custom share-custom-mail\"><a rel=\"nofollow noopener noreferrer\" data-shared=\"\" class=\"share-custom share-custom-mail sd-button share-icon no-text\" href=\"https:\/\/www.tropicalcubanholiday.com\/fr\/assurance-sante\/?share=custom-1559669851\" target=\"_blank\" title=\"Click to share on Mail\" ><span style=\"background-image:url(&quot;https:\/\/www.tropicalcubanholiday.com\/wp-content\/uploads\/2019\/06\/mail-by-tropicalcubanholida.com_.png&quot;);\"><\/span><span class=\"sharing-screen-reader-text\">Click to share on Mail (Opens in new window)<\/span><\/a><\/li><li class=\"share-end\"><\/li><\/ul><\/div><\/div><\/div>","protected":false},"excerpt":{"rendered":"<p>&#8230; l&rsquo;assurance m\u00e9dicale de voyage est obligatoire pour tous les visiteurs, fortement recommand\u00e9 &#8230;<\/p>\n<div class=\"sharedaddy sd-sharing-enabled\"><div class=\"robots-nocontent sd-block sd-social sd-social-icon sd-sharing\"><div class=\"sd-content\"><ul><li class=\"share-facebook\"><a rel=\"nofollow noopener noreferrer\" data-shared=\"sharing-facebook-17357\" class=\"share-facebook sd-button share-icon no-text\" href=\"https:\/\/www.tropicalcubanholiday.com\/fr\/assurance-sante\/?share=facebook\" target=\"_blank\" title=\"Click to share on Facebook\" ><span><\/span><span class=\"sharing-screen-reader-text\">Click to share on Facebook (Opens in new window)<\/span><\/a><\/li><li class=\"share-twitter\"><a rel=\"nofollow noopener noreferrer\" data-shared=\"sharing-twitter-17357\" class=\"share-twitter sd-button share-icon no-text\" href=\"https:\/\/www.tropicalcubanholiday.com\/fr\/assurance-sante\/?share=twitter\" target=\"_blank\" title=\"Click to share on Twitter\" ><span><\/span><span class=\"sharing-screen-reader-text\">Click to share on Twitter (Opens in new window)<\/span><\/a><\/li><li class=\"share-pinterest\"><a rel=\"nofollow noopener noreferrer\" data-shared=\"sharing-pinterest-17357\" class=\"share-pinterest sd-button share-icon no-text\" href=\"https:\/\/www.tropicalcubanholiday.com\/fr\/assurance-sante\/?share=pinterest\" target=\"_blank\" title=\"Click to share on Pinterest\" ><span><\/span><span class=\"sharing-screen-reader-text\">Click to share on Pinterest (Opens in new window)<\/span><\/a><\/li><li class=\"share-jetpack-whatsapp\"><a rel=\"nofollow noopener noreferrer\" data-shared=\"\" class=\"share-jetpack-whatsapp sd-button share-icon no-text\" href=\"https:\/\/www.tropicalcubanholiday.com\/fr\/assurance-sante\/?share=jetpack-whatsapp\" target=\"_blank\" title=\"Click to share on WhatsApp\" ><span><\/span><span class=\"sharing-screen-reader-text\">Click to share on WhatsApp (Opens in new window)<\/span><\/a><\/li><li class=\"share-reddit\"><a rel=\"nofollow noopener noreferrer\" data-shared=\"\" class=\"share-reddit sd-button share-icon no-text\" href=\"https:\/\/www.tropicalcubanholiday.com\/fr\/assurance-sante\/?share=reddit\" target=\"_blank\" title=\"Click to share on Reddit\" ><span><\/span><span class=\"sharing-screen-reader-text\">Click to share on Reddit (Opens in new window)<\/span><\/a><\/li><li class=\"share-tumblr\"><a rel=\"nofollow noopener noreferrer\" data-shared=\"\" class=\"share-tumblr sd-button share-icon no-text\" href=\"https:\/\/www.tropicalcubanholiday.com\/fr\/assurance-sante\/?share=tumblr\" target=\"_blank\" title=\"Click to share on Tumblr\" ><span><\/span><span class=\"sharing-screen-reader-text\">Click to share on Tumblr (Opens in new window)<\/span><\/a><\/li><li class=\"share-custom share-custom-mail\"><a rel=\"nofollow noopener noreferrer\" data-shared=\"\" class=\"share-custom share-custom-mail sd-button share-icon no-text\" href=\"https:\/\/www.tropicalcubanholiday.com\/fr\/assurance-sante\/?share=custom-1559669851\" target=\"_blank\" title=\"Click to share on Mail\" ><span style=\"background-image:url(&quot;https:\/\/www.tropicalcubanholiday.com\/wp-content\/uploads\/2019\/06\/mail-by-tropicalcubanholida.com_.png&quot;);\"><\/span><span class=\"sharing-screen-reader-text\">Click to share on Mail (Opens in new window)<\/span><\/a><\/li><li class=\"share-end\"><\/li><\/ul><\/div><\/div><\/div>","protected":false},"author":1,"featured_media":15677,"parent":0,"menu_order":0,"comment_status":"closed","ping_status":"closed","template":"","meta":{"inline_featured_image":false,"jetpack_post_was_ever_published":false},"jetpack_sharing_enabled":true,"jetpack_shortlink":"https:\/\/wp.me\/P92jRp-4vX","jetpack-related-posts":[{"id":17346,"url":"https:\/\/www.tropicalcubanholiday.com\/fr\/conditions-dentree\/","url_meta":{"origin":17357,"position":0},"title":"Conditions D&rsquo;entr\u00e9e","date":"octobre 3, 2017","format":false,"excerpt":"... obtenez toutes les informations n\u00e9cessaires \u00e0 l'entr\u00e9e juridique de la Cuba ...","rel":"","context":"Similar post","img":{"alt_text":"","src":"https:\/\/i0.wp.com\/www.tropicalcubanholiday.com\/wp-content\/uploads\/2017\/08\/Beach-Cuba-2-e1506261506907.jpg?fit=1001%2C599&ssl=1&resize=350%2C200","width":350,"height":200},"classes":[]},{"id":17513,"url":"https:\/\/www.tropicalcubanholiday.com\/fr\/termes-et-conditions\/","url_meta":{"origin":17357,"position":1},"title":"Termes et Conditions","date":"octobre 5, 2017","format":false,"excerpt":"Termes et conditions (\"Termes\") Veuillez lire ces termes et conditions (\u00abConditions\u00bb, \u00abTermes et conditions\u00bb) avant d'utiliser le site www.tropicalcubanholiday.com (le \u00abService\u00bb) exploit\u00e9 par P & P group Ltd liab. Co. (\u00abnous\u00bb, \u00abnous\u00bb ou \u00abnotre\u00bb). Votre acc\u00e8s et votre utilisation du Service sont conditionn\u00e9s par votre acceptation et votre respect des\u2026","rel":"","context":"Similar post","img":{"alt_text":"","src":"","width":0,"height":0},"classes":[]},{"id":17324,"url":"https:\/\/www.tropicalcubanholiday.com\/fr\/ajoutez-votre-entreprise\/","url_meta":{"origin":17357,"position":2},"title":"Ajoutez Votre Entreprise\/Service","date":"octobre 3, 2017","format":false,"excerpt":"... ajoutez votre entreprise \u00e0 Tropical Cuban Holidays, pour que les clients peuvent le trouver facilement ...","rel":"","context":"Similar post","img":{"alt_text":"","src":"https:\/\/i0.wp.com\/www.tropicalcubanholiday.com\/wp-content\/uploads\/2017\/09\/Beach.jpg?fit=644%2C859&ssl=1&resize=350%2C200","width":350,"height":200},"classes":[]},{"id":35309,"url":"https:\/\/www.tropicalcubanholiday.com\/fr\/cuba-carte-de-tourisme-visa\/","url_meta":{"origin":17357,"position":3},"title":"Cuba Carte de Tourisme &#038; Visa","date":"mars 2, 2020","format":false,"excerpt":"... obtenez votre carte touristique \u00e0 Cuba maintenant ...","rel":"","context":"Similar post","img":{"alt_text":"","src":"https:\/\/i0.wp.com\/www.tropicalcubanholiday.com\/wp-content\/uploads\/2020\/02\/GREEN-TROURIST-CARD-VISA-FOR-CUBA-1.jpg?fit=1200%2C960&ssl=1&resize=350%2C200","width":350,"height":200},"classes":[]},{"id":17418,"url":"https:\/\/www.tropicalcubanholiday.com\/fr\/recommandations\/","url_meta":{"origin":17357,"position":4},"title":"Recommandations","date":"octobre 4, 2017","format":false,"excerpt":"...conseils de voyage \u00e0 Cuba...","rel":"","context":"Similar post","img":{"alt_text":"","src":"https:\/\/i0.wp.com\/www.tropicalcubanholiday.com\/wp-content\/uploads\/2017\/08\/Recommendation-to-enjoy-your-cuban-holiday-at-the-beach.jpg?fit=966%2C1200&ssl=1&resize=350%2C200","width":350,"height":200},"classes":[]},{"id":17256,"url":"https:\/\/www.tropicalcubanholiday.com\/fr\/a-propos-de-nous\/","url_meta":{"origin":17357,"position":5},"title":"\u00c0 propos de nous","date":"octobre 2, 2017","format":false,"excerpt":"... le meilleur moyen de d\u00e9couvrir Cuba et son esprit de joie...","rel":"","context":"Similar post","img":{"alt_text":"","src":"https:\/\/i0.wp.com\/www.tropicalcubanholiday.com\/wp-content\/uploads\/2017\/08\/tropical-cuban-holiday-about-us.jpg?fit=1200%2C224&ssl=1&resize=350%2C200","width":350,"height":200},"classes":[]}],"jetpack_likes_enabled":true,"_links":{"self":[{"href":"https:\/\/www.tropicalcubanholiday.com\/fr\/wp-json\/wp\/v2\/pages\/17357"}],"collection":[{"href":"https:\/\/www.tropicalcubanholiday.com\/fr\/wp-json\/wp\/v2\/pages"}],"about":[{"href":"https:\/\/www.tropicalcubanholiday.com\/fr\/wp-json\/wp\/v2\/types\/page"}],"author":[{"embeddable":true,"href":"https:\/\/www.tropicalcubanholiday.com\/fr\/wp-json\/wp\/v2\/users\/1"}],"replies":[{"embeddable":true,"href":"https:\/\/www.tropicalcubanholiday.com\/fr\/wp-json\/wp\/v2\/comments?post=17357"}],"version-history":[{"count":3,"href":"https:\/\/www.tropicalcubanholiday.com\/fr\/wp-json\/wp\/v2\/pages\/17357\/revisions"}],"predecessor-version":[{"id":23174,"href":"https:\/\/www.tropicalcubanholiday.com\/fr\/wp-json\/wp\/v2\/pages\/17357\/revisions\/23174"}],"wp:featuredmedia":[{"embeddable":true,"href":"https:\/\/www.tropicalcubanholiday.com\/fr\/wp-json\/wp\/v2\/media\/15677"}],"wp:attachment":[{"href":"https:\/\/www.tropicalcubanholiday.com\/fr\/wp-json\/wp\/v2\/media?parent=17357"}],"curies":[{"name":"wp","href":"https:\/\/api.w.org\/{rel}","templated":true}]}}