{"id":17346,"date":"2017-10-03T12:49:38","date_gmt":"2017-10-03T12:49:38","guid":{"rendered":"https:\/\/www.tropicalcubanholiday.com\/conditions-dentree\/"},"modified":"2020-05-18T08:52:17","modified_gmt":"2020-05-18T08:52:17","slug":"conditions-dentree","status":"publish","type":"page","link":"https:\/\/www.tropicalcubanholiday.com\/fr\/conditions-dentree\/","title":{"rendered":"Conditions D&rsquo;entr\u00e9e"},"content":{"rendered":"\t\t<div data-elementor-type=\"wp-post\" data-elementor-id=\"17346\" class=\"elementor elementor-17346 elementor-11163 elementor-bc-flex-widget\">\n\t\t\t\t\t\t<div class=\"elementor-inner\">\n\t\t\t\t<div class=\"elementor-section-wrap\">\n\t\t\t\t\t\t\t\t\t<section class=\"elementor-section elementor-top-section elementor-element elementor-element-kvuffeu elementor-section-stretched elementor-section-boxed elementor-section-height-default elementor-section-height-default\" data-id=\"kvuffeu\" data-element_type=\"section\" data-settings=\"{&quot;stretch_section&quot;:&quot;section-stretched&quot;}\">\n\t\t\t\t\t\t<div class=\"elementor-container elementor-column-gap-default\">\n\t\t\t\t\t\t\t<div class=\"elementor-row\">\n\t\t\t\t\t<div class=\"elementor-column elementor-col-100 elementor-top-column elementor-element elementor-element-fkfyrfy\" data-id=\"fkfyrfy\" data-element_type=\"column\">\n\t\t\t<div class=\"elementor-column-wrap elementor-element-populated\">\n\t\t\t\t\t\t\t<div class=\"elementor-widget-wrap\">\n\t\t\t\t\t\t<section class=\"elementor-section elementor-inner-section elementor-element elementor-element-lvfcdnt elementor-section-boxed elementor-section-height-default elementor-section-height-default\" data-id=\"lvfcdnt\" data-element_type=\"section\">\n\t\t\t\t\t\t<div class=\"elementor-container elementor-column-gap-default\">\n\t\t\t\t\t\t\t<div class=\"elementor-row\">\n\t\t\t\t\t<div class=\"elementor-column elementor-col-66 elementor-inner-column elementor-element elementor-element-u32t2yw\" data-id=\"u32t2yw\" data-element_type=\"column\">\n\t\t\t<div class=\"elementor-column-wrap elementor-element-populated\">\n\t\t\t\t\t\t\t<div class=\"elementor-widget-wrap\">\n\t\t\t\t\t\t<div class=\"elementor-element elementor-element-alidtyj elementor-widget elementor-widget-text-editor\" data-id=\"alidtyj\" data-element_type=\"widget\" data-widget_type=\"text-editor.default\">\n\t\t\t\t<div class=\"elementor-widget-container\">\n\t\t\t\t\t\t\t\t<div class=\"elementor-text-editor elementor-clearfix\">\n\t\t\t\t<h2>Liste de contr\u00f4le<\/h2><ol dir=\"ltr\"><li>Le passeport doit \u00eatre valide au moins 6 mois apr\u00e8s le jour de l&rsquo;entr\u00e9e.<\/li><li>Pour l&rsquo;application du visa appel\u00e9 Tourist Card, contactez l&rsquo;ambassade de Cuba dans votre pays.<\/li><li>Vous pouvez \u00e9galement obtenir le visa (<a href=\"https:\/\/www.tropicalcubanholiday.com\/fr\/cuba-carte-de-tourisme-visa\/\" target=\"_blank\" rel=\"noopener\"><strong>Carte Touristique<\/strong><\/a>) par certaines compagnies a\u00e9riennes et agences de voyage.<\/li><li>La carte touristique est \u00e9galement votre billet d&rsquo;entr\u00e9e et de sortie l\u00e9gale \u00e0 destination et en provenance de Cuba et doit \u00eatre affich\u00e9 dans la plupart des logements.<\/li><li><span id=\"result_box\" class=\"short_text\" lang=\"fr\"><span class=\"\">Assurance maladie de voyage<\/span><\/span>. Il est obligatoire pour tous les visiteurs d&rsquo;avoir une assurance maladie de voyage.<\/li><li>Formulaire de d\u00e9claration de douane est pour tous les Cubains et tous les visiteurs et vous obtiendrez lors de la vol\u00e9e vers Cuba ou dans l&rsquo;a\u00e9roport. Ce formulaire doit \u00eatre rempli avant d&rsquo;\u00eatre soumis au contr\u00f4le des passes et aux douanes dans l&rsquo;a\u00e9roport cubain. <a href=\"http:\/\/www.aduana.gob.cu\/index.php\/que-puedoexportar-2\" target=\"_blank\" rel=\"noopener\">La douane officielle de Cuba relie \u00ab\u00a0Aduana Cuba\u00a0\u00bb<\/a><\/li><li>Sur demande, vous devez remplir et \/ ou afficher la premi\u00e8re adresse du logement, o\u00f9 vous restez<\/li><li>Sur demande, le billet de retour de Cuba doit \u00eatre affich\u00e9.<\/li><li>La carte touristique est valable 30 jours. Si vous pr\u00e9voyez un voyage plus long, veuillez contacter l&rsquo;ambassade de Cuba dans votre pays.<\/li><\/ol><h3 dir=\"ltr\"><strong>* LICENCES SEULEMENT POUR LES CITOYSIUS US <\/strong><strong>*<\/strong><\/h3><p>Le gouvernement des \u00c9tats-Unis d&rsquo;Am\u00e9rique admet et d\u00e9livre deux sortes de licences pour voyager \u00e0 Cuba: \u00ab\u00a0G\u00c9N\u00c9RAL ET SP\u00c9CIFIQUE\u00a0\u00bb Voir plus d&rsquo;informations sur le lien officiel du d\u00e9partement des affaires \u00e9trang\u00e8res du <a href=\"https:\/\/www.treasury.gov\/resource-center\/sanctions\/Programs\/pages\/cuba.aspx\" target=\"_blank\" rel=\"noopener\">Tr\u00e9sor.<\/a><\/p>\t\t\t\t\t<\/div>\n\t\t\t\t\t\t<\/div>\n\t\t\t\t<\/div>\n\t\t\t\t\t\t<\/div>\n\t\t\t\t\t<\/div>\n\t\t<\/div>\n\t\t\t\t<div class=\"elementor-column elementor-col-33 elementor-inner-column elementor-element elementor-element-cse5bfv\" data-id=\"cse5bfv\" data-element_type=\"column\">\n\t\t\t<div class=\"elementor-column-wrap elementor-element-populated\">\n\t\t\t\t\t\t\t<div class=\"elementor-widget-wrap\">\n\t\t\t\t\t\t<div class=\"elementor-element elementor-element-5qrldfg elementor-widget elementor-widget-wp-widget-nav_menu\" data-id=\"5qrldfg\" data-element_type=\"widget\" data-widget_type=\"wp-widget-nav_menu.default\">\n\t\t\t\t<div class=\"elementor-widget-container\">\n\t\t\t<h5>Ce que vous devriez savoir avant de voyager<\/h5><div class=\"menu-information-per-rcm-container\"><ul id=\"menu-information-per-rcm\" class=\"menu\"><li id=\"menu-item-35325\" class=\"menu-item menu-item-type-post_type menu-item-object-page menu-item-35325\"><a href=\"https:\/\/www.tropicalcubanholiday.com\/fr\/cuba-carte-de-tourisme-visa\/\">Cuba Carte de Tourisme &#038; Visa<\/a><\/li>\n<li id=\"menu-item-30364\" class=\"menu-item menu-item-type-post_type menu-item-object-page menu-item-30364\"><a target=\"_blank\" rel=\"noopener\" href=\"https:\/\/www.tropicalcubanholiday.com\/fr\/conditions-dentree\/\">Conditions D\u2019entr\u00e9e<\/a><\/li>\n<li id=\"menu-item-30365\" class=\"menu-item menu-item-type-post_type menu-item-object-page menu-item-30365\"><a target=\"_blank\" rel=\"noopener\" href=\"https:\/\/www.tropicalcubanholiday.com\/fr\/devises-cartes-de-credit\/\">Devises &#038; Cartes de Cr\u00e9dit<\/a><\/li>\n<li id=\"menu-item-30366\" class=\"menu-item menu-item-type-post_type menu-item-object-page menu-item-30366\"><a target=\"_blank\" rel=\"noopener\" href=\"https:\/\/www.tropicalcubanholiday.com\/fr\/conduire-a-cuba\/\">Conduire \u00c0 Cuba<\/a><\/li>\n<li id=\"menu-item-30367\" class=\"menu-item menu-item-type-post_type menu-item-object-page menu-item-30367\"><a target=\"_blank\" rel=\"noopener\" href=\"https:\/\/www.tropicalcubanholiday.com\/fr\/ambassades-et-consulats\/\">Ambassades et Consulats<\/a><\/li>\n<li id=\"menu-item-30368\" class=\"menu-item menu-item-type-post_type menu-item-object-page menu-item-30368\"><a target=\"_blank\" rel=\"noopener\" href=\"https:\/\/www.tropicalcubanholiday.com\/fr\/assurance-sante\/\">Assurance Sant\u00e9<\/a><\/li>\n<li id=\"menu-item-30369\" class=\"menu-item menu-item-type-post_type menu-item-object-page menu-item-30369\"><a target=\"_blank\" rel=\"noopener\" href=\"https:\/\/www.tropicalcubanholiday.com\/fr\/recommandations\/\">Recommandations<\/a><\/li>\n<\/ul><\/div>\t\t<\/div>\n\t\t\t\t<\/div>\n\t\t\t\t\t\t<\/div>\n\t\t\t\t\t<\/div>\n\t\t<\/div>\n\t\t\t\t\t\t\t\t<\/div>\n\t\t\t\t\t<\/div>\n\t\t<\/section>\n\t\t\t\t\t\t<\/div>\n\t\t\t\t\t<\/div>\n\t\t<\/div>\n\t\t\t\t\t\t\t\t<\/div>\n\t\t\t\t\t<\/div>\n\t\t<\/section>\n\t\t\t\t\t\t\t\t\t<\/div>\n\t\t\t<\/div>\n\t\t\t\t\t<\/div>\n\t\t<div class=\"sharedaddy sd-sharing-enabled\"><div class=\"robots-nocontent sd-block sd-social sd-social-icon sd-sharing\"><div class=\"sd-content\"><ul><li class=\"share-facebook\"><a rel=\"nofollow noopener noreferrer\" data-shared=\"sharing-facebook-17346\" class=\"share-facebook sd-button share-icon no-text\" href=\"https:\/\/www.tropicalcubanholiday.com\/fr\/conditions-dentree\/?share=facebook\" target=\"_blank\" title=\"Click to share on Facebook\" ><span><\/span><span class=\"sharing-screen-reader-text\">Click to share on Facebook (Opens in new window)<\/span><\/a><\/li><li class=\"share-twitter\"><a rel=\"nofollow noopener noreferrer\" data-shared=\"sharing-twitter-17346\" class=\"share-twitter sd-button share-icon no-text\" href=\"https:\/\/www.tropicalcubanholiday.com\/fr\/conditions-dentree\/?share=twitter\" target=\"_blank\" title=\"Click to share on Twitter\" ><span><\/span><span class=\"sharing-screen-reader-text\">Click to share on Twitter (Opens in new window)<\/span><\/a><\/li><li class=\"share-pinterest\"><a rel=\"nofollow noopener noreferrer\" data-shared=\"sharing-pinterest-17346\" class=\"share-pinterest sd-button share-icon no-text\" href=\"https:\/\/www.tropicalcubanholiday.com\/fr\/conditions-dentree\/?share=pinterest\" target=\"_blank\" title=\"Click to share on Pinterest\" ><span><\/span><span class=\"sharing-screen-reader-text\">Click to share on Pinterest (Opens in new window)<\/span><\/a><\/li><li class=\"share-jetpack-whatsapp\"><a rel=\"nofollow noopener noreferrer\" data-shared=\"\" class=\"share-jetpack-whatsapp sd-button share-icon no-text\" href=\"https:\/\/www.tropicalcubanholiday.com\/fr\/conditions-dentree\/?share=jetpack-whatsapp\" target=\"_blank\" title=\"Click to share on WhatsApp\" ><span><\/span><span class=\"sharing-screen-reader-text\">Click to share on WhatsApp (Opens in new window)<\/span><\/a><\/li><li class=\"share-reddit\"><a rel=\"nofollow noopener noreferrer\" data-shared=\"\" class=\"share-reddit sd-button share-icon no-text\" href=\"https:\/\/www.tropicalcubanholiday.com\/fr\/conditions-dentree\/?share=reddit\" target=\"_blank\" title=\"Click to share on Reddit\" ><span><\/span><span class=\"sharing-screen-reader-text\">Click to share on Reddit (Opens in new window)<\/span><\/a><\/li><li class=\"share-tumblr\"><a rel=\"nofollow noopener noreferrer\" data-shared=\"\" class=\"share-tumblr sd-button share-icon no-text\" href=\"https:\/\/www.tropicalcubanholiday.com\/fr\/conditions-dentree\/?share=tumblr\" target=\"_blank\" title=\"Click to share on Tumblr\" ><span><\/span><span class=\"sharing-screen-reader-text\">Click to share on Tumblr (Opens in new window)<\/span><\/a><\/li><li class=\"share-custom share-custom-mail\"><a rel=\"nofollow noopener noreferrer\" data-shared=\"\" class=\"share-custom share-custom-mail sd-button share-icon no-text\" href=\"https:\/\/www.tropicalcubanholiday.com\/fr\/conditions-dentree\/?share=custom-1559669851\" target=\"_blank\" title=\"Click to share on Mail\" ><span style=\"background-image:url(&quot;https:\/\/www.tropicalcubanholiday.com\/wp-content\/uploads\/2019\/06\/mail-by-tropicalcubanholida.com_.png&quot;);\"><\/span><span class=\"sharing-screen-reader-text\">Click to share on Mail (Opens in new window)<\/span><\/a><\/li><li class=\"share-end\"><\/li><\/ul><\/div><\/div><\/div>","protected":false},"excerpt":{"rendered":"<p>&#8230; obtenez toutes les informations n\u00e9cessaires \u00e0 l&rsquo;entr\u00e9e juridique de la Cuba &#8230;<\/p>\n<div class=\"sharedaddy sd-sharing-enabled\"><div class=\"robots-nocontent sd-block sd-social sd-social-icon sd-sharing\"><div class=\"sd-content\"><ul><li class=\"share-facebook\"><a rel=\"nofollow noopener noreferrer\" data-shared=\"sharing-facebook-17346\" class=\"share-facebook sd-button share-icon no-text\" href=\"https:\/\/www.tropicalcubanholiday.com\/fr\/conditions-dentree\/?share=facebook\" target=\"_blank\" title=\"Click to share on Facebook\" ><span><\/span><span class=\"sharing-screen-reader-text\">Click to share on Facebook (Opens in new window)<\/span><\/a><\/li><li class=\"share-twitter\"><a rel=\"nofollow noopener noreferrer\" data-shared=\"sharing-twitter-17346\" class=\"share-twitter sd-button share-icon no-text\" href=\"https:\/\/www.tropicalcubanholiday.com\/fr\/conditions-dentree\/?share=twitter\" target=\"_blank\" title=\"Click to share on Twitter\" ><span><\/span><span class=\"sharing-screen-reader-text\">Click to share on Twitter (Opens in new window)<\/span><\/a><\/li><li class=\"share-pinterest\"><a rel=\"nofollow noopener noreferrer\" data-shared=\"sharing-pinterest-17346\" class=\"share-pinterest sd-button share-icon no-text\" href=\"https:\/\/www.tropicalcubanholiday.com\/fr\/conditions-dentree\/?share=pinterest\" target=\"_blank\" title=\"Click to share on Pinterest\" ><span><\/span><span class=\"sharing-screen-reader-text\">Click to share on Pinterest (Opens in new window)<\/span><\/a><\/li><li class=\"share-jetpack-whatsapp\"><a rel=\"nofollow noopener noreferrer\" data-shared=\"\" class=\"share-jetpack-whatsapp sd-button share-icon no-text\" href=\"https:\/\/www.tropicalcubanholiday.com\/fr\/conditions-dentree\/?share=jetpack-whatsapp\" target=\"_blank\" title=\"Click to share on WhatsApp\" ><span><\/span><span class=\"sharing-screen-reader-text\">Click to share on WhatsApp (Opens in new window)<\/span><\/a><\/li><li class=\"share-reddit\"><a rel=\"nofollow noopener noreferrer\" data-shared=\"\" class=\"share-reddit sd-button share-icon no-text\" href=\"https:\/\/www.tropicalcubanholiday.com\/fr\/conditions-dentree\/?share=reddit\" target=\"_blank\" title=\"Click to share on Reddit\" ><span><\/span><span class=\"sharing-screen-reader-text\">Click to share on Reddit (Opens in new window)<\/span><\/a><\/li><li class=\"share-tumblr\"><a rel=\"nofollow noopener noreferrer\" data-shared=\"\" class=\"share-tumblr sd-button share-icon no-text\" href=\"https:\/\/www.tropicalcubanholiday.com\/fr\/conditions-dentree\/?share=tumblr\" target=\"_blank\" title=\"Click to share on Tumblr\" ><span><\/span><span class=\"sharing-screen-reader-text\">Click to share on Tumblr (Opens in new window)<\/span><\/a><\/li><li class=\"share-custom share-custom-mail\"><a rel=\"nofollow noopener noreferrer\" data-shared=\"\" class=\"share-custom share-custom-mail sd-button share-icon no-text\" href=\"https:\/\/www.tropicalcubanholiday.com\/fr\/conditions-dentree\/?share=custom-1559669851\" target=\"_blank\" title=\"Click to share on Mail\" ><span style=\"background-image:url(&quot;https:\/\/www.tropicalcubanholiday.com\/wp-content\/uploads\/2019\/06\/mail-by-tropicalcubanholida.com_.png&quot;);\"><\/span><span class=\"sharing-screen-reader-text\">Click to share on Mail (Opens in new window)<\/span><\/a><\/li><li class=\"share-end\"><\/li><\/ul><\/div><\/div><\/div>","protected":false},"author":1,"featured_media":17180,"parent":0,"menu_order":0,"comment_status":"closed","ping_status":"closed","template":"","meta":{"inline_featured_image":false,"jetpack_post_was_ever_published":false},"jetpack_sharing_enabled":true,"jetpack_shortlink":"https:\/\/wp.me\/P92jRp-4vM","jetpack-related-posts":[{"id":17357,"url":"https:\/\/www.tropicalcubanholiday.com\/fr\/assurance-sante\/","url_meta":{"origin":17346,"position":0},"title":"Assurance Sant\u00e9","date":"octobre 3, 2017","format":false,"excerpt":"... l'assurance m\u00e9dicale de voyage est obligatoire pour tous les visiteurs, fortement recommand\u00e9 ...","rel":"","context":"Similar post","img":{"alt_text":"","src":"https:\/\/i0.wp.com\/www.tropicalcubanholiday.com\/wp-content\/uploads\/2017\/08\/Tropical-Cuban-Holiday-Villa-Clara-1-1.jpg?fit=800%2C1200&ssl=1&resize=350%2C200","width":350,"height":200},"classes":[]},{"id":35309,"url":"https:\/\/www.tropicalcubanholiday.com\/fr\/cuba-carte-de-tourisme-visa\/","url_meta":{"origin":17346,"position":1},"title":"Cuba Carte de Tourisme &#038; Visa","date":"mars 2, 2020","format":false,"excerpt":"... obtenez votre carte touristique \u00e0 Cuba maintenant ...","rel":"","context":"Similar post","img":{"alt_text":"","src":"https:\/\/i0.wp.com\/www.tropicalcubanholiday.com\/wp-content\/uploads\/2020\/02\/GREEN-TROURIST-CARD-VISA-FOR-CUBA-1.jpg?fit=1200%2C960&ssl=1&resize=350%2C200","width":350,"height":200},"classes":[]},{"id":17380,"url":"https:\/\/www.tropicalcubanholiday.com\/fr\/conduire-a-cuba\/","url_meta":{"origin":17346,"position":2},"title":"Conduire \u00c0 Cuba","date":"octobre 3, 2017","format":false,"excerpt":"...meilleurs conseils pour conduire \u00e0 Cuba...","rel":"","context":"Similar post","img":{"alt_text":"","src":"https:\/\/i0.wp.com\/www.tropicalcubanholiday.com\/wp-content\/uploads\/2017\/08\/Travel-Now-by-Tropical-Cuban-Holiday-e1503839803783.jpg?fit=999%2C666&ssl=1&resize=350%2C200","width":350,"height":200},"classes":[]},{"id":17328,"url":"https:\/\/www.tropicalcubanholiday.com\/fr\/devises-cartes-de-credit\/","url_meta":{"origin":17346,"position":3},"title":"Devises &#038; Cartes de Cr\u00e9dit","date":"octobre 3, 2017","format":false,"excerpt":"... prends toujours assez d'argent avec toi ...","rel":"","context":"Similar post","img":{"alt_text":"","src":"https:\/\/i0.wp.com\/www.tropicalcubanholiday.com\/wp-content\/uploads\/2017\/09\/cuba-1116429_1280.jpg?fit=1200%2C675&ssl=1&resize=350%2C200","width":350,"height":200},"classes":[]},{"id":17435,"url":"https:\/\/www.tropicalcubanholiday.com\/fr\/ambassades-et-consulats\/","url_meta":{"origin":17346,"position":4},"title":"Ambassades et Consulats","date":"octobre 4, 2017","format":false,"excerpt":"...contactez votre ambassade ou consulat ici...","rel":"","context":"Similar post","img":{"alt_text":"","src":"https:\/\/i0.wp.com\/www.tropicalcubanholiday.com\/wp-content\/uploads\/2017\/09\/TCH.jpg?fit=1200%2C520&ssl=1&resize=350%2C200","width":350,"height":200},"classes":[]},{"id":17513,"url":"https:\/\/www.tropicalcubanholiday.com\/fr\/termes-et-conditions\/","url_meta":{"origin":17346,"position":5},"title":"Termes et Conditions","date":"octobre 5, 2017","format":false,"excerpt":"Termes et conditions (\"Termes\") Veuillez lire ces termes et conditions (\u00abConditions\u00bb, \u00abTermes et conditions\u00bb) avant d'utiliser le site www.tropicalcubanholiday.com (le \u00abService\u00bb) exploit\u00e9 par P & P group Ltd liab. Co. (\u00abnous\u00bb, \u00abnous\u00bb ou \u00abnotre\u00bb). Votre acc\u00e8s et votre utilisation du Service sont conditionn\u00e9s par votre acceptation et votre respect des\u2026","rel":"","context":"Similar post","img":{"alt_text":"","src":"","width":0,"height":0},"classes":[]}],"jetpack_likes_enabled":true,"_links":{"self":[{"href":"https:\/\/www.tropicalcubanholiday.com\/fr\/wp-json\/wp\/v2\/pages\/17346"}],"collection":[{"href":"https:\/\/www.tropicalcubanholiday.com\/fr\/wp-json\/wp\/v2\/pages"}],"about":[{"href":"https:\/\/www.tropicalcubanholiday.com\/fr\/wp-json\/wp\/v2\/types\/page"}],"author":[{"embeddable":true,"href":"https:\/\/www.tropicalcubanholiday.com\/fr\/wp-json\/wp\/v2\/users\/1"}],"replies":[{"embeddable":true,"href":"https:\/\/www.tropicalcubanholiday.com\/fr\/wp-json\/wp\/v2\/comments?post=17346"}],"version-history":[{"count":8,"href":"https:\/\/www.tropicalcubanholiday.com\/fr\/wp-json\/wp\/v2\/pages\/17346\/revisions"}],"predecessor-version":[{"id":35365,"href":"https:\/\/www.tropicalcubanholiday.com\/fr\/wp-json\/wp\/v2\/pages\/17346\/revisions\/35365"}],"wp:featuredmedia":[{"embeddable":true,"href":"https:\/\/www.tropicalcubanholiday.com\/fr\/wp-json\/wp\/v2\/media\/17180"}],"wp:attachment":[{"href":"https:\/\/www.tropicalcubanholiday.com\/fr\/wp-json\/wp\/v2\/media?parent=17346"}],"curies":[{"name":"wp","href":"https:\/\/api.w.org\/{rel}","templated":true}]}}