{"id":18813,"date":"2017-10-25T08:20:13","date_gmt":"2017-10-25T08:20:13","guid":{"rendered":"https:\/\/www.tropicalcubanholiday.com\/embajadas-extranjeras-en-cuba\/"},"modified":"2019-05-28T00:40:59","modified_gmt":"2019-05-28T00:40:59","slug":"embajadas-extranjeras-en-cuba","status":"publish","type":"page","link":"https:\/\/www.tropicalcubanholiday.com\/es\/embajadas-extranjeras-en-cuba\/","title":{"rendered":"Embajadas Extranjeras en Cuba"},"content":{"rendered":"<h3>A hasta F<\/h3>\n<iframe id=\"s_pdf_frame\" src=\"\/\/docs.google.com\/gview?embedded=true&url=https:\/\/www.tropicalcubanholiday.com\/wp-content\/uploads\/2017\/09\/A_to_F_in_Cuba.pdf\" style=\"width: 100%; height:700px;\" frameborder=\"0\"><\/iframe>\n<p>&nbsp;<\/p>\n<p>&nbsp;<\/p>\n<h3>G a L<\/h3>\n<iframe id=\"s_pdf_frame\" src=\"\/\/docs.google.com\/gview?embedded=true&url=https:\/\/www.tropicalcubanholiday.com\/wp-content\/uploads\/2017\/09\/G_to_L_in_Cuba.pdf\" style=\"width: 100%; height:700px;\" frameborder=\"0\"><\/iframe>\n<p>&nbsp;<\/p>\n<p>&nbsp;<\/p>\n<h3>M a Q<\/h3>\n<iframe id=\"s_pdf_frame\" src=\"\/\/docs.google.com\/gview?embedded=true&url=https:\/\/www.tropicalcubanholiday.com\/wp-content\/uploads\/2017\/09\/M_to_Q_in_Cuba.pdf\" style=\"width: 100%; height:700px;\" frameborder=\"0\"><\/iframe>\n<p>&nbsp;<\/p>\n<p>&nbsp;<\/p>\n<h3>R a Z<\/h3>\n<iframe id=\"s_pdf_frame\" src=\"\/\/docs.google.com\/gview?embedded=true&url=https:\/\/www.tropicalcubanholiday.com\/wp-content\/uploads\/2017\/09\/R_to_Z_in_Cuba.pdf\" style=\"width: 100%; height:700px;\" frameborder=\"0\"><\/iframe>\n<p>&nbsp;<\/p>\n<p>&nbsp;<\/p>\n<div class=\"sharedaddy sd-sharing-enabled\"><div class=\"robots-nocontent sd-block sd-social sd-social-icon sd-sharing\"><div class=\"sd-content\"><ul><li class=\"share-facebook\"><a rel=\"nofollow noopener noreferrer\" data-shared=\"sharing-facebook-18813\" class=\"share-facebook sd-button share-icon no-text\" href=\"https:\/\/www.tropicalcubanholiday.com\/es\/embajadas-extranjeras-en-cuba\/?share=facebook\" target=\"_blank\" title=\"Click to share on Facebook\" ><span><\/span><span class=\"sharing-screen-reader-text\">Click to share on Facebook (Opens in new window)<\/span><\/a><\/li><li class=\"share-twitter\"><a rel=\"nofollow noopener noreferrer\" data-shared=\"sharing-twitter-18813\" class=\"share-twitter sd-button share-icon no-text\" href=\"https:\/\/www.tropicalcubanholiday.com\/es\/embajadas-extranjeras-en-cuba\/?share=twitter\" target=\"_blank\" title=\"Click to share on Twitter\" ><span><\/span><span class=\"sharing-screen-reader-text\">Click to share on Twitter (Opens in new window)<\/span><\/a><\/li><li class=\"share-pinterest\"><a rel=\"nofollow noopener noreferrer\" data-shared=\"sharing-pinterest-18813\" class=\"share-pinterest sd-button share-icon no-text\" href=\"https:\/\/www.tropicalcubanholiday.com\/es\/embajadas-extranjeras-en-cuba\/?share=pinterest\" target=\"_blank\" title=\"Click to share on Pinterest\" ><span><\/span><span class=\"sharing-screen-reader-text\">Click to share on Pinterest (Opens in new window)<\/span><\/a><\/li><li class=\"share-jetpack-whatsapp\"><a rel=\"nofollow noopener noreferrer\" data-shared=\"\" class=\"share-jetpack-whatsapp sd-button share-icon no-text\" href=\"https:\/\/www.tropicalcubanholiday.com\/es\/embajadas-extranjeras-en-cuba\/?share=jetpack-whatsapp\" target=\"_blank\" title=\"Click to share on WhatsApp\" ><span><\/span><span class=\"sharing-screen-reader-text\">Click to share on WhatsApp (Opens in new window)<\/span><\/a><\/li><li class=\"share-reddit\"><a rel=\"nofollow noopener noreferrer\" data-shared=\"\" class=\"share-reddit sd-button share-icon no-text\" href=\"https:\/\/www.tropicalcubanholiday.com\/es\/embajadas-extranjeras-en-cuba\/?share=reddit\" target=\"_blank\" title=\"Click to share on Reddit\" ><span><\/span><span class=\"sharing-screen-reader-text\">Click to share on Reddit (Opens in new window)<\/span><\/a><\/li><li class=\"share-tumblr\"><a rel=\"nofollow noopener noreferrer\" data-shared=\"\" class=\"share-tumblr sd-button share-icon no-text\" href=\"https:\/\/www.tropicalcubanholiday.com\/es\/embajadas-extranjeras-en-cuba\/?share=tumblr\" target=\"_blank\" title=\"Click to share on Tumblr\" ><span><\/span><span class=\"sharing-screen-reader-text\">Click to share on Tumblr (Opens in new window)<\/span><\/a><\/li><li class=\"share-custom share-custom-mail\"><a rel=\"nofollow noopener noreferrer\" data-shared=\"\" class=\"share-custom share-custom-mail sd-button share-icon no-text\" href=\"https:\/\/www.tropicalcubanholiday.com\/es\/embajadas-extranjeras-en-cuba\/?share=custom-1559669851\" target=\"_blank\" title=\"Click to share on Mail\" ><span style=\"background-image:url(&quot;https:\/\/www.tropicalcubanholiday.com\/wp-content\/uploads\/2019\/06\/mail-by-tropicalcubanholida.com_.png&quot;);\"><\/span><span class=\"sharing-screen-reader-text\">Click to share on Mail (Opens in new window)<\/span><\/a><\/li><li class=\"share-end\"><\/li><\/ul><\/div><\/div><\/div>","protected":false},"excerpt":{"rendered":"<p>&#8230;la designaci\u00f3n de todos los pa\u00edses solo est\u00e1 disponible en ingl\u00e9s y est\u00e1 organizada en orden alfab\u00e9tico&#8230;<\/p>\n<div class=\"sharedaddy sd-sharing-enabled\"><div class=\"robots-nocontent sd-block sd-social sd-social-icon sd-sharing\"><div class=\"sd-content\"><ul><li class=\"share-facebook\"><a rel=\"nofollow noopener noreferrer\" data-shared=\"sharing-facebook-18813\" class=\"share-facebook sd-button share-icon no-text\" href=\"https:\/\/www.tropicalcubanholiday.com\/es\/embajadas-extranjeras-en-cuba\/?share=facebook\" target=\"_blank\" title=\"Click to share on Facebook\" ><span><\/span><span class=\"sharing-screen-reader-text\">Click to share on Facebook (Opens in new window)<\/span><\/a><\/li><li class=\"share-twitter\"><a rel=\"nofollow noopener noreferrer\" data-shared=\"sharing-twitter-18813\" class=\"share-twitter sd-button share-icon no-text\" href=\"https:\/\/www.tropicalcubanholiday.com\/es\/embajadas-extranjeras-en-cuba\/?share=twitter\" target=\"_blank\" title=\"Click to share on Twitter\" ><span><\/span><span class=\"sharing-screen-reader-text\">Click to share on Twitter (Opens in new window)<\/span><\/a><\/li><li class=\"share-pinterest\"><a rel=\"nofollow noopener noreferrer\" data-shared=\"sharing-pinterest-18813\" class=\"share-pinterest sd-button share-icon no-text\" href=\"https:\/\/www.tropicalcubanholiday.com\/es\/embajadas-extranjeras-en-cuba\/?share=pinterest\" target=\"_blank\" title=\"Click to share on Pinterest\" ><span><\/span><span class=\"sharing-screen-reader-text\">Click to share on Pinterest (Opens in new window)<\/span><\/a><\/li><li class=\"share-jetpack-whatsapp\"><a rel=\"nofollow noopener noreferrer\" data-shared=\"\" class=\"share-jetpack-whatsapp sd-button share-icon no-text\" href=\"https:\/\/www.tropicalcubanholiday.com\/es\/embajadas-extranjeras-en-cuba\/?share=jetpack-whatsapp\" target=\"_blank\" title=\"Click to share on WhatsApp\" ><span><\/span><span class=\"sharing-screen-reader-text\">Click to share on WhatsApp (Opens in new window)<\/span><\/a><\/li><li class=\"share-reddit\"><a rel=\"nofollow noopener noreferrer\" data-shared=\"\" class=\"share-reddit sd-button share-icon no-text\" href=\"https:\/\/www.tropicalcubanholiday.com\/es\/embajadas-extranjeras-en-cuba\/?share=reddit\" target=\"_blank\" title=\"Click to share on Reddit\" ><span><\/span><span class=\"sharing-screen-reader-text\">Click to share on Reddit (Opens in new window)<\/span><\/a><\/li><li class=\"share-tumblr\"><a rel=\"nofollow noopener noreferrer\" data-shared=\"\" class=\"share-tumblr sd-button share-icon no-text\" href=\"https:\/\/www.tropicalcubanholiday.com\/es\/embajadas-extranjeras-en-cuba\/?share=tumblr\" target=\"_blank\" title=\"Click to share on Tumblr\" ><span><\/span><span class=\"sharing-screen-reader-text\">Click to share on Tumblr (Opens in new window)<\/span><\/a><\/li><li class=\"share-custom share-custom-mail\"><a rel=\"nofollow noopener noreferrer\" data-shared=\"\" class=\"share-custom share-custom-mail sd-button share-icon no-text\" href=\"https:\/\/www.tropicalcubanholiday.com\/es\/embajadas-extranjeras-en-cuba\/?share=custom-1559669851\" target=\"_blank\" title=\"Click to share on Mail\" ><span style=\"background-image:url(&quot;https:\/\/www.tropicalcubanholiday.com\/wp-content\/uploads\/2019\/06\/mail-by-tropicalcubanholida.com_.png&quot;);\"><\/span><span class=\"sharing-screen-reader-text\">Click to share on Mail (Opens in new window)<\/span><\/a><\/li><li class=\"share-end\"><\/li><\/ul><\/div><\/div><\/div>","protected":false},"author":1,"featured_media":29489,"parent":0,"menu_order":0,"comment_status":"closed","ping_status":"closed","template":"page-templates\/full_width.php","meta":{"inline_featured_image":false,"jetpack_post_was_ever_published":false},"jetpack_sharing_enabled":true,"jetpack_shortlink":"https:\/\/wp.me\/P92jRp-4Tr","jetpack-related-posts":[{"id":18803,"url":"https:\/\/www.tropicalcubanholiday.com\/es\/embajadas-cubanas-en-todo-el-mundo\/","url_meta":{"origin":18813,"position":0},"title":"Embajadas Cubanas en Todo el Mundo","date":"octubre 25, 2017","format":false,"excerpt":"...la designaci\u00f3n de todos los pa\u00edses solo est\u00e1 disponible en ingl\u00e9s y est\u00e1 organizada en ese orden alfab\u00e9tico...","rel":"","context":"Similar post","img":{"alt_text":"","src":"https:\/\/i0.wp.com\/www.tropicalcubanholiday.com\/wp-content\/uploads\/2019\/03\/Isla-de-la-Juventud.jpg?fit=684%2C601&ssl=1&resize=350%2C200","width":350,"height":200},"classes":[]},{"id":13585,"url":"https:\/\/www.tropicalcubanholiday.com\/cuban-embassies-worldwide\/","url_meta":{"origin":18813,"position":1},"title":"Cuban Embassies Worldwide\u00a0","date":"septiembre 25, 2017","format":false,"excerpt":"...the designation of all countries are only available in English and are organized in alphabetical order...","rel":"","context":"Similar post","img":{"alt_text":"Isla de la Juventud Cuba","src":"https:\/\/i0.wp.com\/www.tropicalcubanholiday.com\/wp-content\/uploads\/2019\/03\/Isla-de-la-Juventud.jpg?fit=684%2C601&ssl=1&resize=350%2C200","width":350,"height":200},"classes":[]},{"id":18811,"url":"https:\/\/www.tropicalcubanholiday.com\/fr\/ambassades-etrangeres-a-cuba\/","url_meta":{"origin":18813,"position":2},"title":"Ambassades \u00c9trang\u00e8res \u00e0 Cuba","date":"octubre 25, 2017","format":false,"excerpt":"...la d\u00e9signation de tous les pays n'est disponible qu'en anglais et sont organis\u00e9s par ordre alphab\u00e9tique...","rel":"","context":"Similar post","img":{"alt_text":"","src":"https:\/\/i0.wp.com\/www.tropicalcubanholiday.com\/wp-content\/uploads\/2017\/09\/Enjoying-the-Cuban-holiday.jpg?fit=1017%2C360&ssl=1&resize=350%2C200","width":350,"height":200},"classes":[]},{"id":18812,"url":"https:\/\/www.tropicalcubanholiday.com\/de\/auslandische-botschaften-in-kuba\/","url_meta":{"origin":18813,"position":3},"title":"Ausl\u00e4ndische Botschaften in Kuba","date":"octubre 25, 2017","format":false,"excerpt":"...die Bezeichnung aller L\u00e4nder ist nur in Englisch verf\u00fcgbar und in alphabetischer Reihenfolge organisiert...","rel":"","context":"Similar post","img":{"alt_text":"","src":"https:\/\/i0.wp.com\/www.tropicalcubanholiday.com\/wp-content\/uploads\/2017\/09\/Enjoying-the-Cuban-holiday.jpg?fit=1017%2C360&ssl=1&resize=350%2C200","width":350,"height":200},"classes":[]},{"id":18801,"url":"https:\/\/www.tropicalcubanholiday.com\/fr\/ambassades-cubaines-dans-le-monde\/","url_meta":{"origin":18813,"position":4},"title":"Ambassades Cubaines dans Le Monde","date":"octubre 25, 2017","format":false,"excerpt":"...la d\u00e9signation de tous les pays n'est disponible qu'en anglais et sont organis\u00e9s par ordre alphab\u00e9tique...","rel":"","context":"Similar post","img":{"alt_text":"","src":"https:\/\/i0.wp.com\/www.tropicalcubanholiday.com\/wp-content\/uploads\/2019\/03\/Isla-de-la-Juventud.jpg?fit=684%2C601&ssl=1&resize=350%2C200","width":350,"height":200},"classes":[]},{"id":18802,"url":"https:\/\/www.tropicalcubanholiday.com\/de\/kubanische-botschaften-weltweit\/","url_meta":{"origin":18813,"position":5},"title":"Kubanische Botschaften Weltweit","date":"octubre 25, 2017","format":false,"excerpt":"...die Name aller L\u00e4nder ist nur in Englisch verf\u00fcgbar und in alphabetischer Reihenfolge organisiert...","rel":"","context":"Similar post","img":{"alt_text":"","src":"https:\/\/i0.wp.com\/www.tropicalcubanholiday.com\/wp-content\/uploads\/2019\/03\/Isla-de-la-Juventud.jpg?fit=684%2C601&ssl=1&resize=350%2C200","width":350,"height":200},"classes":[]}],"jetpack_likes_enabled":true,"_links":{"self":[{"href":"https:\/\/www.tropicalcubanholiday.com\/es\/wp-json\/wp\/v2\/pages\/18813"}],"collection":[{"href":"https:\/\/www.tropicalcubanholiday.com\/es\/wp-json\/wp\/v2\/pages"}],"about":[{"href":"https:\/\/www.tropicalcubanholiday.com\/es\/wp-json\/wp\/v2\/types\/page"}],"author":[{"embeddable":true,"href":"https:\/\/www.tropicalcubanholiday.com\/es\/wp-json\/wp\/v2\/users\/1"}],"replies":[{"embeddable":true,"href":"https:\/\/www.tropicalcubanholiday.com\/es\/wp-json\/wp\/v2\/comments?post=18813"}],"version-history":[{"count":1,"href":"https:\/\/www.tropicalcubanholiday.com\/es\/wp-json\/wp\/v2\/pages\/18813\/revisions"}],"predecessor-version":[{"id":18816,"href":"https:\/\/www.tropicalcubanholiday.com\/es\/wp-json\/wp\/v2\/pages\/18813\/revisions\/18816"}],"wp:featuredmedia":[{"embeddable":true,"href":"https:\/\/www.tropicalcubanholiday.com\/es\/wp-json\/wp\/v2\/media\/29489"}],"wp:attachment":[{"href":"https:\/\/www.tropicalcubanholiday.com\/es\/wp-json\/wp\/v2\/media?parent=18813"}],"curies":[{"name":"wp","href":"https:\/\/api.w.org\/{rel}","templated":true}]}}