{"id":18077,"date":"2017-10-11T08:19:40","date_gmt":"2017-10-11T08:19:40","guid":{"rendered":"https:\/\/www.tropicalcubanholiday.com\/listings-dashboard\/"},"modified":"2017-10-11T10:53:09","modified_gmt":"2017-10-11T10:53:09","slug":"panel-de-control","status":"publish","type":"page","link":"https:\/\/www.tropicalcubanholiday.com\/es\/panel-de-control\/","title":{"rendered":"Panel de Control"},"content":{"rendered":"<div id=\"job-manager-job-dashboard\">\n\n\t<p class=\"account-sign-in\">Tienes que estar conectado para gestionar tus ofertas. <a class=\"button\" href=\"https:\/\/www.tropicalcubanholiday.com\/wp-login.php?redirect_to=https%3A%2F%2Fwww.tropicalcubanholiday.com%2Fes%2Fpanel-de-control%2F\">Acceder<\/a><\/p>\n\n<\/div>\n\n","protected":false},"excerpt":{"rendered":"","protected":false},"author":1,"featured_media":0,"parent":0,"menu_order":0,"comment_status":"closed","ping_status":"open","template":"","meta":{"inline_featured_image":false,"jetpack_post_was_ever_published":false},"jetpack_sharing_enabled":false,"jetpack_shortlink":"https:\/\/wp.me\/P92jRp-4Hz","jetpack-related-posts":[{"id":18075,"url":"https:\/\/www.tropicalcubanholiday.com\/fr\/tableau-de-bord\/","url_meta":{"origin":18077,"position":0},"title":"Tableau de Bord","date":"octubre 11, 2017","format":false,"excerpt":"","rel":"","context":"Similar post","img":{"alt_text":"","src":"","width":0,"height":0},"classes":[]},{"id":18076,"url":"https:\/\/www.tropicalcubanholiday.com\/de\/instrumententafel\/","url_meta":{"origin":18077,"position":1},"title":"Instrumententafel","date":"octubre 11, 2017","format":false,"excerpt":"","rel":"","context":"Similar post","img":{"alt_text":"","src":"","width":0,"height":0},"classes":[]},{"id":11055,"url":"https:\/\/www.tropicalcubanholiday.com\/listings-dashboard\/","url_meta":{"origin":18077,"position":2},"title":"Listings Dashboard","date":"septiembre 22, 2015","format":false,"excerpt":"","rel":"","context":"Similar post","img":{"alt_text":"","src":"","width":0,"height":0},"classes":[]},{"id":17353,"url":"https:\/\/www.tropicalcubanholiday.com\/es\/requisitos-legales-de-entrada\/","url_meta":{"origin":18077,"position":3},"title":"Requisitos Legales de Entrada","date":"octubre 3, 2017","format":false,"excerpt":".. informese sobre los requisitos para la entrada legal a Cuba ...","rel":"","context":"Similar post","img":{"alt_text":"","src":"https:\/\/i0.wp.com\/www.tropicalcubanholiday.com\/wp-content\/uploads\/2017\/08\/Beach-Cuba-2-e1506261506907.jpg?fit=1001%2C599&ssl=1&resize=350%2C200","width":350,"height":200},"classes":[]},{"id":17346,"url":"https:\/\/www.tropicalcubanholiday.com\/fr\/conditions-dentree\/","url_meta":{"origin":18077,"position":4},"title":"Conditions D&#8217;entr\u00e9e","date":"octubre 3, 2017","format":false,"excerpt":"... obtenez toutes les informations n\u00e9cessaires \u00e0 l'entr\u00e9e juridique de la Cuba ...","rel":"","context":"Similar post","img":{"alt_text":"","src":"https:\/\/i0.wp.com\/www.tropicalcubanholiday.com\/wp-content\/uploads\/2017\/08\/Beach-Cuba-2-e1506261506907.jpg?fit=1001%2C599&ssl=1&resize=350%2C200","width":350,"height":200},"classes":[]},{"id":17357,"url":"https:\/\/www.tropicalcubanholiday.com\/fr\/assurance-sante\/","url_meta":{"origin":18077,"position":5},"title":"Assurance Sant\u00e9","date":"octubre 3, 2017","format":false,"excerpt":"... l'assurance m\u00e9dicale de voyage est obligatoire pour tous les visiteurs, fortement recommand\u00e9 ...","rel":"","context":"Similar post","img":{"alt_text":"","src":"https:\/\/i0.wp.com\/www.tropicalcubanholiday.com\/wp-content\/uploads\/2017\/08\/Tropical-Cuban-Holiday-Villa-Clara-1-1.jpg?fit=800%2C1200&ssl=1&resize=350%2C200","width":350,"height":200},"classes":[]}],"jetpack_likes_enabled":true,"_links":{"self":[{"href":"https:\/\/www.tropicalcubanholiday.com\/es\/wp-json\/wp\/v2\/pages\/18077"}],"collection":[{"href":"https:\/\/www.tropicalcubanholiday.com\/es\/wp-json\/wp\/v2\/pages"}],"about":[{"href":"https:\/\/www.tropicalcubanholiday.com\/es\/wp-json\/wp\/v2\/types\/page"}],"author":[{"embeddable":true,"href":"https:\/\/www.tropicalcubanholiday.com\/es\/wp-json\/wp\/v2\/users\/1"}],"replies":[{"embeddable":true,"href":"https:\/\/www.tropicalcubanholiday.com\/es\/wp-json\/wp\/v2\/comments?post=18077"}],"version-history":[{"count":3,"href":"https:\/\/www.tropicalcubanholiday.com\/es\/wp-json\/wp\/v2\/pages\/18077\/revisions"}],"predecessor-version":[{"id":18130,"href":"https:\/\/www.tropicalcubanholiday.com\/es\/wp-json\/wp\/v2\/pages\/18077\/revisions\/18130"}],"wp:attachment":[{"href":"https:\/\/www.tropicalcubanholiday.com\/es\/wp-json\/wp\/v2\/media?parent=18077"}],"curies":[{"name":"wp","href":"https:\/\/api.w.org\/{rel}","templated":true}]}}