{"id":17461,"date":"2017-10-04T19:12:11","date_gmt":"2017-10-04T19:12:11","guid":{"rendered":"https:\/\/www.tropicalcubanholiday.com\/aviso-legal\/"},"modified":"2018-09-10T20:54:51","modified_gmt":"2018-09-10T20:54:51","slug":"aviso-legal","status":"publish","type":"page","link":"https:\/\/www.tropicalcubanholiday.com\/es\/aviso-legal\/","title":{"rendered":"Aviso Legal"},"content":{"rendered":"<p>Registro comercial<br \/>\nNombre de la empresa registrada: P &amp; P group GmbH<br \/>\nN\u00famero: CHE-386.377.931<br \/>\nRegistro comercial: Zurich<\/p>\n<p>Responsabilidad de autor<br \/>\nEl autor se reserva el derecho de no ser responsable de la actualidad, exactitud, integridad o calidad de la informaci\u00f3n proporcionada.<\/p>\n<p>Quedan excluidas las reclamaciones de responsabilidad contra el autor por da\u00f1os de naturaleza material o inmaterial resultantes del acceso o uso o no uso de la informaci\u00f3n publicada, mal uso de la conexi\u00f3n o perturbaciones t\u00e9cnicas.<\/p>\n<p>Todas las ofertas son sin compromiso. El autor se reserva expresamente el derecho de modificar, corregir o eliminar partes de las p\u00e1ginas o de la oferta entera sin previo aviso, o de terminar temporalmente o permanentemente la publicaci\u00f3n.<\/p>\n<p>Responsabilidad por enlaces<br \/>\nLas referencias y los enlaces a sitios web de terceros est\u00e1n fuera de nuestra responsabilidad. Cualquier responsabilidad por dichos sitios web es rechazada. El acceso y uso de dichos sitios web es por cuenta y riesgo del usuario.<\/p>\n<p>Derechos de autor<br \/>\nLos derechos de autor y todos los dem\u00e1s derechos de contenido, im\u00e1genes, fotos u otros archivos en el sitio web pertenecen exclusivamente a la empresa P &amp; amp; P Group GmbH o los titulares de derechos espec\u00edficamente designados. La reproducci\u00f3n de cualquier elemento requiere el consentimiento previo por escrito de los propietarios de los derechos de autor.<\/p>\n<p>Protecci\u00f3n de Datos<br \/>\nBas\u00e1ndose en el art\u00edculo 13 de la Constituci\u00f3n Federal y la Ley Federal de Protecci\u00f3n de Datos (Datenschutzgesetz, DSG), toda persona tiene derecho a la protecci\u00f3n de su intimidad ya la protecci\u00f3n contra el uso indebido de sus datos personales. Cumplimos con estas disposiciones. Los datos personales ser\u00e1n estrictamente confidenciales y no ser\u00e1n vendidos o transmitidos a terceros.<\/p>\n<p>En estrecha colaboraci\u00f3n con nuestros proveedores de alojamiento, nos esforzamos por proteger las bases de datos tanto como sea posible contra el acceso, la p\u00e9rdida, el mal uso o la falsificaci\u00f3n de terceros.<\/p>\n<p>Al acceder a nuestros sitios web, los siguientes datos se almacenan en archivos de registro: direcci\u00f3n IP, fecha, hora, solicitud del navegador e informaci\u00f3n general sobre el sistema operativo resp. Navegador. Estos datos de uso constituyen la base para evaluaciones estad\u00edsticas y an\u00f3nimas, de manera que se puedan identificar las tendencias, sobre la base de las cuales podemos mejorar nuestras ofertas en consecuencia.<\/p>\n","protected":false},"excerpt":{"rendered":"<p>&#8230;nuestro socio&#8230;<\/p>\n","protected":false},"author":1,"featured_media":17128,"parent":0,"menu_order":0,"comment_status":"closed","ping_status":"closed","template":"","meta":{"inline_featured_image":false,"jetpack_post_was_ever_published":false},"jetpack_sharing_enabled":false,"jetpack_shortlink":"https:\/\/wp.me\/P92jRp-4xD","jetpack-related-posts":[{"id":17529,"url":"https:\/\/www.tropicalcubanholiday.com\/es\/terminos-y-condiciones\/","url_meta":{"origin":17461,"position":0},"title":"Terminos y Condiciones","date":"octubre 5, 2017","format":false,"excerpt":"T\u00e9rminos y condiciones (\" T\u00e9rminos \") Por favor, lea estos T\u00e9rminos y condiciones ( \"T\u00e9rminos\", \"T\u00e9rminos y Condiciones\") antes de utilizar el sitio www.tropicalcubanholiday.com (el \"Servicio\"), operado por P&P group S.L.\u00a0( \"nosotros\", \"nos\" o \"nuestro\") Su el acceso y uso del Servicio est\u00e1 condicionado a la aceptaci\u00f3n y cumplimiento de\u2026","rel":"","context":"Similar post","img":{"alt_text":"","src":"","width":0,"height":0},"classes":[]},{"id":17490,"url":"https:\/\/www.tropicalcubanholiday.com\/es\/politica-de-privacidad\/","url_meta":{"origin":17461,"position":1},"title":"Pol\u00edtica de Privacidad","date":"octubre 4, 2017","format":false,"excerpt":"P&P group S.L. ( \" nosotros \",\" nos \"o\" nuestro \") opera el sitio web www.tropicalcubanholiday.com (el\" Servicio \"). Esta p\u00e1gina le informa de nuestras pol\u00edticas respecto a la recopilaci\u00f3n, uso y divulgaci\u00f3n de informaci\u00f3n personal cuando utiliza nuestro servicio. No se usar\u00e1 su informaci\u00f3n ni compartir\u00e1 con nadie, excepto\u2026","rel":"","context":"Similar post","img":{"alt_text":"","src":"","width":0,"height":0},"classes":[]},{"id":17258,"url":"https:\/\/www.tropicalcubanholiday.com\/es\/agregar-anuncio\/","url_meta":{"origin":17461,"position":2},"title":"Agregar Anuncio","date":"octubre 2, 2017","format":false,"excerpt":"...expande tus servicios...","rel":"","context":"Similar post","img":{"alt_text":"","src":"https:\/\/i0.wp.com\/www.tropicalcubanholiday.com\/wp-content\/uploads\/2017\/08\/cuba-1701678_1280.jpg?fit=1200%2C900&ssl=1&resize=350%2C200","width":350,"height":200},"classes":[]},{"id":17442,"url":"https:\/\/www.tropicalcubanholiday.com\/es\/embajadas-y-consulados\/","url_meta":{"origin":17461,"position":3},"title":"Embajadas y Consulados","date":"octubre 4, 2017","format":false,"excerpt":"...contacte con su embajada o consulado aqu\u00ed ...","rel":"","context":"Similar post","img":{"alt_text":"","src":"https:\/\/i0.wp.com\/www.tropicalcubanholiday.com\/wp-content\/uploads\/2017\/09\/TCH.jpg?fit=1200%2C520&ssl=1&resize=350%2C200","width":350,"height":200},"classes":[]},{"id":17314,"url":"https:\/\/www.tropicalcubanholiday.com\/es\/agregue-sus-negocios\/","url_meta":{"origin":17461,"position":4},"title":"Agregue sus Negocios","date":"octubre 3, 2017","format":false,"excerpt":"... anuncie su negocio en Tropical Cuban Holiday ...","rel":"","context":"Similar post","img":{"alt_text":"","src":"https:\/\/i0.wp.com\/www.tropicalcubanholiday.com\/wp-content\/uploads\/2017\/09\/Beach.jpg?fit=644%2C859&ssl=1&resize=350%2C200","width":350,"height":200},"classes":[]},{"id":17363,"url":"https:\/\/www.tropicalcubanholiday.com\/es\/seguro-de-salud\/","url_meta":{"origin":17461,"position":5},"title":"Seguro de Salud","date":"octubre 3, 2017","format":false,"excerpt":"... seguro m\u00e9dico de viaje es obligatorio para todos los visitantes, altamente recomendado ...","rel":"","context":"Similar post","img":{"alt_text":"","src":"https:\/\/i0.wp.com\/www.tropicalcubanholiday.com\/wp-content\/uploads\/2017\/08\/Tropical-Cuban-Holiday-Villa-Clara-1-1.jpg?fit=800%2C1200&ssl=1&resize=350%2C200","width":350,"height":200},"classes":[]}],"jetpack_likes_enabled":true,"_links":{"self":[{"href":"https:\/\/www.tropicalcubanholiday.com\/es\/wp-json\/wp\/v2\/pages\/17461"}],"collection":[{"href":"https:\/\/www.tropicalcubanholiday.com\/es\/wp-json\/wp\/v2\/pages"}],"about":[{"href":"https:\/\/www.tropicalcubanholiday.com\/es\/wp-json\/wp\/v2\/types\/page"}],"author":[{"embeddable":true,"href":"https:\/\/www.tropicalcubanholiday.com\/es\/wp-json\/wp\/v2\/users\/1"}],"replies":[{"embeddable":true,"href":"https:\/\/www.tropicalcubanholiday.com\/es\/wp-json\/wp\/v2\/comments?post=17461"}],"version-history":[{"count":3,"href":"https:\/\/www.tropicalcubanholiday.com\/es\/wp-json\/wp\/v2\/pages\/17461\/revisions"}],"predecessor-version":[{"id":25054,"href":"https:\/\/www.tropicalcubanholiday.com\/es\/wp-json\/wp\/v2\/pages\/17461\/revisions\/25054"}],"wp:featuredmedia":[{"embeddable":true,"href":"https:\/\/www.tropicalcubanholiday.com\/es\/wp-json\/wp\/v2\/media\/17128"}],"wp:attachment":[{"href":"https:\/\/www.tropicalcubanholiday.com\/es\/wp-json\/wp\/v2\/media?parent=17461"}],"curies":[{"name":"wp","href":"https:\/\/api.w.org\/{rel}","templated":true}]}}