{"id":17442,"date":"2017-10-04T13:24:45","date_gmt":"2017-10-04T13:24:45","guid":{"rendered":"https:\/\/www.tropicalcubanholiday.com\/embajadas-y-consulados\/"},"modified":"2019-03-02T06:54:21","modified_gmt":"2019-03-02T06:54:21","slug":"embajadas-y-consulados","status":"publish","type":"page","link":"https:\/\/www.tropicalcubanholiday.com\/es\/embajadas-y-consulados\/","title":{"rendered":"Embajadas y Consulados"},"content":{"rendered":"\t\t<div data-elementor-type=\"wp-page\" data-elementor-id=\"17442\" class=\"elementor elementor-17442 elementor-13618 elementor-bc-flex-widget\">\n\t\t\t\t\t\t<div class=\"elementor-inner\">\n\t\t\t\t<div class=\"elementor-section-wrap\">\n\t\t\t\t\t\t\t\t\t<section class=\"elementor-section elementor-top-section elementor-element elementor-element-xjyyxql elementor-section-stretched elementor-section-boxed elementor-section-height-default elementor-section-height-default\" data-id=\"xjyyxql\" data-element_type=\"section\" data-settings=\"{&quot;stretch_section&quot;:&quot;section-stretched&quot;}\">\n\t\t\t\t\t\t<div class=\"elementor-container elementor-column-gap-default\">\n\t\t\t\t\t\t\t<div class=\"elementor-row\">\n\t\t\t\t\t<div class=\"elementor-column elementor-col-100 elementor-top-column elementor-element elementor-element-pmciede\" data-id=\"pmciede\" data-element_type=\"column\">\n\t\t\t<div class=\"elementor-column-wrap elementor-element-populated\">\n\t\t\t\t\t\t\t<div class=\"elementor-widget-wrap\">\n\t\t\t\t\t\t<section class=\"elementor-section elementor-inner-section elementor-element elementor-element-tbehz59 elementor-section-boxed elementor-section-height-default elementor-section-height-default\" data-id=\"tbehz59\" data-element_type=\"section\">\n\t\t\t\t\t\t<div class=\"elementor-container elementor-column-gap-default\">\n\t\t\t\t\t\t\t<div class=\"elementor-row\">\n\t\t\t\t\t<div class=\"elementor-column elementor-col-66 elementor-inner-column elementor-element elementor-element-3nctxgh\" data-id=\"3nctxgh\" data-element_type=\"column\">\n\t\t\t<div class=\"elementor-column-wrap elementor-element-populated\">\n\t\t\t\t\t\t\t<div class=\"elementor-widget-wrap\">\n\t\t\t\t\t\t<div class=\"elementor-element elementor-element-nbcmbpa elementor-widget elementor-widget-text-editor\" data-id=\"nbcmbpa\" data-element_type=\"widget\" data-widget_type=\"text-editor.default\">\n\t\t\t\t<div class=\"elementor-widget-container\">\n\t\t\t\t\t\t\t\t<div class=\"elementor-text-editor elementor-clearfix\">\n\t\t\t\t<h3 class=\"p1\"><span class=\"s1\"><span id=\"result_box\" class=\"\" lang=\"es\"><span class=\"\">Si est\u00e1 buscando una visa \u00abtarjeta tur\u00edstica\u00bb o alguna otra informaci\u00f3n, entonces contacte su embajada en los enlaces siguientes.<\/span><\/span><br \/> <\/span><\/h3><div><span class=\"s1\"><span class=\"\" lang=\"es\"><span class=\"\">\u00a0<\/span><\/span><\/span><\/div>[su_icon icon=\u00bbicon: globe\u00bb color=\u00bb#fc6311&#8243; size=\u00bb16&#8243; url=\u00bbhttps:\/\/www.tropicalcubanholiday.com\/cuban-embassies-worldwide\/\u00bb][\/su_icon]<a href=\"https:\/\/www.tropicalcubanholiday.com\/es\/embajadas-cubanas-en-todo-el-mundo\/\" target=\"_blank\" rel=\"noopener\"><span id=\"result_box\" class=\"\" lang=\"es\"><span class=\"\">Embajadas Cubanas en el Mundo<\/span><\/span> \u00a0 \u00a0<\/a>\u00a0 [su_icon icon=\u00bbicon: institution\u00bb color=\u00bb#fc6311&#8243; size=\u00bb16&#8243; url=\u00bbhttps:\/\/www.tropicalcubanholiday.com\/foreign-embassies-in-cuba\/\u00bb][\/su_icon]<a href=\"https:\/\/www.tropicalcubanholiday.com\/es\/embajadas-extranjeras-en-cuba\/\" target=\"_blank\" rel=\"noopener\"><span id=\"result_box\" class=\"\" lang=\"es\"><span class=\"\">Embajadas Extranjeras en Cuba<\/span><\/span><\/a><\/p>\t\t\t\t\t<\/div>\n\t\t\t\t\t\t<\/div>\n\t\t\t\t<\/div>\n\t\t\t\t\t\t<\/div>\n\t\t\t\t\t<\/div>\n\t\t<\/div>\n\t\t\t\t<div class=\"elementor-column elementor-col-33 elementor-inner-column elementor-element elementor-element-eqgvdln\" data-id=\"eqgvdln\" data-element_type=\"column\">\n\t\t\t<div class=\"elementor-column-wrap elementor-element-populated\">\n\t\t\t\t\t\t\t<div class=\"elementor-widget-wrap\">\n\t\t\t\t\t\t<div class=\"elementor-element elementor-element-slkixa9 elementor-widget elementor-widget-wp-widget-nav_menu\" data-id=\"slkixa9\" data-element_type=\"widget\" data-widget_type=\"wp-widget-nav_menu.default\">\n\t\t\t\t<div class=\"elementor-widget-container\">\n\t\t\t<h5>Que debes saber antes de viajar<\/h5><div class=\"menu-information-para-rcm-container\"><ul id=\"menu-information-para-rcm\" class=\"menu\"><li id=\"menu-item-23095\" class=\"menu-item menu-item-type-post_type menu-item-object-page menu-item-23095\"><a target=\"_blank\" rel=\"noopener\" href=\"https:\/\/www.tropicalcubanholiday.com\/es\/requisitos-legales-de-entrada\/\">Requisitos Legales de Entrada<\/a><\/li>\n<li id=\"menu-item-23092\" class=\"menu-item menu-item-type-post_type menu-item-object-page menu-item-23092\"><a target=\"_blank\" rel=\"noopener\" href=\"https:\/\/www.tropicalcubanholiday.com\/es\/divisas-tarjetas-de-credito\/\">Divisas &#038; Tarjetas de Cr\u00e9dito<\/a><\/li>\n<li id=\"menu-item-23091\" class=\"menu-item menu-item-type-post_type menu-item-object-page menu-item-23091\"><a target=\"_blank\" rel=\"noopener\" href=\"https:\/\/www.tropicalcubanholiday.com\/es\/conducir-en-cuba\/\">Conducir En Cuba<\/a><\/li>\n<li id=\"menu-item-23093\" class=\"menu-item menu-item-type-post_type menu-item-object-page menu-item-23093\"><a target=\"_blank\" rel=\"noopener\" href=\"https:\/\/www.tropicalcubanholiday.com\/es\/embajadas-y-consulados\/\">Embajadas y Consulados<\/a><\/li>\n<li id=\"menu-item-23096\" class=\"menu-item menu-item-type-post_type menu-item-object-page menu-item-23096\"><a target=\"_blank\" rel=\"noopener\" href=\"https:\/\/www.tropicalcubanholiday.com\/es\/seguro-de-salud\/\">Seguro de Salud<\/a><\/li>\n<li id=\"menu-item-23094\" class=\"menu-item menu-item-type-post_type menu-item-object-page menu-item-23094\"><a target=\"_blank\" rel=\"noopener\" href=\"https:\/\/www.tropicalcubanholiday.com\/es\/recomendaciones\/\">Recomendaciones<\/a><\/li>\n<\/ul><\/div>\t\t<\/div>\n\t\t\t\t<\/div>\n\t\t\t\t\t\t<\/div>\n\t\t\t\t\t<\/div>\n\t\t<\/div>\n\t\t\t\t\t\t\t\t<\/div>\n\t\t\t\t\t<\/div>\n\t\t<\/section>\n\t\t\t\t\t\t<\/div>\n\t\t\t\t\t<\/div>\n\t\t<\/div>\n\t\t\t\t\t\t\t\t<\/div>\n\t\t\t\t\t<\/div>\n\t\t<\/section>\n\t\t\t\t\t\t\t\t\t<\/div>\n\t\t\t<\/div>\n\t\t\t\t\t<\/div>\n\t\t<div class=\"sharedaddy sd-sharing-enabled\"><div class=\"robots-nocontent sd-block sd-social sd-social-icon sd-sharing\"><div class=\"sd-content\"><ul><li class=\"share-facebook\"><a rel=\"nofollow noopener noreferrer\" data-shared=\"sharing-facebook-17442\" class=\"share-facebook sd-button share-icon no-text\" href=\"https:\/\/www.tropicalcubanholiday.com\/es\/embajadas-y-consulados\/?share=facebook\" target=\"_blank\" title=\"Click to share on Facebook\" ><span><\/span><span class=\"sharing-screen-reader-text\">Click to share on Facebook (Opens in new window)<\/span><\/a><\/li><li class=\"share-twitter\"><a rel=\"nofollow noopener noreferrer\" data-shared=\"sharing-twitter-17442\" class=\"share-twitter sd-button share-icon no-text\" href=\"https:\/\/www.tropicalcubanholiday.com\/es\/embajadas-y-consulados\/?share=twitter\" target=\"_blank\" title=\"Click to share on Twitter\" ><span><\/span><span class=\"sharing-screen-reader-text\">Click to share on Twitter (Opens in new window)<\/span><\/a><\/li><li class=\"share-pinterest\"><a rel=\"nofollow noopener noreferrer\" data-shared=\"sharing-pinterest-17442\" class=\"share-pinterest sd-button share-icon no-text\" href=\"https:\/\/www.tropicalcubanholiday.com\/es\/embajadas-y-consulados\/?share=pinterest\" target=\"_blank\" title=\"Click to share on Pinterest\" ><span><\/span><span class=\"sharing-screen-reader-text\">Click to share on Pinterest (Opens in new window)<\/span><\/a><\/li><li class=\"share-jetpack-whatsapp\"><a rel=\"nofollow noopener noreferrer\" data-shared=\"\" class=\"share-jetpack-whatsapp sd-button share-icon no-text\" href=\"https:\/\/www.tropicalcubanholiday.com\/es\/embajadas-y-consulados\/?share=jetpack-whatsapp\" target=\"_blank\" title=\"Click to share on WhatsApp\" ><span><\/span><span class=\"sharing-screen-reader-text\">Click to share on WhatsApp (Opens in new window)<\/span><\/a><\/li><li class=\"share-reddit\"><a rel=\"nofollow noopener noreferrer\" data-shared=\"\" class=\"share-reddit sd-button share-icon no-text\" href=\"https:\/\/www.tropicalcubanholiday.com\/es\/embajadas-y-consulados\/?share=reddit\" target=\"_blank\" title=\"Click to share on Reddit\" ><span><\/span><span class=\"sharing-screen-reader-text\">Click to share on Reddit (Opens in new window)<\/span><\/a><\/li><li class=\"share-tumblr\"><a rel=\"nofollow noopener noreferrer\" data-shared=\"\" class=\"share-tumblr sd-button share-icon no-text\" href=\"https:\/\/www.tropicalcubanholiday.com\/es\/embajadas-y-consulados\/?share=tumblr\" target=\"_blank\" title=\"Click to share on Tumblr\" ><span><\/span><span class=\"sharing-screen-reader-text\">Click to share on Tumblr (Opens in new window)<\/span><\/a><\/li><li class=\"share-custom share-custom-mail\"><a rel=\"nofollow noopener noreferrer\" data-shared=\"\" class=\"share-custom share-custom-mail sd-button share-icon no-text\" href=\"https:\/\/www.tropicalcubanholiday.com\/es\/embajadas-y-consulados\/?share=custom-1559669851\" target=\"_blank\" title=\"Click to share on Mail\" ><span style=\"background-image:url(&quot;https:\/\/www.tropicalcubanholiday.com\/wp-content\/uploads\/2019\/06\/mail-by-tropicalcubanholida.com_.png&quot;);\"><\/span><span class=\"sharing-screen-reader-text\">Click to share on Mail (Opens in new window)<\/span><\/a><\/li><li class=\"share-end\"><\/li><\/ul><\/div><\/div><\/div>","protected":false},"excerpt":{"rendered":"<p>&#8230;contacte con su embajada o consulado aqu\u00ed &#8230;<\/p>\n<div class=\"sharedaddy sd-sharing-enabled\"><div class=\"robots-nocontent sd-block sd-social sd-social-icon sd-sharing\"><div class=\"sd-content\"><ul><li class=\"share-facebook\"><a rel=\"nofollow noopener noreferrer\" data-shared=\"sharing-facebook-17442\" class=\"share-facebook sd-button share-icon no-text\" href=\"https:\/\/www.tropicalcubanholiday.com\/es\/embajadas-y-consulados\/?share=facebook\" target=\"_blank\" title=\"Click to share on Facebook\" ><span><\/span><span class=\"sharing-screen-reader-text\">Click to share on Facebook (Opens in new window)<\/span><\/a><\/li><li class=\"share-twitter\"><a rel=\"nofollow noopener noreferrer\" data-shared=\"sharing-twitter-17442\" class=\"share-twitter sd-button share-icon no-text\" href=\"https:\/\/www.tropicalcubanholiday.com\/es\/embajadas-y-consulados\/?share=twitter\" target=\"_blank\" title=\"Click to share on Twitter\" ><span><\/span><span class=\"sharing-screen-reader-text\">Click to share on Twitter (Opens in new window)<\/span><\/a><\/li><li class=\"share-pinterest\"><a rel=\"nofollow noopener noreferrer\" data-shared=\"sharing-pinterest-17442\" class=\"share-pinterest sd-button share-icon no-text\" href=\"https:\/\/www.tropicalcubanholiday.com\/es\/embajadas-y-consulados\/?share=pinterest\" target=\"_blank\" title=\"Click to share on Pinterest\" ><span><\/span><span class=\"sharing-screen-reader-text\">Click to share on Pinterest (Opens in new window)<\/span><\/a><\/li><li class=\"share-jetpack-whatsapp\"><a rel=\"nofollow noopener noreferrer\" data-shared=\"\" class=\"share-jetpack-whatsapp sd-button share-icon no-text\" href=\"https:\/\/www.tropicalcubanholiday.com\/es\/embajadas-y-consulados\/?share=jetpack-whatsapp\" target=\"_blank\" title=\"Click to share on WhatsApp\" ><span><\/span><span class=\"sharing-screen-reader-text\">Click to share on WhatsApp (Opens in new window)<\/span><\/a><\/li><li class=\"share-reddit\"><a rel=\"nofollow noopener noreferrer\" data-shared=\"\" class=\"share-reddit sd-button share-icon no-text\" href=\"https:\/\/www.tropicalcubanholiday.com\/es\/embajadas-y-consulados\/?share=reddit\" target=\"_blank\" title=\"Click to share on Reddit\" ><span><\/span><span class=\"sharing-screen-reader-text\">Click to share on Reddit (Opens in new window)<\/span><\/a><\/li><li class=\"share-tumblr\"><a rel=\"nofollow noopener noreferrer\" data-shared=\"\" class=\"share-tumblr sd-button share-icon no-text\" href=\"https:\/\/www.tropicalcubanholiday.com\/es\/embajadas-y-consulados\/?share=tumblr\" target=\"_blank\" title=\"Click to share on Tumblr\" ><span><\/span><span class=\"sharing-screen-reader-text\">Click to share on Tumblr (Opens in new window)<\/span><\/a><\/li><li class=\"share-custom share-custom-mail\"><a rel=\"nofollow noopener noreferrer\" data-shared=\"\" class=\"share-custom share-custom-mail sd-button share-icon no-text\" href=\"https:\/\/www.tropicalcubanholiday.com\/es\/embajadas-y-consulados\/?share=custom-1559669851\" target=\"_blank\" title=\"Click to share on Mail\" ><span style=\"background-image:url(&quot;https:\/\/www.tropicalcubanholiday.com\/wp-content\/uploads\/2019\/06\/mail-by-tropicalcubanholida.com_.png&quot;);\"><\/span><span class=\"sharing-screen-reader-text\">Click to share on Mail (Opens in new window)<\/span><\/a><\/li><li class=\"share-end\"><\/li><\/ul><\/div><\/div><\/div>","protected":false},"author":1,"featured_media":17209,"parent":0,"menu_order":0,"comment_status":"closed","ping_status":"closed","template":"","meta":{"inline_featured_image":false,"jetpack_post_was_ever_published":false},"jetpack_sharing_enabled":true,"jetpack_shortlink":"https:\/\/wp.me\/P92jRp-4xk","jetpack-related-posts":[{"id":18813,"url":"https:\/\/www.tropicalcubanholiday.com\/es\/embajadas-extranjeras-en-cuba\/","url_meta":{"origin":17442,"position":0},"title":"Embajadas Extranjeras en Cuba","date":"octubre 25, 2017","format":false,"excerpt":"...la designaci\u00f3n de todos los pa\u00edses solo est\u00e1 disponible en ingl\u00e9s y est\u00e1 organizada en orden alfab\u00e9tico...","rel":"","context":"Similar post","img":{"alt_text":"","src":"https:\/\/i0.wp.com\/www.tropicalcubanholiday.com\/wp-content\/uploads\/2017\/09\/Enjoying-the-Cuban-holiday.jpg?fit=1017%2C360&ssl=1&resize=350%2C200","width":350,"height":200},"classes":[]},{"id":13618,"url":"https:\/\/www.tropicalcubanholiday.com\/embassies-and-consulates\/","url_meta":{"origin":17442,"position":1},"title":"Embassies and Consulates","date":"septiembre 25, 2017","format":false,"excerpt":"...contact your embassy or consulate here...","rel":"","context":"Similar post","img":{"alt_text":"","src":"https:\/\/i0.wp.com\/www.tropicalcubanholiday.com\/wp-content\/uploads\/2017\/09\/TCH.jpg?fit=1200%2C520&ssl=1&resize=350%2C200","width":350,"height":200},"classes":[]},{"id":17435,"url":"https:\/\/www.tropicalcubanholiday.com\/fr\/ambassades-et-consulats\/","url_meta":{"origin":17442,"position":2},"title":"Ambassades et Consulats","date":"octubre 4, 2017","format":false,"excerpt":"...contactez votre ambassade ou consulat ici...","rel":"","context":"Similar post","img":{"alt_text":"","src":"https:\/\/i0.wp.com\/www.tropicalcubanholiday.com\/wp-content\/uploads\/2017\/09\/TCH.jpg?fit=1200%2C520&ssl=1&resize=350%2C200","width":350,"height":200},"classes":[]},{"id":17439,"url":"https:\/\/www.tropicalcubanholiday.com\/de\/botschaften-und-konsulate\/","url_meta":{"origin":17442,"position":3},"title":"Botschaften und Konsulate","date":"octubre 4, 2017","format":false,"excerpt":"...alle Kontackte der Botschaften und Konsulate hier...","rel":"","context":"Similar post","img":{"alt_text":"","src":"https:\/\/i0.wp.com\/www.tropicalcubanholiday.com\/wp-content\/uploads\/2017\/09\/TCH.jpg?fit=1200%2C520&ssl=1&resize=350%2C200","width":350,"height":200},"classes":[]},{"id":17353,"url":"https:\/\/www.tropicalcubanholiday.com\/es\/requisitos-legales-de-entrada\/","url_meta":{"origin":17442,"position":4},"title":"Requisitos Legales de Entrada","date":"octubre 3, 2017","format":false,"excerpt":".. informese sobre los requisitos para la entrada legal a Cuba ...","rel":"","context":"Similar post","img":{"alt_text":"","src":"https:\/\/i0.wp.com\/www.tropicalcubanholiday.com\/wp-content\/uploads\/2017\/08\/Beach-Cuba-2-e1506261506907.jpg?fit=1001%2C599&ssl=1&resize=350%2C200","width":350,"height":200},"classes":[]},{"id":18803,"url":"https:\/\/www.tropicalcubanholiday.com\/es\/embajadas-cubanas-en-todo-el-mundo\/","url_meta":{"origin":17442,"position":5},"title":"Embajadas Cubanas en Todo el Mundo","date":"octubre 25, 2017","format":false,"excerpt":"...la designaci\u00f3n de todos los pa\u00edses solo est\u00e1 disponible en ingl\u00e9s y est\u00e1 organizada en ese orden alfab\u00e9tico...","rel":"","context":"Similar post","img":{"alt_text":"","src":"https:\/\/i0.wp.com\/www.tropicalcubanholiday.com\/wp-content\/uploads\/2019\/03\/Isla-de-la-Juventud.jpg?fit=684%2C601&ssl=1&resize=350%2C200","width":350,"height":200},"classes":[]}],"jetpack_likes_enabled":true,"_links":{"self":[{"href":"https:\/\/www.tropicalcubanholiday.com\/es\/wp-json\/wp\/v2\/pages\/17442"}],"collection":[{"href":"https:\/\/www.tropicalcubanholiday.com\/es\/wp-json\/wp\/v2\/pages"}],"about":[{"href":"https:\/\/www.tropicalcubanholiday.com\/es\/wp-json\/wp\/v2\/types\/page"}],"author":[{"embeddable":true,"href":"https:\/\/www.tropicalcubanholiday.com\/es\/wp-json\/wp\/v2\/users\/1"}],"replies":[{"embeddable":true,"href":"https:\/\/www.tropicalcubanholiday.com\/es\/wp-json\/wp\/v2\/comments?post=17442"}],"version-history":[{"count":6,"href":"https:\/\/www.tropicalcubanholiday.com\/es\/wp-json\/wp\/v2\/pages\/17442\/revisions"}],"predecessor-version":[{"id":26471,"href":"https:\/\/www.tropicalcubanholiday.com\/es\/wp-json\/wp\/v2\/pages\/17442\/revisions\/26471"}],"wp:featuredmedia":[{"embeddable":true,"href":"https:\/\/www.tropicalcubanholiday.com\/es\/wp-json\/wp\/v2\/media\/17209"}],"wp:attachment":[{"href":"https:\/\/www.tropicalcubanholiday.com\/es\/wp-json\/wp\/v2\/media?parent=17442"}],"curies":[{"name":"wp","href":"https:\/\/api.w.org\/{rel}","templated":true}]}}