{"id":17428,"date":"2017-10-04T12:47:33","date_gmt":"2017-10-04T12:47:33","guid":{"rendered":"https:\/\/www.tropicalcubanholiday.com\/recomendaciones\/"},"modified":"2018-08-18T11:04:03","modified_gmt":"2018-08-18T11:04:03","slug":"recomendaciones","status":"publish","type":"page","link":"https:\/\/www.tropicalcubanholiday.com\/es\/recomendaciones\/","title":{"rendered":"Recomendaciones"},"content":{"rendered":"\t\t<div data-elementor-type=\"wp-page\" data-elementor-id=\"17428\" class=\"elementor elementor-17428 elementor-11729 elementor-bc-flex-widget\">\n\t\t\t\t\t\t<div class=\"elementor-inner\">\n\t\t\t\t<div class=\"elementor-section-wrap\">\n\t\t\t\t\t\t\t\t\t<section class=\"elementor-section elementor-top-section elementor-element elementor-element-sqxxgkh elementor-section-stretched elementor-section-boxed elementor-section-height-default elementor-section-height-default\" data-id=\"sqxxgkh\" data-element_type=\"section\" data-settings=\"{&quot;stretch_section&quot;:&quot;section-stretched&quot;}\">\n\t\t\t\t\t\t<div class=\"elementor-container elementor-column-gap-default\">\n\t\t\t\t\t\t\t<div class=\"elementor-row\">\n\t\t\t\t\t<div class=\"elementor-column elementor-col-100 elementor-top-column elementor-element elementor-element-enlxcys\" data-id=\"enlxcys\" data-element_type=\"column\">\n\t\t\t<div class=\"elementor-column-wrap elementor-element-populated\">\n\t\t\t\t\t\t\t<div class=\"elementor-widget-wrap\">\n\t\t\t\t\t\t<section class=\"elementor-section elementor-inner-section elementor-element elementor-element-ipt6ze8 elementor-section-boxed elementor-section-height-default elementor-section-height-default\" data-id=\"ipt6ze8\" data-element_type=\"section\">\n\t\t\t\t\t\t<div class=\"elementor-container elementor-column-gap-default\">\n\t\t\t\t\t\t\t<div class=\"elementor-row\">\n\t\t\t\t\t<div class=\"elementor-column elementor-col-66 elementor-inner-column elementor-element elementor-element-wt13gt9\" data-id=\"wt13gt9\" data-element_type=\"column\">\n\t\t\t<div class=\"elementor-column-wrap elementor-element-populated\">\n\t\t\t\t\t\t\t<div class=\"elementor-widget-wrap\">\n\t\t\t\t\t\t<div class=\"elementor-element elementor-element-s4eyngg elementor-widget elementor-widget-text-editor\" data-id=\"s4eyngg\" data-element_type=\"widget\" data-widget_type=\"text-editor.default\">\n\t\t\t\t<div class=\"elementor-widget-container\">\n\t\t\t\t\t\t\t\t<div class=\"elementor-text-editor elementor-clearfix\">\n\t\t\t\t<h3><strong>Antes de Viajar<br \/> <\/strong><\/h3><p><span class=\"intro\">Siempre a tiempo<br \/> <\/span><\/p><p><span id=\"result_box\" class=\"\" lang=\"en\"><span class=\"\"><span id=\"result_box\" class=\"\" lang=\"es\">El primer d\u00eda de su viaje puede ser el d\u00eda mas dificil, ya sea en el aeropuerto, lugar donde\u00a0 dirigirse para tomar un transporte que lo lleve a su destino, etc.. Es por esto que aqu\u00ed tendra la facilidad de reservar con garant\u00eda su transferencia aeroportuaria, es algo que recomendamos siempre para evitar contratiempos en su primer d\u00eda\u00a0 en Cuba. Este servicio debera ser pagados por adelantado para validar la reserva.<\/span><\/span><\/span><\/p>\t\t\t\t\t<\/div>\n\t\t\t\t\t\t<\/div>\n\t\t\t\t<\/div>\n\t\t\t\t\t\t<\/div>\n\t\t\t\t\t<\/div>\n\t\t<\/div>\n\t\t\t\t<div class=\"elementor-column elementor-col-33 elementor-inner-column elementor-element elementor-element-gwx9unk\" data-id=\"gwx9unk\" data-element_type=\"column\">\n\t\t\t<div class=\"elementor-column-wrap elementor-element-populated\">\n\t\t\t\t\t\t\t<div class=\"elementor-widget-wrap\">\n\t\t\t\t\t\t<div class=\"elementor-element elementor-element-9cqdjzd elementor-widget elementor-widget-wp-widget-nav_menu\" data-id=\"9cqdjzd\" data-element_type=\"widget\" data-widget_type=\"wp-widget-nav_menu.default\">\n\t\t\t\t<div class=\"elementor-widget-container\">\n\t\t\t<h5>Que debes saber antes de viajar<\/h5><div class=\"menu-information-para-rcm-container\"><ul id=\"menu-information-para-rcm\" class=\"menu\"><li id=\"menu-item-23095\" class=\"menu-item menu-item-type-post_type menu-item-object-page menu-item-23095\"><a target=\"_blank\" rel=\"noopener\" href=\"https:\/\/www.tropicalcubanholiday.com\/es\/requisitos-legales-de-entrada\/\">Requisitos Legales de Entrada<\/a><\/li>\n<li id=\"menu-item-23092\" class=\"menu-item menu-item-type-post_type menu-item-object-page menu-item-23092\"><a target=\"_blank\" rel=\"noopener\" href=\"https:\/\/www.tropicalcubanholiday.com\/es\/divisas-tarjetas-de-credito\/\">Divisas &#038; Tarjetas de Cr\u00e9dito<\/a><\/li>\n<li id=\"menu-item-23091\" class=\"menu-item menu-item-type-post_type menu-item-object-page menu-item-23091\"><a target=\"_blank\" rel=\"noopener\" href=\"https:\/\/www.tropicalcubanholiday.com\/es\/conducir-en-cuba\/\">Conducir En Cuba<\/a><\/li>\n<li id=\"menu-item-23093\" class=\"menu-item menu-item-type-post_type menu-item-object-page menu-item-23093\"><a target=\"_blank\" rel=\"noopener\" href=\"https:\/\/www.tropicalcubanholiday.com\/es\/embajadas-y-consulados\/\">Embajadas y Consulados<\/a><\/li>\n<li id=\"menu-item-23096\" class=\"menu-item menu-item-type-post_type menu-item-object-page menu-item-23096\"><a target=\"_blank\" rel=\"noopener\" href=\"https:\/\/www.tropicalcubanholiday.com\/es\/seguro-de-salud\/\">Seguro de Salud<\/a><\/li>\n<li id=\"menu-item-23094\" class=\"menu-item menu-item-type-post_type menu-item-object-page menu-item-23094\"><a target=\"_blank\" rel=\"noopener\" href=\"https:\/\/www.tropicalcubanholiday.com\/es\/recomendaciones\/\">Recomendaciones<\/a><\/li>\n<\/ul><\/div>\t\t<\/div>\n\t\t\t\t<\/div>\n\t\t\t\t\t\t<\/div>\n\t\t\t\t\t<\/div>\n\t\t<\/div>\n\t\t\t\t\t\t\t\t<\/div>\n\t\t\t\t\t<\/div>\n\t\t<\/section>\n\t\t\t\t\t\t<\/div>\n\t\t\t\t\t<\/div>\n\t\t<\/div>\n\t\t\t\t\t\t\t\t<\/div>\n\t\t\t\t\t<\/div>\n\t\t<\/section>\n\t\t\t\t<section class=\"elementor-section elementor-top-section elementor-element elementor-element-be6ncbt elementor-section-stretched elementor-section-boxed elementor-section-height-default elementor-section-height-default\" data-id=\"be6ncbt\" data-element_type=\"section\" data-settings=\"{&quot;stretch_section&quot;:&quot;section-stretched&quot;,&quot;background_background&quot;:&quot;classic&quot;}\">\n\t\t\t\t\t\t<div class=\"elementor-container elementor-column-gap-default\">\n\t\t\t\t\t\t\t<div class=\"elementor-row\">\n\t\t\t\t\t<div class=\"elementor-column elementor-col-100 elementor-top-column elementor-element elementor-element-4epsnhc\" data-id=\"4epsnhc\" data-element_type=\"column\">\n\t\t\t<div class=\"elementor-column-wrap elementor-element-populated\">\n\t\t\t\t\t\t\t<div class=\"elementor-widget-wrap\">\n\t\t\t\t\t\t<section class=\"elementor-section elementor-inner-section elementor-element elementor-element-84k61k9 elementor-section-boxed elementor-section-height-default elementor-section-height-default\" data-id=\"84k61k9\" data-element_type=\"section\">\n\t\t\t\t\t\t<div class=\"elementor-container elementor-column-gap-default\">\n\t\t\t\t\t\t\t<div class=\"elementor-row\">\n\t\t\t\t\t<div class=\"elementor-column elementor-col-50 elementor-inner-column elementor-element elementor-element-6v415wi\" data-id=\"6v415wi\" data-element_type=\"column\">\n\t\t\t<div class=\"elementor-column-wrap elementor-element-populated\">\n\t\t\t\t\t\t\t<div class=\"elementor-widget-wrap\">\n\t\t\t\t\t\t<div class=\"elementor-element elementor-element-llcyhjp elementor-widget elementor-widget-text-editor\" data-id=\"llcyhjp\" data-element_type=\"widget\" data-widget_type=\"text-editor.default\">\n\t\t\t\t<div class=\"elementor-widget-container\">\n\t\t\t\t\t\t\t\t<div class=\"elementor-text-editor elementor-clearfix\">\n\t\t\t\t<h3 style=\"text-align: left;\"><span style=\"color: #000000;\">\u00a0<\/span><\/h3><p><span style=\"color: #ff3c00;\"><span style=\"font-family: inherit; font-size: inherit;\"><span style=\"font-family: inherit; font-size: inherit;\"><span style=\"font-family: Hanken; font-size: 1.5rem; font-weight: bold;\">!! No Olvides !!<\/span><\/span><\/span><span style=\"font-family: inherit; font-size: inherit;\"><br \/> <\/span><\/span><\/p><p><span class=\"intro\" style=\"color: #ff3c00;\">1- Linterna<\/span><\/p><p><span class=\"intro\" style=\"color: #ff3c00;\">2- Gafas de sol<\/span><\/p><p><span class=\"intro\" style=\"color: #ff3c00;\">3- Repelentes contra insectos<\/span><\/p><p><span class=\"intro\" style=\"color: #ff3c00;\">4- Medicamentos de primeros auxilios<\/span><\/p><p><span class=\"intro\" style=\"color: #ff3c00;\">5- Siempre lleve consigo suficiente dinero en efectivo<\/span><\/p><p><span id=\"result_box\" class=\"intro\" lang=\"es\" style=\"color: #ff3c00;\">6- Adaptador el\u00e9ctrico de 110 V<br \/> <\/span><\/p><p><span id=\"result_box\" class=\"intro\" lang=\"es\" style=\"color: #ff3c00;\">7- Adaptador el\u00e9ctrico de 220 V<\/span><\/p><p><span id=\"result_box\" class=\"intro\" lang=\"es\" style=\"color: #ff3c00;\">8- Regalo, ropa, caramelos, utencilios escolares etc.<\/span><\/p><h4 style=\"text-align: left;\"><span id=\"result_box\" class=\"intro\" lang=\"es\" style=\"color: #ff3c00;\">\u00abLe deseamos una BUENA estancia en Cuba\u00bb<\/span><\/h4>\t\t\t\t\t<\/div>\n\t\t\t\t\t\t<\/div>\n\t\t\t\t<\/div>\n\t\t\t\t\t\t<\/div>\n\t\t\t\t\t<\/div>\n\t\t<\/div>\n\t\t\t\t<div class=\"elementor-column elementor-col-50 elementor-inner-column elementor-element elementor-element-bhp0jj8\" data-id=\"bhp0jj8\" data-element_type=\"column\">\n\t\t\t<div class=\"elementor-column-wrap\">\n\t\t\t\t\t\t\t<div class=\"elementor-widget-wrap\">\n\t\t\t\t\t\t\t\t<\/div>\n\t\t\t\t\t<\/div>\n\t\t<\/div>\n\t\t\t\t\t\t\t\t<\/div>\n\t\t\t\t\t<\/div>\n\t\t<\/section>\n\t\t\t\t\t\t<\/div>\n\t\t\t\t\t<\/div>\n\t\t<\/div>\n\t\t\t\t\t\t\t\t<\/div>\n\t\t\t\t\t<\/div>\n\t\t<\/section>\n\t\t\t\t\t\t\t\t\t<\/div>\n\t\t\t<\/div>\n\t\t\t\t\t<\/div>\n\t\t<div class=\"sharedaddy sd-sharing-enabled\"><div class=\"robots-nocontent sd-block sd-social sd-social-icon sd-sharing\"><div class=\"sd-content\"><ul><li class=\"share-facebook\"><a rel=\"nofollow noopener noreferrer\" data-shared=\"sharing-facebook-17428\" class=\"share-facebook sd-button share-icon no-text\" href=\"https:\/\/www.tropicalcubanholiday.com\/es\/recomendaciones\/?share=facebook\" target=\"_blank\" title=\"Click to share on Facebook\" ><span><\/span><span class=\"sharing-screen-reader-text\">Click to share on Facebook (Opens in new window)<\/span><\/a><\/li><li class=\"share-twitter\"><a rel=\"nofollow noopener noreferrer\" data-shared=\"sharing-twitter-17428\" class=\"share-twitter sd-button share-icon no-text\" href=\"https:\/\/www.tropicalcubanholiday.com\/es\/recomendaciones\/?share=twitter\" target=\"_blank\" title=\"Click to share on Twitter\" ><span><\/span><span class=\"sharing-screen-reader-text\">Click to share on Twitter (Opens in new window)<\/span><\/a><\/li><li class=\"share-pinterest\"><a rel=\"nofollow noopener noreferrer\" data-shared=\"sharing-pinterest-17428\" class=\"share-pinterest sd-button share-icon no-text\" href=\"https:\/\/www.tropicalcubanholiday.com\/es\/recomendaciones\/?share=pinterest\" target=\"_blank\" title=\"Click to share on Pinterest\" ><span><\/span><span class=\"sharing-screen-reader-text\">Click to share on Pinterest (Opens in new window)<\/span><\/a><\/li><li class=\"share-jetpack-whatsapp\"><a rel=\"nofollow noopener noreferrer\" data-shared=\"\" class=\"share-jetpack-whatsapp sd-button share-icon no-text\" href=\"https:\/\/www.tropicalcubanholiday.com\/es\/recomendaciones\/?share=jetpack-whatsapp\" target=\"_blank\" title=\"Click to share on WhatsApp\" ><span><\/span><span class=\"sharing-screen-reader-text\">Click to share on WhatsApp (Opens in new window)<\/span><\/a><\/li><li class=\"share-reddit\"><a rel=\"nofollow noopener noreferrer\" data-shared=\"\" class=\"share-reddit sd-button share-icon no-text\" href=\"https:\/\/www.tropicalcubanholiday.com\/es\/recomendaciones\/?share=reddit\" target=\"_blank\" title=\"Click to share on Reddit\" ><span><\/span><span class=\"sharing-screen-reader-text\">Click to share on Reddit (Opens in new window)<\/span><\/a><\/li><li class=\"share-tumblr\"><a rel=\"nofollow noopener noreferrer\" data-shared=\"\" class=\"share-tumblr sd-button share-icon no-text\" href=\"https:\/\/www.tropicalcubanholiday.com\/es\/recomendaciones\/?share=tumblr\" target=\"_blank\" title=\"Click to share on Tumblr\" ><span><\/span><span class=\"sharing-screen-reader-text\">Click to share on Tumblr (Opens in new window)<\/span><\/a><\/li><li class=\"share-custom share-custom-mail\"><a rel=\"nofollow noopener noreferrer\" data-shared=\"\" class=\"share-custom share-custom-mail sd-button share-icon no-text\" href=\"https:\/\/www.tropicalcubanholiday.com\/es\/recomendaciones\/?share=custom-1559669851\" target=\"_blank\" title=\"Click to share on Mail\" ><span style=\"background-image:url(&quot;https:\/\/www.tropicalcubanholiday.com\/wp-content\/uploads\/2019\/06\/mail-by-tropicalcubanholida.com_.png&quot;);\"><\/span><span class=\"sharing-screen-reader-text\">Click to share on Mail (Opens in new window)<\/span><\/a><\/li><li class=\"share-end\"><\/li><\/ul><\/div><\/div><\/div>","protected":false},"excerpt":{"rendered":"<p>&#8230;tips para viajar a Cuba&#8230;<\/p>\n<div class=\"sharedaddy sd-sharing-enabled\"><div class=\"robots-nocontent sd-block sd-social sd-social-icon sd-sharing\"><div class=\"sd-content\"><ul><li class=\"share-facebook\"><a rel=\"nofollow noopener noreferrer\" data-shared=\"sharing-facebook-17428\" class=\"share-facebook sd-button share-icon no-text\" href=\"https:\/\/www.tropicalcubanholiday.com\/es\/recomendaciones\/?share=facebook\" target=\"_blank\" title=\"Click to share on Facebook\" ><span><\/span><span class=\"sharing-screen-reader-text\">Click to share on Facebook (Opens in new window)<\/span><\/a><\/li><li class=\"share-twitter\"><a rel=\"nofollow noopener noreferrer\" data-shared=\"sharing-twitter-17428\" class=\"share-twitter sd-button share-icon no-text\" href=\"https:\/\/www.tropicalcubanholiday.com\/es\/recomendaciones\/?share=twitter\" target=\"_blank\" title=\"Click to share on Twitter\" ><span><\/span><span class=\"sharing-screen-reader-text\">Click to share on Twitter (Opens in new window)<\/span><\/a><\/li><li class=\"share-pinterest\"><a rel=\"nofollow noopener noreferrer\" data-shared=\"sharing-pinterest-17428\" class=\"share-pinterest sd-button share-icon no-text\" href=\"https:\/\/www.tropicalcubanholiday.com\/es\/recomendaciones\/?share=pinterest\" target=\"_blank\" title=\"Click to share on Pinterest\" ><span><\/span><span class=\"sharing-screen-reader-text\">Click to share on Pinterest (Opens in new window)<\/span><\/a><\/li><li class=\"share-jetpack-whatsapp\"><a rel=\"nofollow noopener noreferrer\" data-shared=\"\" class=\"share-jetpack-whatsapp sd-button share-icon no-text\" href=\"https:\/\/www.tropicalcubanholiday.com\/es\/recomendaciones\/?share=jetpack-whatsapp\" target=\"_blank\" title=\"Click to share on WhatsApp\" ><span><\/span><span class=\"sharing-screen-reader-text\">Click to share on WhatsApp (Opens in new window)<\/span><\/a><\/li><li class=\"share-reddit\"><a rel=\"nofollow noopener noreferrer\" data-shared=\"\" class=\"share-reddit sd-button share-icon no-text\" href=\"https:\/\/www.tropicalcubanholiday.com\/es\/recomendaciones\/?share=reddit\" target=\"_blank\" title=\"Click to share on Reddit\" ><span><\/span><span class=\"sharing-screen-reader-text\">Click to share on Reddit (Opens in new window)<\/span><\/a><\/li><li class=\"share-tumblr\"><a rel=\"nofollow noopener noreferrer\" data-shared=\"\" class=\"share-tumblr sd-button share-icon no-text\" href=\"https:\/\/www.tropicalcubanholiday.com\/es\/recomendaciones\/?share=tumblr\" target=\"_blank\" title=\"Click to share on Tumblr\" ><span><\/span><span class=\"sharing-screen-reader-text\">Click to share on Tumblr (Opens in new window)<\/span><\/a><\/li><li class=\"share-custom share-custom-mail\"><a rel=\"nofollow noopener noreferrer\" data-shared=\"\" class=\"share-custom share-custom-mail sd-button share-icon no-text\" href=\"https:\/\/www.tropicalcubanholiday.com\/es\/recomendaciones\/?share=custom-1559669851\" target=\"_blank\" title=\"Click to share on Mail\" ><span style=\"background-image:url(&quot;https:\/\/www.tropicalcubanholiday.com\/wp-content\/uploads\/2019\/06\/mail-by-tropicalcubanholida.com_.png&quot;);\"><\/span><span class=\"sharing-screen-reader-text\">Click to share on Mail (Opens in new window)<\/span><\/a><\/li><li class=\"share-end\"><\/li><\/ul><\/div><\/div><\/div>","protected":false},"author":1,"featured_media":24743,"parent":0,"menu_order":0,"comment_status":"closed","ping_status":"closed","template":"","meta":{"inline_featured_image":false,"jetpack_post_was_ever_published":false},"jetpack_sharing_enabled":true,"jetpack_shortlink":"https:\/\/wp.me\/P92jRp-4x6","jetpack-related-posts":[{"id":17390,"url":"https:\/\/www.tropicalcubanholiday.com\/es\/conducir-en-cuba\/","url_meta":{"origin":17428,"position":0},"title":"Conducir En Cuba","date":"octubre 3, 2017","format":false,"excerpt":"...los mejores consejos para viajar por Cuba ...","rel":"","context":"Similar post","img":{"alt_text":"","src":"https:\/\/i0.wp.com\/www.tropicalcubanholiday.com\/wp-content\/uploads\/2017\/08\/Travel-Now-by-Tropical-Cuban-Holiday-e1503839803783.jpg?fit=999%2C666&ssl=1&resize=350%2C200","width":350,"height":200},"classes":[]},{"id":17341,"url":"https:\/\/www.tropicalcubanholiday.com\/es\/divisas-tarjetas-de-credito\/","url_meta":{"origin":17428,"position":1},"title":"Divisas &#038; Tarjetas de Cr\u00e9dito","date":"octubre 3, 2017","format":false,"excerpt":"... siempre lleva suficiente dinero en efectivo ...","rel":"","context":"Similar post","img":{"alt_text":"","src":"https:\/\/i0.wp.com\/www.tropicalcubanholiday.com\/wp-content\/uploads\/2017\/09\/cuba-1116429_1280.jpg?fit=1200%2C675&ssl=1&resize=350%2C200","width":350,"height":200},"classes":[]},{"id":17353,"url":"https:\/\/www.tropicalcubanholiday.com\/es\/requisitos-legales-de-entrada\/","url_meta":{"origin":17428,"position":2},"title":"Requisitos Legales de Entrada","date":"octubre 3, 2017","format":false,"excerpt":".. informese sobre los requisitos para la entrada legal a Cuba ...","rel":"","context":"Similar post","img":{"alt_text":"","src":"https:\/\/i0.wp.com\/www.tropicalcubanholiday.com\/wp-content\/uploads\/2017\/08\/Beach-Cuba-2-e1506261506907.jpg?fit=1001%2C599&ssl=1&resize=350%2C200","width":350,"height":200},"classes":[]},{"id":35375,"url":"https:\/\/www.tropicalcubanholiday.com\/es\/cuba-visa-tarjeta-turistica\/","url_meta":{"origin":17428,"position":3},"title":"Cuba Visa &#038; Tarjeta Tur\u00edstica","date":"junio 5, 2020","format":false,"excerpt":"...Solicite Su Visa-Tarjeta Tur\u00edstica Cubana...","rel":"","context":"Similar post","img":{"alt_text":"","src":"https:\/\/i0.wp.com\/www.tropicalcubanholiday.com\/wp-content\/uploads\/2020\/02\/GREEN-TROURIST-CARD-VISA-FOR-CUBA-1.jpg?fit=1200%2C960&ssl=1&resize=350%2C200","width":350,"height":200},"classes":[]},{"id":17374,"url":"https:\/\/www.tropicalcubanholiday.com\/es\/guia\/","url_meta":{"origin":17428,"position":4},"title":"Gu\u00eda","date":"octubre 3, 2017","format":false,"excerpt":"... la isla m\u00e1s fascinante del Caribe ...","rel":"","context":"Similar post","img":{"alt_text":"","src":"https:\/\/i0.wp.com\/www.tropicalcubanholiday.com\/wp-content\/uploads\/2017\/09\/Palmen-1.jpg?fit=944%2C791&ssl=1&resize=350%2C200","width":350,"height":200},"classes":[]},{"id":19799,"url":"https:\/\/www.tropicalcubanholiday.com\/es\/reservacioncuba\/","url_meta":{"origin":17428,"position":5},"title":"Reserva","date":"enero 15, 2018","format":false,"excerpt":"...Por qu\u00e9 debes reservar con nosotros...","rel":"","context":"Similar post","img":{"alt_text":"","src":"https:\/\/i0.wp.com\/www.tropicalcubanholiday.com\/wp-content\/uploads\/2017\/09\/Tropical-Cuban-Holiday-Travel-Request.jpg?fit=1200%2C655&ssl=1&resize=350%2C200","width":350,"height":200},"classes":[]}],"jetpack_likes_enabled":true,"_links":{"self":[{"href":"https:\/\/www.tropicalcubanholiday.com\/es\/wp-json\/wp\/v2\/pages\/17428"}],"collection":[{"href":"https:\/\/www.tropicalcubanholiday.com\/es\/wp-json\/wp\/v2\/pages"}],"about":[{"href":"https:\/\/www.tropicalcubanholiday.com\/es\/wp-json\/wp\/v2\/types\/page"}],"author":[{"embeddable":true,"href":"https:\/\/www.tropicalcubanholiday.com\/es\/wp-json\/wp\/v2\/users\/1"}],"replies":[{"embeddable":true,"href":"https:\/\/www.tropicalcubanholiday.com\/es\/wp-json\/wp\/v2\/comments?post=17428"}],"version-history":[{"count":11,"href":"https:\/\/www.tropicalcubanholiday.com\/es\/wp-json\/wp\/v2\/pages\/17428\/revisions"}],"predecessor-version":[{"id":24759,"href":"https:\/\/www.tropicalcubanholiday.com\/es\/wp-json\/wp\/v2\/pages\/17428\/revisions\/24759"}],"wp:featuredmedia":[{"embeddable":true,"href":"https:\/\/www.tropicalcubanholiday.com\/es\/wp-json\/wp\/v2\/media\/24743"}],"wp:attachment":[{"href":"https:\/\/www.tropicalcubanholiday.com\/es\/wp-json\/wp\/v2\/media?parent=17428"}],"curies":[{"name":"wp","href":"https:\/\/api.w.org\/{rel}","templated":true}]}}