{"id":17410,"date":"2017-10-03T19:45:30","date_gmt":"2017-10-03T19:45:30","guid":{"rendered":"https:\/\/www.tropicalcubanholiday.com\/my-account\/"},"modified":"2017-10-11T10:56:57","modified_gmt":"2017-10-11T10:56:57","slug":"mi-cuenta","status":"publish","type":"page","link":"https:\/\/www.tropicalcubanholiday.com\/es\/mi-cuenta\/","title":{"rendered":"Mi Cuenta"},"content":{"rendered":"<div class=\"woocommerce\"><\/div>\n","protected":false},"excerpt":{"rendered":"","protected":false},"author":1,"featured_media":0,"parent":0,"menu_order":0,"comment_status":"closed","ping_status":"closed","template":"","meta":{"inline_featured_image":false,"jetpack_post_was_ever_published":false},"jetpack_sharing_enabled":false,"jetpack_shortlink":"https:\/\/wp.me\/P92jRp-4wO","jetpack-related-posts":[{"id":18131,"url":"https:\/\/www.tropicalcubanholiday.com\/es\/mis-favoritos\/","url_meta":{"origin":17410,"position":0},"title":"Mis Favoritos","date":"octubre 11, 2017","format":false,"excerpt":"","rel":"","context":"Similar post","img":{"alt_text":"","src":"https:\/\/i0.wp.com\/www.tropicalcubanholiday.com\/wp-content\/uploads\/2015\/10\/P1060314.jpg?fit=1200%2C900&ssl=1&resize=350%2C200","width":350,"height":200},"classes":[]},{"id":17529,"url":"https:\/\/www.tropicalcubanholiday.com\/es\/terminos-y-condiciones\/","url_meta":{"origin":17410,"position":1},"title":"Terminos y Condiciones","date":"octubre 5, 2017","format":false,"excerpt":"T\u00e9rminos y condiciones (\" T\u00e9rminos \") Por favor, lea estos T\u00e9rminos y condiciones ( \"T\u00e9rminos\", \"T\u00e9rminos y Condiciones\") antes de utilizar el sitio www.tropicalcubanholiday.com (el \"Servicio\"), operado por P&P group S.L.\u00a0( \"nosotros\", \"nos\" o \"nuestro\") Su el acceso y uso del Servicio est\u00e1 condicionado a la aceptaci\u00f3n y cumplimiento de\u2026","rel":"","context":"Similar post","img":{"alt_text":"","src":"","width":0,"height":0},"classes":[]},{"id":19799,"url":"https:\/\/www.tropicalcubanholiday.com\/es\/reservacioncuba\/","url_meta":{"origin":17410,"position":2},"title":"Reserva","date":"enero 15, 2018","format":false,"excerpt":"...Por qu\u00e9 debes reservar con nosotros...","rel":"","context":"Similar post","img":{"alt_text":"","src":"https:\/\/i0.wp.com\/www.tropicalcubanholiday.com\/wp-content\/uploads\/2017\/09\/Tropical-Cuban-Holiday-Travel-Request.jpg?fit=1200%2C655&ssl=1&resize=350%2C200","width":350,"height":200},"classes":[]},{"id":17461,"url":"https:\/\/www.tropicalcubanholiday.com\/es\/aviso-legal\/","url_meta":{"origin":17410,"position":3},"title":"Aviso Legal","date":"octubre 4, 2017","format":false,"excerpt":"...nuestro socio...","rel":"","context":"Similar post","img":{"alt_text":"","src":"https:\/\/i0.wp.com\/www.tropicalcubanholiday.com\/wp-content\/uploads\/2017\/08\/PP-group-Service-.jpg?fit=1093%2C281&ssl=1&resize=350%2C200","width":350,"height":200},"classes":[]},{"id":17513,"url":"https:\/\/www.tropicalcubanholiday.com\/fr\/termes-et-conditions\/","url_meta":{"origin":17410,"position":4},"title":"Termes et Conditions","date":"octubre 5, 2017","format":false,"excerpt":"Termes et conditions (\"Termes\") Veuillez lire ces termes et conditions (\u00abConditions\u00bb, \u00abTermes et conditions\u00bb) avant d'utiliser le site www.tropicalcubanholiday.com (le \u00abService\u00bb) exploit\u00e9 par P & P group Ltd liab. Co. (\u00abnous\u00bb, \u00abnous\u00bb ou \u00abnotre\u00bb). Votre acc\u00e8s et votre utilisation du Service sont conditionn\u00e9s par votre acceptation et votre respect des\u2026","rel":"","context":"Similar post","img":{"alt_text":"","src":"","width":0,"height":0},"classes":[]},{"id":17490,"url":"https:\/\/www.tropicalcubanholiday.com\/es\/politica-de-privacidad\/","url_meta":{"origin":17410,"position":5},"title":"Pol\u00edtica de Privacidad","date":"octubre 4, 2017","format":false,"excerpt":"P&P group S.L. ( \" nosotros \",\" nos \"o\" nuestro \") opera el sitio web www.tropicalcubanholiday.com (el\" Servicio \"). Esta p\u00e1gina le informa de nuestras pol\u00edticas respecto a la recopilaci\u00f3n, uso y divulgaci\u00f3n de informaci\u00f3n personal cuando utiliza nuestro servicio. No se usar\u00e1 su informaci\u00f3n ni compartir\u00e1 con nadie, excepto\u2026","rel":"","context":"Similar post","img":{"alt_text":"","src":"","width":0,"height":0},"classes":[]}],"jetpack_likes_enabled":true,"_links":{"self":[{"href":"https:\/\/www.tropicalcubanholiday.com\/es\/wp-json\/wp\/v2\/pages\/17410"}],"collection":[{"href":"https:\/\/www.tropicalcubanholiday.com\/es\/wp-json\/wp\/v2\/pages"}],"about":[{"href":"https:\/\/www.tropicalcubanholiday.com\/es\/wp-json\/wp\/v2\/types\/page"}],"author":[{"embeddable":true,"href":"https:\/\/www.tropicalcubanholiday.com\/es\/wp-json\/wp\/v2\/users\/1"}],"replies":[{"embeddable":true,"href":"https:\/\/www.tropicalcubanholiday.com\/es\/wp-json\/wp\/v2\/comments?post=17410"}],"version-history":[{"count":2,"href":"https:\/\/www.tropicalcubanholiday.com\/es\/wp-json\/wp\/v2\/pages\/17410\/revisions"}],"predecessor-version":[{"id":18133,"href":"https:\/\/www.tropicalcubanholiday.com\/es\/wp-json\/wp\/v2\/pages\/17410\/revisions\/18133"}],"wp:attachment":[{"href":"https:\/\/www.tropicalcubanholiday.com\/es\/wp-json\/wp\/v2\/media?parent=17410"}],"curies":[{"name":"wp","href":"https:\/\/api.w.org\/{rel}","templated":true}]}}