{"id":17390,"date":"2017-10-03T18:55:54","date_gmt":"2017-10-03T18:55:54","guid":{"rendered":"https:\/\/www.tropicalcubanholiday.com\/conducir-en-cuba\/"},"modified":"2019-05-24T10:18:02","modified_gmt":"2019-05-24T10:18:02","slug":"conducir-en-cuba","status":"publish","type":"page","link":"https:\/\/www.tropicalcubanholiday.com\/es\/conducir-en-cuba\/","title":{"rendered":"Conducir En Cuba"},"content":{"rendered":"\t\t<div data-elementor-type=\"wp-post\" data-elementor-id=\"17390\" class=\"elementor elementor-17390 elementor-12789 elementor-bc-flex-widget\">\n\t\t\t\t\t\t<div class=\"elementor-inner\">\n\t\t\t\t<div class=\"elementor-section-wrap\">\n\t\t\t\t\t\t\t\t\t<section class=\"elementor-section elementor-top-section elementor-element elementor-element-hlnypvn elementor-section-stretched elementor-section-boxed elementor-section-height-default elementor-section-height-default\" data-id=\"hlnypvn\" data-element_type=\"section\" data-settings=\"{&quot;stretch_section&quot;:&quot;section-stretched&quot;}\">\n\t\t\t\t\t\t<div class=\"elementor-container elementor-column-gap-default\">\n\t\t\t\t\t\t\t<div class=\"elementor-row\">\n\t\t\t\t\t<div class=\"elementor-column elementor-col-100 elementor-top-column elementor-element elementor-element-cnsdmde\" data-id=\"cnsdmde\" data-element_type=\"column\">\n\t\t\t<div class=\"elementor-column-wrap elementor-element-populated\">\n\t\t\t\t\t\t\t<div class=\"elementor-widget-wrap\">\n\t\t\t\t\t\t<section class=\"elementor-section elementor-inner-section elementor-element elementor-element-2fp53k8 elementor-section-boxed elementor-section-height-default elementor-section-height-default\" data-id=\"2fp53k8\" data-element_type=\"section\">\n\t\t\t\t\t\t<div class=\"elementor-container elementor-column-gap-default\">\n\t\t\t\t\t\t\t<div class=\"elementor-row\">\n\t\t\t\t\t<div class=\"elementor-column elementor-col-66 elementor-inner-column elementor-element elementor-element-xokdz04\" data-id=\"xokdz04\" data-element_type=\"column\">\n\t\t\t<div class=\"elementor-column-wrap elementor-element-populated\">\n\t\t\t\t\t\t\t<div class=\"elementor-widget-wrap\">\n\t\t\t\t\t\t<div class=\"elementor-element elementor-element-67gxjdp elementor-widget elementor-widget-text-editor\" data-id=\"67gxjdp\" data-element_type=\"widget\" data-widget_type=\"text-editor.default\">\n\t\t\t\t<div class=\"elementor-widget-container\">\n\t\t\t\t\t\t\t\t<div class=\"elementor-text-editor elementor-clearfix\">\n\t\t\t\t<p><span class=\"intro\"><strong><span id=\"mp_spacer1\" class=\"mp_spacer\">Conducir en Cuba &#8211; es una gran oportunidad para los viajeros que quieren descubrir los mejores destinos y disfrutar de toda su cultura y gente. Las normas y reglamentos de tr\u00e1nsito son muy similares a los internacionales, especialmente a los estadounidenses. Aqu\u00ed le brindamos algunos consejos de gran importancia antes de comenzar su aventura.<\/span><\/strong><\/span><\/p>\t\t\t\t\t<\/div>\n\t\t\t\t\t\t<\/div>\n\t\t\t\t<\/div>\n\t\t\t\t<div class=\"elementor-element elementor-element-zc1hrp5 elementor-widget elementor-widget-image\" data-id=\"zc1hrp5\" data-element_type=\"widget\" data-widget_type=\"image.default\">\n\t\t\t\t<div class=\"elementor-widget-container\">\n\t\t\t\t\t\t\t\t<div class=\"elementor-image\">\n\t\t\t\t\t\t\t\t\t\t\t\t<img data-attachment-id=\"23121\" data-permalink=\"https:\/\/www.tropicalcubanholiday.com\/es\/tropical-cuban-holiday-taxi\/\" data-orig-file=\"https:\/\/i0.wp.com\/www.tropicalcubanholiday.com\/wp-content\/uploads\/2018\/03\/Tropical-Cuban-Holiday-Taxi.jpg?fit=1497%2C618&amp;ssl=1\" data-orig-size=\"1497,618\" data-comments-opened=\"1\" data-image-meta=\"{&quot;aperture&quot;:&quot;0&quot;,&quot;credit&quot;:&quot;&quot;,&quot;camera&quot;:&quot;&quot;,&quot;caption&quot;:&quot;&quot;,&quot;created_timestamp&quot;:&quot;0&quot;,&quot;copyright&quot;:&quot;&quot;,&quot;focal_length&quot;:&quot;0&quot;,&quot;iso&quot;:&quot;0&quot;,&quot;shutter_speed&quot;:&quot;0&quot;,&quot;title&quot;:&quot;&quot;,&quot;orientation&quot;:&quot;0&quot;}\" data-image-title=\"Vintage Vacation by Tropical Cuban Holiday\" data-image-description=\"&lt;p&gt;Driving in Cuba by tropicalcubanholiday.com&lt;\/p&gt;\n\" data-image-caption=\"\" data-medium-file=\"https:\/\/i0.wp.com\/www.tropicalcubanholiday.com\/wp-content\/uploads\/2018\/03\/Tropical-Cuban-Holiday-Taxi.jpg?fit=300%2C124&amp;ssl=1\" data-large-file=\"https:\/\/i0.wp.com\/www.tropicalcubanholiday.com\/wp-content\/uploads\/2018\/03\/Tropical-Cuban-Holiday-Taxi.jpg?fit=1024%2C423&amp;ssl=1\" decoding=\"async\" width=\"1024\" height=\"423\" src=\"https:\/\/i0.wp.com\/www.tropicalcubanholiday.com\/wp-content\/uploads\/2018\/03\/Tropical-Cuban-Holiday-Taxi.jpg?fit=1024%2C423&amp;ssl=1\" class=\"attachment-large size-large wp-image-23121\" alt=\"\" loading=\"lazy\" srcset=\"https:\/\/i0.wp.com\/www.tropicalcubanholiday.com\/wp-content\/uploads\/2018\/03\/Tropical-Cuban-Holiday-Taxi.jpg?w=1497&amp;ssl=1 1497w, https:\/\/i0.wp.com\/www.tropicalcubanholiday.com\/wp-content\/uploads\/2018\/03\/Tropical-Cuban-Holiday-Taxi.jpg?resize=300%2C124&amp;ssl=1 300w, https:\/\/i0.wp.com\/www.tropicalcubanholiday.com\/wp-content\/uploads\/2018\/03\/Tropical-Cuban-Holiday-Taxi.jpg?resize=768%2C317&amp;ssl=1 768w, https:\/\/i0.wp.com\/www.tropicalcubanholiday.com\/wp-content\/uploads\/2018\/03\/Tropical-Cuban-Holiday-Taxi.jpg?resize=1024%2C423&amp;ssl=1 1024w, https:\/\/i0.wp.com\/www.tropicalcubanholiday.com\/wp-content\/uploads\/2018\/03\/Tropical-Cuban-Holiday-Taxi.jpg?resize=450%2C186&amp;ssl=1 450w\" sizes=\"(max-width: 1024px) 100vw, 1024px\" data-attachment-id=\"23121\" data-permalink=\"https:\/\/www.tropicalcubanholiday.com\/es\/tropical-cuban-holiday-taxi\/\" data-orig-file=\"https:\/\/i0.wp.com\/www.tropicalcubanholiday.com\/wp-content\/uploads\/2018\/03\/Tropical-Cuban-Holiday-Taxi.jpg?fit=1497%2C618&amp;ssl=1\" data-orig-size=\"1497,618\" data-comments-opened=\"1\" data-image-meta=\"{&quot;aperture&quot;:&quot;0&quot;,&quot;credit&quot;:&quot;&quot;,&quot;camera&quot;:&quot;&quot;,&quot;caption&quot;:&quot;&quot;,&quot;created_timestamp&quot;:&quot;0&quot;,&quot;copyright&quot;:&quot;&quot;,&quot;focal_length&quot;:&quot;0&quot;,&quot;iso&quot;:&quot;0&quot;,&quot;shutter_speed&quot;:&quot;0&quot;,&quot;title&quot;:&quot;&quot;,&quot;orientation&quot;:&quot;0&quot;}\" data-image-title=\"Vintage Vacation by Tropical Cuban Holiday\" data-image-description=\"&lt;p&gt;Driving in Cuba by tropicalcubanholiday.com&lt;\/p&gt;\n\" data-image-caption=\"\" data-medium-file=\"https:\/\/i0.wp.com\/www.tropicalcubanholiday.com\/wp-content\/uploads\/2018\/03\/Tropical-Cuban-Holiday-Taxi.jpg?fit=300%2C124&amp;ssl=1\" data-large-file=\"https:\/\/i0.wp.com\/www.tropicalcubanholiday.com\/wp-content\/uploads\/2018\/03\/Tropical-Cuban-Holiday-Taxi.jpg?fit=1024%2C423&amp;ssl=1\" \/>\t\t\t\t\t\t\t\t\t\t\t\t\t\t<\/div>\n\t\t\t\t\t\t<\/div>\n\t\t\t\t<\/div>\n\t\t\t\t<div class=\"elementor-element elementor-element-kpiuann elementor-widget elementor-widget-text-editor\" data-id=\"kpiuann\" data-element_type=\"widget\" data-widget_type=\"text-editor.default\">\n\t\t\t\t<div class=\"elementor-widget-container\">\n\t\t\t\t\t\t\t\t<div class=\"elementor-text-editor elementor-clearfix\">\n\t\t\t\t<ul><li>La se\u00f1alizaci\u00f3n de los conductores con las manos es muy t\u00edpica, habitual y muchas de ellas son esenciales.<br \/>&#8211; Cuando el conductor pone su brazo izquierdo estendido horizontalmente, significa que va a girar a la izquierda. En caso de ser a la\u00a0 derecha, pondria su brazo en forma de L hacia arriba. Para frenar el antebrazo izquierdo estaria en forma de L hacia abajo.<\/li><li>Para hacer adelantamientos se\u00a0 mover\u00eda el brazo izquierdo de atr\u00e1s hacia adelante.<\/li><li>No se recomienda conducir por la noche debido a la pobre iluminaci\u00f3n de las carreteras y calles, asi como la preciencia de animales, personas caminando etc. Por esto siempre recomendamos, hacer todas las transferencias durante el d\u00eda, y mucho mejor si es temprano en la ma\u00f1ana.<\/li><li><span id=\"result_box\" class=\"\" lang=\"en\"><span class=\"\">Cuando conducen por alguna curva, especialmente la de dos v\u00edas en la misma direcci\u00f3n, debe conducir con cuidado cuando se encuentre algun vehiculo, ya que suelen cortar\u00a0 las curvas y no quedarse en su carril.<\/span><\/span><\/li><li><span id=\"result_box\" class=\"\" lang=\"en\"><span class=\"\">Todos los adelantamientos son por la izquierda pero siempre es aconsejable pitar una o dos veces antes de hacer cualquier adelantamiento. Esto es especialmente en las autopistas. Tambi\u00e9n se puede dar el caso de que lo adelanten por la derecha, aunque esto est\u00e1 estrictamente prohibido.<\/span><\/span><span id=\"result_box\" class=\"\" lang=\"en\"><\/span><\/li><li><span id=\"result_box\" class=\"\" lang=\"en\"><span class=\"\">No olvide de llevar su mapa &#8211; Aunque hay m\u00e1s se\u00f1alizaci\u00f3n en las carreteras es muy recomendable llevar su mapa para tener un mejor conocimiento para llegar a su destino.<\/span><\/span><\/li><li>El combustible en la isla puede causar un gran dolor de cabeza. Aunque hay suficientes estaciones de servicio se puede dar la posibilidad de que en algunas gasolineras no haya combustibles, por lo tanto, siempre llene su tanque en cada parada,\u00a0 esto le permitir\u00e1 ahorrar muchos inconvenientes.<span id=\"result_box\" class=\"\" lang=\"en\"><\/span><\/li><li>En caso de recibir alguna multa de transito, esta se debe pagar unica y solamente en el lugar de renta donde devolver\u00e1 el auto de alquiler.<\/li><\/ul><h3 style=\"text-align: center;\"><span id=\"result_box\" class=\"\" lang=\"en\"><span class=\"\">Deja que Empiece tus Vintage Vacation<\/span><\/span><\/h3><p style=\"text-align: center;\"><span id=\"result_box\" class=\"\" lang=\"en\"><span class=\"\"><em>Distancias en Cuba<\/em><span class=\"alignnone\"><img decoding=\"async\" loading=\"lazy\" class=\"alignnone wp-image-13077\" src=\"https:\/\/i0.wp.com\/www.tropicalcubanholiday.com\/wp-content\/uploads\/2017\/09\/Cuban-Distance-Tropical-Cuban-Holiday.jpg?resize=1050%2C544&#038;ssl=1\" alt=\"\" width=\"1050\" height=\"544\" data-recalc-dims=\"1\" srcset=\"https:\/\/i0.wp.com\/www.tropicalcubanholiday.com\/wp-content\/uploads\/2017\/09\/Cuban-Distance-Tropical-Cuban-Holiday.jpg?w=1297&amp;ssl=1 1297w, https:\/\/i0.wp.com\/www.tropicalcubanholiday.com\/wp-content\/uploads\/2017\/09\/Cuban-Distance-Tropical-Cuban-Holiday.jpg?resize=300%2C155&amp;ssl=1 300w, https:\/\/i0.wp.com\/www.tropicalcubanholiday.com\/wp-content\/uploads\/2017\/09\/Cuban-Distance-Tropical-Cuban-Holiday.jpg?resize=768%2C398&amp;ssl=1 768w, https:\/\/i0.wp.com\/www.tropicalcubanholiday.com\/wp-content\/uploads\/2017\/09\/Cuban-Distance-Tropical-Cuban-Holiday.jpg?resize=1024%2C531&amp;ssl=1 1024w, https:\/\/i0.wp.com\/www.tropicalcubanholiday.com\/wp-content\/uploads\/2017\/09\/Cuban-Distance-Tropical-Cuban-Holiday.jpg?resize=450%2C233&amp;ssl=1 450w\" sizes=\"(max-width: 1050px) 100vw, 1050px\" \/><\/span><\/span><\/span><\/p><p><span class=\"intro\">La isla de Cuba no es tan peque\u00f1a como muchos suponen. Con una superficie de unos 110.000 km\u00b2 deben planificar unas cuatro semanas si quieren visitar las regiones y ciudades mas interesantes de la Isla.<\/span><\/p>\t\t\t\t\t<\/div>\n\t\t\t\t\t\t<\/div>\n\t\t\t\t<\/div>\n\t\t\t\t\t\t<\/div>\n\t\t\t\t\t<\/div>\n\t\t<\/div>\n\t\t\t\t<div class=\"elementor-column elementor-col-33 elementor-inner-column elementor-element elementor-element-efdcw9z\" data-id=\"efdcw9z\" data-element_type=\"column\">\n\t\t\t<div class=\"elementor-column-wrap elementor-element-populated\">\n\t\t\t\t\t\t\t<div class=\"elementor-widget-wrap\">\n\t\t\t\t\t\t<div class=\"elementor-element elementor-element-bl92xdd elementor-widget elementor-widget-wp-widget-nav_menu\" data-id=\"bl92xdd\" data-element_type=\"widget\" data-widget_type=\"wp-widget-nav_menu.default\">\n\t\t\t\t<div class=\"elementor-widget-container\">\n\t\t\t<h5>Que debes saber antes de viajar<\/h5><div class=\"menu-information-para-rcm-container\"><ul id=\"menu-information-para-rcm\" class=\"menu\"><li id=\"menu-item-23095\" class=\"menu-item menu-item-type-post_type menu-item-object-page menu-item-23095\"><a target=\"_blank\" rel=\"noopener\" href=\"https:\/\/www.tropicalcubanholiday.com\/es\/requisitos-legales-de-entrada\/\">Requisitos Legales de Entrada<\/a><\/li>\n<li id=\"menu-item-23092\" class=\"menu-item menu-item-type-post_type menu-item-object-page menu-item-23092\"><a target=\"_blank\" rel=\"noopener\" href=\"https:\/\/www.tropicalcubanholiday.com\/es\/divisas-tarjetas-de-credito\/\">Divisas &#038; Tarjetas de Cr\u00e9dito<\/a><\/li>\n<li id=\"menu-item-23091\" class=\"menu-item menu-item-type-post_type menu-item-object-page menu-item-23091\"><a target=\"_blank\" rel=\"noopener\" href=\"https:\/\/www.tropicalcubanholiday.com\/es\/conducir-en-cuba\/\">Conducir En Cuba<\/a><\/li>\n<li id=\"menu-item-23093\" class=\"menu-item menu-item-type-post_type menu-item-object-page menu-item-23093\"><a target=\"_blank\" rel=\"noopener\" href=\"https:\/\/www.tropicalcubanholiday.com\/es\/embajadas-y-consulados\/\">Embajadas y Consulados<\/a><\/li>\n<li id=\"menu-item-23096\" class=\"menu-item menu-item-type-post_type menu-item-object-page menu-item-23096\"><a target=\"_blank\" rel=\"noopener\" href=\"https:\/\/www.tropicalcubanholiday.com\/es\/seguro-de-salud\/\">Seguro de Salud<\/a><\/li>\n<li id=\"menu-item-23094\" class=\"menu-item menu-item-type-post_type menu-item-object-page menu-item-23094\"><a target=\"_blank\" rel=\"noopener\" href=\"https:\/\/www.tropicalcubanholiday.com\/es\/recomendaciones\/\">Recomendaciones<\/a><\/li>\n<\/ul><\/div>\t\t<\/div>\n\t\t\t\t<\/div>\n\t\t\t\t\t\t<\/div>\n\t\t\t\t\t<\/div>\n\t\t<\/div>\n\t\t\t\t\t\t\t\t<\/div>\n\t\t\t\t\t<\/div>\n\t\t<\/section>\n\t\t\t\t\t\t<\/div>\n\t\t\t\t\t<\/div>\n\t\t<\/div>\n\t\t\t\t\t\t\t\t<\/div>\n\t\t\t\t\t<\/div>\n\t\t<\/section>\n\t\t\t\t\t\t\t\t\t<\/div>\n\t\t\t<\/div>\n\t\t\t\t\t<\/div>\n\t\t<div class=\"sharedaddy sd-sharing-enabled\"><div class=\"robots-nocontent sd-block sd-social sd-social-icon sd-sharing\"><div class=\"sd-content\"><ul><li class=\"share-facebook\"><a rel=\"nofollow noopener noreferrer\" data-shared=\"sharing-facebook-17390\" class=\"share-facebook sd-button share-icon no-text\" href=\"https:\/\/www.tropicalcubanholiday.com\/es\/conducir-en-cuba\/?share=facebook\" target=\"_blank\" title=\"Click to share on Facebook\" ><span><\/span><span class=\"sharing-screen-reader-text\">Click to share on Facebook (Opens in new window)<\/span><\/a><\/li><li class=\"share-twitter\"><a rel=\"nofollow noopener noreferrer\" data-shared=\"sharing-twitter-17390\" class=\"share-twitter sd-button share-icon no-text\" href=\"https:\/\/www.tropicalcubanholiday.com\/es\/conducir-en-cuba\/?share=twitter\" target=\"_blank\" title=\"Click to share on Twitter\" ><span><\/span><span class=\"sharing-screen-reader-text\">Click to share on Twitter (Opens in new window)<\/span><\/a><\/li><li class=\"share-pinterest\"><a rel=\"nofollow noopener noreferrer\" data-shared=\"sharing-pinterest-17390\" class=\"share-pinterest sd-button share-icon no-text\" href=\"https:\/\/www.tropicalcubanholiday.com\/es\/conducir-en-cuba\/?share=pinterest\" target=\"_blank\" title=\"Click to share on Pinterest\" ><span><\/span><span class=\"sharing-screen-reader-text\">Click to share on Pinterest (Opens in new window)<\/span><\/a><\/li><li class=\"share-jetpack-whatsapp\"><a rel=\"nofollow noopener noreferrer\" data-shared=\"\" class=\"share-jetpack-whatsapp sd-button share-icon no-text\" href=\"https:\/\/www.tropicalcubanholiday.com\/es\/conducir-en-cuba\/?share=jetpack-whatsapp\" target=\"_blank\" title=\"Click to share on WhatsApp\" ><span><\/span><span class=\"sharing-screen-reader-text\">Click to share on WhatsApp (Opens in new window)<\/span><\/a><\/li><li class=\"share-reddit\"><a rel=\"nofollow noopener noreferrer\" data-shared=\"\" class=\"share-reddit sd-button share-icon no-text\" href=\"https:\/\/www.tropicalcubanholiday.com\/es\/conducir-en-cuba\/?share=reddit\" target=\"_blank\" title=\"Click to share on Reddit\" ><span><\/span><span class=\"sharing-screen-reader-text\">Click to share on Reddit (Opens in new window)<\/span><\/a><\/li><li class=\"share-tumblr\"><a rel=\"nofollow noopener noreferrer\" data-shared=\"\" class=\"share-tumblr sd-button share-icon no-text\" href=\"https:\/\/www.tropicalcubanholiday.com\/es\/conducir-en-cuba\/?share=tumblr\" target=\"_blank\" title=\"Click to share on Tumblr\" ><span><\/span><span class=\"sharing-screen-reader-text\">Click to share on Tumblr (Opens in new window)<\/span><\/a><\/li><li class=\"share-custom share-custom-mail\"><a rel=\"nofollow noopener noreferrer\" data-shared=\"\" class=\"share-custom share-custom-mail sd-button share-icon no-text\" href=\"https:\/\/www.tropicalcubanholiday.com\/es\/conducir-en-cuba\/?share=custom-1559669851\" target=\"_blank\" title=\"Click to share on Mail\" ><span style=\"background-image:url(&quot;https:\/\/www.tropicalcubanholiday.com\/wp-content\/uploads\/2019\/06\/mail-by-tropicalcubanholida.com_.png&quot;);\"><\/span><span class=\"sharing-screen-reader-text\">Click to share on Mail (Opens in new window)<\/span><\/a><\/li><li class=\"share-end\"><\/li><\/ul><\/div><\/div><\/div>","protected":false},"excerpt":{"rendered":"<p>&#8230;los mejores consejos para viajar por Cuba &#8230;<\/p>\n<div class=\"sharedaddy sd-sharing-enabled\"><div class=\"robots-nocontent sd-block sd-social sd-social-icon sd-sharing\"><div class=\"sd-content\"><ul><li class=\"share-facebook\"><a rel=\"nofollow noopener noreferrer\" data-shared=\"sharing-facebook-17390\" class=\"share-facebook sd-button share-icon no-text\" href=\"https:\/\/www.tropicalcubanholiday.com\/es\/conducir-en-cuba\/?share=facebook\" target=\"_blank\" title=\"Click to share on Facebook\" ><span><\/span><span class=\"sharing-screen-reader-text\">Click to share on Facebook (Opens in new window)<\/span><\/a><\/li><li class=\"share-twitter\"><a rel=\"nofollow noopener noreferrer\" data-shared=\"sharing-twitter-17390\" class=\"share-twitter sd-button share-icon no-text\" href=\"https:\/\/www.tropicalcubanholiday.com\/es\/conducir-en-cuba\/?share=twitter\" target=\"_blank\" title=\"Click to share on Twitter\" ><span><\/span><span class=\"sharing-screen-reader-text\">Click to share on Twitter (Opens in new window)<\/span><\/a><\/li><li class=\"share-pinterest\"><a rel=\"nofollow noopener noreferrer\" data-shared=\"sharing-pinterest-17390\" class=\"share-pinterest sd-button share-icon no-text\" href=\"https:\/\/www.tropicalcubanholiday.com\/es\/conducir-en-cuba\/?share=pinterest\" target=\"_blank\" title=\"Click to share on Pinterest\" ><span><\/span><span class=\"sharing-screen-reader-text\">Click to share on Pinterest (Opens in new window)<\/span><\/a><\/li><li class=\"share-jetpack-whatsapp\"><a rel=\"nofollow noopener noreferrer\" data-shared=\"\" class=\"share-jetpack-whatsapp sd-button share-icon no-text\" href=\"https:\/\/www.tropicalcubanholiday.com\/es\/conducir-en-cuba\/?share=jetpack-whatsapp\" target=\"_blank\" title=\"Click to share on WhatsApp\" ><span><\/span><span class=\"sharing-screen-reader-text\">Click to share on WhatsApp (Opens in new window)<\/span><\/a><\/li><li class=\"share-reddit\"><a rel=\"nofollow noopener noreferrer\" data-shared=\"\" class=\"share-reddit sd-button share-icon no-text\" href=\"https:\/\/www.tropicalcubanholiday.com\/es\/conducir-en-cuba\/?share=reddit\" target=\"_blank\" title=\"Click to share on Reddit\" ><span><\/span><span class=\"sharing-screen-reader-text\">Click to share on Reddit (Opens in new window)<\/span><\/a><\/li><li class=\"share-tumblr\"><a rel=\"nofollow noopener noreferrer\" data-shared=\"\" class=\"share-tumblr sd-button share-icon no-text\" href=\"https:\/\/www.tropicalcubanholiday.com\/es\/conducir-en-cuba\/?share=tumblr\" target=\"_blank\" title=\"Click to share on Tumblr\" ><span><\/span><span class=\"sharing-screen-reader-text\">Click to share on Tumblr (Opens in new window)<\/span><\/a><\/li><li class=\"share-custom share-custom-mail\"><a rel=\"nofollow noopener noreferrer\" data-shared=\"\" class=\"share-custom share-custom-mail sd-button share-icon no-text\" href=\"https:\/\/www.tropicalcubanholiday.com\/es\/conducir-en-cuba\/?share=custom-1559669851\" target=\"_blank\" title=\"Click to share on Mail\" ><span style=\"background-image:url(&quot;https:\/\/www.tropicalcubanholiday.com\/wp-content\/uploads\/2019\/06\/mail-by-tropicalcubanholida.com_.png&quot;);\"><\/span><span class=\"sharing-screen-reader-text\">Click to share on Mail (Opens in new window)<\/span><\/a><\/li><li class=\"share-end\"><\/li><\/ul><\/div><\/div><\/div>","protected":false},"author":1,"featured_media":15721,"parent":0,"menu_order":0,"comment_status":"closed","ping_status":"closed","template":"","meta":{"inline_featured_image":false,"jetpack_post_was_ever_published":false},"jetpack_sharing_enabled":true,"jetpack_shortlink":"https:\/\/wp.me\/P92jRp-4wu","jetpack-related-posts":[{"id":17374,"url":"https:\/\/www.tropicalcubanholiday.com\/es\/guia\/","url_meta":{"origin":17390,"position":0},"title":"Gu\u00eda","date":"octubre 3, 2017","format":false,"excerpt":"... la isla m\u00e1s fascinante del Caribe ...","rel":"","context":"Similar post","img":{"alt_text":"","src":"https:\/\/i0.wp.com\/www.tropicalcubanholiday.com\/wp-content\/uploads\/2017\/09\/Palmen-1.jpg?fit=944%2C791&ssl=1&resize=350%2C200","width":350,"height":200},"classes":[]},{"id":17226,"url":"https:\/\/www.tropicalcubanholiday.com\/es\/sobre-nosotros\/","url_meta":{"origin":17390,"position":1},"title":"Sobre nosotros","date":"octubre 1, 2017","format":false,"excerpt":"...la mejor manera de descubrir Cuba y su encanto ...","rel":"","context":"Similar post","img":{"alt_text":"","src":"https:\/\/i0.wp.com\/www.tropicalcubanholiday.com\/wp-content\/uploads\/2017\/08\/tropical-cuban-holiday-about-us.jpg?fit=1200%2C224&ssl=1&resize=350%2C200","width":350,"height":200},"classes":[]},{"id":17341,"url":"https:\/\/www.tropicalcubanholiday.com\/es\/divisas-tarjetas-de-credito\/","url_meta":{"origin":17390,"position":2},"title":"Divisas &#038; Tarjetas de Cr\u00e9dito","date":"octubre 3, 2017","format":false,"excerpt":"... siempre lleva suficiente dinero en efectivo ...","rel":"","context":"Similar post","img":{"alt_text":"","src":"https:\/\/i0.wp.com\/www.tropicalcubanholiday.com\/wp-content\/uploads\/2017\/09\/cuba-1116429_1280.jpg?fit=1200%2C675&ssl=1&resize=350%2C200","width":350,"height":200},"classes":[]},{"id":17353,"url":"https:\/\/www.tropicalcubanholiday.com\/es\/requisitos-legales-de-entrada\/","url_meta":{"origin":17390,"position":3},"title":"Requisitos Legales de Entrada","date":"octubre 3, 2017","format":false,"excerpt":".. informese sobre los requisitos para la entrada legal a Cuba ...","rel":"","context":"Similar post","img":{"alt_text":"","src":"https:\/\/i0.wp.com\/www.tropicalcubanholiday.com\/wp-content\/uploads\/2017\/08\/Beach-Cuba-2-e1506261506907.jpg?fit=1001%2C599&ssl=1&resize=350%2C200","width":350,"height":200},"classes":[]},{"id":19799,"url":"https:\/\/www.tropicalcubanholiday.com\/es\/reservacioncuba\/","url_meta":{"origin":17390,"position":4},"title":"Reserva","date":"enero 15, 2018","format":false,"excerpt":"...Por qu\u00e9 debes reservar con nosotros...","rel":"","context":"Similar post","img":{"alt_text":"","src":"https:\/\/i0.wp.com\/www.tropicalcubanholiday.com\/wp-content\/uploads\/2017\/09\/Tropical-Cuban-Holiday-Travel-Request.jpg?fit=1200%2C655&ssl=1&resize=350%2C200","width":350,"height":200},"classes":[]},{"id":35375,"url":"https:\/\/www.tropicalcubanholiday.com\/es\/cuba-visa-tarjeta-turistica\/","url_meta":{"origin":17390,"position":5},"title":"Cuba Visa &#038; Tarjeta Tur\u00edstica","date":"junio 5, 2020","format":false,"excerpt":"...Solicite Su Visa-Tarjeta Tur\u00edstica Cubana...","rel":"","context":"Similar post","img":{"alt_text":"","src":"https:\/\/i0.wp.com\/www.tropicalcubanholiday.com\/wp-content\/uploads\/2020\/02\/GREEN-TROURIST-CARD-VISA-FOR-CUBA-1.jpg?fit=1200%2C960&ssl=1&resize=350%2C200","width":350,"height":200},"classes":[]}],"jetpack_likes_enabled":true,"_links":{"self":[{"href":"https:\/\/www.tropicalcubanholiday.com\/es\/wp-json\/wp\/v2\/pages\/17390"}],"collection":[{"href":"https:\/\/www.tropicalcubanholiday.com\/es\/wp-json\/wp\/v2\/pages"}],"about":[{"href":"https:\/\/www.tropicalcubanholiday.com\/es\/wp-json\/wp\/v2\/types\/page"}],"author":[{"embeddable":true,"href":"https:\/\/www.tropicalcubanholiday.com\/es\/wp-json\/wp\/v2\/users\/1"}],"replies":[{"embeddable":true,"href":"https:\/\/www.tropicalcubanholiday.com\/es\/wp-json\/wp\/v2\/comments?post=17390"}],"version-history":[{"count":9,"href":"https:\/\/www.tropicalcubanholiday.com\/es\/wp-json\/wp\/v2\/pages\/17390\/revisions"}],"predecessor-version":[{"id":29437,"href":"https:\/\/www.tropicalcubanholiday.com\/es\/wp-json\/wp\/v2\/pages\/17390\/revisions\/29437"}],"wp:featuredmedia":[{"embeddable":true,"href":"https:\/\/www.tropicalcubanholiday.com\/es\/wp-json\/wp\/v2\/media\/15721"}],"wp:attachment":[{"href":"https:\/\/www.tropicalcubanholiday.com\/es\/wp-json\/wp\/v2\/media?parent=17390"}],"curies":[{"name":"wp","href":"https:\/\/api.w.org\/{rel}","templated":true}]}}