{"id":17363,"date":"2017-10-03T13:50:33","date_gmt":"2017-10-03T13:50:33","guid":{"rendered":"https:\/\/www.tropicalcubanholiday.com\/seguro-de-salud\/"},"modified":"2018-03-30T00:09:46","modified_gmt":"2018-03-30T00:09:46","slug":"seguro-de-salud","status":"publish","type":"page","link":"https:\/\/www.tropicalcubanholiday.com\/es\/seguro-de-salud\/","title":{"rendered":"Seguro de Salud"},"content":{"rendered":"\t\t<div data-elementor-type=\"wp-post\" data-elementor-id=\"17363\" class=\"elementor elementor-17363 elementor-11179 elementor-bc-flex-widget\">\n\t\t\t\t\t\t<div class=\"elementor-inner\">\n\t\t\t\t<div class=\"elementor-section-wrap\">\n\t\t\t\t\t\t\t\t\t<section class=\"elementor-section elementor-top-section elementor-element elementor-element-jxtggdj elementor-section-stretched elementor-section-boxed elementor-section-height-default elementor-section-height-default\" data-id=\"jxtggdj\" data-element_type=\"section\" data-settings=\"{&quot;stretch_section&quot;:&quot;section-stretched&quot;}\">\n\t\t\t\t\t\t<div class=\"elementor-container elementor-column-gap-default\">\n\t\t\t\t\t\t\t<div class=\"elementor-row\">\n\t\t\t\t\t<div class=\"elementor-column elementor-col-100 elementor-top-column elementor-element elementor-element-nwpurzx\" data-id=\"nwpurzx\" data-element_type=\"column\">\n\t\t\t<div class=\"elementor-column-wrap elementor-element-populated\">\n\t\t\t\t\t\t\t<div class=\"elementor-widget-wrap\">\n\t\t\t\t\t\t<section class=\"elementor-section elementor-inner-section elementor-element elementor-element-0ernsix elementor-section-boxed elementor-section-height-default elementor-section-height-default\" data-id=\"0ernsix\" data-element_type=\"section\">\n\t\t\t\t\t\t<div class=\"elementor-container elementor-column-gap-default\">\n\t\t\t\t\t\t\t<div class=\"elementor-row\">\n\t\t\t\t\t<div class=\"elementor-column elementor-col-66 elementor-inner-column elementor-element elementor-element-l9jylt4\" data-id=\"l9jylt4\" data-element_type=\"column\">\n\t\t\t<div class=\"elementor-column-wrap elementor-element-populated\">\n\t\t\t\t\t\t\t<div class=\"elementor-widget-wrap\">\n\t\t\t\t\t\t<div class=\"elementor-element elementor-element-wykkxou elementor-widget elementor-widget-text-editor\" data-id=\"wykkxou\" data-element_type=\"widget\" data-widget_type=\"text-editor.default\">\n\t\t\t\t<div class=\"elementor-widget-container\">\n\t\t\t\t\t\t\t\t<div class=\"elementor-text-editor elementor-clearfix\">\n\t\t\t\t<p class=\"intro\">Es obligatorio para todos los visitantes tener un seguro m\u00e9dico de viaje. Este se mostrara generalmente en el aeropuerto, as\u00ed que aseg\u00farese de traer los siguientes requisitos de tarjetas y cartas de confirmaci\u00f3n de su seguro de salud antes de visitar Cuba<\/p><ul><li>Tarjeta de seguro de salud y una carta de confirmaci\u00f3n de la compa\u00f1\u00eda de seguros debe estar disponible para la entrada al territorio cubano.<\/li><li>La carta de confirmaci\u00f3n de su seguro m\u00e9dico debe dar garant\u00eda de la responsabilidad de asumir todos los costos en caso de accidente o enfermedad.<\/li><li>Muestre \u00fanicamente su tarjeta y carta de confirmaci\u00f3n en caso que sea solicitado.<\/li><\/ul><p>En caso de emergencia m\u00e9dica, el sistema de salud cubano garantiza la atenci\u00f3n m\u00e9dica necesaria a trav\u00e9s de una red de cl\u00ednicas y hospitales por toda la isla.<\/p>\t\t\t\t\t<\/div>\n\t\t\t\t\t\t<\/div>\n\t\t\t\t<\/div>\n\t\t\t\t\t\t<\/div>\n\t\t\t\t\t<\/div>\n\t\t<\/div>\n\t\t\t\t<div class=\"elementor-column elementor-col-33 elementor-inner-column elementor-element elementor-element-xxwe5rm\" data-id=\"xxwe5rm\" data-element_type=\"column\">\n\t\t\t<div class=\"elementor-column-wrap elementor-element-populated\">\n\t\t\t\t\t\t\t<div class=\"elementor-widget-wrap\">\n\t\t\t\t\t\t<div class=\"elementor-element elementor-element-tphe2yh elementor-widget elementor-widget-wp-widget-nav_menu\" data-id=\"tphe2yh\" data-element_type=\"widget\" data-widget_type=\"wp-widget-nav_menu.default\">\n\t\t\t\t<div class=\"elementor-widget-container\">\n\t\t\t<h5>Que debes saber antes de viajar<\/h5><div class=\"menu-information-para-rcm-container\"><ul id=\"menu-information-para-rcm\" class=\"menu\"><li id=\"menu-item-23095\" class=\"menu-item menu-item-type-post_type menu-item-object-page menu-item-23095\"><a target=\"_blank\" rel=\"noopener\" href=\"https:\/\/www.tropicalcubanholiday.com\/es\/requisitos-legales-de-entrada\/\">Requisitos Legales de Entrada<\/a><\/li>\n<li id=\"menu-item-23092\" class=\"menu-item menu-item-type-post_type menu-item-object-page menu-item-23092\"><a target=\"_blank\" rel=\"noopener\" href=\"https:\/\/www.tropicalcubanholiday.com\/es\/divisas-tarjetas-de-credito\/\">Divisas &#038; Tarjetas de Cr\u00e9dito<\/a><\/li>\n<li id=\"menu-item-23091\" class=\"menu-item menu-item-type-post_type menu-item-object-page menu-item-23091\"><a target=\"_blank\" rel=\"noopener\" href=\"https:\/\/www.tropicalcubanholiday.com\/es\/conducir-en-cuba\/\">Conducir En Cuba<\/a><\/li>\n<li id=\"menu-item-23093\" class=\"menu-item menu-item-type-post_type menu-item-object-page menu-item-23093\"><a target=\"_blank\" rel=\"noopener\" href=\"https:\/\/www.tropicalcubanholiday.com\/es\/embajadas-y-consulados\/\">Embajadas y Consulados<\/a><\/li>\n<li id=\"menu-item-23096\" class=\"menu-item menu-item-type-post_type menu-item-object-page menu-item-23096\"><a target=\"_blank\" rel=\"noopener\" href=\"https:\/\/www.tropicalcubanholiday.com\/es\/seguro-de-salud\/\">Seguro de Salud<\/a><\/li>\n<li id=\"menu-item-23094\" class=\"menu-item menu-item-type-post_type menu-item-object-page menu-item-23094\"><a target=\"_blank\" rel=\"noopener\" href=\"https:\/\/www.tropicalcubanholiday.com\/es\/recomendaciones\/\">Recomendaciones<\/a><\/li>\n<\/ul><\/div>\t\t<\/div>\n\t\t\t\t<\/div>\n\t\t\t\t\t\t<\/div>\n\t\t\t\t\t<\/div>\n\t\t<\/div>\n\t\t\t\t\t\t\t\t<\/div>\n\t\t\t\t\t<\/div>\n\t\t<\/section>\n\t\t\t\t\t\t<\/div>\n\t\t\t\t\t<\/div>\n\t\t<\/div>\n\t\t\t\t\t\t\t\t<\/div>\n\t\t\t\t\t<\/div>\n\t\t<\/section>\n\t\t\t\t\t\t\t\t\t<\/div>\n\t\t\t<\/div>\n\t\t\t\t\t<\/div>\n\t\t<div class=\"sharedaddy sd-sharing-enabled\"><div class=\"robots-nocontent sd-block sd-social sd-social-icon sd-sharing\"><div class=\"sd-content\"><ul><li class=\"share-facebook\"><a rel=\"nofollow noopener noreferrer\" data-shared=\"sharing-facebook-17363\" class=\"share-facebook sd-button share-icon no-text\" href=\"https:\/\/www.tropicalcubanholiday.com\/es\/seguro-de-salud\/?share=facebook\" target=\"_blank\" title=\"Click to share on Facebook\" ><span><\/span><span class=\"sharing-screen-reader-text\">Click to share on Facebook (Opens in new window)<\/span><\/a><\/li><li class=\"share-twitter\"><a rel=\"nofollow noopener noreferrer\" data-shared=\"sharing-twitter-17363\" class=\"share-twitter sd-button share-icon no-text\" href=\"https:\/\/www.tropicalcubanholiday.com\/es\/seguro-de-salud\/?share=twitter\" target=\"_blank\" title=\"Click to share on Twitter\" ><span><\/span><span class=\"sharing-screen-reader-text\">Click to share on Twitter (Opens in new window)<\/span><\/a><\/li><li class=\"share-pinterest\"><a rel=\"nofollow noopener noreferrer\" data-shared=\"sharing-pinterest-17363\" class=\"share-pinterest sd-button share-icon no-text\" href=\"https:\/\/www.tropicalcubanholiday.com\/es\/seguro-de-salud\/?share=pinterest\" target=\"_blank\" title=\"Click to share on Pinterest\" ><span><\/span><span class=\"sharing-screen-reader-text\">Click to share on Pinterest (Opens in new window)<\/span><\/a><\/li><li class=\"share-jetpack-whatsapp\"><a rel=\"nofollow noopener noreferrer\" data-shared=\"\" class=\"share-jetpack-whatsapp sd-button share-icon no-text\" href=\"https:\/\/www.tropicalcubanholiday.com\/es\/seguro-de-salud\/?share=jetpack-whatsapp\" target=\"_blank\" title=\"Click to share on WhatsApp\" ><span><\/span><span class=\"sharing-screen-reader-text\">Click to share on WhatsApp (Opens in new window)<\/span><\/a><\/li><li class=\"share-reddit\"><a rel=\"nofollow noopener noreferrer\" data-shared=\"\" class=\"share-reddit sd-button share-icon no-text\" href=\"https:\/\/www.tropicalcubanholiday.com\/es\/seguro-de-salud\/?share=reddit\" target=\"_blank\" title=\"Click to share on Reddit\" ><span><\/span><span class=\"sharing-screen-reader-text\">Click to share on Reddit (Opens in new window)<\/span><\/a><\/li><li class=\"share-tumblr\"><a rel=\"nofollow noopener noreferrer\" data-shared=\"\" class=\"share-tumblr sd-button share-icon no-text\" href=\"https:\/\/www.tropicalcubanholiday.com\/es\/seguro-de-salud\/?share=tumblr\" target=\"_blank\" title=\"Click to share on Tumblr\" ><span><\/span><span class=\"sharing-screen-reader-text\">Click to share on Tumblr (Opens in new window)<\/span><\/a><\/li><li class=\"share-custom share-custom-mail\"><a rel=\"nofollow noopener noreferrer\" data-shared=\"\" class=\"share-custom share-custom-mail sd-button share-icon no-text\" href=\"https:\/\/www.tropicalcubanholiday.com\/es\/seguro-de-salud\/?share=custom-1559669851\" target=\"_blank\" title=\"Click to share on Mail\" ><span style=\"background-image:url(&quot;https:\/\/www.tropicalcubanholiday.com\/wp-content\/uploads\/2019\/06\/mail-by-tropicalcubanholida.com_.png&quot;);\"><\/span><span class=\"sharing-screen-reader-text\">Click to share on Mail (Opens in new window)<\/span><\/a><\/li><li class=\"share-end\"><\/li><\/ul><\/div><\/div><\/div>","protected":false},"excerpt":{"rendered":"<p>&#8230; seguro m\u00e9dico de viaje es obligatorio para todos los visitantes, altamente recomendado &#8230;<\/p>\n<div class=\"sharedaddy sd-sharing-enabled\"><div class=\"robots-nocontent sd-block sd-social sd-social-icon sd-sharing\"><div class=\"sd-content\"><ul><li class=\"share-facebook\"><a rel=\"nofollow noopener noreferrer\" data-shared=\"sharing-facebook-17363\" class=\"share-facebook sd-button share-icon no-text\" href=\"https:\/\/www.tropicalcubanholiday.com\/es\/seguro-de-salud\/?share=facebook\" target=\"_blank\" title=\"Click to share on Facebook\" ><span><\/span><span class=\"sharing-screen-reader-text\">Click to share on Facebook (Opens in new window)<\/span><\/a><\/li><li class=\"share-twitter\"><a rel=\"nofollow noopener noreferrer\" data-shared=\"sharing-twitter-17363\" class=\"share-twitter sd-button share-icon no-text\" href=\"https:\/\/www.tropicalcubanholiday.com\/es\/seguro-de-salud\/?share=twitter\" target=\"_blank\" title=\"Click to share on Twitter\" ><span><\/span><span class=\"sharing-screen-reader-text\">Click to share on Twitter (Opens in new window)<\/span><\/a><\/li><li class=\"share-pinterest\"><a rel=\"nofollow noopener noreferrer\" data-shared=\"sharing-pinterest-17363\" class=\"share-pinterest sd-button share-icon no-text\" href=\"https:\/\/www.tropicalcubanholiday.com\/es\/seguro-de-salud\/?share=pinterest\" target=\"_blank\" title=\"Click to share on Pinterest\" ><span><\/span><span class=\"sharing-screen-reader-text\">Click to share on Pinterest (Opens in new window)<\/span><\/a><\/li><li class=\"share-jetpack-whatsapp\"><a rel=\"nofollow noopener noreferrer\" data-shared=\"\" class=\"share-jetpack-whatsapp sd-button share-icon no-text\" href=\"https:\/\/www.tropicalcubanholiday.com\/es\/seguro-de-salud\/?share=jetpack-whatsapp\" target=\"_blank\" title=\"Click to share on WhatsApp\" ><span><\/span><span class=\"sharing-screen-reader-text\">Click to share on WhatsApp (Opens in new window)<\/span><\/a><\/li><li class=\"share-reddit\"><a rel=\"nofollow noopener noreferrer\" data-shared=\"\" class=\"share-reddit sd-button share-icon no-text\" href=\"https:\/\/www.tropicalcubanholiday.com\/es\/seguro-de-salud\/?share=reddit\" target=\"_blank\" title=\"Click to share on Reddit\" ><span><\/span><span class=\"sharing-screen-reader-text\">Click to share on Reddit (Opens in new window)<\/span><\/a><\/li><li class=\"share-tumblr\"><a rel=\"nofollow noopener noreferrer\" data-shared=\"\" class=\"share-tumblr sd-button share-icon no-text\" href=\"https:\/\/www.tropicalcubanholiday.com\/es\/seguro-de-salud\/?share=tumblr\" target=\"_blank\" title=\"Click to share on Tumblr\" ><span><\/span><span class=\"sharing-screen-reader-text\">Click to share on Tumblr (Opens in new window)<\/span><\/a><\/li><li class=\"share-custom share-custom-mail\"><a rel=\"nofollow noopener noreferrer\" data-shared=\"\" class=\"share-custom share-custom-mail sd-button share-icon no-text\" href=\"https:\/\/www.tropicalcubanholiday.com\/es\/seguro-de-salud\/?share=custom-1559669851\" target=\"_blank\" title=\"Click to share on Mail\" ><span style=\"background-image:url(&quot;https:\/\/www.tropicalcubanholiday.com\/wp-content\/uploads\/2019\/06\/mail-by-tropicalcubanholida.com_.png&quot;);\"><\/span><span class=\"sharing-screen-reader-text\">Click to share on Mail (Opens in new window)<\/span><\/a><\/li><li class=\"share-end\"><\/li><\/ul><\/div><\/div><\/div>","protected":false},"author":1,"featured_media":15679,"parent":0,"menu_order":0,"comment_status":"closed","ping_status":"closed","template":"","meta":{"inline_featured_image":false,"jetpack_post_was_ever_published":false},"jetpack_sharing_enabled":true,"jetpack_shortlink":"https:\/\/wp.me\/P92jRp-4w3","jetpack-related-posts":[{"id":17353,"url":"https:\/\/www.tropicalcubanholiday.com\/es\/requisitos-legales-de-entrada\/","url_meta":{"origin":17363,"position":0},"title":"Requisitos Legales de Entrada","date":"octubre 3, 2017","format":false,"excerpt":".. informese sobre los requisitos para la entrada legal a Cuba ...","rel":"","context":"Similar post","img":{"alt_text":"","src":"https:\/\/i0.wp.com\/www.tropicalcubanholiday.com\/wp-content\/uploads\/2017\/08\/Beach-Cuba-2-e1506261506907.jpg?fit=1001%2C599&ssl=1&resize=350%2C200","width":350,"height":200},"classes":[]},{"id":17314,"url":"https:\/\/www.tropicalcubanholiday.com\/es\/agregue-sus-negocios\/","url_meta":{"origin":17363,"position":1},"title":"Agregue sus Negocios","date":"octubre 3, 2017","format":false,"excerpt":"... anuncie su negocio en Tropical Cuban Holiday ...","rel":"","context":"Similar post","img":{"alt_text":"","src":"https:\/\/i0.wp.com\/www.tropicalcubanholiday.com\/wp-content\/uploads\/2017\/09\/Beach.jpg?fit=644%2C859&ssl=1&resize=350%2C200","width":350,"height":200},"classes":[]},{"id":17529,"url":"https:\/\/www.tropicalcubanholiday.com\/es\/terminos-y-condiciones\/","url_meta":{"origin":17363,"position":2},"title":"Terminos y Condiciones","date":"octubre 5, 2017","format":false,"excerpt":"T\u00e9rminos y condiciones (\" T\u00e9rminos \") Por favor, lea estos T\u00e9rminos y condiciones ( \"T\u00e9rminos\", \"T\u00e9rminos y Condiciones\") antes de utilizar el sitio www.tropicalcubanholiday.com (el \"Servicio\"), operado por P&P group S.L.\u00a0( \"nosotros\", \"nos\" o \"nuestro\") Su el acceso y uso del Servicio est\u00e1 condicionado a la aceptaci\u00f3n y cumplimiento de\u2026","rel":"","context":"Similar post","img":{"alt_text":"","src":"","width":0,"height":0},"classes":[]},{"id":17341,"url":"https:\/\/www.tropicalcubanholiday.com\/es\/divisas-tarjetas-de-credito\/","url_meta":{"origin":17363,"position":3},"title":"Divisas &#038; Tarjetas de Cr\u00e9dito","date":"octubre 3, 2017","format":false,"excerpt":"... siempre lleva suficiente dinero en efectivo ...","rel":"","context":"Similar post","img":{"alt_text":"","src":"https:\/\/i0.wp.com\/www.tropicalcubanholiday.com\/wp-content\/uploads\/2017\/09\/cuba-1116429_1280.jpg?fit=1200%2C675&ssl=1&resize=350%2C200","width":350,"height":200},"classes":[]},{"id":17374,"url":"https:\/\/www.tropicalcubanholiday.com\/es\/guia\/","url_meta":{"origin":17363,"position":4},"title":"Gu\u00eda","date":"octubre 3, 2017","format":false,"excerpt":"... la isla m\u00e1s fascinante del Caribe ...","rel":"","context":"Similar post","img":{"alt_text":"","src":"https:\/\/i0.wp.com\/www.tropicalcubanholiday.com\/wp-content\/uploads\/2017\/09\/Palmen-1.jpg?fit=944%2C791&ssl=1&resize=350%2C200","width":350,"height":200},"classes":[]},{"id":35375,"url":"https:\/\/www.tropicalcubanholiday.com\/es\/cuba-visa-tarjeta-turistica\/","url_meta":{"origin":17363,"position":5},"title":"Cuba Visa &#038; Tarjeta Tur\u00edstica","date":"junio 5, 2020","format":false,"excerpt":"...Solicite Su Visa-Tarjeta Tur\u00edstica Cubana...","rel":"","context":"Similar post","img":{"alt_text":"","src":"https:\/\/i0.wp.com\/www.tropicalcubanholiday.com\/wp-content\/uploads\/2020\/02\/GREEN-TROURIST-CARD-VISA-FOR-CUBA-1.jpg?fit=1200%2C960&ssl=1&resize=350%2C200","width":350,"height":200},"classes":[]}],"jetpack_likes_enabled":true,"_links":{"self":[{"href":"https:\/\/www.tropicalcubanholiday.com\/es\/wp-json\/wp\/v2\/pages\/17363"}],"collection":[{"href":"https:\/\/www.tropicalcubanholiday.com\/es\/wp-json\/wp\/v2\/pages"}],"about":[{"href":"https:\/\/www.tropicalcubanholiday.com\/es\/wp-json\/wp\/v2\/types\/page"}],"author":[{"embeddable":true,"href":"https:\/\/www.tropicalcubanholiday.com\/es\/wp-json\/wp\/v2\/users\/1"}],"replies":[{"embeddable":true,"href":"https:\/\/www.tropicalcubanholiday.com\/es\/wp-json\/wp\/v2\/comments?post=17363"}],"version-history":[{"count":3,"href":"https:\/\/www.tropicalcubanholiday.com\/es\/wp-json\/wp\/v2\/pages\/17363\/revisions"}],"predecessor-version":[{"id":23118,"href":"https:\/\/www.tropicalcubanholiday.com\/es\/wp-json\/wp\/v2\/pages\/17363\/revisions\/23118"}],"wp:featuredmedia":[{"embeddable":true,"href":"https:\/\/www.tropicalcubanholiday.com\/es\/wp-json\/wp\/v2\/media\/15679"}],"wp:attachment":[{"href":"https:\/\/www.tropicalcubanholiday.com\/es\/wp-json\/wp\/v2\/media?parent=17363"}],"curies":[{"name":"wp","href":"https:\/\/api.w.org\/{rel}","templated":true}]}}