{"id":17341,"date":"2017-10-03T12:24:35","date_gmt":"2017-10-03T12:24:35","guid":{"rendered":"https:\/\/www.tropicalcubanholiday.com\/divisas-tarjetas-de-credito\/"},"modified":"2019-07-03T13:05:32","modified_gmt":"2019-07-03T13:05:32","slug":"divisas-tarjetas-de-credito","status":"publish","type":"page","link":"https:\/\/www.tropicalcubanholiday.com\/es\/divisas-tarjetas-de-credito\/","title":{"rendered":"Divisas &#038; Tarjetas de Cr\u00e9dito"},"content":{"rendered":"\t\t<div data-elementor-type=\"wp-page\" data-elementor-id=\"17341\" class=\"elementor elementor-17341 elementor-11181 elementor-bc-flex-widget\">\n\t\t\t\t\t\t<div class=\"elementor-inner\">\n\t\t\t\t<div class=\"elementor-section-wrap\">\n\t\t\t\t\t\t\t\t\t<section class=\"elementor-section elementor-top-section elementor-element elementor-element-fnithda elementor-section-stretched elementor-section-boxed elementor-section-height-default elementor-section-height-default\" data-id=\"fnithda\" data-element_type=\"section\" data-settings=\"{&quot;stretch_section&quot;:&quot;section-stretched&quot;}\">\n\t\t\t\t\t\t<div class=\"elementor-container elementor-column-gap-default\">\n\t\t\t\t\t\t\t<div class=\"elementor-row\">\n\t\t\t\t\t<div class=\"elementor-column elementor-col-100 elementor-top-column elementor-element elementor-element-harxbak\" data-id=\"harxbak\" data-element_type=\"column\">\n\t\t\t<div class=\"elementor-column-wrap elementor-element-populated\">\n\t\t\t\t\t\t\t<div class=\"elementor-widget-wrap\">\n\t\t\t\t\t\t<section class=\"elementor-section elementor-inner-section elementor-element elementor-element-xrt55s0 elementor-section-boxed elementor-section-height-default elementor-section-height-default\" data-id=\"xrt55s0\" data-element_type=\"section\">\n\t\t\t\t\t\t<div class=\"elementor-container elementor-column-gap-default\">\n\t\t\t\t\t\t\t<div class=\"elementor-row\">\n\t\t\t\t\t<div class=\"elementor-column elementor-col-66 elementor-inner-column elementor-element elementor-element-1h6ink8\" data-id=\"1h6ink8\" data-element_type=\"column\">\n\t\t\t<div class=\"elementor-column-wrap elementor-element-populated\">\n\t\t\t\t\t\t\t<div class=\"elementor-widget-wrap\">\n\t\t\t\t\t\t<div class=\"elementor-element elementor-element-g0p99hc elementor-widget elementor-widget-text-editor\" data-id=\"g0p99hc\" data-element_type=\"widget\" data-widget_type=\"text-editor.default\">\n\t\t\t\t<div class=\"elementor-widget-container\">\n\t\t\t\t\t\t\t\t<div class=\"elementor-text-editor elementor-clearfix\">\n\t\t\t\t<p class=\"intro\">Cuba opera actualmente con dos monedas, el peso (CUP), que circula en gran medida en la econom\u00eda nacional y el peso convertible (CUC), que es la principal moneda para los turistas. Cuando usted cambia su dinero en Cuba, obtendr\u00e1 (CUC) Peso Convertible Cubano.<\/p><h3><strong> El Peso Convertible Cubano (CUC)<\/strong><\/h3><div><ul><li>El tipo de cambio nacional: 1 (CUC) \u2248 22 a 25 (CUP).<\/li><\/ul><\/div>\t\t\t\t\t<\/div>\n\t\t\t\t\t\t<\/div>\n\t\t\t\t<\/div>\n\t\t\t\t<div class=\"elementor-element elementor-element-qjxg8s6 elementor-widget elementor-widget-image\" data-id=\"qjxg8s6\" data-element_type=\"widget\" data-widget_type=\"image.default\">\n\t\t\t\t<div class=\"elementor-widget-container\">\n\t\t\t\t\t\t\t\t<div class=\"elementor-image\">\n\t\t\t\t\t\t\t\t\t\t\t\t<img data-attachment-id=\"22920\" data-permalink=\"https:\/\/www.tropicalcubanholiday.com\/es\/cuban-currencies-by-tropicalcubanholiday-com-2\/\" data-orig-file=\"https:\/\/i0.wp.com\/www.tropicalcubanholiday.com\/wp-content\/uploads\/2018\/03\/Cuban-Currencies-by-tropicalcubanholiday.com_.jpg?fit=1260%2C942&amp;ssl=1\" data-orig-size=\"1260,942\" data-comments-opened=\"1\" data-image-meta=\"{&quot;aperture&quot;:&quot;0&quot;,&quot;credit&quot;:&quot;&quot;,&quot;camera&quot;:&quot;&quot;,&quot;caption&quot;:&quot;&quot;,&quot;created_timestamp&quot;:&quot;0&quot;,&quot;copyright&quot;:&quot;&quot;,&quot;focal_length&quot;:&quot;0&quot;,&quot;iso&quot;:&quot;0&quot;,&quot;shutter_speed&quot;:&quot;0&quot;,&quot;title&quot;:&quot;&quot;,&quot;orientation&quot;:&quot;0&quot;}\" data-image-title=\"Cuban Currencies by tropicalcubanholiday.com\" data-image-description=\"\" data-image-caption=\"\" data-medium-file=\"https:\/\/i0.wp.com\/www.tropicalcubanholiday.com\/wp-content\/uploads\/2018\/03\/Cuban-Currencies-by-tropicalcubanholiday.com_.jpg?fit=300%2C224&amp;ssl=1\" data-large-file=\"https:\/\/i0.wp.com\/www.tropicalcubanholiday.com\/wp-content\/uploads\/2018\/03\/Cuban-Currencies-by-tropicalcubanholiday.com_.jpg?fit=1024%2C766&amp;ssl=1\" decoding=\"async\" width=\"1024\" height=\"766\" src=\"https:\/\/i0.wp.com\/www.tropicalcubanholiday.com\/wp-content\/uploads\/2018\/03\/Cuban-Currencies-by-tropicalcubanholiday.com_.jpg?fit=1024%2C766&amp;ssl=1\" class=\"attachment-large size-large wp-image-22920\" alt=\"\" loading=\"lazy\" srcset=\"https:\/\/i0.wp.com\/www.tropicalcubanholiday.com\/wp-content\/uploads\/2018\/03\/Cuban-Currencies-by-tropicalcubanholiday.com_.jpg?w=1260&amp;ssl=1 1260w, https:\/\/i0.wp.com\/www.tropicalcubanholiday.com\/wp-content\/uploads\/2018\/03\/Cuban-Currencies-by-tropicalcubanholiday.com_.jpg?resize=300%2C224&amp;ssl=1 300w, https:\/\/i0.wp.com\/www.tropicalcubanholiday.com\/wp-content\/uploads\/2018\/03\/Cuban-Currencies-by-tropicalcubanholiday.com_.jpg?resize=768%2C574&amp;ssl=1 768w, https:\/\/i0.wp.com\/www.tropicalcubanholiday.com\/wp-content\/uploads\/2018\/03\/Cuban-Currencies-by-tropicalcubanholiday.com_.jpg?resize=1024%2C766&amp;ssl=1 1024w, https:\/\/i0.wp.com\/www.tropicalcubanholiday.com\/wp-content\/uploads\/2018\/03\/Cuban-Currencies-by-tropicalcubanholiday.com_.jpg?resize=450%2C336&amp;ssl=1 450w, https:\/\/i0.wp.com\/www.tropicalcubanholiday.com\/wp-content\/uploads\/2018\/03\/Cuban-Currencies-by-tropicalcubanholiday.com_.jpg?resize=1070%2C800&amp;ssl=1 1070w\" sizes=\"(max-width: 1024px) 100vw, 1024px\" data-attachment-id=\"22920\" data-permalink=\"https:\/\/www.tropicalcubanholiday.com\/es\/cuban-currencies-by-tropicalcubanholiday-com-2\/\" data-orig-file=\"https:\/\/i0.wp.com\/www.tropicalcubanholiday.com\/wp-content\/uploads\/2018\/03\/Cuban-Currencies-by-tropicalcubanholiday.com_.jpg?fit=1260%2C942&amp;ssl=1\" data-orig-size=\"1260,942\" data-comments-opened=\"1\" data-image-meta=\"{&quot;aperture&quot;:&quot;0&quot;,&quot;credit&quot;:&quot;&quot;,&quot;camera&quot;:&quot;&quot;,&quot;caption&quot;:&quot;&quot;,&quot;created_timestamp&quot;:&quot;0&quot;,&quot;copyright&quot;:&quot;&quot;,&quot;focal_length&quot;:&quot;0&quot;,&quot;iso&quot;:&quot;0&quot;,&quot;shutter_speed&quot;:&quot;0&quot;,&quot;title&quot;:&quot;&quot;,&quot;orientation&quot;:&quot;0&quot;}\" data-image-title=\"Cuban Currencies by tropicalcubanholiday.com\" data-image-description=\"\" data-image-caption=\"\" data-medium-file=\"https:\/\/i0.wp.com\/www.tropicalcubanholiday.com\/wp-content\/uploads\/2018\/03\/Cuban-Currencies-by-tropicalcubanholiday.com_.jpg?fit=300%2C224&amp;ssl=1\" data-large-file=\"https:\/\/i0.wp.com\/www.tropicalcubanholiday.com\/wp-content\/uploads\/2018\/03\/Cuban-Currencies-by-tropicalcubanholiday.com_.jpg?fit=1024%2C766&amp;ssl=1\" \/>\t\t\t\t\t\t\t\t\t\t\t\t\t\t<\/div>\n\t\t\t\t\t\t<\/div>\n\t\t\t\t<\/div>\n\t\t\t\t<div class=\"elementor-element elementor-element-qmhceko elementor-widget elementor-widget-text-editor\" data-id=\"qmhceko\" data-element_type=\"widget\" data-widget_type=\"text-editor.default\">\n\t\t\t\t<div class=\"elementor-widget-container\">\n\t\t\t\t\t\t\t\t<div class=\"elementor-text-editor elementor-clearfix\">\n\t\t\t\t<div>\u00a0<\/div><div><strong style=\"color: #5d5c5c; font-family: Hanken, sans-serif; font-size: 1.5rem;\">Cambio de Divisa<\/strong><\/div><div><ul><li>Es posible cambiar directamente en el aeropuerto de Cuba. Otras posibilidades de cambio son en la mayor\u00eda de los hoteles de Cuba, bancos y CADECAS (casas oficiales de cambios).<\/li><li>M\u00e1s informaci\u00f3n sobre el tipo de cambio oficial, sigue el enlace: <a href=\"http:\/\/www.bc.gob.cu\/English\/exchange_rate.asp\" target=\"_blank\" rel=\"noopener\">Bank Metropolitano<\/a><\/li><li>Informe a su banco o compa\u00f1\u00eda de tarjetas de cr\u00e9dito acerca de sus planes de viaje. As\u00ed evitar\u00e1 compras inesperadas en el extranjero y fraudes con su tarjeta de cr\u00e9dito.<\/li><\/ul><\/div><h3><strong>Tarjetas de Cr\u00e9dito Aceptadas en Cuba<\/strong><\/h3><ul><li>Las tarjetas Visa y MasterCard son actualmente las disponibles en Cuba.<\/li><li>Es posible pagar con tarjeta de cr\u00e9dito, pero no en todos los lugares.<\/li><li>Se pueden encontrar cajeros autom\u00e1ticos en las ciudades m\u00e1s grandes.<\/li><li>Siempre lleve suficiente dinero en efectivo.<\/li><\/ul>\t\t\t\t\t<\/div>\n\t\t\t\t\t\t<\/div>\n\t\t\t\t<\/div>\n\t\t\t\t\t\t<\/div>\n\t\t\t\t\t<\/div>\n\t\t<\/div>\n\t\t\t\t<div class=\"elementor-column elementor-col-33 elementor-inner-column elementor-element elementor-element-bfechu3\" data-id=\"bfechu3\" data-element_type=\"column\">\n\t\t\t<div class=\"elementor-column-wrap elementor-element-populated\">\n\t\t\t\t\t\t\t<div class=\"elementor-widget-wrap\">\n\t\t\t\t\t\t<div class=\"elementor-element elementor-element-kism2qo elementor-widget elementor-widget-wp-widget-nav_menu\" data-id=\"kism2qo\" data-element_type=\"widget\" data-widget_type=\"wp-widget-nav_menu.default\">\n\t\t\t\t<div class=\"elementor-widget-container\">\n\t\t\t<h5>Que debes saber antes de viajar<\/h5><div class=\"menu-information-para-rcm-container\"><ul id=\"menu-information-para-rcm\" class=\"menu\"><li id=\"menu-item-23095\" class=\"menu-item menu-item-type-post_type menu-item-object-page menu-item-23095\"><a target=\"_blank\" rel=\"noopener\" href=\"https:\/\/www.tropicalcubanholiday.com\/es\/requisitos-legales-de-entrada\/\">Requisitos Legales de Entrada<\/a><\/li>\n<li id=\"menu-item-23092\" class=\"menu-item menu-item-type-post_type menu-item-object-page menu-item-23092\"><a target=\"_blank\" rel=\"noopener\" href=\"https:\/\/www.tropicalcubanholiday.com\/es\/divisas-tarjetas-de-credito\/\">Divisas &#038; Tarjetas de Cr\u00e9dito<\/a><\/li>\n<li id=\"menu-item-23091\" class=\"menu-item menu-item-type-post_type menu-item-object-page menu-item-23091\"><a target=\"_blank\" rel=\"noopener\" href=\"https:\/\/www.tropicalcubanholiday.com\/es\/conducir-en-cuba\/\">Conducir En Cuba<\/a><\/li>\n<li id=\"menu-item-23093\" class=\"menu-item menu-item-type-post_type menu-item-object-page menu-item-23093\"><a target=\"_blank\" rel=\"noopener\" href=\"https:\/\/www.tropicalcubanholiday.com\/es\/embajadas-y-consulados\/\">Embajadas y Consulados<\/a><\/li>\n<li id=\"menu-item-23096\" class=\"menu-item menu-item-type-post_type menu-item-object-page menu-item-23096\"><a target=\"_blank\" rel=\"noopener\" href=\"https:\/\/www.tropicalcubanholiday.com\/es\/seguro-de-salud\/\">Seguro de Salud<\/a><\/li>\n<li id=\"menu-item-23094\" class=\"menu-item menu-item-type-post_type menu-item-object-page menu-item-23094\"><a target=\"_blank\" rel=\"noopener\" href=\"https:\/\/www.tropicalcubanholiday.com\/es\/recomendaciones\/\">Recomendaciones<\/a><\/li>\n<\/ul><\/div>\t\t<\/div>\n\t\t\t\t<\/div>\n\t\t\t\t\t\t<\/div>\n\t\t\t\t\t<\/div>\n\t\t<\/div>\n\t\t\t\t\t\t\t\t<\/div>\n\t\t\t\t\t<\/div>\n\t\t<\/section>\n\t\t\t\t\t\t<\/div>\n\t\t\t\t\t<\/div>\n\t\t<\/div>\n\t\t\t\t\t\t\t\t<\/div>\n\t\t\t\t\t<\/div>\n\t\t<\/section>\n\t\t\t\t\t\t\t\t\t<\/div>\n\t\t\t<\/div>\n\t\t\t\t\t<\/div>\n\t\t<div class=\"sharedaddy sd-sharing-enabled\"><div class=\"robots-nocontent sd-block sd-social sd-social-icon sd-sharing\"><div class=\"sd-content\"><ul><li class=\"share-facebook\"><a rel=\"nofollow noopener noreferrer\" data-shared=\"sharing-facebook-17341\" class=\"share-facebook sd-button share-icon no-text\" href=\"https:\/\/www.tropicalcubanholiday.com\/es\/divisas-tarjetas-de-credito\/?share=facebook\" target=\"_blank\" title=\"Click to share on Facebook\" ><span><\/span><span class=\"sharing-screen-reader-text\">Click to share on Facebook (Opens in new window)<\/span><\/a><\/li><li class=\"share-twitter\"><a rel=\"nofollow noopener noreferrer\" data-shared=\"sharing-twitter-17341\" class=\"share-twitter sd-button share-icon no-text\" href=\"https:\/\/www.tropicalcubanholiday.com\/es\/divisas-tarjetas-de-credito\/?share=twitter\" target=\"_blank\" title=\"Click to share on Twitter\" ><span><\/span><span class=\"sharing-screen-reader-text\">Click to share on Twitter (Opens in new window)<\/span><\/a><\/li><li class=\"share-pinterest\"><a rel=\"nofollow noopener noreferrer\" data-shared=\"sharing-pinterest-17341\" class=\"share-pinterest sd-button share-icon no-text\" href=\"https:\/\/www.tropicalcubanholiday.com\/es\/divisas-tarjetas-de-credito\/?share=pinterest\" target=\"_blank\" title=\"Click to share on Pinterest\" ><span><\/span><span class=\"sharing-screen-reader-text\">Click to share on Pinterest (Opens in new window)<\/span><\/a><\/li><li class=\"share-jetpack-whatsapp\"><a rel=\"nofollow noopener noreferrer\" data-shared=\"\" class=\"share-jetpack-whatsapp sd-button share-icon no-text\" href=\"https:\/\/www.tropicalcubanholiday.com\/es\/divisas-tarjetas-de-credito\/?share=jetpack-whatsapp\" target=\"_blank\" title=\"Click to share on WhatsApp\" ><span><\/span><span class=\"sharing-screen-reader-text\">Click to share on WhatsApp (Opens in new window)<\/span><\/a><\/li><li class=\"share-reddit\"><a rel=\"nofollow noopener noreferrer\" data-shared=\"\" class=\"share-reddit sd-button share-icon no-text\" href=\"https:\/\/www.tropicalcubanholiday.com\/es\/divisas-tarjetas-de-credito\/?share=reddit\" target=\"_blank\" title=\"Click to share on Reddit\" ><span><\/span><span class=\"sharing-screen-reader-text\">Click to share on Reddit (Opens in new window)<\/span><\/a><\/li><li class=\"share-tumblr\"><a rel=\"nofollow noopener noreferrer\" data-shared=\"\" class=\"share-tumblr sd-button share-icon no-text\" href=\"https:\/\/www.tropicalcubanholiday.com\/es\/divisas-tarjetas-de-credito\/?share=tumblr\" target=\"_blank\" title=\"Click to share on Tumblr\" ><span><\/span><span class=\"sharing-screen-reader-text\">Click to share on Tumblr (Opens in new window)<\/span><\/a><\/li><li class=\"share-custom share-custom-mail\"><a rel=\"nofollow noopener noreferrer\" data-shared=\"\" class=\"share-custom share-custom-mail sd-button share-icon no-text\" href=\"https:\/\/www.tropicalcubanholiday.com\/es\/divisas-tarjetas-de-credito\/?share=custom-1559669851\" target=\"_blank\" title=\"Click to share on Mail\" ><span style=\"background-image:url(&quot;https:\/\/www.tropicalcubanholiday.com\/wp-content\/uploads\/2019\/06\/mail-by-tropicalcubanholida.com_.png&quot;);\"><\/span><span class=\"sharing-screen-reader-text\">Click to share on Mail (Opens in new window)<\/span><\/a><\/li><li class=\"share-end\"><\/li><\/ul><\/div><\/div><\/div>","protected":false},"excerpt":{"rendered":"<p>&#8230; siempre lleva suficiente dinero en efectivo &#8230;<\/p>\n<div class=\"sharedaddy sd-sharing-enabled\"><div class=\"robots-nocontent sd-block sd-social sd-social-icon sd-sharing\"><div class=\"sd-content\"><ul><li class=\"share-facebook\"><a rel=\"nofollow noopener noreferrer\" data-shared=\"sharing-facebook-17341\" class=\"share-facebook sd-button share-icon no-text\" href=\"https:\/\/www.tropicalcubanholiday.com\/es\/divisas-tarjetas-de-credito\/?share=facebook\" target=\"_blank\" title=\"Click to share on Facebook\" ><span><\/span><span class=\"sharing-screen-reader-text\">Click to share on Facebook (Opens in new window)<\/span><\/a><\/li><li class=\"share-twitter\"><a rel=\"nofollow noopener noreferrer\" data-shared=\"sharing-twitter-17341\" class=\"share-twitter sd-button share-icon no-text\" href=\"https:\/\/www.tropicalcubanholiday.com\/es\/divisas-tarjetas-de-credito\/?share=twitter\" target=\"_blank\" title=\"Click to share on Twitter\" ><span><\/span><span class=\"sharing-screen-reader-text\">Click to share on Twitter (Opens in new window)<\/span><\/a><\/li><li class=\"share-pinterest\"><a rel=\"nofollow noopener noreferrer\" data-shared=\"sharing-pinterest-17341\" class=\"share-pinterest sd-button share-icon no-text\" href=\"https:\/\/www.tropicalcubanholiday.com\/es\/divisas-tarjetas-de-credito\/?share=pinterest\" target=\"_blank\" title=\"Click to share on Pinterest\" ><span><\/span><span class=\"sharing-screen-reader-text\">Click to share on Pinterest (Opens in new window)<\/span><\/a><\/li><li class=\"share-jetpack-whatsapp\"><a rel=\"nofollow noopener noreferrer\" data-shared=\"\" class=\"share-jetpack-whatsapp sd-button share-icon no-text\" href=\"https:\/\/www.tropicalcubanholiday.com\/es\/divisas-tarjetas-de-credito\/?share=jetpack-whatsapp\" target=\"_blank\" title=\"Click to share on WhatsApp\" ><span><\/span><span class=\"sharing-screen-reader-text\">Click to share on WhatsApp (Opens in new window)<\/span><\/a><\/li><li class=\"share-reddit\"><a rel=\"nofollow noopener noreferrer\" data-shared=\"\" class=\"share-reddit sd-button share-icon no-text\" href=\"https:\/\/www.tropicalcubanholiday.com\/es\/divisas-tarjetas-de-credito\/?share=reddit\" target=\"_blank\" title=\"Click to share on Reddit\" ><span><\/span><span class=\"sharing-screen-reader-text\">Click to share on Reddit (Opens in new window)<\/span><\/a><\/li><li class=\"share-tumblr\"><a rel=\"nofollow noopener noreferrer\" data-shared=\"\" class=\"share-tumblr sd-button share-icon no-text\" href=\"https:\/\/www.tropicalcubanholiday.com\/es\/divisas-tarjetas-de-credito\/?share=tumblr\" target=\"_blank\" title=\"Click to share on Tumblr\" ><span><\/span><span class=\"sharing-screen-reader-text\">Click to share on Tumblr (Opens in new window)<\/span><\/a><\/li><li class=\"share-custom share-custom-mail\"><a rel=\"nofollow noopener noreferrer\" data-shared=\"\" class=\"share-custom share-custom-mail sd-button share-icon no-text\" href=\"https:\/\/www.tropicalcubanholiday.com\/es\/divisas-tarjetas-de-credito\/?share=custom-1559669851\" target=\"_blank\" title=\"Click to share on Mail\" ><span style=\"background-image:url(&quot;https:\/\/www.tropicalcubanholiday.com\/wp-content\/uploads\/2019\/06\/mail-by-tropicalcubanholida.com_.png&quot;);\"><\/span><span class=\"sharing-screen-reader-text\">Click to share on Mail (Opens in new window)<\/span><\/a><\/li><li class=\"share-end\"><\/li><\/ul><\/div><\/div><\/div>","protected":false},"author":1,"featured_media":16651,"parent":0,"menu_order":0,"comment_status":"closed","ping_status":"closed","template":"","meta":{"inline_featured_image":false,"jetpack_post_was_ever_published":false},"jetpack_sharing_enabled":true,"jetpack_shortlink":"https:\/\/wp.me\/P92jRp-4vH","jetpack-related-posts":[{"id":11181,"url":"https:\/\/www.tropicalcubanholiday.com\/currencies-and-credit-card-in-cuba\/","url_meta":{"origin":17341,"position":0},"title":"Currencies &#038; Credit Card","date":"agosto 4, 2017","format":false,"excerpt":"...always take enough cash with you...","rel":"","context":"Similar post","img":{"alt_text":"","src":"https:\/\/i0.wp.com\/www.tropicalcubanholiday.com\/wp-content\/uploads\/2017\/09\/cuba-1116429_1280.jpg?fit=1200%2C675&ssl=1&resize=350%2C200","width":350,"height":200},"classes":[]},{"id":17328,"url":"https:\/\/www.tropicalcubanholiday.com\/fr\/devises-cartes-de-credit\/","url_meta":{"origin":17341,"position":1},"title":"Devises &#038; Cartes de Cr\u00e9dit","date":"octubre 3, 2017","format":false,"excerpt":"... prends toujours assez d'argent avec toi ...","rel":"","context":"Similar post","img":{"alt_text":"","src":"https:\/\/i0.wp.com\/www.tropicalcubanholiday.com\/wp-content\/uploads\/2017\/09\/cuba-1116429_1280.jpg?fit=1200%2C675&ssl=1&resize=350%2C200","width":350,"height":200},"classes":[]},{"id":17336,"url":"https:\/\/www.tropicalcubanholiday.com\/de\/waehrungen-kreditkarte\/","url_meta":{"origin":17341,"position":2},"title":"W\u00e4hrungen &#038; Kreditkarte","date":"octubre 3, 2017","format":false,"excerpt":"... immer genug Bargeld mitnehmen ...","rel":"","context":"Similar post","img":{"alt_text":"","src":"https:\/\/i0.wp.com\/www.tropicalcubanholiday.com\/wp-content\/uploads\/2017\/09\/cuba-1116429_1280.jpg?fit=1200%2C675&ssl=1&resize=350%2C200","width":350,"height":200},"classes":[]},{"id":17226,"url":"https:\/\/www.tropicalcubanholiday.com\/es\/sobre-nosotros\/","url_meta":{"origin":17341,"position":3},"title":"Sobre nosotros","date":"octubre 1, 2017","format":false,"excerpt":"...la mejor manera de descubrir Cuba y su encanto ...","rel":"","context":"Similar post","img":{"alt_text":"","src":"https:\/\/i0.wp.com\/www.tropicalcubanholiday.com\/wp-content\/uploads\/2017\/08\/tropical-cuban-holiday-about-us.jpg?fit=1200%2C224&ssl=1&resize=350%2C200","width":350,"height":200},"classes":[]},{"id":17363,"url":"https:\/\/www.tropicalcubanholiday.com\/es\/seguro-de-salud\/","url_meta":{"origin":17341,"position":4},"title":"Seguro de Salud","date":"octubre 3, 2017","format":false,"excerpt":"... seguro m\u00e9dico de viaje es obligatorio para todos los visitantes, altamente recomendado ...","rel":"","context":"Similar post","img":{"alt_text":"","src":"https:\/\/i0.wp.com\/www.tropicalcubanholiday.com\/wp-content\/uploads\/2017\/08\/Tropical-Cuban-Holiday-Villa-Clara-1-1.jpg?fit=800%2C1200&ssl=1&resize=350%2C200","width":350,"height":200},"classes":[]},{"id":17353,"url":"https:\/\/www.tropicalcubanholiday.com\/es\/requisitos-legales-de-entrada\/","url_meta":{"origin":17341,"position":5},"title":"Requisitos Legales de Entrada","date":"octubre 3, 2017","format":false,"excerpt":".. informese sobre los requisitos para la entrada legal a Cuba ...","rel":"","context":"Similar post","img":{"alt_text":"","src":"https:\/\/i0.wp.com\/www.tropicalcubanholiday.com\/wp-content\/uploads\/2017\/08\/Beach-Cuba-2-e1506261506907.jpg?fit=1001%2C599&ssl=1&resize=350%2C200","width":350,"height":200},"classes":[]}],"jetpack_likes_enabled":true,"_links":{"self":[{"href":"https:\/\/www.tropicalcubanholiday.com\/es\/wp-json\/wp\/v2\/pages\/17341"}],"collection":[{"href":"https:\/\/www.tropicalcubanholiday.com\/es\/wp-json\/wp\/v2\/pages"}],"about":[{"href":"https:\/\/www.tropicalcubanholiday.com\/es\/wp-json\/wp\/v2\/types\/page"}],"author":[{"embeddable":true,"href":"https:\/\/www.tropicalcubanholiday.com\/es\/wp-json\/wp\/v2\/users\/1"}],"replies":[{"embeddable":true,"href":"https:\/\/www.tropicalcubanholiday.com\/es\/wp-json\/wp\/v2\/comments?post=17341"}],"version-history":[{"count":10,"href":"https:\/\/www.tropicalcubanholiday.com\/es\/wp-json\/wp\/v2\/pages\/17341\/revisions"}],"predecessor-version":[{"id":25709,"href":"https:\/\/www.tropicalcubanholiday.com\/es\/wp-json\/wp\/v2\/pages\/17341\/revisions\/25709"}],"wp:featuredmedia":[{"embeddable":true,"href":"https:\/\/www.tropicalcubanholiday.com\/es\/wp-json\/wp\/v2\/media\/16651"}],"wp:attachment":[{"href":"https:\/\/www.tropicalcubanholiday.com\/es\/wp-json\/wp\/v2\/media?parent=17341"}],"curies":[{"name":"wp","href":"https:\/\/api.w.org\/{rel}","templated":true}]}}