{"id":17521,"date":"2017-10-05T07:09:26","date_gmt":"2017-10-05T07:09:26","guid":{"rendered":"https:\/\/www.tropicalcubanholiday.com\/agb\/"},"modified":"2022-12-28T09:50:55","modified_gmt":"2022-12-28T09:50:55","slug":"agb","status":"publish","type":"page","link":"https:\/\/www.tropicalcubanholiday.com\/de\/agb\/","title":{"rendered":"AGB"},"content":{"rendered":"<p>Gesch\u00e4ftsbedingungen (&#8220; Bedingungen &#8222;)<\/p>\n<p>Bitte lesen Sie diese Bedingungen ( &#8222;AGB&#8220;, &#8222;Allgemeine Gesch\u00e4ftsbedingungen&#8220;) sorgf\u00e4ltig durch, bevor Sie die Website\u00a0www.tropicalcubanholiday.com\u00a0(der &#8222;Service&#8220;), betrieben von P&amp;P group GmbH (&#8222;uns&#8220;, &#8222;wir&#8220; oder &#8222;unser&#8220;), nutzen.<br \/>\nIhr Zugang und die Nutzung des Service setzt Ihre Akzeptanz und Einhaltung dieser Bedingungen voraus. Diese Bedingungen gelten f\u00fcr alle Besucher, Benutzer und andere, die Zugang zum Service haben und \/ oder den Service nutzen.<br \/>\nMit dem Zugriff oder Nutzung des Dienstes erkl\u00e4ren Sie sich einverstanden, an diese Bedingungen gebunden zu sein. Wenn Sie mit irgendeinem Teil der Bedingungen nicht einverstanden sind, dann d\u00fcrfen Sie den Service nicht nutzen.<br \/>\nDie Bedingungen gelten f\u00fcr alle Buchungen \u00fcber unsere Buchungsdienste, unabh\u00e4ngig davon, ob dies \u00fcber unsere Websites, mobile Websites oder andere mobile Anwendungen erfolgt.<br \/>\nDie Nutzung der Tropical Cuban Holiday Website und alle Buchungen, die Sie \u00fcber die Tropical Cuban Holiday Seiten machen unterliegen diesen Allgemeinen Gesch\u00e4ftsbedingungen (die &#8222;Bedingungen&#8220;).<\/p>\n<p>Buchung<br \/>\nWir erleichtern die Verarbeitung und Buchung von Unterk\u00fcnften und Transportdienstleistungen. Wir bieten keine eigene Unterkunft oder Transportdienste an.<br \/>\nSie best\u00e4tigen, dass Sie mindestens 18 Jahre alt sind, um den Service von Tropical Cuban Holiday rechtm\u00e4\u00dfig zu nutzen und um Vertr\u00e4ge und andere verbindliche gesetzliche Verpflichtungen eingehen zu k\u00f6nnen, welche aus der Nutzung der Tropical Cuban Holiday Seiten entstehen. Sie verstehen, dass Sie durch die Nutzung unseres Services finanzielle Verbindlichkeiten eingehen. Dies bezieht sich auf die Verwendungen der Tropical Cuban Holiday Seiten und auf Ihre Login-Daten.<br \/>\nWenn Sie eine Buchung \u00fcber die Tropical Cuban Holiday Seiten t\u00e4tigen, wird Ihr Einverst\u00e4ndnis f\u00fcr eine vertragliche Bindung vorausgesetzt. Die vertragliche Verbindlichkeit entsteht mit dem Reisedienstleister, nicht mit Tropical Cuban Holiday, da wir nur als Agent f\u00fcr die Reiseanbieter fungieren. Es liegt in der Verantwortung der Reise- oder Transportdienstleister, Ihnen die Reise- oder Transportdienstleistungen zur Verf\u00fcgung zu stellen. Wir sind nicht verantwortlich f\u00fcr die Erf\u00fcllung der Buchung \u00fcber die Tropical Cuban Holiday Seiten oder f\u00fcr die Qualit\u00e4t der Unterkunft oder sonstige M\u00e4ngel der Reise- oder Transportleistungen, die \u00fcber unseren Service gebucht werden.<\/p>\n<p>T\u00e4tigen einer\u00a0Buchung<br \/>\nF\u00fcr Benutzer, die keine Dienstleistungen anforden, ist der Zugang zu unserem Service gratis.<br \/>\nBei einer Buchung \u00fcber Tropical Cuban Holiday, werden Sie direkt dem Besitzer kontaktieren, bzw.\u00a0 Ihre Reisebuchung mit dern Besitzer organisieren und\u00a0 zahlen.<\/p>\n<p>Wenn <span id=\"result_box\" class=\"\" lang=\"de\"><span class=\"\">die Reisende m\u00f6chten, dass Tropical Cuban Holiday Ihre Reise, Tours,\u00a0 Buchungen und weitere Diennstleistungen organisiert, dann werden Sie verpflichtet, eine Geb\u00fchr im Voraus zu zahlen<\/span><\/span>. Einmal best\u00e4titgt die Zahlungeingang von Tropical Cuban Holiday werden die angefordeten Leistungen best\u00e4tigt.<\/p>\n<p>Die Buchungspreise enthalten keine Steuern; Benutzer sind daf\u00fcr verantwortlich alle Steuern zahlen, welche noch anfallen\u00a0k\u00f6nnen.<br \/>\nSie sind daf\u00fcr verantwortlich, dem Reiseanbieter bei der Ankunft alle anderen zus\u00e4tzlichen Zahlungen vor Ort zu t\u00e4tigen, welche mit dem Reiseanbieter f\u00fcr zus\u00e4tzliche Dienstleistungen abgemacht wurden. Sie sind auch f\u00fcr die Zahlung allf\u00e4lliger Servicegeb\u00fchren und Steuern der Dienstleistungserbringer, entsprechend deren Allgemeinen Gesch\u00e4ftsbedingungen und Handelsbedingungen verantwortlich.<br \/>\nWenn Sie ein Produkt kaufen oder eine Dienstleistung buchen m\u00f6chten, welche durch unseren Service (&#8222;Kauf und \/ oder Produkt&#8220;) zur Verf\u00fcgung gestellt werden, k\u00f6nnen wir Daten von Ihnen erheben. Dies betrifft vor allem Ihre Kredit- oder Debitkartennummer, das Ablaufdatum Ihrer Kreditkarte, Rechnungsadresse, Ihre E-Mail-Adresse und Versandinformationen. Durch eine Buchung mit Ihrer Kreditkarte oder EC-Karte, oder mittels Lastschriftverfahren, stimmen Sie der entsprechenden Stornierungs- und Nichterscheinen-Policy (No-Show-Policy) der Reise- und Transportdienstleister zu, wie es in den Gesch\u00e4ftsbedingungen festgelegt ist.<br \/>\nSie gew\u00e4hrleisten und versichern uns dass: (i) Sie das gesetzliche Recht haben eine Kreditkarte oder die Kreditkarten, oder eine andere Zahlungsmethode im Zusammenhang mit einem Kauf\/Buchung zu verwenden; und dass (ii) die Informationen die Sie uns liefern, wahr, richtig und vollst\u00e4ndig sind.<br \/>\nMittels \u00dcbermittlung von Informationen, erteilen Sie uns das automatische Recht, die Informationen Dritten zur Erleichterung der Kaufabschl\u00fcsse und \/ oder f\u00fcr Buchungen zur Verf\u00fcgung zu stellen.<br \/>\nWir behalten uns das Recht vor jederzeit aus bestimmten Gr\u00fcnden, insbesondere wie aufgrund der Produkt-, oder Service-Verf\u00fcgbarkeit, Fehler in der Beschreibung oder beim Preis des Produkts oder der Dienstleistung, Fehler in Ihrer Bestellung oder aus anderen Gr\u00fcnden, Ihre Buchungen und K\u00e4ufe zu verweigern oder zu stornieren.<br \/>\nWir behalten uns das Recht\u00a0vor Ihre Bestellung zu verweigern oder zu stornieren, wenn Betrug oder eine nicht autorisierte oder illegale Transaktion vermutet wird.<\/p>\n<p>3. Stornierung<br \/>\nUm einen sicheren Prozess zu gew\u00e4hrleisten, m\u00fcssen alle Stornierungen durch Tropical Cuban Holiday Webseiten abgewickelt werden. Bitte kontaktieren Sie uns per E-Mail.<br \/>\nStornierungen m\u00fcssen die Buchungsnummer enthalten und von den E-Mail Accounts registrierter Nutzer bei Tropical Cuban Holiday aus gesendet werden.\u00a0 Beachten Sie, dass die K\u00fcndigung nicht offiziell ist, bis Sie eine E-Mail Best\u00e4tigung von unserem Support-Team erhalten.<br \/>\nWenn Sie eine Buchung \u00fcber Tropical Cuban Holiday Seiten t\u00e4tigen, ist immer eine Bearbeitungsgeb\u00fchr. Diese ist in jedem Fall nicht r\u00fcckerstattbar.<br \/>\n3.1 Stornierungsgeb\u00fchren<br \/>\nWenn ein Gast mindestens 45 Tage vor\u00a0 Check-in (vor 12 Uhr MEZ (Mitteleurop\u00e4ische Zeit)) storniert, erstatten wir 10% der Buchungsgeb\u00fchr zur\u00fcck.<br \/>\n-F\u00fcr Stornierungen bis zu 30 Tagen vor dem Check-in, wird 20% der Buchungsgeb\u00fchr zur\u00fcckerstattet.<br \/>\n-F\u00fcr Stornierungen bis zu 20 Tagen vor dem Check-in, wird 30% der Buchungsgeb\u00fchr zur\u00fcckerstattet.<br \/>\n-F\u00fcr Stornierungen bis zu 10 Tage vor dem Check-in werden keine R\u00fcckerstattungen get\u00e4tigt.<\/p>\n<p>3.1.1 Stornogeb\u00fchren f\u00fcr alle gemieteten Transportmittel (Wohnmobile, Motorroller, Autos, Fahrr\u00e4der und Elektrofahrr\u00e4der)<br \/>\n&#8211; Wenn ein Gast mindestens 30 Tage vor dem Abholdatum vor 12.00 Uhr MEZ (Mitteleurop\u00e4ische Zeit) storniert, wird eine Vertragsstrafe von 35% des Gesamtbetrags erhoben.<br \/>\n-F\u00fcr Stornierungen zwischen 30 und 20 Tagen vor dem Abholdatum wird eine Stornogeb\u00fchr in H\u00f6he von 60% des Gesamtbetrags erhoben.<br \/>\n-F\u00fcr Stornierungen, die weniger als 20 Tage vor dem Abholdatum erfolgen, wird eine Stornogeb\u00fchr in H\u00f6he von 80% des Gesamtbetrags erhoben.<br \/>\n-F\u00fcr Stornierungen innerhalb von 15 Tagen vor dem Abholdatum wird keine Geldr\u00fcckgabe vorgenommen. Es wird eine Stornogeb\u00fchr von 100% des Gesamtbetrages f\u00e4llig.<\/p>\n<p>Die Buchungsgeb\u00fchr ist exakt wie angegeben zu bezahlen. alle aufgrund von Wechselkursen entstehenden zus\u00e4tzlichen Geb\u00fchren, werden Ihnen belastet. F\u00fcr Banktransaktionen gilt der Wechselkurs unserer Bank, ansonsten gelten Wechselkurse von Tropical Cuban Holiday. Gleiches gilt f\u00fcr R\u00fcckerstattungen.<br \/>\nBei Nichterscheinen am vereinbarten Ort\/Tag\/Check-in-Zeit,\u00a0wird der gesamte Aufenthalts\/die gesamte Buchung storniert. Es wird keine R\u00fcckerstattung get\u00e4tigt. Jede \u00c4nderung Ihrer Buchung muss mit dem Reiseanbieter direkt (aber ohne Anspruch auf Ersatz aller oder eines Teils der Anzahlung) vereinbart werden. Bei einer Buchung ist es Ihre Aufgabe, dem Reisedienstleister die speziellen Anforderungen offen zu legen, die Sie oder eine Person die mit Ihnen reist, aufgrund gesundheitlicher Probleme etc. ben\u00f6tigen.<br \/>\nWenn eine Buchung best\u00e4tigt wird, senden wir Ihnen eine Buchungsbest\u00e4tigung im Namen der Reiseanbieter f\u00fcr jede Buchung zu, aber keine Informationen \u00fcber m\u00f6gliche zus\u00e4tzliche Geb\u00fchren die anfallen k\u00f6nnen. Wir bem\u00fchen uns darum sicherzustellen, dass die Buchungsbest\u00e4tigung Informationen \u00fcber die von dem Reisedienstleister erhobenen Steuern\/Geb\u00fchren enth\u00e4lt. Wir empfehlen Ihnen dringend, sich \u00fcber die Gesch\u00e4ftsbedingungen des Reiseanbieters zu informieren, welche einzuhalten sind, um das Angebot nutzen zu k\u00f6nnen.<br \/>\nDie Referenznummern der Buchungsbest\u00e4tigung sollten f\u00fcr alle Anfragen, Stornierungen oder \u00c4nderungen der Buchung angegeben werden.<br \/>\nWenn der Gastgeber \/ Besitzer die Buchung vor Ihrer Ankunft storniert, wird Tropical Cuban Holiday Ihnen helfen, eine alternative Unterkunft zu finden, wenn dies gew\u00fcnscht wird oder Ihnen die Buchungsgeb\u00fchr zur\u00fcckerstatten. Die G\u00e4ste sollen uns in solchen F\u00e4llen innerhalb 24 Stunden kontaktieren.<br \/>\n3.2 Tod<br \/>\nIn Todesf\u00e4llen eines Familienmitgliedes (Mutter, Vater, Ehemann \/ Ehefrau, Schwester, Bruder und Sohn), erfolgen R\u00fcckerstattungen gem\u00e4ss unserer Stornierungs-Policy.\u00a0Dieser Vorgang erfordert eine Sterbeurkunde als Beweis.<br \/>\n3.3 Naturkatastrophen und andere unvorhersehbare Ereignisse<br \/>\nWenn Naturkatastrophen (Lawine, Schneesturm, Wirbelsturm, Hurrikan, Erdbeben, \u00dcberschwemmung, Erdrutsch), Krieg, Terroranschl\u00e4ge oder nukleare Unf\u00e4lle dem Gastgeber \u00a0die Erf\u00fcllung seiner Pflichten verunm\u00f6glichen, erfolgt keine R\u00fcckerstattung.<\/p>\n<p>4. Verf\u00fcgbarkeit, Fehler und Ungenauigkeiten<br \/>\nWir aktualisieren unsere Angebote bez\u00fcglich der Produkte, Dienstleistungen und unserem Service st\u00e4ndig. Die Produkte oder Dienstleistungen, welche \u00fcber unseren Service verf\u00fcgbar sind k\u00f6nnen preislich falsch oder ungenau beschrieben, oder nicht zur Verf\u00fcgung stehen. Durch die Aktualisierung der Informationen auf unserem Service und in unserer Werbung auf anderen Webseiten k\u00f6nnen Verz\u00f6gerungen auftreten,<br \/>\nWir garantieren keine Gew\u00e4hr \u00fcber die Richtigkeit oder Vollst\u00e4ndigkeit der Informationen, einschlie\u00dflich der Preise, Produktbilder, Spezifikationen, Verf\u00fcgbarkeit und Leistungen. Wir behalten uns das Recht vor, Informationen zu \u00e4ndern oder zu aktualisieren und ohne vorherige Ank\u00fcndigung jederzeit Fehler, Ungenauigkeiten oder Auslassungen zu korrigieren.<\/p>\n<p>5. Wettbewerbe, Gewinnspiele und Promotions<br \/>\nAlle Wettbewerbe, Gewinnspiele oder andere Aktionen (gemeinsam &#8222;Promotions&#8220;), welche \u00fcber unseren Service verf\u00fcgbar sind, k\u00f6nnen durch andere Vorschriften geregelt werden, welche anderen Bedingungen und nicht diesen AGBs unterliegen. Wenn Sie an irgendwelchen Aktionen teilnehmen, \u00fcberpr\u00fcfen Sie die geltenden Vorschriften sowie deren Datenschutzbestimmungen. Wenn die Vorschriften oder andere Bestimmungen der Promotions mit diesen Bedingungen in Konflikt stehen, gelten die Regeln der Promotion.<\/p>\n<p>6. Inhalt<br \/>\nUnser Service erm\u00f6glicht es Ihnen bestimmte Informationen, Texte, Grafiken, Videos oder andere Materialien ( &#8222;Inhalt&#8220;) zur Verf\u00fcgung zu stellen, zu speichern, zu teilen, zu verlinken und auf andere Arten bereitzustellen. Sie sind f\u00fcr die Inhalte, die Sie auf dem Service ver\u00f6ffentlichen, einschlie\u00dflich ihrer Rechtm\u00e4\u00dfigkeit, Zuverl\u00e4ssigkeit und Angemessenheit verantwortlich.<br \/>\nMit der Nutzung unseres Services gew\u00e4hren Sie uns das Recht und die Lizenz Ihre zur Verf\u00fcgung gestellten Informationen \u00fcber oder durch unseren Service zu nutzen, zu modifizieren, \u00f6ffentlich darzubieten, \u00f6ffentlich anzuzeigen, zu reproduzieren und zu verteilen. Sie behalten alle Ihre Rechte auf alle Ihre Inhalte die Sie durch oder \u00fcber unseren Service zur Verf\u00fcgung stellen und sind daf\u00fcr verantwortlich diese Rechte zu sch\u00fctzen. Sie sind damit einverstanden, dass diese Lizenz das Recht umfasst, Ihre Inhalte anderen Nutzern des Dienstes zur Verf\u00fcgung zu stellen, welche Ihren Inhalt diesen allgemeinen Gesch\u00e4ftsbedingungen unterliegend nutzen k\u00f6nnen.<br \/>\nSie gew\u00e4hrleisten, dass: (i) der Inhalt den Sie zur Verf\u00fcgung stellen Ihnen geh\u00f6rt (Sie besitzen es), oder dass Sie das Recht haben, den Inhalt zu benutzen und zur Verf\u00fcgung zu stellen und gew\u00e4hren uns die Rechte und Lizenz, wie in diesen AGBs vorgesehen ist, und (ii) die von Ihnen zur Verf\u00fcgung gestellten Inhalte (auf oder \u00fcber unseren Service) nicht gegen die Rechte auf Privatsph\u00e4re, Publizit\u00e4tsrechte, Urheberrechte, Vertragsrechte oder andere Rechte anderer Personen verstossen.<\/p>\n<p>7. Konten<br \/>\nWenn Sie ein Konto bei uns erstellen, m\u00fcssen Sie uns Informationen zur Verf\u00fcgung stellen, die jederzeit korrekt, vollst\u00e4ndig und aktuell ist. Geschieht dies nicht, gilt dies als Verletzung der AGBs, was zu einer sofortigen K\u00fcndigung Ihres Kontos auf unserem Service f\u00fchren kann.<br \/>\nSie sind f\u00fcr die Sicherung Ihres Passwortes verantwortlich, \u00fcber welches Sie auf den Service zuzugreifen und f\u00fcr alle Aktivit\u00e4ten und Ma\u00dfnahmen unter Ihrem Passwort, unabh\u00e4ngig davon ob Sie Ihr Passwort mit unserem Dienst oder einem Dritt-Parteien Service verbinden<br \/>\nSie stimmen zu, Ihr Passwort nicht an Dritte weiterzugeben. Sie m\u00fcssen uns unverz\u00fcglich \u00fcber jede Sicherheitsverletzung oder unberechtigte Nutzung Ihres Kontos informieren.<br \/>\nSie k\u00f6nnen als Benutzernamen nicht den Namen einer anderen Person oder Organisation verwenden oder einen Namen einer Marke, ohne eine entsprechende Genehmigung derselben vorlegen zu k\u00f6nnen.<\/p>\n<p>8. Verantwortung ausschlie\u00dfen<br \/>\nWir sind von jeglicher Haftung des Kunden f\u00fcr die Nichteinhaltung von Sicherheitsbestimmungen f\u00fcr alle von uns ver\u00f6ffentlichten Dienstleistungen wie Unterkunftseinrichtungen, Transportnutzung usw. ausgeschlossen. Wir sind auch von jeglichem kriminellen Verhalten ausgeschlossen, an dem der Kunde direkt oder indirekt beteiligt ist in irgendeiner Weise sowie f\u00fcr Sch\u00e4den, die innerhalb oder au\u00dferhalb Kubas entstanden sind.<\/p>\n<p>9. Geistiges Eigentum<br \/>\nDer Service und sein urspr\u00fcnglicher Inhalt (ohne Inhalt der von den Nutzern zur Verf\u00fcgung gestellt wird), Features (Kenndaten, Eigenschaften etc.) und Funktionen sind und bleiben das alleinige Eigentum von P&amp;P group GmbH und seinen Lizenzgeber. Der Service wird durch das Urheberrecht, Markenrecht und durch andere Gesetze gesch\u00fctzt und unterliegt schweizerischen wie auch ausl\u00e4ndischem Recht zu deren Schutze. Unser Markenzeichen und unsere Produkte d\u00fcrfen ohne die vorherige Zustimmung von P&amp;P group GmbH\u00a0 nicht mit einem anderen Produkt in Verbindung\u00a0gebracht\u00a0oder als Dienstleistung genutzt werden.<\/p>\n<p>10. Links zu anderen Webseiten<br \/>\nLinks auf unserem Service k\u00f6nnen auf fremde Websites oder Dienstleistungen, die nicht im Besitz oder unter der Kontrolle von\u00a0P&amp;P group GmbH liegen, weiterleiten.<br \/>\nP&amp;P group GmbH hat keine Kontrolle und \u00fcbernimmt keine Verantwortung f\u00fcr den Inhalt, die Datenschutzrichtlinien oder Praktiken, wie auch f\u00fcr die Dienstleistungen von irgendwelchen Websites Dritter. Weiterhin erkennen Sie an und stimmen zu, dass\u00a0P&amp;P group GmbH\u00a0 weder direkt noch indirekt f\u00fcr Sch\u00e4den oder Verluste verursacht durch oder unter Verwendung oder Vertrauen auf solche Inhalte, Waren oder Dienstleistungen im Zusammenhang mit solchen Websites oder Services, verantwortlich oder haftbar ist.<br \/>\nWir raten Ihnen dringend, die Allgemeinen Gesch\u00e4ftsbedingungen und Datenschutzrichtlinien von Drittanbieter-Websites oder Dienstleistungen zu lesen.<\/p>\n<p>11. K\u00fcndigung<br \/>\nWir k\u00f6nnen Ihr Konto ohne vorherige Ank\u00fcndigung oder Haftungsbedingungen sperren oder l\u00f6schen und zwar aus irgendeinem Grund und\u00a0ohne Einschr\u00e4nkung, wenn Sie die Nutzungsbedingungen versto\u00dfen.<br \/>\nNach K\u00fcndigung verlieren Sie Ihre Rechte, unseren Service zu nutzen. Wenn Sie Ihr Konto k\u00fcndigen m\u00f6chten, k\u00f6nnen Sie einfach die Nutzung des Dienstes einstellen.<\/p>\n<p>12. Haftungsbeschr\u00e4nkung<br \/>\nIn keinem Fall wird\u00a0P&amp;P group GmbH\u00a0 noch deren Direktoren, Mitarbeiter, Partner, Vertreter, Lieferanten oder Tochtergesellschaften, f\u00fcr indirekte, zuf\u00e4llige, spezielle, Folge- oder Strafsch\u00e4den, einschlie\u00dflich aber nicht abschliessend, Verlust von Gewinnen, Daten, Goodwill oder anderer immaterieller Verluste haften, die sich aus (i) Ihrem Zugang zur Nutzung oder aus der Unf\u00e4higkeit auf den Service zugreifen oder dieser verwenden zu k\u00f6nnen ergeben; (Ii) aus dem Verhalten oder Inhalte von Dritten auf dem Service ergeben; (Iii) allen Inhalten aus dem Service ergeben; und (iv) nicht autorisierten Zugriffen und \u00c4nderung Ihrer \u00dcbertragungen und Inhalte, unabh\u00e4ngig davon ob dies unter Garantie steht, einem Vertrag unterliegt, sich aus einer unerlaubten Handlung (einschlie\u00dflich Fahrl\u00e4ssigkeit) ergibt oder einer anderen Rechtstheorie unterliegt, unabh\u00e4ngig davon , ob wir \u00fcber die M\u00f6glichkeit solcher Sch\u00e4den informiert worden sind, und m\u00f6gliche L\u00f6sungen h\u00e4tten.<\/p>\n<p>13. Haftungsausschluss<br \/>\nSie tragen das Risiko betreffend Nutzung unseres Services. Der Service wird auf der Basis &#8222;wie es ist&#8220; und &#8222;wie es verf\u00fcgbar ist &#8220; zur Verf\u00fcgung gestellt. Der Service wird ohne Garantien jedweder Art bereitgestellt. Dies bezieht sich vor allem auf konkludente Gew\u00e4hrleistungen der Marktg\u00e4ngigkeit, der Eignung f\u00fcr einen bestimmten Zweck, und die (Nicht)Verletzung von Rechten Dritter etc.<br \/>\nP&amp;P group GmbH\u00a0 und ihre Tochtergesellschaften, verbundenen Unternehmen und Lizenzgeber garantieren nicht, dass a) der Dienst ohne Unterbrechung funktionieren wird, sicher oder zu einem bestimmten Zeitpunkt oder an einem bestimmten Ort zur Verf\u00fcgung steht; b) eventuelle Fehler oder M\u00e4ngel behoben werden; c) der Service frei von Viren oder anderen sch\u00e4dlichen Komponenten ist; oder d) die Ergebnisse der Nutzung des Dienstes Ihren Anforderungen entsprechen.<\/p>\n<p>14. Geltendes Recht<br \/>\nDiese AGBs unterliegen den Gesetzen der Schweiz und die Begriffe etc. werden dementsprechend ausgelegt, ohne R\u00fccksicht auf Kollisionsrechts.<br \/>\nUnser Scheitern eine Bestimmung dieser Bedingungen durchzusetzen, wird nicht als Verzicht auf diese Rechte gewertet. Sollte eine Bestimmung dieser Bedingungen von einem Gericht f\u00fcr ung\u00fcltig oder nicht durchsetzbar gelten, bleiben die \u00fcbrigen Bestimmungen dieser AGB in Kraft. Diese Bedingungen stellen die gesamte Vereinbarung zwischen und in Bezug auf unser Service dar und ersetzen vorherigen Vereinbarungen, welche wir im Bezug auf den Dienst haben.<\/p>\n<p>15. \u00c4nderungen<br \/>\nWir behalten uns das Recht vor, diese Bedingungen jederzeit nach eigenem Ermessen zu \u00e4ndern oder zu ersetzen. Wenn eine Revision von zentraler Bedeutung ist, versuchen wir, mindestens 30 Tage vor jeder neuen Inkraftsetzung zu informieren. Was eine wesentliche \u00c4nderung darstellt, wird nach eigenem Ermessen festgelegt.<br \/>\nIndem Sie weiterhin auf unseren Service zugreifen oder ihn verwenden, nachdem diese \u00c4nderungen wirksam werden, stimmen Sie den ge\u00e4nderten Bedingungen unwiderruflich zu. Wenn Sie mit den neuen Bedingungen nicht einverstanden sind, sollten Sie den Service nicht mehr nutzen.<\/p>\n","protected":false},"excerpt":{"rendered":"<p>Gesch\u00e4ftsbedingungen (&#8220; Bedingungen &#8222;) Bitte lesen Sie diese Bedingungen ( &#8222;AGB&#8220;, &#8222;Allgemeine Gesch\u00e4ftsbedingungen&#8220;) sorgf\u00e4ltig durch, bevor Sie die Website\u00a0www.tropicalcubanholiday.com\u00a0(der &#8222;Service&#8220;), betrieben von P&amp;P group GmbH (&#8222;uns&#8220;, &#8222;wir&#8220; oder &#8222;unser&#8220;), nutzen. Ihr Zugang und die Nutzung des Service setzt Ihre Akzeptanz und Einhaltung dieser Bedingungen voraus. Diese Bedingungen gelten f\u00fcr alle Besucher, Benutzer und andere, die [&hellip;]<\/p>\n","protected":false},"author":1,"featured_media":0,"parent":0,"menu_order":0,"comment_status":"closed","ping_status":"closed","template":"","meta":{"inline_featured_image":false,"jetpack_post_was_ever_published":false},"jetpack_sharing_enabled":false,"jetpack_shortlink":"https:\/\/wp.me\/P92jRp-4yB","jetpack-related-posts":[{"id":17488,"url":"https:\/\/www.tropicalcubanholiday.com\/de\/sicherheit-und-datenschutz\/","url_meta":{"origin":17521,"position":0},"title":"Sicherheit und Datenschutz","date":"Oktober 4, 2017","format":false,"excerpt":"P&P group GmbH (\" uns \",\" wir \"oder\" unser \") betreibt die www.tropicalcubanholiday.com Website (den\" Service \"\/ die \"Dienstleistung\"). Diese Seite informiert Sie \u00fcber unsere Richtlinien in Bezug auf die Erfassung, Verwendung und Weitergabe von pers\u00f6nlichen Informationen, wenn Sie unseren Service nutzen. Wir werden Ihre Daten verwenden oder weitergeben, im\u2026","rel":"","context":"Similar post","img":{"alt_text":"","src":"","width":0,"height":0},"classes":[]},{"id":17467,"url":"https:\/\/www.tropicalcubanholiday.com\/de\/impressum\/","url_meta":{"origin":17521,"position":1},"title":"Impressum","date":"Oktober 4, 2017","format":false,"excerpt":"...unsere Partner...","rel":"","context":"Similar post","img":{"alt_text":"","src":"https:\/\/i0.wp.com\/www.tropicalcubanholiday.com\/wp-content\/uploads\/2017\/08\/PP-group-Service-.jpg?fit=1093%2C281&ssl=1&resize=350%2C200","width":350,"height":200},"classes":[]},{"id":17304,"url":"https:\/\/www.tropicalcubanholiday.com\/de\/geschaft-inserieren\/","url_meta":{"origin":17521,"position":2},"title":"Service Inserieren","date":"Oktober 3, 2017","format":false,"excerpt":"...erhalten Sie mehr Aufmerksamkeit...","rel":"","context":"Similar post","img":{"alt_text":"","src":"https:\/\/i0.wp.com\/www.tropicalcubanholiday.com\/wp-content\/uploads\/2017\/08\/cuba-1701678_1280.jpg?fit=1200%2C900&ssl=1&resize=350%2C200","width":350,"height":200},"classes":[]},{"id":17320,"url":"https:\/\/www.tropicalcubanholiday.com\/de\/fugen-sie-ihr-geschaft\/","url_meta":{"origin":17521,"position":3},"title":"Inserieren Sie ihr Gesch\u00e4ft","date":"Oktober 3, 2017","format":false,"excerpt":"...f\u00fcgen Sie Ihr Unternehmen zu Tropical Cuban Holidays hinzu, so dass alle Kunden es leicht finden...","rel":"","context":"Similar post","img":{"alt_text":"","src":"https:\/\/i0.wp.com\/www.tropicalcubanholiday.com\/wp-content\/uploads\/2017\/09\/Beach.jpg?fit=644%2C859&ssl=1&resize=350%2C200","width":350,"height":200},"classes":[]},{"id":17336,"url":"https:\/\/www.tropicalcubanholiday.com\/de\/waehrungen-kreditkarte\/","url_meta":{"origin":17521,"position":4},"title":"W\u00e4hrungen &#038; Kreditkarte","date":"Oktober 3, 2017","format":false,"excerpt":"... immer genug Bargeld mitnehmen ...","rel":"","context":"Similar post","img":{"alt_text":"","src":"https:\/\/i0.wp.com\/www.tropicalcubanholiday.com\/wp-content\/uploads\/2017\/09\/cuba-1116429_1280.jpg?fit=1200%2C675&ssl=1&resize=350%2C200","width":350,"height":200},"classes":[]},{"id":17385,"url":"https:\/\/www.tropicalcubanholiday.com\/de\/fahren-in-kuba\/","url_meta":{"origin":17521,"position":5},"title":"Fahren In Kuba","date":"Oktober 3, 2017","format":false,"excerpt":"...beste Tipps f\u00fcr das Fahren in Kuba...","rel":"","context":"Similar post","img":{"alt_text":"","src":"https:\/\/i0.wp.com\/www.tropicalcubanholiday.com\/wp-content\/uploads\/2017\/08\/Travel-Now-by-Tropical-Cuban-Holiday-e1503839803783.jpg?fit=999%2C666&ssl=1&resize=350%2C200","width":350,"height":200},"classes":[]}],"jetpack_likes_enabled":true,"_links":{"self":[{"href":"https:\/\/www.tropicalcubanholiday.com\/de\/wp-json\/wp\/v2\/pages\/17521"}],"collection":[{"href":"https:\/\/www.tropicalcubanholiday.com\/de\/wp-json\/wp\/v2\/pages"}],"about":[{"href":"https:\/\/www.tropicalcubanholiday.com\/de\/wp-json\/wp\/v2\/types\/page"}],"author":[{"embeddable":true,"href":"https:\/\/www.tropicalcubanholiday.com\/de\/wp-json\/wp\/v2\/users\/1"}],"replies":[{"embeddable":true,"href":"https:\/\/www.tropicalcubanholiday.com\/de\/wp-json\/wp\/v2\/comments?post=17521"}],"version-history":[{"count":8,"href":"https:\/\/www.tropicalcubanholiday.com\/de\/wp-json\/wp\/v2\/pages\/17521\/revisions"}],"predecessor-version":[{"id":37169,"href":"https:\/\/www.tropicalcubanholiday.com\/de\/wp-json\/wp\/v2\/pages\/17521\/revisions\/37169"}],"wp:attachment":[{"href":"https:\/\/www.tropicalcubanholiday.com\/de\/wp-json\/wp\/v2\/media?parent=17521"}],"curies":[{"name":"wp","href":"https:\/\/api.w.org\/{rel}","templated":true}]}}