{"id":17424,"date":"2017-10-04T12:34:47","date_gmt":"2017-10-04T12:34:47","guid":{"rendered":"https:\/\/www.tropicalcubanholiday.com\/empfehlung\/"},"modified":"2018-08-18T10:58:38","modified_gmt":"2018-08-18T10:58:38","slug":"empfehlung","status":"publish","type":"page","link":"https:\/\/www.tropicalcubanholiday.com\/de\/empfehlung\/","title":{"rendered":"Empfehlung"},"content":{"rendered":"\t\t<div data-elementor-type=\"wp-page\" data-elementor-id=\"17424\" class=\"elementor elementor-17424 elementor-11729 elementor-bc-flex-widget\">\n\t\t\t\t\t\t<div class=\"elementor-inner\">\n\t\t\t\t<div class=\"elementor-section-wrap\">\n\t\t\t\t\t\t\t\t\t<section class=\"elementor-section elementor-top-section elementor-element elementor-element-usbzmmt elementor-section-stretched elementor-section-boxed elementor-section-height-default elementor-section-height-default\" data-id=\"usbzmmt\" data-element_type=\"section\" data-settings=\"{&quot;stretch_section&quot;:&quot;section-stretched&quot;}\">\n\t\t\t\t\t\t<div class=\"elementor-container elementor-column-gap-default\">\n\t\t\t\t\t\t\t<div class=\"elementor-row\">\n\t\t\t\t\t<div class=\"elementor-column elementor-col-100 elementor-top-column elementor-element elementor-element-cuvroel\" data-id=\"cuvroel\" data-element_type=\"column\">\n\t\t\t<div class=\"elementor-column-wrap elementor-element-populated\">\n\t\t\t\t\t\t\t<div class=\"elementor-widget-wrap\">\n\t\t\t\t\t\t<section class=\"elementor-section elementor-inner-section elementor-element elementor-element-b3kfo07 elementor-section-boxed elementor-section-height-default elementor-section-height-default\" data-id=\"b3kfo07\" data-element_type=\"section\">\n\t\t\t\t\t\t<div class=\"elementor-container elementor-column-gap-default\">\n\t\t\t\t\t\t\t<div class=\"elementor-row\">\n\t\t\t\t\t<div class=\"elementor-column elementor-col-66 elementor-inner-column elementor-element elementor-element-6z4hd0d\" data-id=\"6z4hd0d\" data-element_type=\"column\">\n\t\t\t<div class=\"elementor-column-wrap elementor-element-populated\">\n\t\t\t\t\t\t\t<div class=\"elementor-widget-wrap\">\n\t\t\t\t\t\t<div class=\"elementor-element elementor-element-wcr3cst elementor-widget elementor-widget-text-editor\" data-id=\"wcr3cst\" data-element_type=\"widget\" data-widget_type=\"text-editor.default\">\n\t\t\t\t<div class=\"elementor-widget-container\">\n\t\t\t\t\t\t\t\t<div class=\"elementor-text-editor elementor-clearfix\">\n\t\t\t\t<h3><strong><span id=\"result_box\" class=\"short_text\" lang=\"de\"><span class=\"\">Vor dem Reisen<\/span><\/span><\/strong><\/h3><p><span class=\"intro\"><span id=\"result_box\" class=\"short_text\" lang=\"de\"><span class=\"\">Immer p\u00fcnktlich:\u00a0<\/span><\/span><\/span><span id=\"result_box\" class=\"\" lang=\"en\"><span class=\"\"><span id=\"result_box\" class=\"\" lang=\"de\">Der erste Tag Ihrer Reise ist oft verloren f\u00fcr Logistik und fremde Umgebung. Wenn Sie nichts vorbereitet haben, empfehlen wir Ihnen, die Abholung am Flughafen zu arrangieren, um zu Ihrer Unterkunft transportiert zu werden. Dies wird viele R\u00fcckschl\u00e4ge f\u00fcr den ersten Tag vermeiden. Tropical Cuban Holiday bietet diese Dienstleistungen an, die im Voraus bezahlt werden m\u00fcssen, um die Reservierung zu best\u00e4tigen.<\/span><\/span><\/span><\/p>\t\t\t\t\t<\/div>\n\t\t\t\t\t\t<\/div>\n\t\t\t\t<\/div>\n\t\t\t\t\t\t<\/div>\n\t\t\t\t\t<\/div>\n\t\t<\/div>\n\t\t\t\t<div class=\"elementor-column elementor-col-33 elementor-inner-column elementor-element elementor-element-x5cokpb\" data-id=\"x5cokpb\" data-element_type=\"column\">\n\t\t\t<div class=\"elementor-column-wrap elementor-element-populated\">\n\t\t\t\t\t\t\t<div class=\"elementor-widget-wrap\">\n\t\t\t\t\t\t<div class=\"elementor-element elementor-element-lhf0bvy elementor-widget elementor-widget-wp-widget-nav_menu\" data-id=\"lhf0bvy\" data-element_type=\"widget\" data-widget_type=\"wp-widget-nav_menu.default\">\n\t\t\t\t<div class=\"elementor-widget-container\">\n\t\t\t<h5>Was Sie vor Ihrer Reisen wissen sollten<\/h5><div class=\"menu-information-fuer-rcm-container\"><ul id=\"menu-information-fuer-rcm\" class=\"menu\"><li id=\"menu-item-35373\" class=\"menu-item menu-item-type-post_type menu-item-object-page menu-item-35373\"><a href=\"https:\/\/www.tropicalcubanholiday.com\/de\/visum-kuba\/\">Visum Kuba<\/a><\/li>\n<li id=\"menu-item-23083\" class=\"menu-item menu-item-type-post_type menu-item-object-page menu-item-23083\"><a target=\"_blank\" rel=\"noopener\" href=\"https:\/\/www.tropicalcubanholiday.com\/de\/einreisebestimmungen\/\">Einreisebestimmungen<\/a><\/li>\n<li id=\"menu-item-23087\" class=\"menu-item menu-item-type-post_type menu-item-object-page menu-item-23087\"><a target=\"_blank\" rel=\"noopener\" href=\"https:\/\/www.tropicalcubanholiday.com\/de\/waehrungen-kreditkarte\/\">W\u00e4hrungen &#038; Kreditkarte<\/a><\/li>\n<li id=\"menu-item-23085\" class=\"menu-item menu-item-type-post_type menu-item-object-page menu-item-23085\"><a target=\"_blank\" rel=\"noopener\" href=\"https:\/\/www.tropicalcubanholiday.com\/de\/fahren-in-kuba\/\">Fahren In Kuba<\/a><\/li>\n<li id=\"menu-item-23082\" class=\"menu-item menu-item-type-post_type menu-item-object-page menu-item-23082\"><a target=\"_blank\" rel=\"noopener\" href=\"https:\/\/www.tropicalcubanholiday.com\/de\/botschaften-und-konsulate\/\">Botschaften und Konsulate<\/a><\/li>\n<li id=\"menu-item-23086\" class=\"menu-item menu-item-type-post_type menu-item-object-page menu-item-23086\"><a target=\"_blank\" rel=\"noopener\" href=\"https:\/\/www.tropicalcubanholiday.com\/de\/krankenversicherung\/\">Krankenversicherung<\/a><\/li>\n<li id=\"menu-item-23084\" class=\"menu-item menu-item-type-post_type menu-item-object-page menu-item-23084\"><a target=\"_blank\" rel=\"noopener\" href=\"https:\/\/www.tropicalcubanholiday.com\/de\/empfehlung\/\">Empfehlung<\/a><\/li>\n<\/ul><\/div>\t\t<\/div>\n\t\t\t\t<\/div>\n\t\t\t\t\t\t<\/div>\n\t\t\t\t\t<\/div>\n\t\t<\/div>\n\t\t\t\t\t\t\t\t<\/div>\n\t\t\t\t\t<\/div>\n\t\t<\/section>\n\t\t\t\t\t\t<\/div>\n\t\t\t\t\t<\/div>\n\t\t<\/div>\n\t\t\t\t\t\t\t\t<\/div>\n\t\t\t\t\t<\/div>\n\t\t<\/section>\n\t\t\t\t<section class=\"elementor-section elementor-top-section elementor-element elementor-element-plzuak9 elementor-section-stretched elementor-section-boxed elementor-section-height-default elementor-section-height-default\" data-id=\"plzuak9\" data-element_type=\"section\" data-settings=\"{&quot;stretch_section&quot;:&quot;section-stretched&quot;,&quot;background_background&quot;:&quot;classic&quot;}\">\n\t\t\t\t\t\t<div class=\"elementor-container elementor-column-gap-default\">\n\t\t\t\t\t\t\t<div class=\"elementor-row\">\n\t\t\t\t\t<div class=\"elementor-column elementor-col-100 elementor-top-column elementor-element elementor-element-lnvf6qz\" data-id=\"lnvf6qz\" data-element_type=\"column\">\n\t\t\t<div class=\"elementor-column-wrap elementor-element-populated\">\n\t\t\t\t\t\t\t<div class=\"elementor-widget-wrap\">\n\t\t\t\t\t\t<section class=\"elementor-section elementor-inner-section elementor-element elementor-element-vcztgt6 elementor-section-boxed elementor-section-height-default elementor-section-height-default\" data-id=\"vcztgt6\" data-element_type=\"section\">\n\t\t\t\t\t\t<div class=\"elementor-container elementor-column-gap-default\">\n\t\t\t\t\t\t\t<div class=\"elementor-row\">\n\t\t\t\t\t<div class=\"elementor-column elementor-col-50 elementor-inner-column elementor-element elementor-element-gbduu33\" data-id=\"gbduu33\" data-element_type=\"column\">\n\t\t\t<div class=\"elementor-column-wrap elementor-element-populated\">\n\t\t\t\t\t\t\t<div class=\"elementor-widget-wrap\">\n\t\t\t\t\t\t<div class=\"elementor-element elementor-element-wcpmwpj elementor-widget elementor-widget-text-editor\" data-id=\"wcpmwpj\" data-element_type=\"widget\" data-widget_type=\"text-editor.default\">\n\t\t\t\t<div class=\"elementor-widget-container\">\n\t\t\t\t\t\t\t\t<div class=\"elementor-text-editor elementor-clearfix\">\n\t\t\t\t<h3 style=\"text-align: left;\"><span style=\"color: #ff4400;\">\u00a0<\/span><\/h3><p><span style=\"color: #ff4400;\"><span style=\"font-family: inherit; font-size: inherit;\"><span style=\"font-family: inherit; font-size: inherit;\"><span style=\"font-family: Hanken; font-size: 1.5rem; font-weight: bold;\">!!Nicht Vergessen!!<\/span><\/span><\/span><span style=\"font-family: inherit; font-size: inherit;\"><br \/> <\/span><\/span><\/p><p><span class=\"intro\"><strong><span id=\"result_box\" lang=\"de\" style=\"color: #ff4400;\">1- Taschenlampe<\/span><\/strong><\/span><\/p><p><span class=\"intro\"><strong><span id=\"result_box\" lang=\"de\" style=\"color: #ff4400;\">2- Sonnenbrille<\/span><\/strong><\/span><\/p><p><span class=\"intro\"><strong><span id=\"result_box\" lang=\"de\" style=\"color: #ff4400;\">3- Insektenschutz<\/span><\/strong><\/span><\/p><p><span class=\"intro\"><strong><span id=\"result_box\" lang=\"de\" style=\"color: #ff4400;\">4- Medizin (Notfall-Kit)<\/span><\/strong><\/span><\/p><p><span class=\"intro\"><strong><span id=\"result_box\" lang=\"de\" style=\"color: #ff4400;\">5- Nehmen Sie immer genug Bargeld mit<br \/> <\/span><\/strong><\/span><\/p><p><span class=\"intro\"><strong><span id=\"result_box\" lang=\"de\" style=\"color: #ff4400;\">6- Elektrischer Adapter f\u00fcr Netzspannung 110<\/span><\/strong><\/span><\/p><p><span class=\"intro\"><strong><span id=\"result_box\" lang=\"de\" style=\"color: #ff4400;\">7- Elektrischer Adapter f\u00fcr Netzspannung 220<\/span><\/strong><\/span><\/p><p><span class=\"intro\"><strong><span id=\"result_box\" lang=\"de\" style=\"color: #ff4400;\">8- Geschenk, Kleidung, S\u00fc\u00dfigkeiten, Schulbedarf f\u00fcr Kinder etc.<\/span><\/strong><\/span><\/p><p><span class=\"intro\"><strong><span id=\"result_box\" lang=\"de\" style=\"color: #ff4400;\">Wir w\u00fcnschen Ihnen einen sch\u00f6nen Aufenthalt in Kuba<\/span><\/strong><\/span><\/p>\t\t\t\t\t<\/div>\n\t\t\t\t\t\t<\/div>\n\t\t\t\t<\/div>\n\t\t\t\t\t\t<\/div>\n\t\t\t\t\t<\/div>\n\t\t<\/div>\n\t\t\t\t<div class=\"elementor-column elementor-col-50 elementor-inner-column elementor-element elementor-element-zxwnfdx\" data-id=\"zxwnfdx\" data-element_type=\"column\">\n\t\t\t<div class=\"elementor-column-wrap\">\n\t\t\t\t\t\t\t<div class=\"elementor-widget-wrap\">\n\t\t\t\t\t\t\t\t<\/div>\n\t\t\t\t\t<\/div>\n\t\t<\/div>\n\t\t\t\t\t\t\t\t<\/div>\n\t\t\t\t\t<\/div>\n\t\t<\/section>\n\t\t\t\t\t\t<\/div>\n\t\t\t\t\t<\/div>\n\t\t<\/div>\n\t\t\t\t\t\t\t\t<\/div>\n\t\t\t\t\t<\/div>\n\t\t<\/section>\n\t\t\t\t\t\t\t\t\t<\/div>\n\t\t\t<\/div>\n\t\t\t\t\t<\/div>\n\t\t<div class=\"sharedaddy sd-sharing-enabled\"><div class=\"robots-nocontent sd-block sd-social sd-social-icon sd-sharing\"><div class=\"sd-content\"><ul><li class=\"share-facebook\"><a rel=\"nofollow noopener noreferrer\" data-shared=\"sharing-facebook-17424\" class=\"share-facebook sd-button share-icon no-text\" href=\"https:\/\/www.tropicalcubanholiday.com\/de\/empfehlung\/?share=facebook\" target=\"_blank\" title=\"Click to share on Facebook\" ><span><\/span><span class=\"sharing-screen-reader-text\">Click to share on Facebook (Opens in new window)<\/span><\/a><\/li><li class=\"share-twitter\"><a rel=\"nofollow noopener noreferrer\" data-shared=\"sharing-twitter-17424\" class=\"share-twitter sd-button share-icon no-text\" href=\"https:\/\/www.tropicalcubanholiday.com\/de\/empfehlung\/?share=twitter\" target=\"_blank\" title=\"Click to share on Twitter\" ><span><\/span><span class=\"sharing-screen-reader-text\">Click to share on Twitter (Opens in new window)<\/span><\/a><\/li><li class=\"share-pinterest\"><a rel=\"nofollow noopener noreferrer\" data-shared=\"sharing-pinterest-17424\" class=\"share-pinterest sd-button share-icon no-text\" href=\"https:\/\/www.tropicalcubanholiday.com\/de\/empfehlung\/?share=pinterest\" target=\"_blank\" title=\"Click to share on Pinterest\" ><span><\/span><span class=\"sharing-screen-reader-text\">Click to share on Pinterest (Opens in new window)<\/span><\/a><\/li><li class=\"share-jetpack-whatsapp\"><a rel=\"nofollow noopener noreferrer\" data-shared=\"\" class=\"share-jetpack-whatsapp sd-button share-icon no-text\" href=\"https:\/\/www.tropicalcubanholiday.com\/de\/empfehlung\/?share=jetpack-whatsapp\" target=\"_blank\" title=\"Click to share on WhatsApp\" ><span><\/span><span class=\"sharing-screen-reader-text\">Click to share on WhatsApp (Opens in new window)<\/span><\/a><\/li><li class=\"share-reddit\"><a rel=\"nofollow noopener noreferrer\" data-shared=\"\" class=\"share-reddit sd-button share-icon no-text\" href=\"https:\/\/www.tropicalcubanholiday.com\/de\/empfehlung\/?share=reddit\" target=\"_blank\" title=\"Click to share on Reddit\" ><span><\/span><span class=\"sharing-screen-reader-text\">Click to share on Reddit (Opens in new window)<\/span><\/a><\/li><li class=\"share-tumblr\"><a rel=\"nofollow noopener noreferrer\" data-shared=\"\" class=\"share-tumblr sd-button share-icon no-text\" href=\"https:\/\/www.tropicalcubanholiday.com\/de\/empfehlung\/?share=tumblr\" target=\"_blank\" title=\"Click to share on Tumblr\" ><span><\/span><span class=\"sharing-screen-reader-text\">Click to share on Tumblr (Opens in new window)<\/span><\/a><\/li><li class=\"share-custom share-custom-mail\"><a rel=\"nofollow noopener noreferrer\" data-shared=\"\" class=\"share-custom share-custom-mail sd-button share-icon no-text\" href=\"https:\/\/www.tropicalcubanholiday.com\/de\/empfehlung\/?share=custom-1559669851\" target=\"_blank\" title=\"Click to share on Mail\" ><span style=\"background-image:url(&quot;https:\/\/www.tropicalcubanholiday.com\/wp-content\/uploads\/2019\/06\/mail-by-tropicalcubanholida.com_.png&quot;);\"><\/span><span class=\"sharing-screen-reader-text\">Click to share on Mail (Opens in new window)<\/span><\/a><\/li><li class=\"share-end\"><\/li><\/ul><\/div><\/div><\/div>","protected":false},"excerpt":{"rendered":"<p>&#8230;Kuba Reisetipps&#8230;<\/p>\n<div class=\"sharedaddy sd-sharing-enabled\"><div class=\"robots-nocontent sd-block sd-social sd-social-icon sd-sharing\"><div class=\"sd-content\"><ul><li class=\"share-facebook\"><a rel=\"nofollow noopener noreferrer\" data-shared=\"sharing-facebook-17424\" class=\"share-facebook sd-button share-icon no-text\" href=\"https:\/\/www.tropicalcubanholiday.com\/de\/empfehlung\/?share=facebook\" target=\"_blank\" title=\"Click to share on Facebook\" ><span><\/span><span class=\"sharing-screen-reader-text\">Click to share on Facebook (Opens in new window)<\/span><\/a><\/li><li class=\"share-twitter\"><a rel=\"nofollow noopener noreferrer\" data-shared=\"sharing-twitter-17424\" class=\"share-twitter sd-button share-icon no-text\" href=\"https:\/\/www.tropicalcubanholiday.com\/de\/empfehlung\/?share=twitter\" target=\"_blank\" title=\"Click to share on Twitter\" ><span><\/span><span class=\"sharing-screen-reader-text\">Click to share on Twitter (Opens in new window)<\/span><\/a><\/li><li class=\"share-pinterest\"><a rel=\"nofollow noopener noreferrer\" data-shared=\"sharing-pinterest-17424\" class=\"share-pinterest sd-button share-icon no-text\" href=\"https:\/\/www.tropicalcubanholiday.com\/de\/empfehlung\/?share=pinterest\" target=\"_blank\" title=\"Click to share on Pinterest\" ><span><\/span><span class=\"sharing-screen-reader-text\">Click to share on Pinterest (Opens in new window)<\/span><\/a><\/li><li class=\"share-jetpack-whatsapp\"><a rel=\"nofollow noopener noreferrer\" data-shared=\"\" class=\"share-jetpack-whatsapp sd-button share-icon no-text\" href=\"https:\/\/www.tropicalcubanholiday.com\/de\/empfehlung\/?share=jetpack-whatsapp\" target=\"_blank\" title=\"Click to share on WhatsApp\" ><span><\/span><span class=\"sharing-screen-reader-text\">Click to share on WhatsApp (Opens in new window)<\/span><\/a><\/li><li class=\"share-reddit\"><a rel=\"nofollow noopener noreferrer\" data-shared=\"\" class=\"share-reddit sd-button share-icon no-text\" href=\"https:\/\/www.tropicalcubanholiday.com\/de\/empfehlung\/?share=reddit\" target=\"_blank\" title=\"Click to share on Reddit\" ><span><\/span><span class=\"sharing-screen-reader-text\">Click to share on Reddit (Opens in new window)<\/span><\/a><\/li><li class=\"share-tumblr\"><a rel=\"nofollow noopener noreferrer\" data-shared=\"\" class=\"share-tumblr sd-button share-icon no-text\" href=\"https:\/\/www.tropicalcubanholiday.com\/de\/empfehlung\/?share=tumblr\" target=\"_blank\" title=\"Click to share on Tumblr\" ><span><\/span><span class=\"sharing-screen-reader-text\">Click to share on Tumblr (Opens in new window)<\/span><\/a><\/li><li class=\"share-custom share-custom-mail\"><a rel=\"nofollow noopener noreferrer\" data-shared=\"\" class=\"share-custom share-custom-mail sd-button share-icon no-text\" href=\"https:\/\/www.tropicalcubanholiday.com\/de\/empfehlung\/?share=custom-1559669851\" target=\"_blank\" title=\"Click to share on Mail\" ><span style=\"background-image:url(&quot;https:\/\/www.tropicalcubanholiday.com\/wp-content\/uploads\/2019\/06\/mail-by-tropicalcubanholida.com_.png&quot;);\"><\/span><span class=\"sharing-screen-reader-text\">Click to share on Mail (Opens in new window)<\/span><\/a><\/li><li class=\"share-end\"><\/li><\/ul><\/div><\/div><\/div>","protected":false},"author":1,"featured_media":24742,"parent":0,"menu_order":0,"comment_status":"closed","ping_status":"closed","template":"","meta":{"inline_featured_image":false,"jetpack_post_was_ever_published":false},"jetpack_sharing_enabled":true,"jetpack_shortlink":"https:\/\/wp.me\/P92jRp-4x2","jetpack-related-posts":[{"id":17428,"url":"https:\/\/www.tropicalcubanholiday.com\/es\/recomendaciones\/","url_meta":{"origin":17424,"position":0},"title":"Recomendaciones","date":"Oktober 4, 2017","format":false,"excerpt":"...tips para viajar a Cuba...","rel":"","context":"Similar post","img":{"alt_text":"","src":"https:\/\/i0.wp.com\/www.tropicalcubanholiday.com\/wp-content\/uploads\/2017\/08\/Recommendation-to-enjoy-your-cuban-holiday-at-the-beach.jpg?fit=966%2C1200&ssl=1&resize=350%2C200","width":350,"height":200},"classes":[]},{"id":17529,"url":"https:\/\/www.tropicalcubanholiday.com\/es\/terminos-y-condiciones\/","url_meta":{"origin":17424,"position":1},"title":"Terminos y Condiciones","date":"Oktober 5, 2017","format":false,"excerpt":"T\u00e9rminos y condiciones (\" T\u00e9rminos \") Por favor, lea estos T\u00e9rminos y condiciones ( \"T\u00e9rminos\", \"T\u00e9rminos y Condiciones\") antes de utilizar el sitio www.tropicalcubanholiday.com (el \"Servicio\"), operado por P&P group S.L.\u00a0( \"nosotros\", \"nos\" o \"nuestro\") Su el acceso y uso del Servicio est\u00e1 condicionado a la aceptaci\u00f3n y cumplimiento de\u2026","rel":"","context":"Similar post","img":{"alt_text":"","src":"","width":0,"height":0},"classes":[]}],"jetpack_likes_enabled":true,"_links":{"self":[{"href":"https:\/\/www.tropicalcubanholiday.com\/de\/wp-json\/wp\/v2\/pages\/17424"}],"collection":[{"href":"https:\/\/www.tropicalcubanholiday.com\/de\/wp-json\/wp\/v2\/pages"}],"about":[{"href":"https:\/\/www.tropicalcubanholiday.com\/de\/wp-json\/wp\/v2\/types\/page"}],"author":[{"embeddable":true,"href":"https:\/\/www.tropicalcubanholiday.com\/de\/wp-json\/wp\/v2\/users\/1"}],"replies":[{"embeddable":true,"href":"https:\/\/www.tropicalcubanholiday.com\/de\/wp-json\/wp\/v2\/comments?post=17424"}],"version-history":[{"count":8,"href":"https:\/\/www.tropicalcubanholiday.com\/de\/wp-json\/wp\/v2\/pages\/17424\/revisions"}],"predecessor-version":[{"id":24757,"href":"https:\/\/www.tropicalcubanholiday.com\/de\/wp-json\/wp\/v2\/pages\/17424\/revisions\/24757"}],"wp:featuredmedia":[{"embeddable":true,"href":"https:\/\/www.tropicalcubanholiday.com\/de\/wp-json\/wp\/v2\/media\/24742"}],"wp:attachment":[{"href":"https:\/\/www.tropicalcubanholiday.com\/de\/wp-json\/wp\/v2\/media?parent=17424"}],"curies":[{"name":"wp","href":"https:\/\/api.w.org\/{rel}","templated":true}]}}