{"id":17349,"date":"2017-10-03T12:59:41","date_gmt":"2017-10-03T12:59:41","guid":{"rendered":"https:\/\/www.tropicalcubanholiday.com\/einreisebestimmungen\/"},"modified":"2018-03-31T04:52:28","modified_gmt":"2018-03-31T04:52:28","slug":"einreisebestimmungen","status":"publish","type":"page","link":"https:\/\/www.tropicalcubanholiday.com\/de\/einreisebestimmungen\/","title":{"rendered":"Einreisebestimmungen"},"content":{"rendered":"\t\t<div data-elementor-type=\"wp-post\" data-elementor-id=\"17349\" class=\"elementor elementor-17349 elementor-11163 elementor-bc-flex-widget\">\n\t\t\t\t\t\t<div class=\"elementor-inner\">\n\t\t\t\t<div class=\"elementor-section-wrap\">\n\t\t\t\t\t\t\t\t\t<section class=\"elementor-section elementor-top-section elementor-element elementor-element-seyjmnx elementor-section-stretched elementor-section-boxed elementor-section-height-default elementor-section-height-default\" data-id=\"seyjmnx\" data-element_type=\"section\" data-settings=\"{&quot;stretch_section&quot;:&quot;section-stretched&quot;}\">\n\t\t\t\t\t\t<div class=\"elementor-container elementor-column-gap-default\">\n\t\t\t\t\t\t\t<div class=\"elementor-row\">\n\t\t\t\t\t<div class=\"elementor-column elementor-col-100 elementor-top-column elementor-element elementor-element-uurxqer\" data-id=\"uurxqer\" data-element_type=\"column\">\n\t\t\t<div class=\"elementor-column-wrap elementor-element-populated\">\n\t\t\t\t\t\t\t<div class=\"elementor-widget-wrap\">\n\t\t\t\t\t\t<section class=\"elementor-section elementor-inner-section elementor-element elementor-element-dcdpwvf elementor-section-boxed elementor-section-height-default elementor-section-height-default\" data-id=\"dcdpwvf\" data-element_type=\"section\">\n\t\t\t\t\t\t<div class=\"elementor-container elementor-column-gap-default\">\n\t\t\t\t\t\t\t<div class=\"elementor-row\">\n\t\t\t\t\t<div class=\"elementor-column elementor-col-66 elementor-inner-column elementor-element elementor-element-aag5j6m\" data-id=\"aag5j6m\" data-element_type=\"column\">\n\t\t\t<div class=\"elementor-column-wrap elementor-element-populated\">\n\t\t\t\t\t\t\t<div class=\"elementor-widget-wrap\">\n\t\t\t\t\t\t<div class=\"elementor-element elementor-element-zjblaah elementor-widget elementor-widget-text-editor\" data-id=\"zjblaah\" data-element_type=\"widget\" data-widget_type=\"text-editor.default\">\n\t\t\t\t<div class=\"elementor-widget-container\">\n\t\t\t\t\t\t\t\t<div class=\"elementor-text-editor elementor-clearfix\">\n\t\t\t\t<h2><strong><span id=\"result_box\" class=\"\" lang=\"de\"><span class=\"\">Checkliste<\/span><\/span><\/strong><\/h2><ol dir=\"ltr\"><li>Reisepass muss bei Anreise noch mindestens 6 Monate g\u00fcltig sein.<\/li><li>F\u00fcr das Visum (Touristenkarte) kontaktieren Sie bitte die kubanische Botschaft in Ihrem Land.<\/li><li>Sie k\u00f6nnen das Visum (Touristenkarte) teilweise auch direkt von Fluggesellschaften und Reiseb\u00fcros beziehen.<\/li><li>Die Touristenkarte ist Ihr Ein- und Ausreiseticket und muss in den meisten Unterk\u00fcnften gezeigt werden.<\/li><li>\u00a0Krankenversicherungskarte. Es ist Pflicht f\u00fcr alle Besucher, eine Reisekrankenversicherung zu haben.<\/li><li>Zolldeklaration muss von allen Besuchern ausgef\u00fcllt werden. Sie erhalten diese auf dem Flug oder am Flughafen. Dieses Formular muss vor der Pass &#8211; und Zollkontrolle ausgef\u00fcllt werden.<a href=\"http:\/\/www.aduana.gob.cu\/index.php\/que-puedoexportar-2\" target=\"_blank\" rel=\"noopener\">Offizieller\u00a0Link &#8222;Aduana Kuba&#8220;\u00a0(Zoll)<\/a><\/li><li>Auf Anfragen m\u00fcssen Sie die erste Adresse der Unterkunft ausf\u00fcllen und \/ oder zeigen, wo Sie bleiben werden.<\/li><li>Auf Anfragen muss die R\u00fcckfahrticket aus Kuba angezeigt werden.<\/li><li>Die Touristenkarte ist f\u00fcr 30 Tage g\u00fcltig. Wenn Sie eine l\u00e4ngere Reise planen, wenden Sie sich bitte an die kubanische Botschaft in Ihrem Land.<\/li><\/ol><h3 dir=\"ltr\"><strong>* <\/strong>LIZENZEN NUR F\u00dcR U.S. B\u00dcRGER <strong>*<\/strong><\/h3><p>Die Regierung der Vereinigten Staaten von Amerika gibt zu und gibt zwei Arten von Lizenzen f\u00fcr die Reise nach Kuba: &#8222;ALLGEMEINES UND SPEZIFISCHES&#8220; Weitere Informationen finden Sie unter dem offiziellen Link der U.S Abteilung des Schatzamtes: <a href=\"https:\/\/www.treasury.gov\/resource-center\/sanctions\/Programs\/pages\/cuba.aspx\" target=\"_blank\" rel=\"noopener\">Treasury<\/a><\/p>\t\t\t\t\t<\/div>\n\t\t\t\t\t\t<\/div>\n\t\t\t\t<\/div>\n\t\t\t\t\t\t<\/div>\n\t\t\t\t\t<\/div>\n\t\t<\/div>\n\t\t\t\t<div class=\"elementor-column elementor-col-33 elementor-inner-column elementor-element elementor-element-ahx2ew0\" data-id=\"ahx2ew0\" data-element_type=\"column\">\n\t\t\t<div class=\"elementor-column-wrap elementor-element-populated\">\n\t\t\t\t\t\t\t<div class=\"elementor-widget-wrap\">\n\t\t\t\t\t\t<div class=\"elementor-element elementor-element-08nfr85 elementor-widget elementor-widget-wp-widget-nav_menu\" data-id=\"08nfr85\" data-element_type=\"widget\" data-widget_type=\"wp-widget-nav_menu.default\">\n\t\t\t\t<div class=\"elementor-widget-container\">\n\t\t\t<h5>Was Sie vor Ihrer Reisen wissen sollten<\/h5><div class=\"menu-information-fuer-rcm-container\"><ul id=\"menu-information-fuer-rcm\" class=\"menu\"><li id=\"menu-item-35373\" class=\"menu-item menu-item-type-post_type menu-item-object-page menu-item-35373\"><a href=\"https:\/\/www.tropicalcubanholiday.com\/de\/visum-kuba\/\">Visum Kuba<\/a><\/li>\n<li id=\"menu-item-23083\" class=\"menu-item menu-item-type-post_type menu-item-object-page menu-item-23083\"><a target=\"_blank\" rel=\"noopener\" href=\"https:\/\/www.tropicalcubanholiday.com\/de\/einreisebestimmungen\/\">Einreisebestimmungen<\/a><\/li>\n<li id=\"menu-item-23087\" class=\"menu-item menu-item-type-post_type menu-item-object-page menu-item-23087\"><a target=\"_blank\" rel=\"noopener\" href=\"https:\/\/www.tropicalcubanholiday.com\/de\/waehrungen-kreditkarte\/\">W\u00e4hrungen &#038; Kreditkarte<\/a><\/li>\n<li id=\"menu-item-23085\" class=\"menu-item menu-item-type-post_type menu-item-object-page menu-item-23085\"><a target=\"_blank\" rel=\"noopener\" href=\"https:\/\/www.tropicalcubanholiday.com\/de\/fahren-in-kuba\/\">Fahren In Kuba<\/a><\/li>\n<li id=\"menu-item-23082\" class=\"menu-item menu-item-type-post_type menu-item-object-page menu-item-23082\"><a target=\"_blank\" rel=\"noopener\" href=\"https:\/\/www.tropicalcubanholiday.com\/de\/botschaften-und-konsulate\/\">Botschaften und Konsulate<\/a><\/li>\n<li id=\"menu-item-23086\" class=\"menu-item menu-item-type-post_type menu-item-object-page menu-item-23086\"><a target=\"_blank\" rel=\"noopener\" href=\"https:\/\/www.tropicalcubanholiday.com\/de\/krankenversicherung\/\">Krankenversicherung<\/a><\/li>\n<li id=\"menu-item-23084\" class=\"menu-item menu-item-type-post_type menu-item-object-page menu-item-23084\"><a target=\"_blank\" rel=\"noopener\" href=\"https:\/\/www.tropicalcubanholiday.com\/de\/empfehlung\/\">Empfehlung<\/a><\/li>\n<\/ul><\/div>\t\t<\/div>\n\t\t\t\t<\/div>\n\t\t\t\t\t\t<\/div>\n\t\t\t\t\t<\/div>\n\t\t<\/div>\n\t\t\t\t\t\t\t\t<\/div>\n\t\t\t\t\t<\/div>\n\t\t<\/section>\n\t\t\t\t\t\t<\/div>\n\t\t\t\t\t<\/div>\n\t\t<\/div>\n\t\t\t\t\t\t\t\t<\/div>\n\t\t\t\t\t<\/div>\n\t\t<\/section>\n\t\t\t\t\t\t\t\t\t<\/div>\n\t\t\t<\/div>\n\t\t\t\t\t<\/div>\n\t\t<div class=\"sharedaddy sd-sharing-enabled\"><div class=\"robots-nocontent sd-block sd-social sd-social-icon sd-sharing\"><div class=\"sd-content\"><ul><li class=\"share-facebook\"><a rel=\"nofollow noopener noreferrer\" data-shared=\"sharing-facebook-17349\" class=\"share-facebook sd-button share-icon no-text\" href=\"https:\/\/www.tropicalcubanholiday.com\/de\/einreisebestimmungen\/?share=facebook\" target=\"_blank\" title=\"Click to share on Facebook\" ><span><\/span><span class=\"sharing-screen-reader-text\">Click to share on Facebook (Opens in new window)<\/span><\/a><\/li><li class=\"share-twitter\"><a rel=\"nofollow noopener noreferrer\" data-shared=\"sharing-twitter-17349\" class=\"share-twitter sd-button share-icon no-text\" href=\"https:\/\/www.tropicalcubanholiday.com\/de\/einreisebestimmungen\/?share=twitter\" target=\"_blank\" title=\"Click to share on Twitter\" ><span><\/span><span class=\"sharing-screen-reader-text\">Click to share on Twitter (Opens in new window)<\/span><\/a><\/li><li class=\"share-pinterest\"><a rel=\"nofollow noopener noreferrer\" data-shared=\"sharing-pinterest-17349\" class=\"share-pinterest sd-button share-icon no-text\" href=\"https:\/\/www.tropicalcubanholiday.com\/de\/einreisebestimmungen\/?share=pinterest\" target=\"_blank\" title=\"Click to share on Pinterest\" ><span><\/span><span class=\"sharing-screen-reader-text\">Click to share on Pinterest (Opens in new window)<\/span><\/a><\/li><li class=\"share-jetpack-whatsapp\"><a rel=\"nofollow noopener noreferrer\" data-shared=\"\" class=\"share-jetpack-whatsapp sd-button share-icon no-text\" href=\"https:\/\/www.tropicalcubanholiday.com\/de\/einreisebestimmungen\/?share=jetpack-whatsapp\" target=\"_blank\" title=\"Click to share on WhatsApp\" ><span><\/span><span class=\"sharing-screen-reader-text\">Click to share on WhatsApp (Opens in new window)<\/span><\/a><\/li><li class=\"share-reddit\"><a rel=\"nofollow noopener noreferrer\" data-shared=\"\" class=\"share-reddit sd-button share-icon no-text\" href=\"https:\/\/www.tropicalcubanholiday.com\/de\/einreisebestimmungen\/?share=reddit\" target=\"_blank\" title=\"Click to share on Reddit\" ><span><\/span><span class=\"sharing-screen-reader-text\">Click to share on Reddit (Opens in new window)<\/span><\/a><\/li><li class=\"share-tumblr\"><a rel=\"nofollow noopener noreferrer\" data-shared=\"\" class=\"share-tumblr sd-button share-icon no-text\" href=\"https:\/\/www.tropicalcubanholiday.com\/de\/einreisebestimmungen\/?share=tumblr\" target=\"_blank\" title=\"Click to share on Tumblr\" ><span><\/span><span class=\"sharing-screen-reader-text\">Click to share on Tumblr (Opens in new window)<\/span><\/a><\/li><li class=\"share-custom share-custom-mail\"><a rel=\"nofollow noopener noreferrer\" data-shared=\"\" class=\"share-custom share-custom-mail sd-button share-icon no-text\" href=\"https:\/\/www.tropicalcubanholiday.com\/de\/einreisebestimmungen\/?share=custom-1559669851\" target=\"_blank\" title=\"Click to share on Mail\" ><span style=\"background-image:url(&quot;https:\/\/www.tropicalcubanholiday.com\/wp-content\/uploads\/2019\/06\/mail-by-tropicalcubanholida.com_.png&quot;);\"><\/span><span class=\"sharing-screen-reader-text\">Click to share on Mail (Opens in new window)<\/span><\/a><\/li><li class=\"share-end\"><\/li><\/ul><\/div><\/div><\/div>","protected":false},"excerpt":{"rendered":"<p>&#8230; holen Sie sich alle notwendigen Informationen zum Kuba &#8230;<\/p>\n<div class=\"sharedaddy sd-sharing-enabled\"><div class=\"robots-nocontent sd-block sd-social sd-social-icon sd-sharing\"><div class=\"sd-content\"><ul><li class=\"share-facebook\"><a rel=\"nofollow noopener noreferrer\" data-shared=\"sharing-facebook-17349\" class=\"share-facebook sd-button share-icon no-text\" href=\"https:\/\/www.tropicalcubanholiday.com\/de\/einreisebestimmungen\/?share=facebook\" target=\"_blank\" title=\"Click to share on Facebook\" ><span><\/span><span class=\"sharing-screen-reader-text\">Click to share on Facebook (Opens in new window)<\/span><\/a><\/li><li class=\"share-twitter\"><a rel=\"nofollow noopener noreferrer\" data-shared=\"sharing-twitter-17349\" class=\"share-twitter sd-button share-icon no-text\" href=\"https:\/\/www.tropicalcubanholiday.com\/de\/einreisebestimmungen\/?share=twitter\" target=\"_blank\" title=\"Click to share on Twitter\" ><span><\/span><span class=\"sharing-screen-reader-text\">Click to share on Twitter (Opens in new window)<\/span><\/a><\/li><li class=\"share-pinterest\"><a rel=\"nofollow noopener noreferrer\" data-shared=\"sharing-pinterest-17349\" class=\"share-pinterest sd-button share-icon no-text\" href=\"https:\/\/www.tropicalcubanholiday.com\/de\/einreisebestimmungen\/?share=pinterest\" target=\"_blank\" title=\"Click to share on Pinterest\" ><span><\/span><span class=\"sharing-screen-reader-text\">Click to share on Pinterest (Opens in new window)<\/span><\/a><\/li><li class=\"share-jetpack-whatsapp\"><a rel=\"nofollow noopener noreferrer\" data-shared=\"\" class=\"share-jetpack-whatsapp sd-button share-icon no-text\" href=\"https:\/\/www.tropicalcubanholiday.com\/de\/einreisebestimmungen\/?share=jetpack-whatsapp\" target=\"_blank\" title=\"Click to share on WhatsApp\" ><span><\/span><span class=\"sharing-screen-reader-text\">Click to share on WhatsApp (Opens in new window)<\/span><\/a><\/li><li class=\"share-reddit\"><a rel=\"nofollow noopener noreferrer\" data-shared=\"\" class=\"share-reddit sd-button share-icon no-text\" href=\"https:\/\/www.tropicalcubanholiday.com\/de\/einreisebestimmungen\/?share=reddit\" target=\"_blank\" title=\"Click to share on Reddit\" ><span><\/span><span class=\"sharing-screen-reader-text\">Click to share on Reddit (Opens in new window)<\/span><\/a><\/li><li class=\"share-tumblr\"><a rel=\"nofollow noopener noreferrer\" data-shared=\"\" class=\"share-tumblr sd-button share-icon no-text\" href=\"https:\/\/www.tropicalcubanholiday.com\/de\/einreisebestimmungen\/?share=tumblr\" target=\"_blank\" title=\"Click to share on Tumblr\" ><span><\/span><span class=\"sharing-screen-reader-text\">Click to share on Tumblr (Opens in new window)<\/span><\/a><\/li><li class=\"share-custom share-custom-mail\"><a rel=\"nofollow noopener noreferrer\" data-shared=\"\" class=\"share-custom share-custom-mail sd-button share-icon no-text\" href=\"https:\/\/www.tropicalcubanholiday.com\/de\/einreisebestimmungen\/?share=custom-1559669851\" target=\"_blank\" title=\"Click to share on Mail\" ><span style=\"background-image:url(&quot;https:\/\/www.tropicalcubanholiday.com\/wp-content\/uploads\/2019\/06\/mail-by-tropicalcubanholida.com_.png&quot;);\"><\/span><span class=\"sharing-screen-reader-text\">Click to share on Mail (Opens in new window)<\/span><\/a><\/li><li class=\"share-end\"><\/li><\/ul><\/div><\/div><\/div>","protected":false},"author":1,"featured_media":17181,"parent":0,"menu_order":0,"comment_status":"closed","ping_status":"closed","template":"","meta":{"inline_featured_image":false,"jetpack_post_was_ever_published":false},"jetpack_sharing_enabled":true,"jetpack_shortlink":"https:\/\/wp.me\/P92jRp-4vP","jetpack-related-posts":[{"id":35367,"url":"https:\/\/www.tropicalcubanholiday.com\/de\/visum-kuba\/","url_meta":{"origin":17349,"position":0},"title":"Visum Kuba","date":"Juni 3, 2020","format":false,"excerpt":"...Einholung der Visum - Touristenkarte f\u00fcr Kuba...","rel":"","context":"Similar post","img":{"alt_text":"","src":"https:\/\/i0.wp.com\/www.tropicalcubanholiday.com\/wp-content\/uploads\/2020\/02\/GREEN-TROURIST-CARD-VISA-FOR-CUBA-1.jpg?fit=1200%2C960&ssl=1&resize=350%2C200","width":350,"height":200},"classes":[]},{"id":17385,"url":"https:\/\/www.tropicalcubanholiday.com\/de\/fahren-in-kuba\/","url_meta":{"origin":17349,"position":1},"title":"Fahren In Kuba","date":"Oktober 3, 2017","format":false,"excerpt":"...beste Tipps f\u00fcr das Fahren in Kuba...","rel":"","context":"Similar post","img":{"alt_text":"","src":"https:\/\/i0.wp.com\/www.tropicalcubanholiday.com\/wp-content\/uploads\/2017\/08\/Travel-Now-by-Tropical-Cuban-Holiday-e1503839803783.jpg?fit=999%2C666&ssl=1&resize=350%2C200","width":350,"height":200},"classes":[]},{"id":17360,"url":"https:\/\/www.tropicalcubanholiday.com\/de\/krankenversicherung\/","url_meta":{"origin":17349,"position":2},"title":"Krankenversicherung","date":"Oktober 3, 2017","format":false,"excerpt":"... Reisekrankenversicherung ist f\u00fcr alle Besucher obligatorisch ...","rel":"","context":"Similar post","img":{"alt_text":"","src":"https:\/\/i0.wp.com\/www.tropicalcubanholiday.com\/wp-content\/uploads\/2017\/08\/Tropical-Cuban-Holiday-Villa-Clara-1-1.jpg?fit=800%2C1200&ssl=1&resize=350%2C200","width":350,"height":200},"classes":[]},{"id":17521,"url":"https:\/\/www.tropicalcubanholiday.com\/de\/agb\/","url_meta":{"origin":17349,"position":3},"title":"AGB","date":"Oktober 5, 2017","format":false,"excerpt":"Gesch\u00e4ftsbedingungen (\" Bedingungen \") Bitte lesen Sie diese Bedingungen ( \"AGB\", \"Allgemeine Gesch\u00e4ftsbedingungen\") sorgf\u00e4ltig durch, bevor Sie die Website\u00a0www.tropicalcubanholiday.com\u00a0(der \"Service\"), betrieben von P&P group GmbH (\"uns\", \"wir\" oder \"unser\"), nutzen. Ihr Zugang und die Nutzung des Service setzt Ihre Akzeptanz und Einhaltung dieser Bedingungen voraus. Diese Bedingungen gelten f\u00fcr alle\u2026","rel":"","context":"Similar post","img":{"alt_text":"","src":"","width":0,"height":0},"classes":[]},{"id":17488,"url":"https:\/\/www.tropicalcubanholiday.com\/de\/sicherheit-und-datenschutz\/","url_meta":{"origin":17349,"position":4},"title":"Sicherheit und Datenschutz","date":"Oktober 4, 2017","format":false,"excerpt":"P&P group GmbH (\" uns \",\" wir \"oder\" unser \") betreibt die www.tropicalcubanholiday.com Website (den\" Service \"\/ die \"Dienstleistung\"). Diese Seite informiert Sie \u00fcber unsere Richtlinien in Bezug auf die Erfassung, Verwendung und Weitergabe von pers\u00f6nlichen Informationen, wenn Sie unseren Service nutzen. Wir werden Ihre Daten verwenden oder weitergeben, im\u2026","rel":"","context":"Similar post","img":{"alt_text":"","src":"","width":0,"height":0},"classes":[]},{"id":17371,"url":"https:\/\/www.tropicalcubanholiday.com\/de\/reisefuhrer\/","url_meta":{"origin":17349,"position":5},"title":"Reisef\u00fchrer","date":"Oktober 3, 2017","format":false,"excerpt":"... die faszinierendste Insel der Karibik ...","rel":"","context":"Similar post","img":{"alt_text":"","src":"https:\/\/i0.wp.com\/www.tropicalcubanholiday.com\/wp-content\/uploads\/2017\/09\/Palmen-1.jpg?fit=944%2C791&ssl=1&resize=350%2C200","width":350,"height":200},"classes":[]}],"jetpack_likes_enabled":true,"_links":{"self":[{"href":"https:\/\/www.tropicalcubanholiday.com\/de\/wp-json\/wp\/v2\/pages\/17349"}],"collection":[{"href":"https:\/\/www.tropicalcubanholiday.com\/de\/wp-json\/wp\/v2\/pages"}],"about":[{"href":"https:\/\/www.tropicalcubanholiday.com\/de\/wp-json\/wp\/v2\/types\/page"}],"author":[{"embeddable":true,"href":"https:\/\/www.tropicalcubanholiday.com\/de\/wp-json\/wp\/v2\/users\/1"}],"replies":[{"embeddable":true,"href":"https:\/\/www.tropicalcubanholiday.com\/de\/wp-json\/wp\/v2\/comments?post=17349"}],"version-history":[{"count":9,"href":"https:\/\/www.tropicalcubanholiday.com\/de\/wp-json\/wp\/v2\/pages\/17349\/revisions"}],"predecessor-version":[{"id":23186,"href":"https:\/\/www.tropicalcubanholiday.com\/de\/wp-json\/wp\/v2\/pages\/17349\/revisions\/23186"}],"wp:featuredmedia":[{"embeddable":true,"href":"https:\/\/www.tropicalcubanholiday.com\/de\/wp-json\/wp\/v2\/media\/17181"}],"wp:attachment":[{"href":"https:\/\/www.tropicalcubanholiday.com\/de\/wp-json\/wp\/v2\/media?parent=17349"}],"curies":[{"name":"wp","href":"https:\/\/api.w.org\/{rel}","templated":true}]}}